{"id":8354,"date":"2021-01-31T11:32:22","date_gmt":"2021-04-15T09:17:03","guid":{"rendered":"https:\/\/naturaltreats.eu\/product\/baton-de-morue-de-latlantique\/"},"modified":"2024-02-06T15:08:14","modified_gmt":"2024-02-06T14:08:14","slug":"atlantic-cod-stick","status":"publish","type":"product","link":"https:\/\/naturaltreats.eu\/fr\/product\/atlantic-cod-stick\/","title":{"rendered":"B\u00e2ton de peau de poisson"},"content":{"rendered":"<p>Ces snacks sont fabriqu\u00e9s \u00e0 partir de cabillaud de l&#8217;Atlantique fra\u00eechement p\u00each\u00e9, soigneusement hach\u00e9 et fa\u00e7onn\u00e9 en b\u00e2tonnets uniformes d&#8217;une longueur moyenne de 13 cm par pi\u00e8ce. Nous s\u00e9chons ensuite d\u00e9licatement \u00e0 l&#8217;air libre chaque morceau pour en faire un b\u00e2tonnet rempli d&#8217;om\u00e9ga 3.<\/p>\n<p>Nous incluons toutes les parties de la morue dans cette friandise, comme la viande, la peau et les os, qui constituent tous une source naturelle d&#8217;om\u00e9ga 3 pour l&#8217;alimentation de votre chien.<\/p>\n","protected":false},"excerpt":{"rendered":"<p><i class=\"fas fa-circle\"><\/i><i class=\"far fa-circle\"><\/i><i class=\"far fa-circle\"><\/i>  | 30g | 1 pi\u00e8ce<\/p>\n","protected":false},"featured_media":47011,"template":"","meta":{"_acf_changed":false},"dog-type":[],"ingredients":[],"product_brand":[],"product_cat":[178],"product_tag":[],"class_list":{"0":"post-8354","1":"product","2":"type-product","3":"status-publish","4":"has-post-thumbnail","6":"product_cat-snacks-fr","7":"tm-has-options","9":"first","10":"instock","11":"taxable","12":"shipping-taxable","13":"purchasable","14":"product-type-simple"},"bundled_by":[],"bundle_stock_status":"instock","bundle_stock_quantity":null,"bundle_virtual":false,"bundle_layout":"","bundle_add_to_cart_form_location":"","bundle_editable_in_cart":false,"bundle_sold_individually_context":"","bundle_item_grouping":"","bundle_min_size":"","bundle_max_size":"","bundle_price":[],"bundled_items":[],"bundle_sell_ids":[],"acf":[],"yoast_head":"<!-- This site is optimized with the Yoast SEO Premium plugin v23.5 (Yoast SEO v25.0) - https:\/\/yoast.com\/wordpress\/plugins\/seo\/ -->\n<title>B\u00e2ton de peau de poisson | Natural Treats<\/title>\n<meta name=\"description\" content=\"Ces snacks sont fabriqu\u00e9s \u00e0 partir de cabillaud de l&#039;Atlantique fra\u00eechement p\u00each\u00e9, soigneusement hach\u00e9 et fa\u00e7onn\u00e9 en b\u00e2tonnets uniformes d&#039;une longueur moyenne de 13 cm par pi\u00e8ce. Nous s\u00e9chons ensuite d\u00e9licatement \u00e0 l&#039;air libre chaque morceau pour en faire un b\u00e2tonnet rempli d&#039;om\u00e9ga 3.\" \/>\n<meta name=\"robots\" content=\"index, follow, max-snippet:-1, max-image-preview:large, max-video-preview:-1\" \/>\n<link rel=\"canonical\" href=\"https:\/\/naturaltreats.eu\/fr\/product\/atlantic-cod-stick\/\" \/>\n<meta property=\"og:locale\" content=\"fr_FR\" \/>\n<meta property=\"og:type\" content=\"article\" \/>\n<meta property=\"og:title\" content=\"B\u00e2ton de peau de poisson\" \/>\n<meta property=\"og:description\" content=\"Ces snacks sont fabriqu\u00e9s \u00e0 partir de cabillaud de l&#039;Atlantique fra\u00eechement p\u00each\u00e9, soigneusement hach\u00e9 et fa\u00e7onn\u00e9 en b\u00e2tonnets uniformes d&#039;une longueur moyenne de 13 cm par pi\u00e8ce. Nous s\u00e9chons ensuite d\u00e9licatement \u00e0 l&#039;air libre chaque morceau pour en faire un b\u00e2tonnet rempli d&#039;om\u00e9ga 3.\" \/>\n<meta property=\"og:url\" content=\"https:\/\/naturaltreats.eu\/fr\/product\/atlantic-cod-stick\/\" \/>\n<meta property=\"og:site_name\" content=\"Natural Treats\" \/>\n<meta property=\"article:publisher\" content=\"https:\/\/facebook.com\/naturaltreatseu\" \/>\n<meta property=\"article:modified_time\" content=\"2024-02-06T14:08:14+00:00\" \/>\n<meta property=\"og:image\" content=\"https:\/\/naturaltreats.eu\/wp-content\/uploads\/2020\/10\/cod.jpg\" \/>\n\t<meta property=\"og:image:width\" content=\"1280\" \/>\n\t<meta property=\"og:image:height\" content=\"1280\" \/>\n\t<meta property=\"og:image:type\" content=\"image\/jpeg\" \/>\n<meta name=\"twitter:card\" content=\"summary_large_image\" \/>\n<meta name=\"twitter:label1\" content=\"Prix\" \/>\n\t<meta name=\"twitter:data1\" content=\"1,50&euro;\" \/>\n\t<meta name=\"twitter:label2\" content=\"Disponibilit\u00e9\" \/>\n\t<meta name=\"twitter:data2\" content=\"En stock\" \/>\n<script type=\"application\/ld+json\" class=\"yoast-schema-graph\">{\"@context\":\"https:\/\/schema.org\",\"@graph\":[{\"@type\":\"WebPage\",\"@id\":\"https:\/\/naturaltreats.eu\/fr\/product\/atlantic-cod-stick\/\",\"url\":\"https:\/\/naturaltreats.eu\/fr\/product\/atlantic-cod-stick\/\",\"name\":\"B\u00e2ton de peau de poisson | Natural Treats\",\"isPartOf\":{\"@id\":\"https:\/\/naturaltreats.eu\/fr\/#website\"},\"primaryImageOfPage\":{\"@id\":\"https:\/\/naturaltreats.eu\/fr\/product\/atlantic-cod-stick\/#primaryimage\"},\"image\":{\"@id\":\"https:\/\/naturaltreats.eu\/fr\/product\/atlantic-cod-stick\/#primaryimage\"},\"thumbnailUrl\":\"https:\/\/naturaltreats.eu\/wp-content\/uploads\/2020\/10\/cod.jpg\",\"datePublished\":\"2021-04-15T09:17:03+00:00\",\"dateModified\":\"2024-02-06T14:08:14+00:00\",\"description\":\"Ces snacks sont fabriqu\u00e9s \u00e0 partir de cabillaud de l'Atlantique fra\u00eechement p\u00each\u00e9, soigneusement hach\u00e9 et fa\u00e7onn\u00e9 en b\u00e2tonnets uniformes d'une longueur moyenne de 13 cm par pi\u00e8ce. Nous s\u00e9chons ensuite d\u00e9licatement \u00e0 l'air libre chaque morceau pour en faire un b\u00e2tonnet rempli d'om\u00e9ga 3.\",\"breadcrumb\":{\"@id\":\"https:\/\/naturaltreats.eu\/fr\/product\/atlantic-cod-stick\/#breadcrumb\"},\"inLanguage\":\"fr-FR\",\"potentialAction\":[{\"@type\":\"ReadAction\",\"target\":[\"https:\/\/naturaltreats.eu\/fr\/product\/atlantic-cod-stick\/\"]}]},{\"@type\":\"ImageObject\",\"inLanguage\":\"fr-FR\",\"@id\":\"https:\/\/naturaltreats.eu\/fr\/product\/atlantic-cod-stick\/#primaryimage\",\"url\":\"https:\/\/naturaltreats.eu\/wp-content\/uploads\/2020\/10\/cod.jpg\",\"contentUrl\":\"https:\/\/naturaltreats.eu\/wp-content\/uploads\/2020\/10\/cod.jpg\",\"width\":1280,\"height\":1280,\"caption\":\"cod stick for dogs\"},{\"@type\":\"BreadcrumbList\",\"@id\":\"https:\/\/naturaltreats.eu\/fr\/product\/atlantic-cod-stick\/#breadcrumb\",\"itemListElement\":[{\"@type\":\"ListItem\",\"position\":1,\"name\":\"Home\",\"item\":\"https:\/\/naturaltreats.eu\/fr\/domicile\/\"},{\"@type\":\"ListItem\",\"position\":2,\"name\":\"Boutique\",\"item\":\"https:\/\/naturaltreats.eu\/fr\/boutique\/\"},{\"@type\":\"ListItem\",\"position\":3,\"name\":\"B\u00e2ton de peau de poisson\"}]},{\"@type\":\"WebSite\",\"@id\":\"https:\/\/naturaltreats.eu\/fr\/#website\",\"url\":\"https:\/\/naturaltreats.eu\/fr\/\",\"name\":\"Natural Treats\",\"description\":\"Best Rated Natural Dog Treats In Europe\",\"publisher\":{\"@id\":\"https:\/\/naturaltreats.eu\/fr\/#organization\"},\"potentialAction\":[{\"@type\":\"SearchAction\",\"target\":{\"@type\":\"EntryPoint\",\"urlTemplate\":\"https:\/\/naturaltreats.eu\/fr\/?s={search_term_string}\"},\"query-input\":{\"@type\":\"PropertyValueSpecification\",\"valueRequired\":true,\"valueName\":\"search_term_string\"}}],\"inLanguage\":\"fr-FR\"},{\"@type\":\"Organization\",\"@id\":\"https:\/\/naturaltreats.eu\/fr\/#organization\",\"name\":\"Natural Treats\",\"url\":\"https:\/\/naturaltreats.eu\/fr\/\",\"logo\":{\"@type\":\"ImageObject\",\"inLanguage\":\"fr-FR\",\"@id\":\"https:\/\/naturaltreats.eu\/fr\/#\/schema\/logo\/image\/\",\"url\":\"https:\/\/naturaltreats.eu\/wp-content\/uploads\/2020\/08\/social.jpg\",\"contentUrl\":\"https:\/\/naturaltreats.eu\/wp-content\/uploads\/2020\/08\/social.jpg\",\"width\":1000,\"height\":1000,\"caption\":\"Natural Treats\"},\"image\":{\"@id\":\"https:\/\/naturaltreats.eu\/fr\/#\/schema\/logo\/image\/\"},\"sameAs\":[\"https:\/\/facebook.com\/naturaltreatseu\",\"https:\/\/instagram.com\/naturaltreatseu\"]}]}<\/script>\n<meta property=\"product:price:amount\" content=\"1.50\" \/>\n<meta property=\"product:price:currency\" content=\"EUR\" \/>\n<meta property=\"og:availability\" content=\"instock\" \/>\n<meta property=\"product:availability\" content=\"instock\" \/>\n<meta property=\"product:condition\" content=\"new\" \/>\n<!-- \/ Yoast SEO Premium plugin. -->","yoast_head_json":{"title":"B\u00e2ton de peau de poisson | Natural Treats","description":"Ces snacks sont fabriqu\u00e9s \u00e0 partir de cabillaud de l'Atlantique fra\u00eechement p\u00each\u00e9, soigneusement hach\u00e9 et fa\u00e7onn\u00e9 en b\u00e2tonnets uniformes d'une longueur moyenne de 13 cm par pi\u00e8ce. Nous s\u00e9chons ensuite d\u00e9licatement \u00e0 l'air libre chaque morceau pour en faire un b\u00e2tonnet rempli d'om\u00e9ga 3.","robots":{"index":"index","follow":"follow","max-snippet":"max-snippet:-1","max-image-preview":"max-image-preview:large","max-video-preview":"max-video-preview:-1"},"canonical":"https:\/\/naturaltreats.eu\/fr\/product\/atlantic-cod-stick\/","og_locale":"fr_FR","og_type":"article","og_title":"B\u00e2ton de peau de poisson","og_description":"Ces snacks sont fabriqu\u00e9s \u00e0 partir de cabillaud de l'Atlantique fra\u00eechement p\u00each\u00e9, soigneusement hach\u00e9 et fa\u00e7onn\u00e9 en b\u00e2tonnets uniformes d'une longueur moyenne de 13 cm par pi\u00e8ce. Nous s\u00e9chons ensuite d\u00e9licatement \u00e0 l'air libre chaque morceau pour en faire un b\u00e2tonnet rempli d'om\u00e9ga 3.","og_url":"https:\/\/naturaltreats.eu\/fr\/product\/atlantic-cod-stick\/","og_site_name":"Natural Treats","article_publisher":"https:\/\/facebook.com\/naturaltreatseu","article_modified_time":"2024-02-06T14:08:14+00:00","og_image":[{"width":1280,"height":1280,"url":"https:\/\/naturaltreats.eu\/wp-content\/uploads\/2020\/10\/cod.jpg","type":"image\/jpeg"}],"twitter_card":"summary_large_image","twitter_misc":{"Prix":"1,50&euro;","Disponibilit\u00e9":"En stock"},"schema":{"@context":"https:\/\/schema.org","@graph":[{"@type":"WebPage","@id":"https:\/\/naturaltreats.eu\/fr\/product\/atlantic-cod-stick\/","url":"https:\/\/naturaltreats.eu\/fr\/product\/atlantic-cod-stick\/","name":"B\u00e2ton de peau de poisson | Natural Treats","isPartOf":{"@id":"https:\/\/naturaltreats.eu\/fr\/#website"},"primaryImageOfPage":{"@id":"https:\/\/naturaltreats.eu\/fr\/product\/atlantic-cod-stick\/#primaryimage"},"image":{"@id":"https:\/\/naturaltreats.eu\/fr\/product\/atlantic-cod-stick\/#primaryimage"},"thumbnailUrl":"https:\/\/naturaltreats.eu\/wp-content\/uploads\/2020\/10\/cod.jpg","datePublished":"2021-04-15T09:17:03+00:00","dateModified":"2024-02-06T14:08:14+00:00","description":"Ces snacks sont fabriqu\u00e9s \u00e0 partir de cabillaud de l'Atlantique fra\u00eechement p\u00each\u00e9, soigneusement hach\u00e9 et fa\u00e7onn\u00e9 en b\u00e2tonnets uniformes d'une longueur moyenne de 13 cm par pi\u00e8ce. Nous s\u00e9chons ensuite d\u00e9licatement \u00e0 l'air libre chaque morceau pour en faire un b\u00e2tonnet rempli d'om\u00e9ga 3.","breadcrumb":{"@id":"https:\/\/naturaltreats.eu\/fr\/product\/atlantic-cod-stick\/#breadcrumb"},"inLanguage":"fr-FR","potentialAction":[{"@type":"ReadAction","target":["https:\/\/naturaltreats.eu\/fr\/product\/atlantic-cod-stick\/"]}]},{"@type":"ImageObject","inLanguage":"fr-FR","@id":"https:\/\/naturaltreats.eu\/fr\/product\/atlantic-cod-stick\/#primaryimage","url":"https:\/\/naturaltreats.eu\/wp-content\/uploads\/2020\/10\/cod.jpg","contentUrl":"https:\/\/naturaltreats.eu\/wp-content\/uploads\/2020\/10\/cod.jpg","width":1280,"height":1280,"caption":"cod stick for dogs"},{"@type":"BreadcrumbList","@id":"https:\/\/naturaltreats.eu\/fr\/product\/atlantic-cod-stick\/#breadcrumb","itemListElement":[{"@type":"ListItem","position":1,"name":"Home","item":"https:\/\/naturaltreats.eu\/fr\/domicile\/"},{"@type":"ListItem","position":2,"name":"Boutique","item":"https:\/\/naturaltreats.eu\/fr\/boutique\/"},{"@type":"ListItem","position":3,"name":"B\u00e2ton de peau de poisson"}]},{"@type":"WebSite","@id":"https:\/\/naturaltreats.eu\/fr\/#website","url":"https:\/\/naturaltreats.eu\/fr\/","name":"Natural Treats","description":"Best Rated Natural Dog Treats In Europe","publisher":{"@id":"https:\/\/naturaltreats.eu\/fr\/#organization"},"potentialAction":[{"@type":"SearchAction","target":{"@type":"EntryPoint","urlTemplate":"https:\/\/naturaltreats.eu\/fr\/?s={search_term_string}"},"query-input":{"@type":"PropertyValueSpecification","valueRequired":true,"valueName":"search_term_string"}}],"inLanguage":"fr-FR"},{"@type":"Organization","@id":"https:\/\/naturaltreats.eu\/fr\/#organization","name":"Natural Treats","url":"https:\/\/naturaltreats.eu\/fr\/","logo":{"@type":"ImageObject","inLanguage":"fr-FR","@id":"https:\/\/naturaltreats.eu\/fr\/#\/schema\/logo\/image\/","url":"https:\/\/naturaltreats.eu\/wp-content\/uploads\/2020\/08\/social.jpg","contentUrl":"https:\/\/naturaltreats.eu\/wp-content\/uploads\/2020\/08\/social.jpg","width":1000,"height":1000,"caption":"Natural Treats"},"image":{"@id":"https:\/\/naturaltreats.eu\/fr\/#\/schema\/logo\/image\/"},"sameAs":["https:\/\/facebook.com\/naturaltreatseu","https:\/\/instagram.com\/naturaltreatseu"]}]},"product_price_amount":"1.50","product_price_currency":"EUR","og_availability":"instock","product_availability":"instock","product_condition":"new"},"_links":{"self":[{"href":"https:\/\/naturaltreats.eu\/fr\/wp-json\/wp\/v2\/product\/8354","targetHints":{"allow":["GET"]}}],"collection":[{"href":"https:\/\/naturaltreats.eu\/fr\/wp-json\/wp\/v2\/product"}],"about":[{"href":"https:\/\/naturaltreats.eu\/fr\/wp-json\/wp\/v2\/types\/product"}],"wp:featuredmedia":[{"embeddable":true,"href":"https:\/\/naturaltreats.eu\/fr\/wp-json\/wp\/v2\/media\/47011"}],"wp:attachment":[{"href":"https:\/\/naturaltreats.eu\/fr\/wp-json\/wp\/v2\/media?parent=8354"}],"wp:term":[{"taxonomy":"dog-type","embeddable":true,"href":"https:\/\/naturaltreats.eu\/fr\/wp-json\/wp\/v2\/dog-type?post=8354"},{"taxonomy":"ingredients","embeddable":true,"href":"https:\/\/naturaltreats.eu\/fr\/wp-json\/wp\/v2\/ingredients?post=8354"},{"taxonomy":"product_brand","embeddable":true,"href":"https:\/\/naturaltreats.eu\/fr\/wp-json\/wp\/v2\/product_brand?post=8354"},{"taxonomy":"product_cat","embeddable":true,"href":"https:\/\/naturaltreats.eu\/fr\/wp-json\/wp\/v2\/product_cat?post=8354"},{"taxonomy":"product_tag","embeddable":true,"href":"https:\/\/naturaltreats.eu\/fr\/wp-json\/wp\/v2\/product_tag?post=8354"}],"curies":[{"name":"wp","href":"https:\/\/api.w.org\/{rel}","templated":true}]}}