{"id":8357,"date":"2021-01-31T11:38:13","date_gmt":"2021-04-15T09:17:24","guid":{"rendered":"https:\/\/naturaltreats.eu\/product\/boeuf-paddywack\/"},"modified":"2023-04-18T11:31:46","modified_gmt":"2023-04-18T09:31:46","slug":"boeuf-paddywack","status":"publish","type":"product","link":"https:\/\/naturaltreats.eu\/fr\/product\/boeuf-paddywack\/","title":{"rendered":"B\u0153uf Paddywack"},"content":{"rendered":"<p class=\"p1\">Nos friandises pour chiens \u00e0 base de b\u0153uf paddywack (\u00e9galement connu sous le nom de tendons de b\u0153uf) sont enti\u00e8rement naturelles. Fabriqu\u00e9 uniquement \u00e0 partir du tendon du cou des vaches. Ces friandises textur\u00e9es et r\u00e9sistantes occuperont votre chien et le rendront heureux pendant longtemps. Naturellement riche en prot\u00e9ines et faible en graisses, et une excellente hygi\u00e8ne dentaire naturelle.<\/p>\n<p class=\"p1\">En tant que produit \u00e0 base de b\u0153uf, il est \u00e9galement consid\u00e9r\u00e9 comme un produit \u00e0 faible teneur en allerg\u00e8nes. Il n&#8217;y aura donc pas de probl\u00e8mes d&#8217;estomac !<\/p>\n","protected":false},"excerpt":{"rendered":"<p><i class=\"fas fa-circle\"><\/i><i class=\"fas fa-circle\"><\/i><i class=\"fas fa-circle\"><\/i> | 50g<\/p>\n","protected":false},"featured_media":47059,"template":"","meta":{"_acf_changed":false},"dog-type":[],"ingredients":[],"product_brand":[],"product_cat":[178],"product_tag":[],"class_list":{"0":"post-8357","1":"product","2":"type-product","3":"status-publish","4":"has-post-thumbnail","6":"product_cat-snacks-fr","7":"tm-has-options","9":"first","10":"instock","11":"taxable","12":"shipping-taxable","13":"purchasable","14":"product-type-simple"},"bundled_by":[],"bundle_stock_status":"instock","bundle_stock_quantity":null,"bundle_virtual":false,"bundle_layout":"","bundle_add_to_cart_form_location":"","bundle_editable_in_cart":false,"bundle_sold_individually_context":"","bundle_item_grouping":"","bundle_min_size":"","bundle_max_size":"","bundle_price":[],"bundled_items":[],"bundle_sell_ids":[],"acf":[],"yoast_head":"<!-- This site is optimized with the Yoast SEO Premium plugin v23.5 (Yoast SEO v25.0) - https:\/\/yoast.com\/wordpress\/plugins\/seo\/ -->\n<title>B\u0153uf Paddywack | Natural Treats<\/title>\n<meta name=\"description\" content=\"Nos friandises pour chiens \u00e0 base de b\u0153uf paddywack (\u00e9galement connu sous le nom de tendons de b\u0153uf) sont enti\u00e8rement naturelles. Fabriqu\u00e9 uniquement \u00e0 partir du tendon du cou des vaches. Ces friandises textur\u00e9es et r\u00e9sistantes occuperont votre chien et le rendront heureux pendant longtemps. Naturellement riche en prot\u00e9ines et faible en graisses, et une excellente hygi\u00e8ne dentaire naturelle.\" \/>\n<meta name=\"robots\" content=\"index, follow, max-snippet:-1, max-image-preview:large, max-video-preview:-1\" \/>\n<link rel=\"canonical\" href=\"https:\/\/naturaltreats.eu\/fr\/product\/boeuf-paddywack\/\" \/>\n<meta property=\"og:locale\" content=\"fr_FR\" \/>\n<meta property=\"og:type\" content=\"article\" \/>\n<meta property=\"og:title\" content=\"B\u0153uf Paddywack\" \/>\n<meta property=\"og:description\" content=\"Nos friandises pour chiens \u00e0 base de b\u0153uf paddywack (\u00e9galement connu sous le nom de tendons de b\u0153uf) sont enti\u00e8rement naturelles. Fabriqu\u00e9 uniquement \u00e0 partir du tendon du cou des vaches. Ces friandises textur\u00e9es et r\u00e9sistantes occuperont votre chien et le rendront heureux pendant longtemps. Naturellement riche en prot\u00e9ines et faible en graisses, et une excellente hygi\u00e8ne dentaire naturelle.\" \/>\n<meta property=\"og:url\" content=\"https:\/\/naturaltreats.eu\/fr\/product\/boeuf-paddywack\/\" \/>\n<meta property=\"og:site_name\" content=\"Natural Treats\" \/>\n<meta property=\"article:publisher\" content=\"https:\/\/facebook.com\/naturaltreatseu\" \/>\n<meta property=\"article:modified_time\" content=\"2023-04-18T09:31:46+00:00\" \/>\n<meta property=\"og:image\" content=\"https:\/\/naturaltreats.eu\/wp-content\/uploads\/2020\/10\/paddy.jpg\" \/>\n\t<meta property=\"og:image:width\" content=\"1280\" \/>\n\t<meta property=\"og:image:height\" content=\"1280\" \/>\n\t<meta property=\"og:image:type\" content=\"image\/jpeg\" \/>\n<meta name=\"twitter:card\" content=\"summary_large_image\" \/>\n<meta name=\"twitter:label1\" content=\"Prix\" \/>\n\t<meta name=\"twitter:data1\" content=\"1,90&euro;\" \/>\n\t<meta name=\"twitter:label2\" content=\"Disponibilit\u00e9\" \/>\n\t<meta name=\"twitter:data2\" content=\"En stock\" \/>\n<script type=\"application\/ld+json\" class=\"yoast-schema-graph\">{\"@context\":\"https:\/\/schema.org\",\"@graph\":[{\"@type\":\"WebPage\",\"@id\":\"https:\/\/naturaltreats.eu\/fr\/product\/boeuf-paddywack\/\",\"url\":\"https:\/\/naturaltreats.eu\/fr\/product\/boeuf-paddywack\/\",\"name\":\"B\u0153uf Paddywack | Natural Treats\",\"isPartOf\":{\"@id\":\"https:\/\/naturaltreats.eu\/fr\/#website\"},\"primaryImageOfPage\":{\"@id\":\"https:\/\/naturaltreats.eu\/fr\/product\/boeuf-paddywack\/#primaryimage\"},\"image\":{\"@id\":\"https:\/\/naturaltreats.eu\/fr\/product\/boeuf-paddywack\/#primaryimage\"},\"thumbnailUrl\":\"https:\/\/naturaltreats.eu\/wp-content\/uploads\/2020\/10\/paddy.jpg\",\"datePublished\":\"2021-04-15T09:17:24+00:00\",\"dateModified\":\"2023-04-18T09:31:46+00:00\",\"description\":\"Nos friandises pour chiens \u00e0 base de b\u0153uf paddywack (\u00e9galement connu sous le nom de tendons de b\u0153uf) sont enti\u00e8rement naturelles. Fabriqu\u00e9 uniquement \u00e0 partir du tendon du cou des vaches. Ces friandises textur\u00e9es et r\u00e9sistantes occuperont votre chien et le rendront heureux pendant longtemps. Naturellement riche en prot\u00e9ines et faible en graisses, et une excellente hygi\u00e8ne dentaire naturelle.\",\"breadcrumb\":{\"@id\":\"https:\/\/naturaltreats.eu\/fr\/product\/boeuf-paddywack\/#breadcrumb\"},\"inLanguage\":\"fr-FR\",\"potentialAction\":[{\"@type\":\"ReadAction\",\"target\":[\"https:\/\/naturaltreats.eu\/fr\/product\/boeuf-paddywack\/\"]}]},{\"@type\":\"ImageObject\",\"inLanguage\":\"fr-FR\",\"@id\":\"https:\/\/naturaltreats.eu\/fr\/product\/boeuf-paddywack\/#primaryimage\",\"url\":\"https:\/\/naturaltreats.eu\/wp-content\/uploads\/2020\/10\/paddy.jpg\",\"contentUrl\":\"https:\/\/naturaltreats.eu\/wp-content\/uploads\/2020\/10\/paddy.jpg\",\"width\":1280,\"height\":1280,\"caption\":\"paddywack for dogs\"},{\"@type\":\"BreadcrumbList\",\"@id\":\"https:\/\/naturaltreats.eu\/fr\/product\/boeuf-paddywack\/#breadcrumb\",\"itemListElement\":[{\"@type\":\"ListItem\",\"position\":1,\"name\":\"Home\",\"item\":\"https:\/\/naturaltreats.eu\/fr\/domicile\/\"},{\"@type\":\"ListItem\",\"position\":2,\"name\":\"Boutique\",\"item\":\"https:\/\/naturaltreats.eu\/fr\/boutique\/\"},{\"@type\":\"ListItem\",\"position\":3,\"name\":\"B\u0153uf Paddywack\"}]},{\"@type\":\"WebSite\",\"@id\":\"https:\/\/naturaltreats.eu\/fr\/#website\",\"url\":\"https:\/\/naturaltreats.eu\/fr\/\",\"name\":\"Natural Treats\",\"description\":\"Best Rated Natural Dog Treats In Europe\",\"publisher\":{\"@id\":\"https:\/\/naturaltreats.eu\/fr\/#organization\"},\"potentialAction\":[{\"@type\":\"SearchAction\",\"target\":{\"@type\":\"EntryPoint\",\"urlTemplate\":\"https:\/\/naturaltreats.eu\/fr\/?s={search_term_string}\"},\"query-input\":{\"@type\":\"PropertyValueSpecification\",\"valueRequired\":true,\"valueName\":\"search_term_string\"}}],\"inLanguage\":\"fr-FR\"},{\"@type\":\"Organization\",\"@id\":\"https:\/\/naturaltreats.eu\/fr\/#organization\",\"name\":\"Natural Treats\",\"url\":\"https:\/\/naturaltreats.eu\/fr\/\",\"logo\":{\"@type\":\"ImageObject\",\"inLanguage\":\"fr-FR\",\"@id\":\"https:\/\/naturaltreats.eu\/fr\/#\/schema\/logo\/image\/\",\"url\":\"https:\/\/naturaltreats.eu\/wp-content\/uploads\/2020\/08\/social.jpg\",\"contentUrl\":\"https:\/\/naturaltreats.eu\/wp-content\/uploads\/2020\/08\/social.jpg\",\"width\":1000,\"height\":1000,\"caption\":\"Natural Treats\"},\"image\":{\"@id\":\"https:\/\/naturaltreats.eu\/fr\/#\/schema\/logo\/image\/\"},\"sameAs\":[\"https:\/\/facebook.com\/naturaltreatseu\",\"https:\/\/instagram.com\/naturaltreatseu\"]}]}<\/script>\n<meta property=\"product:price:amount\" content=\"1.90\" \/>\n<meta property=\"product:price:currency\" content=\"EUR\" \/>\n<meta property=\"og:availability\" content=\"instock\" \/>\n<meta property=\"product:availability\" content=\"instock\" \/>\n<meta property=\"product:retailer_item_id\" content=\"0.05\" \/>\n<meta property=\"product:condition\" content=\"new\" \/>\n<!-- \/ Yoast SEO Premium plugin. -->","yoast_head_json":{"title":"B\u0153uf Paddywack | Natural Treats","description":"Nos friandises pour chiens \u00e0 base de b\u0153uf paddywack (\u00e9galement connu sous le nom de tendons de b\u0153uf) sont enti\u00e8rement naturelles. Fabriqu\u00e9 uniquement \u00e0 partir du tendon du cou des vaches. Ces friandises textur\u00e9es et r\u00e9sistantes occuperont votre chien et le rendront heureux pendant longtemps. Naturellement riche en prot\u00e9ines et faible en graisses, et une excellente hygi\u00e8ne dentaire naturelle.","robots":{"index":"index","follow":"follow","max-snippet":"max-snippet:-1","max-image-preview":"max-image-preview:large","max-video-preview":"max-video-preview:-1"},"canonical":"https:\/\/naturaltreats.eu\/fr\/product\/boeuf-paddywack\/","og_locale":"fr_FR","og_type":"article","og_title":"B\u0153uf Paddywack","og_description":"Nos friandises pour chiens \u00e0 base de b\u0153uf paddywack (\u00e9galement connu sous le nom de tendons de b\u0153uf) sont enti\u00e8rement naturelles. Fabriqu\u00e9 uniquement \u00e0 partir du tendon du cou des vaches. Ces friandises textur\u00e9es et r\u00e9sistantes occuperont votre chien et le rendront heureux pendant longtemps. Naturellement riche en prot\u00e9ines et faible en graisses, et une excellente hygi\u00e8ne dentaire naturelle.","og_url":"https:\/\/naturaltreats.eu\/fr\/product\/boeuf-paddywack\/","og_site_name":"Natural Treats","article_publisher":"https:\/\/facebook.com\/naturaltreatseu","article_modified_time":"2023-04-18T09:31:46+00:00","og_image":[{"width":1280,"height":1280,"url":"https:\/\/naturaltreats.eu\/wp-content\/uploads\/2020\/10\/paddy.jpg","type":"image\/jpeg"}],"twitter_card":"summary_large_image","twitter_misc":{"Prix":"1,90&euro;","Disponibilit\u00e9":"En stock"},"schema":{"@context":"https:\/\/schema.org","@graph":[{"@type":"WebPage","@id":"https:\/\/naturaltreats.eu\/fr\/product\/boeuf-paddywack\/","url":"https:\/\/naturaltreats.eu\/fr\/product\/boeuf-paddywack\/","name":"B\u0153uf Paddywack | Natural Treats","isPartOf":{"@id":"https:\/\/naturaltreats.eu\/fr\/#website"},"primaryImageOfPage":{"@id":"https:\/\/naturaltreats.eu\/fr\/product\/boeuf-paddywack\/#primaryimage"},"image":{"@id":"https:\/\/naturaltreats.eu\/fr\/product\/boeuf-paddywack\/#primaryimage"},"thumbnailUrl":"https:\/\/naturaltreats.eu\/wp-content\/uploads\/2020\/10\/paddy.jpg","datePublished":"2021-04-15T09:17:24+00:00","dateModified":"2023-04-18T09:31:46+00:00","description":"Nos friandises pour chiens \u00e0 base de b\u0153uf paddywack (\u00e9galement connu sous le nom de tendons de b\u0153uf) sont enti\u00e8rement naturelles. Fabriqu\u00e9 uniquement \u00e0 partir du tendon du cou des vaches. Ces friandises textur\u00e9es et r\u00e9sistantes occuperont votre chien et le rendront heureux pendant longtemps. Naturellement riche en prot\u00e9ines et faible en graisses, et une excellente hygi\u00e8ne dentaire naturelle.","breadcrumb":{"@id":"https:\/\/naturaltreats.eu\/fr\/product\/boeuf-paddywack\/#breadcrumb"},"inLanguage":"fr-FR","potentialAction":[{"@type":"ReadAction","target":["https:\/\/naturaltreats.eu\/fr\/product\/boeuf-paddywack\/"]}]},{"@type":"ImageObject","inLanguage":"fr-FR","@id":"https:\/\/naturaltreats.eu\/fr\/product\/boeuf-paddywack\/#primaryimage","url":"https:\/\/naturaltreats.eu\/wp-content\/uploads\/2020\/10\/paddy.jpg","contentUrl":"https:\/\/naturaltreats.eu\/wp-content\/uploads\/2020\/10\/paddy.jpg","width":1280,"height":1280,"caption":"paddywack for dogs"},{"@type":"BreadcrumbList","@id":"https:\/\/naturaltreats.eu\/fr\/product\/boeuf-paddywack\/#breadcrumb","itemListElement":[{"@type":"ListItem","position":1,"name":"Home","item":"https:\/\/naturaltreats.eu\/fr\/domicile\/"},{"@type":"ListItem","position":2,"name":"Boutique","item":"https:\/\/naturaltreats.eu\/fr\/boutique\/"},{"@type":"ListItem","position":3,"name":"B\u0153uf Paddywack"}]},{"@type":"WebSite","@id":"https:\/\/naturaltreats.eu\/fr\/#website","url":"https:\/\/naturaltreats.eu\/fr\/","name":"Natural Treats","description":"Best Rated Natural Dog Treats In Europe","publisher":{"@id":"https:\/\/naturaltreats.eu\/fr\/#organization"},"potentialAction":[{"@type":"SearchAction","target":{"@type":"EntryPoint","urlTemplate":"https:\/\/naturaltreats.eu\/fr\/?s={search_term_string}"},"query-input":{"@type":"PropertyValueSpecification","valueRequired":true,"valueName":"search_term_string"}}],"inLanguage":"fr-FR"},{"@type":"Organization","@id":"https:\/\/naturaltreats.eu\/fr\/#organization","name":"Natural Treats","url":"https:\/\/naturaltreats.eu\/fr\/","logo":{"@type":"ImageObject","inLanguage":"fr-FR","@id":"https:\/\/naturaltreats.eu\/fr\/#\/schema\/logo\/image\/","url":"https:\/\/naturaltreats.eu\/wp-content\/uploads\/2020\/08\/social.jpg","contentUrl":"https:\/\/naturaltreats.eu\/wp-content\/uploads\/2020\/08\/social.jpg","width":1000,"height":1000,"caption":"Natural Treats"},"image":{"@id":"https:\/\/naturaltreats.eu\/fr\/#\/schema\/logo\/image\/"},"sameAs":["https:\/\/facebook.com\/naturaltreatseu","https:\/\/instagram.com\/naturaltreatseu"]}]},"product_price_amount":"1.90","product_price_currency":"EUR","og_availability":"instock","product_availability":"instock","product_retailer_item_id":"0.05","product_condition":"new"},"_links":{"self":[{"href":"https:\/\/naturaltreats.eu\/fr\/wp-json\/wp\/v2\/product\/8357","targetHints":{"allow":["GET"]}}],"collection":[{"href":"https:\/\/naturaltreats.eu\/fr\/wp-json\/wp\/v2\/product"}],"about":[{"href":"https:\/\/naturaltreats.eu\/fr\/wp-json\/wp\/v2\/types\/product"}],"wp:featuredmedia":[{"embeddable":true,"href":"https:\/\/naturaltreats.eu\/fr\/wp-json\/wp\/v2\/media\/47059"}],"wp:attachment":[{"href":"https:\/\/naturaltreats.eu\/fr\/wp-json\/wp\/v2\/media?parent=8357"}],"wp:term":[{"taxonomy":"dog-type","embeddable":true,"href":"https:\/\/naturaltreats.eu\/fr\/wp-json\/wp\/v2\/dog-type?post=8357"},{"taxonomy":"ingredients","embeddable":true,"href":"https:\/\/naturaltreats.eu\/fr\/wp-json\/wp\/v2\/ingredients?post=8357"},{"taxonomy":"product_brand","embeddable":true,"href":"https:\/\/naturaltreats.eu\/fr\/wp-json\/wp\/v2\/product_brand?post=8357"},{"taxonomy":"product_cat","embeddable":true,"href":"https:\/\/naturaltreats.eu\/fr\/wp-json\/wp\/v2\/product_cat?post=8357"},{"taxonomy":"product_tag","embeddable":true,"href":"https:\/\/naturaltreats.eu\/fr\/wp-json\/wp\/v2\/product_tag?post=8357"}],"curies":[{"name":"wp","href":"https:\/\/api.w.org\/{rel}","templated":true}]}}