{"id":8359,"date":"2021-01-31T11:37:23","date_gmt":"2021-04-15T09:17:25","guid":{"rendered":"https:\/\/naturaltreats.eu\/product\/queue-de-boeuf\/"},"modified":"2023-02-15T22:15:49","modified_gmt":"2023-02-15T21:15:49","slug":"queue-de-boeuf","status":"publish","type":"product","link":"https:\/\/naturaltreats.eu\/fr\/product\/queue-de-boeuf\/","title":{"rendered":"Queue de b\u0153uf"},"content":{"rendered":"<p class=\"p1\">Les queues de b\u0153uf sont d&#8217;excellents produits \u00e0 m\u00e2cher pour les chiens ayant une digestion sensible ou souffrant d&#8217;allergies. Ils sont \u00e9galement riches en prot\u00e9ines et pauvres en graisses. Nos produits \u00e0 m\u00e2cher \u00e0 base de queue de b\u0153uf sont 100 % naturels et ont \u00e9t\u00e9 lentement s\u00e9ch\u00e9s pour produire une friandise qui occupera votre chien et qui constitue un excellent en-cas entre les repas.<\/p>\n<p class=\"p1\">Ils sont \u00e9galement sans odeur et contribuent \u00e0 maintenir les dents de votre chien en pleine forme.<\/p>\n<p>Les queues de b\u0153uf sont incroyablement pauvres en graisses et constituent un cartilage naturel pour les chiens. Ils sont excellents pour les muscles de la m\u00e2choire de votre chien. Les queues de b\u0153uf jouent \u00e9galement un r\u00f4le essentiel dans le nettoyage des gencives et des dents de votre chien. M\u00e2cher des queues de b\u0153uf permet de renforcer les gencives et les muscles.<\/p>\n","protected":false},"excerpt":{"rendered":"<p><i class=\"fas fa-circle\"><\/i><i class=\"fas fa-circle\"><\/i><i class=\"far fa-circle\"><\/i> | 20g | 1 pi\u00e8ce<\/p>\n","protected":false},"featured_media":34047,"template":"","meta":{"_acf_changed":false},"dog-type":[],"ingredients":[],"product_brand":[],"product_cat":[178],"product_tag":[],"class_list":{"0":"post-8359","1":"product","2":"type-product","3":"status-publish","4":"has-post-thumbnail","6":"product_cat-snacks-fr","7":"tm-has-options","9":"first","10":"outofstock","11":"taxable","12":"shipping-taxable","13":"purchasable","14":"product-type-simple"},"bundled_by":[],"bundle_stock_status":"outofstock","bundle_stock_quantity":null,"bundle_virtual":false,"bundle_layout":"","bundle_add_to_cart_form_location":"","bundle_editable_in_cart":false,"bundle_sold_individually_context":"","bundle_item_grouping":"","bundle_min_size":"","bundle_max_size":"","bundle_price":[],"bundled_items":[],"bundle_sell_ids":[],"acf":[],"yoast_head":"<!-- This site is optimized with the Yoast SEO Premium plugin v23.5 (Yoast SEO v25.0) - https:\/\/yoast.com\/wordpress\/plugins\/seo\/ -->\n<title>Queue de b\u0153uf | Natural Treats<\/title>\n<meta name=\"description\" content=\"Les queues de b\u0153uf sont d&#039;excellents produits \u00e0 m\u00e2cher pour les chiens ayant une digestion sensible ou souffrant d&#039;allergies. Ils sont \u00e9galement riches en prot\u00e9ines et pauvres en graisses. Nos produits \u00e0 m\u00e2cher \u00e0 base de queue de b\u0153uf sont 100 % naturels et ont \u00e9t\u00e9 lentement s\u00e9ch\u00e9s pour produire une friandise qui occupera votre chien et qui constitue un excellent en-cas entre les repas.\" \/>\n<meta name=\"robots\" content=\"index, follow, max-snippet:-1, max-image-preview:large, max-video-preview:-1\" \/>\n<link rel=\"canonical\" href=\"https:\/\/naturaltreats.eu\/fr\/product\/queue-de-boeuf\/\" \/>\n<meta property=\"og:locale\" content=\"fr_FR\" \/>\n<meta property=\"og:type\" content=\"article\" \/>\n<meta property=\"og:title\" content=\"Queue de b\u0153uf\" \/>\n<meta property=\"og:description\" content=\"Les queues de b\u0153uf sont d&#039;excellents produits \u00e0 m\u00e2cher pour les chiens ayant une digestion sensible ou souffrant d&#039;allergies. Ils sont \u00e9galement riches en prot\u00e9ines et pauvres en graisses. Nos produits \u00e0 m\u00e2cher \u00e0 base de queue de b\u0153uf sont 100 % naturels et ont \u00e9t\u00e9 lentement s\u00e9ch\u00e9s pour produire une friandise qui occupera votre chien et qui constitue un excellent en-cas entre les repas.\" \/>\n<meta property=\"og:url\" content=\"https:\/\/naturaltreats.eu\/fr\/product\/queue-de-boeuf\/\" \/>\n<meta property=\"og:site_name\" content=\"Natural Treats\" \/>\n<meta property=\"article:publisher\" content=\"https:\/\/facebook.com\/naturaltreatseu\" \/>\n<meta property=\"article:modified_time\" content=\"2023-02-15T21:15:49+00:00\" \/>\n<meta property=\"og:image\" content=\"https:\/\/naturaltreats.eu\/wp-content\/uploads\/2021\/01\/Borwn-tail.jpg\" \/>\n\t<meta property=\"og:image:width\" content=\"1080\" \/>\n\t<meta property=\"og:image:height\" content=\"1080\" \/>\n\t<meta property=\"og:image:type\" content=\"image\/jpeg\" \/>\n<meta name=\"twitter:card\" content=\"summary_large_image\" \/>\n<meta name=\"twitter:label1\" content=\"Prix\" \/>\n\t<meta name=\"twitter:data1\" content=\"1,60&euro;\" \/>\n\t<meta name=\"twitter:label2\" content=\"Disponibilit\u00e9\" \/>\n\t<meta name=\"twitter:data2\" content=\"Rupture de stock\" \/>\n<script type=\"application\/ld+json\" class=\"yoast-schema-graph\">{\"@context\":\"https:\/\/schema.org\",\"@graph\":[{\"@type\":\"WebPage\",\"@id\":\"https:\/\/naturaltreats.eu\/fr\/product\/queue-de-boeuf\/\",\"url\":\"https:\/\/naturaltreats.eu\/fr\/product\/queue-de-boeuf\/\",\"name\":\"Queue de b\u0153uf | Natural Treats\",\"isPartOf\":{\"@id\":\"https:\/\/naturaltreats.eu\/fr\/#website\"},\"primaryImageOfPage\":{\"@id\":\"https:\/\/naturaltreats.eu\/fr\/product\/queue-de-boeuf\/#primaryimage\"},\"image\":{\"@id\":\"https:\/\/naturaltreats.eu\/fr\/product\/queue-de-boeuf\/#primaryimage\"},\"thumbnailUrl\":\"https:\/\/naturaltreats.eu\/wp-content\/uploads\/2021\/01\/Borwn-tail.jpg\",\"datePublished\":\"2021-04-15T09:17:25+00:00\",\"dateModified\":\"2023-02-15T21:15:49+00:00\",\"description\":\"Les queues de b\u0153uf sont d'excellents produits \u00e0 m\u00e2cher pour les chiens ayant une digestion sensible ou souffrant d'allergies. Ils sont \u00e9galement riches en prot\u00e9ines et pauvres en graisses. Nos produits \u00e0 m\u00e2cher \u00e0 base de queue de b\u0153uf sont 100 % naturels et ont \u00e9t\u00e9 lentement s\u00e9ch\u00e9s pour produire une friandise qui occupera votre chien et qui constitue un excellent en-cas entre les repas.\",\"breadcrumb\":{\"@id\":\"https:\/\/naturaltreats.eu\/fr\/product\/queue-de-boeuf\/#breadcrumb\"},\"inLanguage\":\"fr-FR\",\"potentialAction\":[{\"@type\":\"ReadAction\",\"target\":[\"https:\/\/naturaltreats.eu\/fr\/product\/queue-de-boeuf\/\"]}]},{\"@type\":\"ImageObject\",\"inLanguage\":\"fr-FR\",\"@id\":\"https:\/\/naturaltreats.eu\/fr\/product\/queue-de-boeuf\/#primaryimage\",\"url\":\"https:\/\/naturaltreats.eu\/wp-content\/uploads\/2021\/01\/Borwn-tail.jpg\",\"contentUrl\":\"https:\/\/naturaltreats.eu\/wp-content\/uploads\/2021\/01\/Borwn-tail.jpg\",\"width\":1080,\"height\":1080,\"caption\":\"Queue de b\u0153uf\"},{\"@type\":\"BreadcrumbList\",\"@id\":\"https:\/\/naturaltreats.eu\/fr\/product\/queue-de-boeuf\/#breadcrumb\",\"itemListElement\":[{\"@type\":\"ListItem\",\"position\":1,\"name\":\"Home\",\"item\":\"https:\/\/naturaltreats.eu\/fr\/domicile\/\"},{\"@type\":\"ListItem\",\"position\":2,\"name\":\"Boutique\",\"item\":\"https:\/\/naturaltreats.eu\/fr\/boutique\/\"},{\"@type\":\"ListItem\",\"position\":3,\"name\":\"Queue de b\u0153uf\"}]},{\"@type\":\"WebSite\",\"@id\":\"https:\/\/naturaltreats.eu\/fr\/#website\",\"url\":\"https:\/\/naturaltreats.eu\/fr\/\",\"name\":\"Natural Treats\",\"description\":\"Best Rated Natural Dog Treats In Europe\",\"publisher\":{\"@id\":\"https:\/\/naturaltreats.eu\/fr\/#organization\"},\"potentialAction\":[{\"@type\":\"SearchAction\",\"target\":{\"@type\":\"EntryPoint\",\"urlTemplate\":\"https:\/\/naturaltreats.eu\/fr\/?s={search_term_string}\"},\"query-input\":{\"@type\":\"PropertyValueSpecification\",\"valueRequired\":true,\"valueName\":\"search_term_string\"}}],\"inLanguage\":\"fr-FR\"},{\"@type\":\"Organization\",\"@id\":\"https:\/\/naturaltreats.eu\/fr\/#organization\",\"name\":\"Natural Treats\",\"url\":\"https:\/\/naturaltreats.eu\/fr\/\",\"logo\":{\"@type\":\"ImageObject\",\"inLanguage\":\"fr-FR\",\"@id\":\"https:\/\/naturaltreats.eu\/fr\/#\/schema\/logo\/image\/\",\"url\":\"https:\/\/naturaltreats.eu\/wp-content\/uploads\/2020\/08\/social.jpg\",\"contentUrl\":\"https:\/\/naturaltreats.eu\/wp-content\/uploads\/2020\/08\/social.jpg\",\"width\":1000,\"height\":1000,\"caption\":\"Natural Treats\"},\"image\":{\"@id\":\"https:\/\/naturaltreats.eu\/fr\/#\/schema\/logo\/image\/\"},\"sameAs\":[\"https:\/\/facebook.com\/naturaltreatseu\",\"https:\/\/instagram.com\/naturaltreatseu\"]}]}<\/script>\n<meta property=\"product:price:amount\" content=\"1.60\" \/>\n<meta property=\"product:price:currency\" content=\"EUR\" \/>\n<meta property=\"og:availability\" content=\"out of stock\" \/>\n<meta property=\"product:availability\" content=\"out of stock\" \/>\n<meta property=\"product:condition\" content=\"new\" \/>\n<!-- \/ Yoast SEO Premium plugin. -->","yoast_head_json":{"title":"Queue de b\u0153uf | Natural Treats","description":"Les queues de b\u0153uf sont d'excellents produits \u00e0 m\u00e2cher pour les chiens ayant une digestion sensible ou souffrant d'allergies. Ils sont \u00e9galement riches en prot\u00e9ines et pauvres en graisses. Nos produits \u00e0 m\u00e2cher \u00e0 base de queue de b\u0153uf sont 100 % naturels et ont \u00e9t\u00e9 lentement s\u00e9ch\u00e9s pour produire une friandise qui occupera votre chien et qui constitue un excellent en-cas entre les repas.","robots":{"index":"index","follow":"follow","max-snippet":"max-snippet:-1","max-image-preview":"max-image-preview:large","max-video-preview":"max-video-preview:-1"},"canonical":"https:\/\/naturaltreats.eu\/fr\/product\/queue-de-boeuf\/","og_locale":"fr_FR","og_type":"article","og_title":"Queue de b\u0153uf","og_description":"Les queues de b\u0153uf sont d'excellents produits \u00e0 m\u00e2cher pour les chiens ayant une digestion sensible ou souffrant d'allergies. Ils sont \u00e9galement riches en prot\u00e9ines et pauvres en graisses. Nos produits \u00e0 m\u00e2cher \u00e0 base de queue de b\u0153uf sont 100 % naturels et ont \u00e9t\u00e9 lentement s\u00e9ch\u00e9s pour produire une friandise qui occupera votre chien et qui constitue un excellent en-cas entre les repas.","og_url":"https:\/\/naturaltreats.eu\/fr\/product\/queue-de-boeuf\/","og_site_name":"Natural Treats","article_publisher":"https:\/\/facebook.com\/naturaltreatseu","article_modified_time":"2023-02-15T21:15:49+00:00","og_image":[{"width":1080,"height":1080,"url":"https:\/\/naturaltreats.eu\/wp-content\/uploads\/2021\/01\/Borwn-tail.jpg","type":"image\/jpeg"}],"twitter_card":"summary_large_image","twitter_misc":{"Prix":"1,60&euro;","Disponibilit\u00e9":"Rupture de stock"},"schema":{"@context":"https:\/\/schema.org","@graph":[{"@type":"WebPage","@id":"https:\/\/naturaltreats.eu\/fr\/product\/queue-de-boeuf\/","url":"https:\/\/naturaltreats.eu\/fr\/product\/queue-de-boeuf\/","name":"Queue de b\u0153uf | Natural Treats","isPartOf":{"@id":"https:\/\/naturaltreats.eu\/fr\/#website"},"primaryImageOfPage":{"@id":"https:\/\/naturaltreats.eu\/fr\/product\/queue-de-boeuf\/#primaryimage"},"image":{"@id":"https:\/\/naturaltreats.eu\/fr\/product\/queue-de-boeuf\/#primaryimage"},"thumbnailUrl":"https:\/\/naturaltreats.eu\/wp-content\/uploads\/2021\/01\/Borwn-tail.jpg","datePublished":"2021-04-15T09:17:25+00:00","dateModified":"2023-02-15T21:15:49+00:00","description":"Les queues de b\u0153uf sont d'excellents produits \u00e0 m\u00e2cher pour les chiens ayant une digestion sensible ou souffrant d'allergies. Ils sont \u00e9galement riches en prot\u00e9ines et pauvres en graisses. Nos produits \u00e0 m\u00e2cher \u00e0 base de queue de b\u0153uf sont 100 % naturels et ont \u00e9t\u00e9 lentement s\u00e9ch\u00e9s pour produire une friandise qui occupera votre chien et qui constitue un excellent en-cas entre les repas.","breadcrumb":{"@id":"https:\/\/naturaltreats.eu\/fr\/product\/queue-de-boeuf\/#breadcrumb"},"inLanguage":"fr-FR","potentialAction":[{"@type":"ReadAction","target":["https:\/\/naturaltreats.eu\/fr\/product\/queue-de-boeuf\/"]}]},{"@type":"ImageObject","inLanguage":"fr-FR","@id":"https:\/\/naturaltreats.eu\/fr\/product\/queue-de-boeuf\/#primaryimage","url":"https:\/\/naturaltreats.eu\/wp-content\/uploads\/2021\/01\/Borwn-tail.jpg","contentUrl":"https:\/\/naturaltreats.eu\/wp-content\/uploads\/2021\/01\/Borwn-tail.jpg","width":1080,"height":1080,"caption":"Queue de b\u0153uf"},{"@type":"BreadcrumbList","@id":"https:\/\/naturaltreats.eu\/fr\/product\/queue-de-boeuf\/#breadcrumb","itemListElement":[{"@type":"ListItem","position":1,"name":"Home","item":"https:\/\/naturaltreats.eu\/fr\/domicile\/"},{"@type":"ListItem","position":2,"name":"Boutique","item":"https:\/\/naturaltreats.eu\/fr\/boutique\/"},{"@type":"ListItem","position":3,"name":"Queue de b\u0153uf"}]},{"@type":"WebSite","@id":"https:\/\/naturaltreats.eu\/fr\/#website","url":"https:\/\/naturaltreats.eu\/fr\/","name":"Natural Treats","description":"Best Rated Natural Dog Treats In Europe","publisher":{"@id":"https:\/\/naturaltreats.eu\/fr\/#organization"},"potentialAction":[{"@type":"SearchAction","target":{"@type":"EntryPoint","urlTemplate":"https:\/\/naturaltreats.eu\/fr\/?s={search_term_string}"},"query-input":{"@type":"PropertyValueSpecification","valueRequired":true,"valueName":"search_term_string"}}],"inLanguage":"fr-FR"},{"@type":"Organization","@id":"https:\/\/naturaltreats.eu\/fr\/#organization","name":"Natural Treats","url":"https:\/\/naturaltreats.eu\/fr\/","logo":{"@type":"ImageObject","inLanguage":"fr-FR","@id":"https:\/\/naturaltreats.eu\/fr\/#\/schema\/logo\/image\/","url":"https:\/\/naturaltreats.eu\/wp-content\/uploads\/2020\/08\/social.jpg","contentUrl":"https:\/\/naturaltreats.eu\/wp-content\/uploads\/2020\/08\/social.jpg","width":1000,"height":1000,"caption":"Natural Treats"},"image":{"@id":"https:\/\/naturaltreats.eu\/fr\/#\/schema\/logo\/image\/"},"sameAs":["https:\/\/facebook.com\/naturaltreatseu","https:\/\/instagram.com\/naturaltreatseu"]}]},"product_price_amount":"1.60","product_price_currency":"EUR","og_availability":"out of stock","product_availability":"out of stock","product_condition":"new"},"_links":{"self":[{"href":"https:\/\/naturaltreats.eu\/fr\/wp-json\/wp\/v2\/product\/8359","targetHints":{"allow":["GET"]}}],"collection":[{"href":"https:\/\/naturaltreats.eu\/fr\/wp-json\/wp\/v2\/product"}],"about":[{"href":"https:\/\/naturaltreats.eu\/fr\/wp-json\/wp\/v2\/types\/product"}],"wp:featuredmedia":[{"embeddable":true,"href":"https:\/\/naturaltreats.eu\/fr\/wp-json\/wp\/v2\/media\/34047"}],"wp:attachment":[{"href":"https:\/\/naturaltreats.eu\/fr\/wp-json\/wp\/v2\/media?parent=8359"}],"wp:term":[{"taxonomy":"dog-type","embeddable":true,"href":"https:\/\/naturaltreats.eu\/fr\/wp-json\/wp\/v2\/dog-type?post=8359"},{"taxonomy":"ingredients","embeddable":true,"href":"https:\/\/naturaltreats.eu\/fr\/wp-json\/wp\/v2\/ingredients?post=8359"},{"taxonomy":"product_brand","embeddable":true,"href":"https:\/\/naturaltreats.eu\/fr\/wp-json\/wp\/v2\/product_brand?post=8359"},{"taxonomy":"product_cat","embeddable":true,"href":"https:\/\/naturaltreats.eu\/fr\/wp-json\/wp\/v2\/product_cat?post=8359"},{"taxonomy":"product_tag","embeddable":true,"href":"https:\/\/naturaltreats.eu\/fr\/wp-json\/wp\/v2\/product_tag?post=8359"}],"curies":[{"name":"wp","href":"https:\/\/api.w.org\/{rel}","templated":true}]}}