{"id":8360,"date":"2021-01-31T11:31:12","date_gmt":"2021-04-15T09:17:26","guid":{"rendered":"https:\/\/naturaltreats.eu\/product\/batonnet-dagneau-et-de-riz-petit\/"},"modified":"2022-04-09T20:15:27","modified_gmt":"2022-04-09T18:15:27","slug":"agneau-et-rice-stick-petit","status":"publish","type":"product","link":"https:\/\/naturaltreats.eu\/fr\/product\/agneau-et-rice-stick-petit\/","title":{"rendered":"B\u00e2tonnet d&#8217;agneau et de riz petit"},"content":{"rendered":"<p>Les chiens adorent les b\u00e2tonnets d&#8217;agneau et de riz, car ils ont une texture moelleuse et satisfaisante, et ils sont remplis d&#8217;une saveur irr\u00e9sistible pour une r\u00e9compense durable. Ils r\u00e9pondent au d\u00e9sir naturel de votre chien de m\u00e2cher et sont \u00e9galement excellents pour sa sant\u00e9 dentaire gr\u00e2ce au processus naturel de mastication.<\/p>\n<p>Fabriqu\u00e9s avec des ingr\u00e9dients de haute qualit\u00e9, ces b\u00e2tonnets ne contiennent aucun ar\u00f4me artificiel. Ils sont parfaits pour les chiens de toutes tailles, car ils leur offrent un d\u00e9licieux b\u00e2tonnet de viande qu&#8217;ils peuvent manger \u00e0 pleines dents.<\/p>\n<p>Contient de petites quantit\u00e9s de poulet.<\/p>\n","protected":false},"excerpt":{"rendered":"<p><i class=\"fas fa-circle\"><\/i><i class=\"fas fa-circle\"><\/i><i class=\"far fa-circle\"><\/i>  | 25g | 1 pi\u00e8ce<\/p>\n","protected":false},"featured_media":8361,"template":"","meta":{"_acf_changed":false},"dog-type":[],"ingredients":[],"product_brand":[],"product_cat":[178],"product_tag":[],"class_list":{"0":"post-8360","1":"product","2":"type-product","3":"status-publish","4":"has-post-thumbnail","6":"product_cat-snacks-fr","7":"tm-has-options","9":"first","10":"outofstock","11":"taxable","12":"shipping-taxable","13":"purchasable","14":"product-type-simple"},"bundled_by":[],"bundle_stock_status":"outofstock","bundle_stock_quantity":null,"bundle_virtual":false,"bundle_layout":"","bundle_add_to_cart_form_location":"","bundle_editable_in_cart":false,"bundle_sold_individually_context":"","bundle_item_grouping":"","bundle_min_size":"","bundle_max_size":"","bundle_price":[],"bundled_items":[],"bundle_sell_ids":[],"acf":[],"yoast_head":"<!-- This site is optimized with the Yoast SEO Premium plugin v23.5 (Yoast SEO v25.0) - https:\/\/yoast.com\/wordpress\/plugins\/seo\/ -->\n<title>B\u00e2tonnet d&#039;agneau et de riz petit | Natural Treats<\/title>\n<meta name=\"description\" content=\"Les chiens adorent les b\u00e2tonnets d&#039;agneau et de riz, car ils ont une texture moelleuse et satisfaisante, et ils sont remplis d&#039;une saveur irr\u00e9sistible pour une r\u00e9compense durable. Ils r\u00e9pondent au d\u00e9sir naturel de votre chien de m\u00e2cher et sont \u00e9galement excellents pour sa sant\u00e9 dentaire gr\u00e2ce au processus naturel de mastication.\" \/>\n<meta name=\"robots\" content=\"index, follow, max-snippet:-1, max-image-preview:large, max-video-preview:-1\" \/>\n<link rel=\"canonical\" href=\"https:\/\/naturaltreats.eu\/fr\/product\/agneau-et-rice-stick-petit\/\" \/>\n<meta property=\"og:locale\" content=\"fr_FR\" \/>\n<meta property=\"og:type\" content=\"article\" \/>\n<meta property=\"og:title\" content=\"B\u00e2tonnet d&#039;agneau et de riz petit\" \/>\n<meta property=\"og:description\" content=\"Les chiens adorent les b\u00e2tonnets d&#039;agneau et de riz, car ils ont une texture moelleuse et satisfaisante, et ils sont remplis d&#039;une saveur irr\u00e9sistible pour une r\u00e9compense durable. Ils r\u00e9pondent au d\u00e9sir naturel de votre chien de m\u00e2cher et sont \u00e9galement excellents pour sa sant\u00e9 dentaire gr\u00e2ce au processus naturel de mastication.\" \/>\n<meta property=\"og:url\" content=\"https:\/\/naturaltreats.eu\/fr\/product\/agneau-et-rice-stick-petit\/\" \/>\n<meta property=\"og:site_name\" content=\"Natural Treats\" \/>\n<meta property=\"article:publisher\" content=\"https:\/\/facebook.com\/naturaltreatseu\" \/>\n<meta property=\"article:modified_time\" content=\"2022-04-09T18:15:27+00:00\" \/>\n<meta property=\"og:image\" content=\"https:\/\/naturaltreats.eu\/wp-content\/uploads\/2021\/01\/Lamb-and-Rice-Sticks.jpg\" \/>\n\t<meta property=\"og:image:width\" content=\"1080\" \/>\n\t<meta property=\"og:image:height\" content=\"1080\" \/>\n\t<meta property=\"og:image:type\" content=\"image\/jpeg\" \/>\n<meta name=\"twitter:card\" content=\"summary_large_image\" \/>\n<meta name=\"twitter:label1\" content=\"Prix\" \/>\n\t<meta name=\"twitter:data1\" content=\"1,00&euro;\" \/>\n\t<meta name=\"twitter:label2\" content=\"Disponibilit\u00e9\" \/>\n\t<meta name=\"twitter:data2\" content=\"Rupture de stock\" \/>\n<script type=\"application\/ld+json\" class=\"yoast-schema-graph\">{\"@context\":\"https:\/\/schema.org\",\"@graph\":[{\"@type\":\"WebPage\",\"@id\":\"https:\/\/naturaltreats.eu\/fr\/product\/agneau-et-rice-stick-petit\/\",\"url\":\"https:\/\/naturaltreats.eu\/fr\/product\/agneau-et-rice-stick-petit\/\",\"name\":\"B\u00e2tonnet d'agneau et de riz petit | Natural Treats\",\"isPartOf\":{\"@id\":\"https:\/\/naturaltreats.eu\/fr\/#website\"},\"primaryImageOfPage\":{\"@id\":\"https:\/\/naturaltreats.eu\/fr\/product\/agneau-et-rice-stick-petit\/#primaryimage\"},\"image\":{\"@id\":\"https:\/\/naturaltreats.eu\/fr\/product\/agneau-et-rice-stick-petit\/#primaryimage\"},\"thumbnailUrl\":\"https:\/\/naturaltreats.eu\/wp-content\/uploads\/2021\/01\/Lamb-and-Rice-Sticks.jpg\",\"datePublished\":\"2021-04-15T09:17:26+00:00\",\"dateModified\":\"2022-04-09T18:15:27+00:00\",\"description\":\"Les chiens adorent les b\u00e2tonnets d'agneau et de riz, car ils ont une texture moelleuse et satisfaisante, et ils sont remplis d'une saveur irr\u00e9sistible pour une r\u00e9compense durable. Ils r\u00e9pondent au d\u00e9sir naturel de votre chien de m\u00e2cher et sont \u00e9galement excellents pour sa sant\u00e9 dentaire gr\u00e2ce au processus naturel de mastication.\",\"breadcrumb\":{\"@id\":\"https:\/\/naturaltreats.eu\/fr\/product\/agneau-et-rice-stick-petit\/#breadcrumb\"},\"inLanguage\":\"fr-FR\",\"potentialAction\":[{\"@type\":\"ReadAction\",\"target\":[\"https:\/\/naturaltreats.eu\/fr\/product\/agneau-et-rice-stick-petit\/\"]}]},{\"@type\":\"ImageObject\",\"inLanguage\":\"fr-FR\",\"@id\":\"https:\/\/naturaltreats.eu\/fr\/product\/agneau-et-rice-stick-petit\/#primaryimage\",\"url\":\"https:\/\/naturaltreats.eu\/wp-content\/uploads\/2021\/01\/Lamb-and-Rice-Sticks.jpg\",\"contentUrl\":\"https:\/\/naturaltreats.eu\/wp-content\/uploads\/2021\/01\/Lamb-and-Rice-Sticks.jpg\",\"width\":1080,\"height\":1080,\"caption\":\"Lamb and Rice Sticks\"},{\"@type\":\"BreadcrumbList\",\"@id\":\"https:\/\/naturaltreats.eu\/fr\/product\/agneau-et-rice-stick-petit\/#breadcrumb\",\"itemListElement\":[{\"@type\":\"ListItem\",\"position\":1,\"name\":\"Home\",\"item\":\"https:\/\/naturaltreats.eu\/fr\/domicile\/\"},{\"@type\":\"ListItem\",\"position\":2,\"name\":\"Boutique\",\"item\":\"https:\/\/naturaltreats.eu\/fr\/boutique\/\"},{\"@type\":\"ListItem\",\"position\":3,\"name\":\"B\u00e2tonnet d&#8217;agneau et de riz petit\"}]},{\"@type\":\"WebSite\",\"@id\":\"https:\/\/naturaltreats.eu\/fr\/#website\",\"url\":\"https:\/\/naturaltreats.eu\/fr\/\",\"name\":\"Natural Treats\",\"description\":\"Best Rated Natural Dog Treats In Europe\",\"publisher\":{\"@id\":\"https:\/\/naturaltreats.eu\/fr\/#organization\"},\"potentialAction\":[{\"@type\":\"SearchAction\",\"target\":{\"@type\":\"EntryPoint\",\"urlTemplate\":\"https:\/\/naturaltreats.eu\/fr\/?s={search_term_string}\"},\"query-input\":{\"@type\":\"PropertyValueSpecification\",\"valueRequired\":true,\"valueName\":\"search_term_string\"}}],\"inLanguage\":\"fr-FR\"},{\"@type\":\"Organization\",\"@id\":\"https:\/\/naturaltreats.eu\/fr\/#organization\",\"name\":\"Natural Treats\",\"url\":\"https:\/\/naturaltreats.eu\/fr\/\",\"logo\":{\"@type\":\"ImageObject\",\"inLanguage\":\"fr-FR\",\"@id\":\"https:\/\/naturaltreats.eu\/fr\/#\/schema\/logo\/image\/\",\"url\":\"https:\/\/naturaltreats.eu\/wp-content\/uploads\/2020\/08\/social.jpg\",\"contentUrl\":\"https:\/\/naturaltreats.eu\/wp-content\/uploads\/2020\/08\/social.jpg\",\"width\":1000,\"height\":1000,\"caption\":\"Natural Treats\"},\"image\":{\"@id\":\"https:\/\/naturaltreats.eu\/fr\/#\/schema\/logo\/image\/\"},\"sameAs\":[\"https:\/\/facebook.com\/naturaltreatseu\",\"https:\/\/instagram.com\/naturaltreatseu\"]}]}<\/script>\n<meta property=\"product:price:amount\" content=\"1.00\" \/>\n<meta property=\"product:price:currency\" content=\"EUR\" \/>\n<meta property=\"og:availability\" content=\"out of stock\" \/>\n<meta property=\"product:availability\" content=\"out of stock\" \/>\n<meta property=\"product:condition\" content=\"new\" \/>\n<!-- \/ Yoast SEO Premium plugin. -->","yoast_head_json":{"title":"B\u00e2tonnet d'agneau et de riz petit | Natural Treats","description":"Les chiens adorent les b\u00e2tonnets d'agneau et de riz, car ils ont une texture moelleuse et satisfaisante, et ils sont remplis d'une saveur irr\u00e9sistible pour une r\u00e9compense durable. Ils r\u00e9pondent au d\u00e9sir naturel de votre chien de m\u00e2cher et sont \u00e9galement excellents pour sa sant\u00e9 dentaire gr\u00e2ce au processus naturel de mastication.","robots":{"index":"index","follow":"follow","max-snippet":"max-snippet:-1","max-image-preview":"max-image-preview:large","max-video-preview":"max-video-preview:-1"},"canonical":"https:\/\/naturaltreats.eu\/fr\/product\/agneau-et-rice-stick-petit\/","og_locale":"fr_FR","og_type":"article","og_title":"B\u00e2tonnet d'agneau et de riz petit","og_description":"Les chiens adorent les b\u00e2tonnets d'agneau et de riz, car ils ont une texture moelleuse et satisfaisante, et ils sont remplis d'une saveur irr\u00e9sistible pour une r\u00e9compense durable. Ils r\u00e9pondent au d\u00e9sir naturel de votre chien de m\u00e2cher et sont \u00e9galement excellents pour sa sant\u00e9 dentaire gr\u00e2ce au processus naturel de mastication.","og_url":"https:\/\/naturaltreats.eu\/fr\/product\/agneau-et-rice-stick-petit\/","og_site_name":"Natural Treats","article_publisher":"https:\/\/facebook.com\/naturaltreatseu","article_modified_time":"2022-04-09T18:15:27+00:00","og_image":[{"width":1080,"height":1080,"url":"https:\/\/naturaltreats.eu\/wp-content\/uploads\/2021\/01\/Lamb-and-Rice-Sticks.jpg","type":"image\/jpeg"}],"twitter_card":"summary_large_image","twitter_misc":{"Prix":"1,00&euro;","Disponibilit\u00e9":"Rupture de stock"},"schema":{"@context":"https:\/\/schema.org","@graph":[{"@type":"WebPage","@id":"https:\/\/naturaltreats.eu\/fr\/product\/agneau-et-rice-stick-petit\/","url":"https:\/\/naturaltreats.eu\/fr\/product\/agneau-et-rice-stick-petit\/","name":"B\u00e2tonnet d'agneau et de riz petit | Natural Treats","isPartOf":{"@id":"https:\/\/naturaltreats.eu\/fr\/#website"},"primaryImageOfPage":{"@id":"https:\/\/naturaltreats.eu\/fr\/product\/agneau-et-rice-stick-petit\/#primaryimage"},"image":{"@id":"https:\/\/naturaltreats.eu\/fr\/product\/agneau-et-rice-stick-petit\/#primaryimage"},"thumbnailUrl":"https:\/\/naturaltreats.eu\/wp-content\/uploads\/2021\/01\/Lamb-and-Rice-Sticks.jpg","datePublished":"2021-04-15T09:17:26+00:00","dateModified":"2022-04-09T18:15:27+00:00","description":"Les chiens adorent les b\u00e2tonnets d'agneau et de riz, car ils ont une texture moelleuse et satisfaisante, et ils sont remplis d'une saveur irr\u00e9sistible pour une r\u00e9compense durable. Ils r\u00e9pondent au d\u00e9sir naturel de votre chien de m\u00e2cher et sont \u00e9galement excellents pour sa sant\u00e9 dentaire gr\u00e2ce au processus naturel de mastication.","breadcrumb":{"@id":"https:\/\/naturaltreats.eu\/fr\/product\/agneau-et-rice-stick-petit\/#breadcrumb"},"inLanguage":"fr-FR","potentialAction":[{"@type":"ReadAction","target":["https:\/\/naturaltreats.eu\/fr\/product\/agneau-et-rice-stick-petit\/"]}]},{"@type":"ImageObject","inLanguage":"fr-FR","@id":"https:\/\/naturaltreats.eu\/fr\/product\/agneau-et-rice-stick-petit\/#primaryimage","url":"https:\/\/naturaltreats.eu\/wp-content\/uploads\/2021\/01\/Lamb-and-Rice-Sticks.jpg","contentUrl":"https:\/\/naturaltreats.eu\/wp-content\/uploads\/2021\/01\/Lamb-and-Rice-Sticks.jpg","width":1080,"height":1080,"caption":"Lamb and Rice Sticks"},{"@type":"BreadcrumbList","@id":"https:\/\/naturaltreats.eu\/fr\/product\/agneau-et-rice-stick-petit\/#breadcrumb","itemListElement":[{"@type":"ListItem","position":1,"name":"Home","item":"https:\/\/naturaltreats.eu\/fr\/domicile\/"},{"@type":"ListItem","position":2,"name":"Boutique","item":"https:\/\/naturaltreats.eu\/fr\/boutique\/"},{"@type":"ListItem","position":3,"name":"B\u00e2tonnet d&#8217;agneau et de riz petit"}]},{"@type":"WebSite","@id":"https:\/\/naturaltreats.eu\/fr\/#website","url":"https:\/\/naturaltreats.eu\/fr\/","name":"Natural Treats","description":"Best Rated Natural Dog Treats In Europe","publisher":{"@id":"https:\/\/naturaltreats.eu\/fr\/#organization"},"potentialAction":[{"@type":"SearchAction","target":{"@type":"EntryPoint","urlTemplate":"https:\/\/naturaltreats.eu\/fr\/?s={search_term_string}"},"query-input":{"@type":"PropertyValueSpecification","valueRequired":true,"valueName":"search_term_string"}}],"inLanguage":"fr-FR"},{"@type":"Organization","@id":"https:\/\/naturaltreats.eu\/fr\/#organization","name":"Natural Treats","url":"https:\/\/naturaltreats.eu\/fr\/","logo":{"@type":"ImageObject","inLanguage":"fr-FR","@id":"https:\/\/naturaltreats.eu\/fr\/#\/schema\/logo\/image\/","url":"https:\/\/naturaltreats.eu\/wp-content\/uploads\/2020\/08\/social.jpg","contentUrl":"https:\/\/naturaltreats.eu\/wp-content\/uploads\/2020\/08\/social.jpg","width":1000,"height":1000,"caption":"Natural Treats"},"image":{"@id":"https:\/\/naturaltreats.eu\/fr\/#\/schema\/logo\/image\/"},"sameAs":["https:\/\/facebook.com\/naturaltreatseu","https:\/\/instagram.com\/naturaltreatseu"]}]},"product_price_amount":"1.00","product_price_currency":"EUR","og_availability":"out of stock","product_availability":"out of stock","product_condition":"new"},"_links":{"self":[{"href":"https:\/\/naturaltreats.eu\/fr\/wp-json\/wp\/v2\/product\/8360","targetHints":{"allow":["GET"]}}],"collection":[{"href":"https:\/\/naturaltreats.eu\/fr\/wp-json\/wp\/v2\/product"}],"about":[{"href":"https:\/\/naturaltreats.eu\/fr\/wp-json\/wp\/v2\/types\/product"}],"wp:featuredmedia":[{"embeddable":true,"href":"https:\/\/naturaltreats.eu\/fr\/wp-json\/wp\/v2\/media\/8361"}],"wp:attachment":[{"href":"https:\/\/naturaltreats.eu\/fr\/wp-json\/wp\/v2\/media?parent=8360"}],"wp:term":[{"taxonomy":"dog-type","embeddable":true,"href":"https:\/\/naturaltreats.eu\/fr\/wp-json\/wp\/v2\/dog-type?post=8360"},{"taxonomy":"ingredients","embeddable":true,"href":"https:\/\/naturaltreats.eu\/fr\/wp-json\/wp\/v2\/ingredients?post=8360"},{"taxonomy":"product_brand","embeddable":true,"href":"https:\/\/naturaltreats.eu\/fr\/wp-json\/wp\/v2\/product_brand?post=8360"},{"taxonomy":"product_cat","embeddable":true,"href":"https:\/\/naturaltreats.eu\/fr\/wp-json\/wp\/v2\/product_cat?post=8360"},{"taxonomy":"product_tag","embeddable":true,"href":"https:\/\/naturaltreats.eu\/fr\/wp-json\/wp\/v2\/product_tag?post=8360"}],"curies":[{"name":"wp","href":"https:\/\/api.w.org\/{rel}","templated":true}]}}