{"id":8365,"date":"2021-01-31T11:28:50","date_gmt":"2021-04-15T09:17:26","guid":{"rendered":"https:\/\/naturaltreats.eu\/product\/baton-de-poulet-grand\/"},"modified":"2024-02-06T14:46:36","modified_gmt":"2024-02-06T13:46:36","slug":"batonnet-de-poulet-grand","status":"publish","type":"product","link":"https:\/\/naturaltreats.eu\/fr\/product\/batonnet-de-poulet-grand\/","title":{"rendered":"B\u00e2ton de poulet grand"},"content":{"rendered":"<p>Id\u00e9al comme friandise ou r\u00e9compense, ces b\u00e2tonnets de poulet ont \u00e9t\u00e9 fabriqu\u00e9s \u00e0 partir d&#8217;ingr\u00e9dients de haute qualit\u00e9 et ont \u00e9t\u00e9 s\u00e9ch\u00e9s \u00e0 l&#8217;air libre pour pr\u00e9server leur d\u00e9licieuse saveur.<\/p>\n<p>Ils sont parfaits pour les chiens de toutes formes et de toutes tailles et peuvent \u00eatre cass\u00e9s en plus petits morceaux et utilis\u00e9s comme bouch\u00e9es d&#8217;entra\u00eenement.<\/p>\n<p>Il est id\u00e9al pour r\u00e9compenser votre chien pour son bon comportement ou pour le m\u00e2cher quotidiennement afin de favoriser sa sant\u00e9 dentaire. Ces b\u00e2tonnets constituent une excellente friandise compl\u00e9mentaire, id\u00e9ale pour accompagner une alimentation compl\u00e8te et \u00e9quilibr\u00e9e.<\/p>\n","protected":false},"excerpt":{"rendered":"<p><i class=\"fas fa-circle\"><\/i><i class=\"fas fa-circle\"><\/i><i class=\"far fa-circle\"><\/i>  | 60g | 1 pi\u00e8ce<\/p>\n","protected":false},"featured_media":47017,"template":"","meta":{"_acf_changed":false},"dog-type":[],"ingredients":[],"product_brand":[],"product_cat":[178],"product_tag":[],"class_list":{"0":"post-8365","1":"product","2":"type-product","3":"status-publish","4":"has-post-thumbnail","6":"product_cat-snacks-fr","7":"tm-has-options","9":"first","10":"outofstock","11":"taxable","12":"shipping-taxable","13":"purchasable","14":"product-type-simple"},"bundled_by":[],"bundle_stock_status":"outofstock","bundle_stock_quantity":null,"bundle_virtual":false,"bundle_layout":"","bundle_add_to_cart_form_location":"","bundle_editable_in_cart":false,"bundle_sold_individually_context":"","bundle_item_grouping":"","bundle_min_size":"","bundle_max_size":"","bundle_price":[],"bundled_items":[],"bundle_sell_ids":[],"acf":[],"yoast_head":"<!-- This site is optimized with the Yoast SEO Premium plugin v23.5 (Yoast SEO v25.0) - https:\/\/yoast.com\/wordpress\/plugins\/seo\/ -->\n<title>B\u00e2ton de poulet grand | Natural Treats<\/title>\n<meta name=\"description\" content=\"Id\u00e9al comme friandise ou r\u00e9compense, ces grands b\u00e2tonnets de poulet ont \u00e9t\u00e9 fabriqu\u00e9s \u00e0 partir d&#039;ingr\u00e9dients de haute qualit\u00e9 et ont \u00e9t\u00e9 s\u00e9ch\u00e9s \u00e0 l&#039;air libre pour pr\u00e9server leur d\u00e9licieuse saveur.\" \/>\n<meta name=\"robots\" content=\"index, follow, max-snippet:-1, max-image-preview:large, max-video-preview:-1\" \/>\n<link rel=\"canonical\" href=\"https:\/\/naturaltreats.eu\/fr\/product\/batonnet-de-poulet-grand\/\" \/>\n<meta property=\"og:locale\" content=\"fr_FR\" \/>\n<meta property=\"og:type\" content=\"article\" \/>\n<meta property=\"og:title\" content=\"B\u00e2ton de poulet grand\" \/>\n<meta property=\"og:description\" content=\"Id\u00e9al comme friandise ou r\u00e9compense, ces grands b\u00e2tonnets de poulet ont \u00e9t\u00e9 fabriqu\u00e9s \u00e0 partir d&#039;ingr\u00e9dients de haute qualit\u00e9 et ont \u00e9t\u00e9 s\u00e9ch\u00e9s \u00e0 l&#039;air libre pour pr\u00e9server leur d\u00e9licieuse saveur.\" \/>\n<meta property=\"og:url\" content=\"https:\/\/naturaltreats.eu\/fr\/product\/batonnet-de-poulet-grand\/\" \/>\n<meta property=\"og:site_name\" content=\"Natural Treats\" \/>\n<meta property=\"article:publisher\" content=\"https:\/\/facebook.com\/naturaltreatseu\" \/>\n<meta property=\"article:modified_time\" content=\"2024-02-06T13:46:36+00:00\" \/>\n<meta property=\"og:image\" content=\"https:\/\/naturaltreats.eu\/wp-content\/uploads\/2020\/10\/chicken.jpg\" \/>\n\t<meta property=\"og:image:width\" content=\"1280\" \/>\n\t<meta property=\"og:image:height\" content=\"1280\" \/>\n\t<meta property=\"og:image:type\" content=\"image\/jpeg\" \/>\n<meta name=\"twitter:card\" content=\"summary_large_image\" \/>\n<meta name=\"twitter:label1\" content=\"Prix\" \/>\n\t<meta name=\"twitter:data1\" content=\"2,00&euro;\" \/>\n\t<meta name=\"twitter:label2\" content=\"Disponibilit\u00e9\" \/>\n\t<meta name=\"twitter:data2\" content=\"Rupture de stock\" \/>\n<script type=\"application\/ld+json\" class=\"yoast-schema-graph\">{\"@context\":\"https:\/\/schema.org\",\"@graph\":[{\"@type\":\"WebPage\",\"@id\":\"https:\/\/naturaltreats.eu\/fr\/product\/batonnet-de-poulet-grand\/\",\"url\":\"https:\/\/naturaltreats.eu\/fr\/product\/batonnet-de-poulet-grand\/\",\"name\":\"B\u00e2ton de poulet grand | Natural Treats\",\"isPartOf\":{\"@id\":\"https:\/\/naturaltreats.eu\/fr\/#website\"},\"primaryImageOfPage\":{\"@id\":\"https:\/\/naturaltreats.eu\/fr\/product\/batonnet-de-poulet-grand\/#primaryimage\"},\"image\":{\"@id\":\"https:\/\/naturaltreats.eu\/fr\/product\/batonnet-de-poulet-grand\/#primaryimage\"},\"thumbnailUrl\":\"https:\/\/naturaltreats.eu\/wp-content\/uploads\/2020\/10\/chicken.jpg\",\"datePublished\":\"2021-04-15T09:17:26+00:00\",\"dateModified\":\"2024-02-06T13:46:36+00:00\",\"description\":\"Id\u00e9al comme friandise ou r\u00e9compense, ces grands b\u00e2tonnets de poulet ont \u00e9t\u00e9 fabriqu\u00e9s \u00e0 partir d'ingr\u00e9dients de haute qualit\u00e9 et ont \u00e9t\u00e9 s\u00e9ch\u00e9s \u00e0 l'air libre pour pr\u00e9server leur d\u00e9licieuse saveur.\",\"breadcrumb\":{\"@id\":\"https:\/\/naturaltreats.eu\/fr\/product\/batonnet-de-poulet-grand\/#breadcrumb\"},\"inLanguage\":\"fr-FR\",\"potentialAction\":[{\"@type\":\"ReadAction\",\"target\":[\"https:\/\/naturaltreats.eu\/fr\/product\/batonnet-de-poulet-grand\/\"]}]},{\"@type\":\"ImageObject\",\"inLanguage\":\"fr-FR\",\"@id\":\"https:\/\/naturaltreats.eu\/fr\/product\/batonnet-de-poulet-grand\/#primaryimage\",\"url\":\"https:\/\/naturaltreats.eu\/wp-content\/uploads\/2020\/10\/chicken.jpg\",\"contentUrl\":\"https:\/\/naturaltreats.eu\/wp-content\/uploads\/2020\/10\/chicken.jpg\",\"width\":1280,\"height\":1280,\"caption\":\"chicken stick for dogs\"},{\"@type\":\"BreadcrumbList\",\"@id\":\"https:\/\/naturaltreats.eu\/fr\/product\/batonnet-de-poulet-grand\/#breadcrumb\",\"itemListElement\":[{\"@type\":\"ListItem\",\"position\":1,\"name\":\"Home\",\"item\":\"https:\/\/naturaltreats.eu\/fr\/domicile\/\"},{\"@type\":\"ListItem\",\"position\":2,\"name\":\"Boutique\",\"item\":\"https:\/\/naturaltreats.eu\/fr\/boutique\/\"},{\"@type\":\"ListItem\",\"position\":3,\"name\":\"B\u00e2ton de poulet grand\"}]},{\"@type\":\"WebSite\",\"@id\":\"https:\/\/naturaltreats.eu\/fr\/#website\",\"url\":\"https:\/\/naturaltreats.eu\/fr\/\",\"name\":\"Natural Treats\",\"description\":\"Best Rated Natural Dog Treats In Europe\",\"publisher\":{\"@id\":\"https:\/\/naturaltreats.eu\/fr\/#organization\"},\"potentialAction\":[{\"@type\":\"SearchAction\",\"target\":{\"@type\":\"EntryPoint\",\"urlTemplate\":\"https:\/\/naturaltreats.eu\/fr\/?s={search_term_string}\"},\"query-input\":{\"@type\":\"PropertyValueSpecification\",\"valueRequired\":true,\"valueName\":\"search_term_string\"}}],\"inLanguage\":\"fr-FR\"},{\"@type\":\"Organization\",\"@id\":\"https:\/\/naturaltreats.eu\/fr\/#organization\",\"name\":\"Natural Treats\",\"url\":\"https:\/\/naturaltreats.eu\/fr\/\",\"logo\":{\"@type\":\"ImageObject\",\"inLanguage\":\"fr-FR\",\"@id\":\"https:\/\/naturaltreats.eu\/fr\/#\/schema\/logo\/image\/\",\"url\":\"https:\/\/naturaltreats.eu\/wp-content\/uploads\/2020\/08\/social.jpg\",\"contentUrl\":\"https:\/\/naturaltreats.eu\/wp-content\/uploads\/2020\/08\/social.jpg\",\"width\":1000,\"height\":1000,\"caption\":\"Natural Treats\"},\"image\":{\"@id\":\"https:\/\/naturaltreats.eu\/fr\/#\/schema\/logo\/image\/\"},\"sameAs\":[\"https:\/\/facebook.com\/naturaltreatseu\",\"https:\/\/instagram.com\/naturaltreatseu\"]}]}<\/script>\n<meta property=\"product:price:amount\" content=\"2.00\" \/>\n<meta property=\"product:price:currency\" content=\"EUR\" \/>\n<meta property=\"og:availability\" content=\"out of stock\" \/>\n<meta property=\"product:availability\" content=\"out of stock\" \/>\n<meta property=\"product:condition\" content=\"new\" \/>\n<!-- \/ Yoast SEO Premium plugin. -->","yoast_head_json":{"title":"B\u00e2ton de poulet grand | Natural Treats","description":"Id\u00e9al comme friandise ou r\u00e9compense, ces grands b\u00e2tonnets de poulet ont \u00e9t\u00e9 fabriqu\u00e9s \u00e0 partir d'ingr\u00e9dients de haute qualit\u00e9 et ont \u00e9t\u00e9 s\u00e9ch\u00e9s \u00e0 l'air libre pour pr\u00e9server leur d\u00e9licieuse saveur.","robots":{"index":"index","follow":"follow","max-snippet":"max-snippet:-1","max-image-preview":"max-image-preview:large","max-video-preview":"max-video-preview:-1"},"canonical":"https:\/\/naturaltreats.eu\/fr\/product\/batonnet-de-poulet-grand\/","og_locale":"fr_FR","og_type":"article","og_title":"B\u00e2ton de poulet grand","og_description":"Id\u00e9al comme friandise ou r\u00e9compense, ces grands b\u00e2tonnets de poulet ont \u00e9t\u00e9 fabriqu\u00e9s \u00e0 partir d'ingr\u00e9dients de haute qualit\u00e9 et ont \u00e9t\u00e9 s\u00e9ch\u00e9s \u00e0 l'air libre pour pr\u00e9server leur d\u00e9licieuse saveur.","og_url":"https:\/\/naturaltreats.eu\/fr\/product\/batonnet-de-poulet-grand\/","og_site_name":"Natural Treats","article_publisher":"https:\/\/facebook.com\/naturaltreatseu","article_modified_time":"2024-02-06T13:46:36+00:00","og_image":[{"width":1280,"height":1280,"url":"https:\/\/naturaltreats.eu\/wp-content\/uploads\/2020\/10\/chicken.jpg","type":"image\/jpeg"}],"twitter_card":"summary_large_image","twitter_misc":{"Prix":"2,00&euro;","Disponibilit\u00e9":"Rupture de stock"},"schema":{"@context":"https:\/\/schema.org","@graph":[{"@type":"WebPage","@id":"https:\/\/naturaltreats.eu\/fr\/product\/batonnet-de-poulet-grand\/","url":"https:\/\/naturaltreats.eu\/fr\/product\/batonnet-de-poulet-grand\/","name":"B\u00e2ton de poulet grand | Natural Treats","isPartOf":{"@id":"https:\/\/naturaltreats.eu\/fr\/#website"},"primaryImageOfPage":{"@id":"https:\/\/naturaltreats.eu\/fr\/product\/batonnet-de-poulet-grand\/#primaryimage"},"image":{"@id":"https:\/\/naturaltreats.eu\/fr\/product\/batonnet-de-poulet-grand\/#primaryimage"},"thumbnailUrl":"https:\/\/naturaltreats.eu\/wp-content\/uploads\/2020\/10\/chicken.jpg","datePublished":"2021-04-15T09:17:26+00:00","dateModified":"2024-02-06T13:46:36+00:00","description":"Id\u00e9al comme friandise ou r\u00e9compense, ces grands b\u00e2tonnets de poulet ont \u00e9t\u00e9 fabriqu\u00e9s \u00e0 partir d'ingr\u00e9dients de haute qualit\u00e9 et ont \u00e9t\u00e9 s\u00e9ch\u00e9s \u00e0 l'air libre pour pr\u00e9server leur d\u00e9licieuse saveur.","breadcrumb":{"@id":"https:\/\/naturaltreats.eu\/fr\/product\/batonnet-de-poulet-grand\/#breadcrumb"},"inLanguage":"fr-FR","potentialAction":[{"@type":"ReadAction","target":["https:\/\/naturaltreats.eu\/fr\/product\/batonnet-de-poulet-grand\/"]}]},{"@type":"ImageObject","inLanguage":"fr-FR","@id":"https:\/\/naturaltreats.eu\/fr\/product\/batonnet-de-poulet-grand\/#primaryimage","url":"https:\/\/naturaltreats.eu\/wp-content\/uploads\/2020\/10\/chicken.jpg","contentUrl":"https:\/\/naturaltreats.eu\/wp-content\/uploads\/2020\/10\/chicken.jpg","width":1280,"height":1280,"caption":"chicken stick for dogs"},{"@type":"BreadcrumbList","@id":"https:\/\/naturaltreats.eu\/fr\/product\/batonnet-de-poulet-grand\/#breadcrumb","itemListElement":[{"@type":"ListItem","position":1,"name":"Home","item":"https:\/\/naturaltreats.eu\/fr\/domicile\/"},{"@type":"ListItem","position":2,"name":"Boutique","item":"https:\/\/naturaltreats.eu\/fr\/boutique\/"},{"@type":"ListItem","position":3,"name":"B\u00e2ton de poulet grand"}]},{"@type":"WebSite","@id":"https:\/\/naturaltreats.eu\/fr\/#website","url":"https:\/\/naturaltreats.eu\/fr\/","name":"Natural Treats","description":"Best Rated Natural Dog Treats In Europe","publisher":{"@id":"https:\/\/naturaltreats.eu\/fr\/#organization"},"potentialAction":[{"@type":"SearchAction","target":{"@type":"EntryPoint","urlTemplate":"https:\/\/naturaltreats.eu\/fr\/?s={search_term_string}"},"query-input":{"@type":"PropertyValueSpecification","valueRequired":true,"valueName":"search_term_string"}}],"inLanguage":"fr-FR"},{"@type":"Organization","@id":"https:\/\/naturaltreats.eu\/fr\/#organization","name":"Natural Treats","url":"https:\/\/naturaltreats.eu\/fr\/","logo":{"@type":"ImageObject","inLanguage":"fr-FR","@id":"https:\/\/naturaltreats.eu\/fr\/#\/schema\/logo\/image\/","url":"https:\/\/naturaltreats.eu\/wp-content\/uploads\/2020\/08\/social.jpg","contentUrl":"https:\/\/naturaltreats.eu\/wp-content\/uploads\/2020\/08\/social.jpg","width":1000,"height":1000,"caption":"Natural Treats"},"image":{"@id":"https:\/\/naturaltreats.eu\/fr\/#\/schema\/logo\/image\/"},"sameAs":["https:\/\/facebook.com\/naturaltreatseu","https:\/\/instagram.com\/naturaltreatseu"]}]},"product_price_amount":"2.00","product_price_currency":"EUR","og_availability":"out of stock","product_availability":"out of stock","product_condition":"new"},"_links":{"self":[{"href":"https:\/\/naturaltreats.eu\/fr\/wp-json\/wp\/v2\/product\/8365","targetHints":{"allow":["GET"]}}],"collection":[{"href":"https:\/\/naturaltreats.eu\/fr\/wp-json\/wp\/v2\/product"}],"about":[{"href":"https:\/\/naturaltreats.eu\/fr\/wp-json\/wp\/v2\/types\/product"}],"wp:featuredmedia":[{"embeddable":true,"href":"https:\/\/naturaltreats.eu\/fr\/wp-json\/wp\/v2\/media\/47017"}],"wp:attachment":[{"href":"https:\/\/naturaltreats.eu\/fr\/wp-json\/wp\/v2\/media?parent=8365"}],"wp:term":[{"taxonomy":"dog-type","embeddable":true,"href":"https:\/\/naturaltreats.eu\/fr\/wp-json\/wp\/v2\/dog-type?post=8365"},{"taxonomy":"ingredients","embeddable":true,"href":"https:\/\/naturaltreats.eu\/fr\/wp-json\/wp\/v2\/ingredients?post=8365"},{"taxonomy":"product_brand","embeddable":true,"href":"https:\/\/naturaltreats.eu\/fr\/wp-json\/wp\/v2\/product_brand?post=8365"},{"taxonomy":"product_cat","embeddable":true,"href":"https:\/\/naturaltreats.eu\/fr\/wp-json\/wp\/v2\/product_cat?post=8365"},{"taxonomy":"product_tag","embeddable":true,"href":"https:\/\/naturaltreats.eu\/fr\/wp-json\/wp\/v2\/product_tag?post=8365"}],"curies":[{"name":"wp","href":"https:\/\/api.w.org\/{rel}","templated":true}]}}