{"id":8370,"date":"2020-12-29T14:54:58","date_gmt":"2021-04-15T09:18:05","guid":{"rendered":"https:\/\/naturaltreats.eu\/product\/oreille-de-lapin-en-peluche\/"},"modified":"2024-06-29T14:10:33","modified_gmt":"2024-06-29T12:10:33","slug":"oreille-de-lapin-avec-poils","status":"publish","type":"product","link":"https:\/\/naturaltreats.eu\/fr\/product\/oreille-de-lapin-avec-poils\/","title":{"rendered":"Oreille de lapin avec poils"},"content":{"rendered":"<p>Comme la fourrure n&#8217;est pas digeste, elle se fraie un chemin dans le tube digestif et aide \u00e0<strong> \u00e9liminer les r\u00e9sidus alimentaires<\/strong> qui peuvent s&#8217;accumuler au fil du temps. Cette accumulation de r\u00e9sidus alimentaires peut entra\u00eener une lenteur du syst\u00e8me digestif, ce qui peut \u00e0 la longue provoquer des malaises.<\/p>\n","protected":false},"excerpt":{"rendered":"<p><i class=\"fas fa-circle\"><\/i><i class=\"far fa-circle\"><\/i><i class=\"far fa-circle\"><\/i>  | 10g | 1 pi\u00e8ce<\/p>\n","protected":false},"featured_media":8371,"template":"","meta":{"_acf_changed":false},"dog-type":[],"ingredients":[],"product_brand":[],"product_cat":[178],"product_tag":[],"class_list":{"0":"post-8370","1":"product","2":"type-product","3":"status-publish","4":"has-post-thumbnail","6":"product_cat-snacks-fr","7":"tm-has-options","9":"first","10":"outofstock","11":"taxable","12":"shipping-taxable","13":"purchasable","14":"product-type-simple"},"bundled_by":[],"bundle_stock_status":"outofstock","bundle_stock_quantity":null,"bundle_virtual":false,"bundle_layout":"","bundle_add_to_cart_form_location":"","bundle_editable_in_cart":false,"bundle_sold_individually_context":"","bundle_item_grouping":"","bundle_min_size":"","bundle_max_size":"","bundle_price":[],"bundled_items":[],"bundle_sell_ids":[],"acf":[],"yoast_head":"<!-- This site is optimized with the Yoast SEO Premium plugin v23.5 (Yoast SEO v25.0) - https:\/\/yoast.com\/wordpress\/plugins\/seo\/ -->\n<title>Oreille de lapin avec poils | Natural Treats<\/title>\n<meta name=\"description\" content=\"Comme la fourrure n&#039;est pas digeste, elle se fraie un chemin dans le tube digestif et aide \u00e0 \u00e9liminer les r\u00e9sidus alimentaires qui peuvent s&#039;accumuler au fil du temps. Cette accumulation de r\u00e9sidus alimentaires peut entra\u00eener une lenteur du syst\u00e8me digestif, ce qui peut \u00e0 la longue provoquer des malaises.\" \/>\n<meta name=\"robots\" content=\"index, follow, max-snippet:-1, max-image-preview:large, max-video-preview:-1\" \/>\n<link rel=\"canonical\" href=\"https:\/\/naturaltreats.eu\/fr\/product\/oreille-de-lapin-avec-poils\/\" \/>\n<meta property=\"og:locale\" content=\"fr_FR\" \/>\n<meta property=\"og:type\" content=\"article\" \/>\n<meta property=\"og:title\" content=\"Oreille de lapin avec poils\" \/>\n<meta property=\"og:description\" content=\"Comme la fourrure n&#039;est pas digeste, elle se fraie un chemin dans le tube digestif et aide \u00e0 \u00e9liminer les r\u00e9sidus alimentaires qui peuvent s&#039;accumuler au fil du temps. Cette accumulation de r\u00e9sidus alimentaires peut entra\u00eener une lenteur du syst\u00e8me digestif, ce qui peut \u00e0 la longue provoquer des malaises.\" \/>\n<meta property=\"og:url\" content=\"https:\/\/naturaltreats.eu\/fr\/product\/oreille-de-lapin-avec-poils\/\" \/>\n<meta property=\"og:site_name\" content=\"Natural Treats\" \/>\n<meta property=\"article:publisher\" content=\"https:\/\/facebook.com\/naturaltreatseu\" \/>\n<meta property=\"article:modified_time\" content=\"2024-06-29T12:10:33+00:00\" \/>\n<meta property=\"og:image\" content=\"https:\/\/naturaltreats.eu\/wp-content\/uploads\/2020\/12\/Rabbit-Ears-with-Fur.jpg\" \/>\n\t<meta property=\"og:image:width\" content=\"1080\" \/>\n\t<meta property=\"og:image:height\" content=\"1080\" \/>\n\t<meta property=\"og:image:type\" content=\"image\/jpeg\" \/>\n<meta name=\"twitter:card\" content=\"summary_large_image\" \/>\n<meta name=\"twitter:label1\" content=\"Prix\" \/>\n\t<meta name=\"twitter:data1\" content=\"1,00&euro;\" \/>\n\t<meta name=\"twitter:label2\" content=\"Disponibilit\u00e9\" \/>\n\t<meta name=\"twitter:data2\" content=\"Rupture de stock\" \/>\n<script type=\"application\/ld+json\" class=\"yoast-schema-graph\">{\"@context\":\"https:\/\/schema.org\",\"@graph\":[{\"@type\":\"WebPage\",\"@id\":\"https:\/\/naturaltreats.eu\/fr\/product\/oreille-de-lapin-avec-poils\/\",\"url\":\"https:\/\/naturaltreats.eu\/fr\/product\/oreille-de-lapin-avec-poils\/\",\"name\":\"Oreille de lapin avec poils | Natural Treats\",\"isPartOf\":{\"@id\":\"https:\/\/naturaltreats.eu\/fr\/#website\"},\"primaryImageOfPage\":{\"@id\":\"https:\/\/naturaltreats.eu\/fr\/product\/oreille-de-lapin-avec-poils\/#primaryimage\"},\"image\":{\"@id\":\"https:\/\/naturaltreats.eu\/fr\/product\/oreille-de-lapin-avec-poils\/#primaryimage\"},\"thumbnailUrl\":\"https:\/\/naturaltreats.eu\/wp-content\/uploads\/2020\/12\/Rabbit-Ears-with-Fur.jpg\",\"datePublished\":\"2021-04-15T09:18:05+00:00\",\"dateModified\":\"2024-06-29T12:10:33+00:00\",\"description\":\"Comme la fourrure n'est pas digeste, elle se fraie un chemin dans le tube digestif et aide \u00e0 \u00e9liminer les r\u00e9sidus alimentaires qui peuvent s'accumuler au fil du temps. Cette accumulation de r\u00e9sidus alimentaires peut entra\u00eener une lenteur du syst\u00e8me digestif, ce qui peut \u00e0 la longue provoquer des malaises.\",\"breadcrumb\":{\"@id\":\"https:\/\/naturaltreats.eu\/fr\/product\/oreille-de-lapin-avec-poils\/#breadcrumb\"},\"inLanguage\":\"fr-FR\",\"potentialAction\":[{\"@type\":\"ReadAction\",\"target\":[\"https:\/\/naturaltreats.eu\/fr\/product\/oreille-de-lapin-avec-poils\/\"]}]},{\"@type\":\"ImageObject\",\"inLanguage\":\"fr-FR\",\"@id\":\"https:\/\/naturaltreats.eu\/fr\/product\/oreille-de-lapin-avec-poils\/#primaryimage\",\"url\":\"https:\/\/naturaltreats.eu\/wp-content\/uploads\/2020\/12\/Rabbit-Ears-with-Fur.jpg\",\"contentUrl\":\"https:\/\/naturaltreats.eu\/wp-content\/uploads\/2020\/12\/Rabbit-Ears-with-Fur.jpg\",\"width\":1080,\"height\":1080,\"caption\":\"Oreilles de lapin avec fourrure pour chiens\"},{\"@type\":\"BreadcrumbList\",\"@id\":\"https:\/\/naturaltreats.eu\/fr\/product\/oreille-de-lapin-avec-poils\/#breadcrumb\",\"itemListElement\":[{\"@type\":\"ListItem\",\"position\":1,\"name\":\"Home\",\"item\":\"https:\/\/naturaltreats.eu\/fr\/domicile\/\"},{\"@type\":\"ListItem\",\"position\":2,\"name\":\"Boutique\",\"item\":\"https:\/\/naturaltreats.eu\/fr\/boutique\/\"},{\"@type\":\"ListItem\",\"position\":3,\"name\":\"Oreille de lapin avec poils\"}]},{\"@type\":\"WebSite\",\"@id\":\"https:\/\/naturaltreats.eu\/fr\/#website\",\"url\":\"https:\/\/naturaltreats.eu\/fr\/\",\"name\":\"Natural Treats\",\"description\":\"Best Rated Natural Dog Treats In Europe\",\"publisher\":{\"@id\":\"https:\/\/naturaltreats.eu\/fr\/#organization\"},\"potentialAction\":[{\"@type\":\"SearchAction\",\"target\":{\"@type\":\"EntryPoint\",\"urlTemplate\":\"https:\/\/naturaltreats.eu\/fr\/?s={search_term_string}\"},\"query-input\":{\"@type\":\"PropertyValueSpecification\",\"valueRequired\":true,\"valueName\":\"search_term_string\"}}],\"inLanguage\":\"fr-FR\"},{\"@type\":\"Organization\",\"@id\":\"https:\/\/naturaltreats.eu\/fr\/#organization\",\"name\":\"Natural Treats\",\"url\":\"https:\/\/naturaltreats.eu\/fr\/\",\"logo\":{\"@type\":\"ImageObject\",\"inLanguage\":\"fr-FR\",\"@id\":\"https:\/\/naturaltreats.eu\/fr\/#\/schema\/logo\/image\/\",\"url\":\"https:\/\/naturaltreats.eu\/wp-content\/uploads\/2020\/08\/social.jpg\",\"contentUrl\":\"https:\/\/naturaltreats.eu\/wp-content\/uploads\/2020\/08\/social.jpg\",\"width\":1000,\"height\":1000,\"caption\":\"Natural Treats\"},\"image\":{\"@id\":\"https:\/\/naturaltreats.eu\/fr\/#\/schema\/logo\/image\/\"},\"sameAs\":[\"https:\/\/facebook.com\/naturaltreatseu\",\"https:\/\/instagram.com\/naturaltreatseu\"]}]}<\/script>\n<meta property=\"product:price:amount\" content=\"1.00\" \/>\n<meta property=\"product:price:currency\" content=\"EUR\" \/>\n<meta property=\"og:availability\" content=\"out of stock\" \/>\n<meta property=\"product:availability\" content=\"out of stock\" \/>\n<meta property=\"product:condition\" content=\"new\" \/>\n<!-- \/ Yoast SEO Premium plugin. -->","yoast_head_json":{"title":"Oreille de lapin avec poils | Natural Treats","description":"Comme la fourrure n'est pas digeste, elle se fraie un chemin dans le tube digestif et aide \u00e0 \u00e9liminer les r\u00e9sidus alimentaires qui peuvent s'accumuler au fil du temps. Cette accumulation de r\u00e9sidus alimentaires peut entra\u00eener une lenteur du syst\u00e8me digestif, ce qui peut \u00e0 la longue provoquer des malaises.","robots":{"index":"index","follow":"follow","max-snippet":"max-snippet:-1","max-image-preview":"max-image-preview:large","max-video-preview":"max-video-preview:-1"},"canonical":"https:\/\/naturaltreats.eu\/fr\/product\/oreille-de-lapin-avec-poils\/","og_locale":"fr_FR","og_type":"article","og_title":"Oreille de lapin avec poils","og_description":"Comme la fourrure n'est pas digeste, elle se fraie un chemin dans le tube digestif et aide \u00e0 \u00e9liminer les r\u00e9sidus alimentaires qui peuvent s'accumuler au fil du temps. Cette accumulation de r\u00e9sidus alimentaires peut entra\u00eener une lenteur du syst\u00e8me digestif, ce qui peut \u00e0 la longue provoquer des malaises.","og_url":"https:\/\/naturaltreats.eu\/fr\/product\/oreille-de-lapin-avec-poils\/","og_site_name":"Natural Treats","article_publisher":"https:\/\/facebook.com\/naturaltreatseu","article_modified_time":"2024-06-29T12:10:33+00:00","og_image":[{"width":1080,"height":1080,"url":"https:\/\/naturaltreats.eu\/wp-content\/uploads\/2020\/12\/Rabbit-Ears-with-Fur.jpg","type":"image\/jpeg"}],"twitter_card":"summary_large_image","twitter_misc":{"Prix":"1,00&euro;","Disponibilit\u00e9":"Rupture de stock"},"schema":{"@context":"https:\/\/schema.org","@graph":[{"@type":"WebPage","@id":"https:\/\/naturaltreats.eu\/fr\/product\/oreille-de-lapin-avec-poils\/","url":"https:\/\/naturaltreats.eu\/fr\/product\/oreille-de-lapin-avec-poils\/","name":"Oreille de lapin avec poils | Natural Treats","isPartOf":{"@id":"https:\/\/naturaltreats.eu\/fr\/#website"},"primaryImageOfPage":{"@id":"https:\/\/naturaltreats.eu\/fr\/product\/oreille-de-lapin-avec-poils\/#primaryimage"},"image":{"@id":"https:\/\/naturaltreats.eu\/fr\/product\/oreille-de-lapin-avec-poils\/#primaryimage"},"thumbnailUrl":"https:\/\/naturaltreats.eu\/wp-content\/uploads\/2020\/12\/Rabbit-Ears-with-Fur.jpg","datePublished":"2021-04-15T09:18:05+00:00","dateModified":"2024-06-29T12:10:33+00:00","description":"Comme la fourrure n'est pas digeste, elle se fraie un chemin dans le tube digestif et aide \u00e0 \u00e9liminer les r\u00e9sidus alimentaires qui peuvent s'accumuler au fil du temps. Cette accumulation de r\u00e9sidus alimentaires peut entra\u00eener une lenteur du syst\u00e8me digestif, ce qui peut \u00e0 la longue provoquer des malaises.","breadcrumb":{"@id":"https:\/\/naturaltreats.eu\/fr\/product\/oreille-de-lapin-avec-poils\/#breadcrumb"},"inLanguage":"fr-FR","potentialAction":[{"@type":"ReadAction","target":["https:\/\/naturaltreats.eu\/fr\/product\/oreille-de-lapin-avec-poils\/"]}]},{"@type":"ImageObject","inLanguage":"fr-FR","@id":"https:\/\/naturaltreats.eu\/fr\/product\/oreille-de-lapin-avec-poils\/#primaryimage","url":"https:\/\/naturaltreats.eu\/wp-content\/uploads\/2020\/12\/Rabbit-Ears-with-Fur.jpg","contentUrl":"https:\/\/naturaltreats.eu\/wp-content\/uploads\/2020\/12\/Rabbit-Ears-with-Fur.jpg","width":1080,"height":1080,"caption":"Oreilles de lapin avec fourrure pour chiens"},{"@type":"BreadcrumbList","@id":"https:\/\/naturaltreats.eu\/fr\/product\/oreille-de-lapin-avec-poils\/#breadcrumb","itemListElement":[{"@type":"ListItem","position":1,"name":"Home","item":"https:\/\/naturaltreats.eu\/fr\/domicile\/"},{"@type":"ListItem","position":2,"name":"Boutique","item":"https:\/\/naturaltreats.eu\/fr\/boutique\/"},{"@type":"ListItem","position":3,"name":"Oreille de lapin avec poils"}]},{"@type":"WebSite","@id":"https:\/\/naturaltreats.eu\/fr\/#website","url":"https:\/\/naturaltreats.eu\/fr\/","name":"Natural Treats","description":"Best Rated Natural Dog Treats In Europe","publisher":{"@id":"https:\/\/naturaltreats.eu\/fr\/#organization"},"potentialAction":[{"@type":"SearchAction","target":{"@type":"EntryPoint","urlTemplate":"https:\/\/naturaltreats.eu\/fr\/?s={search_term_string}"},"query-input":{"@type":"PropertyValueSpecification","valueRequired":true,"valueName":"search_term_string"}}],"inLanguage":"fr-FR"},{"@type":"Organization","@id":"https:\/\/naturaltreats.eu\/fr\/#organization","name":"Natural Treats","url":"https:\/\/naturaltreats.eu\/fr\/","logo":{"@type":"ImageObject","inLanguage":"fr-FR","@id":"https:\/\/naturaltreats.eu\/fr\/#\/schema\/logo\/image\/","url":"https:\/\/naturaltreats.eu\/wp-content\/uploads\/2020\/08\/social.jpg","contentUrl":"https:\/\/naturaltreats.eu\/wp-content\/uploads\/2020\/08\/social.jpg","width":1000,"height":1000,"caption":"Natural Treats"},"image":{"@id":"https:\/\/naturaltreats.eu\/fr\/#\/schema\/logo\/image\/"},"sameAs":["https:\/\/facebook.com\/naturaltreatseu","https:\/\/instagram.com\/naturaltreatseu"]}]},"product_price_amount":"1.00","product_price_currency":"EUR","og_availability":"out of stock","product_availability":"out of stock","product_condition":"new"},"_links":{"self":[{"href":"https:\/\/naturaltreats.eu\/fr\/wp-json\/wp\/v2\/product\/8370","targetHints":{"allow":["GET"]}}],"collection":[{"href":"https:\/\/naturaltreats.eu\/fr\/wp-json\/wp\/v2\/product"}],"about":[{"href":"https:\/\/naturaltreats.eu\/fr\/wp-json\/wp\/v2\/types\/product"}],"wp:featuredmedia":[{"embeddable":true,"href":"https:\/\/naturaltreats.eu\/fr\/wp-json\/wp\/v2\/media\/8371"}],"wp:attachment":[{"href":"https:\/\/naturaltreats.eu\/fr\/wp-json\/wp\/v2\/media?parent=8370"}],"wp:term":[{"taxonomy":"dog-type","embeddable":true,"href":"https:\/\/naturaltreats.eu\/fr\/wp-json\/wp\/v2\/dog-type?post=8370"},{"taxonomy":"ingredients","embeddable":true,"href":"https:\/\/naturaltreats.eu\/fr\/wp-json\/wp\/v2\/ingredients?post=8370"},{"taxonomy":"product_brand","embeddable":true,"href":"https:\/\/naturaltreats.eu\/fr\/wp-json\/wp\/v2\/product_brand?post=8370"},{"taxonomy":"product_cat","embeddable":true,"href":"https:\/\/naturaltreats.eu\/fr\/wp-json\/wp\/v2\/product_cat?post=8370"},{"taxonomy":"product_tag","embeddable":true,"href":"https:\/\/naturaltreats.eu\/fr\/wp-json\/wp\/v2\/product_tag?post=8370"}],"curies":[{"name":"wp","href":"https:\/\/api.w.org\/{rel}","templated":true}]}}