{"id":8386,"date":"2020-10-06T15:41:55","date_gmt":"2021-04-15T09:18:53","guid":{"rendered":"https:\/\/naturaltreats.eu\/product\/jambon-de-boeuf\/"},"modified":"2024-02-09T10:31:59","modified_gmt":"2024-02-09T09:31:59","slug":"knuckle-de-boeuf","status":"publish","type":"product","link":"https:\/\/naturaltreats.eu\/fr\/product\/knuckle-de-boeuf\/","title":{"rendered":"Knuckle de b\u0153uf Gobstopper"},"content":{"rendered":"<p>L&#8217;un de nos produits \u00e0 m\u00e2cher les plus populaires. Les jarrets de b\u0153uf sont enti\u00e8rement fabriqu\u00e9s \u00e0 partir de b\u0153uf, sans additifs ni ingr\u00e9dients suppl\u00e9mentaires. Ces friandises extra-dures peuvent offrir des avantages dentaires \u00e9tonnants \u00e0 tous les chiens de taille moyenne \u00e0 grande.<\/p>\n<p>Cet en-cas d\u00e9shydrat\u00e9 est pratiquement impossible \u00e0 casser et permet de satisfaire l&#8217;envie de m\u00e2cher des chiens, ce qui en fait une friandise tr\u00e8s stimulante sur le plan mental.<\/p>\n","protected":false},"excerpt":{"rendered":"<p><i class=\"fas fa-circle\"><\/i><i class=\"fas fa-circle\"><\/i><i class=\"fas fa-circle\"><\/i>  | 150g | 1 pi\u00e8ce<\/p>\n","protected":false},"featured_media":8391,"template":"","meta":{"_acf_changed":false},"dog-type":[],"ingredients":[],"product_brand":[],"product_cat":[538],"product_tag":[],"class_list":{"0":"post-8386","1":"product","2":"type-product","3":"status-publish","4":"has-post-thumbnail","6":"product_cat-friandises-naturelles-pour-chiens","7":"tm-has-options","9":"first","10":"instock","11":"taxable","12":"shipping-taxable","13":"purchasable","14":"product-type-simple"},"bundled_by":["68589"],"bundle_stock_status":"instock","bundle_stock_quantity":null,"bundle_virtual":false,"bundle_layout":"","bundle_add_to_cart_form_location":"","bundle_editable_in_cart":false,"bundle_sold_individually_context":"","bundle_item_grouping":"","bundle_min_size":"","bundle_max_size":"","bundle_price":[],"bundled_items":[],"bundle_sell_ids":[],"acf":[],"yoast_head":"<!-- This site is optimized with the Yoast SEO Premium plugin v23.5 (Yoast SEO v25.0) - https:\/\/yoast.com\/wordpress\/plugins\/seo\/ -->\n<title>Knuckle de b\u0153uf Gobstopper | Natural Treats<\/title>\n<meta name=\"description\" content=\"L&#039;un de nos produits \u00e0 m\u00e2cher les plus populaires. Les jarrets de b\u0153uf sont enti\u00e8rement fabriqu\u00e9s \u00e0 partir de b\u0153uf, sans additifs ni ingr\u00e9dients suppl\u00e9mentaires. Ces friandises extra-dures peuvent offrir des avantages dentaires \u00e9tonnants \u00e0 tous les chiens de taille moyenne \u00e0 grande.\" \/>\n<meta name=\"robots\" content=\"index, follow, max-snippet:-1, max-image-preview:large, max-video-preview:-1\" \/>\n<link rel=\"canonical\" href=\"https:\/\/naturaltreats.eu\/fr\/product\/knuckle-de-boeuf\/\" \/>\n<meta property=\"og:locale\" content=\"fr_FR\" \/>\n<meta property=\"og:type\" content=\"article\" \/>\n<meta property=\"og:title\" content=\"Knuckle de b\u0153uf Gobstopper\" \/>\n<meta property=\"og:description\" content=\"L&#039;un de nos produits \u00e0 m\u00e2cher les plus populaires. Les jarrets de b\u0153uf sont enti\u00e8rement fabriqu\u00e9s \u00e0 partir de b\u0153uf, sans additifs ni ingr\u00e9dients suppl\u00e9mentaires. Ces friandises extra-dures peuvent offrir des avantages dentaires \u00e9tonnants \u00e0 tous les chiens de taille moyenne \u00e0 grande.\" \/>\n<meta property=\"og:url\" content=\"https:\/\/naturaltreats.eu\/fr\/product\/knuckle-de-boeuf\/\" \/>\n<meta property=\"og:site_name\" content=\"Natural Treats\" \/>\n<meta property=\"article:publisher\" content=\"https:\/\/facebook.com\/naturaltreatseu\" \/>\n<meta property=\"article:modified_time\" content=\"2024-02-09T09:31:59+00:00\" \/>\n<meta property=\"og:image\" content=\"https:\/\/naturaltreats.eu\/wp-content\/uploads\/2020\/10\/Beef-Knuckle-1.jpg\" \/>\n\t<meta property=\"og:image:width\" content=\"1080\" \/>\n\t<meta property=\"og:image:height\" content=\"1080\" \/>\n\t<meta property=\"og:image:type\" content=\"image\/jpeg\" \/>\n<meta name=\"twitter:card\" content=\"summary_large_image\" \/>\n<meta name=\"twitter:label1\" content=\"Prix\" \/>\n\t<meta name=\"twitter:data1\" content=\"3,70&euro;\" \/>\n\t<meta name=\"twitter:label2\" content=\"Disponibilit\u00e9\" \/>\n\t<meta name=\"twitter:data2\" content=\"En stock\" \/>\n<script type=\"application\/ld+json\" class=\"yoast-schema-graph\">{\"@context\":\"https:\/\/schema.org\",\"@graph\":[{\"@type\":\"WebPage\",\"@id\":\"https:\/\/naturaltreats.eu\/fr\/product\/knuckle-de-boeuf\/\",\"url\":\"https:\/\/naturaltreats.eu\/fr\/product\/knuckle-de-boeuf\/\",\"name\":\"Knuckle de b\u0153uf Gobstopper | Natural Treats\",\"isPartOf\":{\"@id\":\"https:\/\/naturaltreats.eu\/fr\/#website\"},\"primaryImageOfPage\":{\"@id\":\"https:\/\/naturaltreats.eu\/fr\/product\/knuckle-de-boeuf\/#primaryimage\"},\"image\":{\"@id\":\"https:\/\/naturaltreats.eu\/fr\/product\/knuckle-de-boeuf\/#primaryimage\"},\"thumbnailUrl\":\"https:\/\/naturaltreats.eu\/wp-content\/uploads\/2020\/10\/Beef-Knuckle-1.jpg\",\"datePublished\":\"2021-04-15T09:18:53+00:00\",\"dateModified\":\"2024-02-09T09:31:59+00:00\",\"description\":\"L'un de nos produits \u00e0 m\u00e2cher les plus populaires. Les jarrets de b\u0153uf sont enti\u00e8rement fabriqu\u00e9s \u00e0 partir de b\u0153uf, sans additifs ni ingr\u00e9dients suppl\u00e9mentaires. Ces friandises extra-dures peuvent offrir des avantages dentaires \u00e9tonnants \u00e0 tous les chiens de taille moyenne \u00e0 grande.\",\"breadcrumb\":{\"@id\":\"https:\/\/naturaltreats.eu\/fr\/product\/knuckle-de-boeuf\/#breadcrumb\"},\"inLanguage\":\"fr-FR\",\"potentialAction\":[{\"@type\":\"ReadAction\",\"target\":[\"https:\/\/naturaltreats.eu\/fr\/product\/knuckle-de-boeuf\/\"]}]},{\"@type\":\"ImageObject\",\"inLanguage\":\"fr-FR\",\"@id\":\"https:\/\/naturaltreats.eu\/fr\/product\/knuckle-de-boeuf\/#primaryimage\",\"url\":\"https:\/\/naturaltreats.eu\/wp-content\/uploads\/2020\/10\/Beef-Knuckle-1.jpg\",\"contentUrl\":\"https:\/\/naturaltreats.eu\/wp-content\/uploads\/2020\/10\/Beef-Knuckle-1.jpg\",\"width\":1080,\"height\":1080,\"caption\":\"Jambon de b\u0153uf\"},{\"@type\":\"BreadcrumbList\",\"@id\":\"https:\/\/naturaltreats.eu\/fr\/product\/knuckle-de-boeuf\/#breadcrumb\",\"itemListElement\":[{\"@type\":\"ListItem\",\"position\":1,\"name\":\"Home\",\"item\":\"https:\/\/naturaltreats.eu\/fr\/domicile\/\"},{\"@type\":\"ListItem\",\"position\":2,\"name\":\"Boutique\",\"item\":\"https:\/\/naturaltreats.eu\/fr\/boutique\/\"},{\"@type\":\"ListItem\",\"position\":3,\"name\":\"Knuckle de b\u0153uf Gobstopper\"}]},{\"@type\":\"WebSite\",\"@id\":\"https:\/\/naturaltreats.eu\/fr\/#website\",\"url\":\"https:\/\/naturaltreats.eu\/fr\/\",\"name\":\"Natural Treats\",\"description\":\"Best Rated Natural Dog Treats In Europe\",\"publisher\":{\"@id\":\"https:\/\/naturaltreats.eu\/fr\/#organization\"},\"potentialAction\":[{\"@type\":\"SearchAction\",\"target\":{\"@type\":\"EntryPoint\",\"urlTemplate\":\"https:\/\/naturaltreats.eu\/fr\/?s={search_term_string}\"},\"query-input\":{\"@type\":\"PropertyValueSpecification\",\"valueRequired\":true,\"valueName\":\"search_term_string\"}}],\"inLanguage\":\"fr-FR\"},{\"@type\":\"Organization\",\"@id\":\"https:\/\/naturaltreats.eu\/fr\/#organization\",\"name\":\"Natural Treats\",\"url\":\"https:\/\/naturaltreats.eu\/fr\/\",\"logo\":{\"@type\":\"ImageObject\",\"inLanguage\":\"fr-FR\",\"@id\":\"https:\/\/naturaltreats.eu\/fr\/#\/schema\/logo\/image\/\",\"url\":\"https:\/\/naturaltreats.eu\/wp-content\/uploads\/2020\/08\/social.jpg\",\"contentUrl\":\"https:\/\/naturaltreats.eu\/wp-content\/uploads\/2020\/08\/social.jpg\",\"width\":1000,\"height\":1000,\"caption\":\"Natural Treats\"},\"image\":{\"@id\":\"https:\/\/naturaltreats.eu\/fr\/#\/schema\/logo\/image\/\"},\"sameAs\":[\"https:\/\/facebook.com\/naturaltreatseu\",\"https:\/\/instagram.com\/naturaltreatseu\"]}]}<\/script>\n<meta property=\"product:price:amount\" content=\"3.70\" \/>\n<meta property=\"product:price:currency\" content=\"EUR\" \/>\n<meta property=\"og:availability\" content=\"instock\" \/>\n<meta property=\"product:availability\" content=\"instock\" \/>\n<meta property=\"product:condition\" content=\"new\" \/>\n<!-- \/ Yoast SEO Premium plugin. -->","yoast_head_json":{"title":"Knuckle de b\u0153uf Gobstopper | Natural Treats","description":"L'un de nos produits \u00e0 m\u00e2cher les plus populaires. Les jarrets de b\u0153uf sont enti\u00e8rement fabriqu\u00e9s \u00e0 partir de b\u0153uf, sans additifs ni ingr\u00e9dients suppl\u00e9mentaires. Ces friandises extra-dures peuvent offrir des avantages dentaires \u00e9tonnants \u00e0 tous les chiens de taille moyenne \u00e0 grande.","robots":{"index":"index","follow":"follow","max-snippet":"max-snippet:-1","max-image-preview":"max-image-preview:large","max-video-preview":"max-video-preview:-1"},"canonical":"https:\/\/naturaltreats.eu\/fr\/product\/knuckle-de-boeuf\/","og_locale":"fr_FR","og_type":"article","og_title":"Knuckle de b\u0153uf Gobstopper","og_description":"L'un de nos produits \u00e0 m\u00e2cher les plus populaires. Les jarrets de b\u0153uf sont enti\u00e8rement fabriqu\u00e9s \u00e0 partir de b\u0153uf, sans additifs ni ingr\u00e9dients suppl\u00e9mentaires. Ces friandises extra-dures peuvent offrir des avantages dentaires \u00e9tonnants \u00e0 tous les chiens de taille moyenne \u00e0 grande.","og_url":"https:\/\/naturaltreats.eu\/fr\/product\/knuckle-de-boeuf\/","og_site_name":"Natural Treats","article_publisher":"https:\/\/facebook.com\/naturaltreatseu","article_modified_time":"2024-02-09T09:31:59+00:00","og_image":[{"width":1080,"height":1080,"url":"https:\/\/naturaltreats.eu\/wp-content\/uploads\/2020\/10\/Beef-Knuckle-1.jpg","type":"image\/jpeg"}],"twitter_card":"summary_large_image","twitter_misc":{"Prix":"3,70&euro;","Disponibilit\u00e9":"En stock"},"schema":{"@context":"https:\/\/schema.org","@graph":[{"@type":"WebPage","@id":"https:\/\/naturaltreats.eu\/fr\/product\/knuckle-de-boeuf\/","url":"https:\/\/naturaltreats.eu\/fr\/product\/knuckle-de-boeuf\/","name":"Knuckle de b\u0153uf Gobstopper | Natural Treats","isPartOf":{"@id":"https:\/\/naturaltreats.eu\/fr\/#website"},"primaryImageOfPage":{"@id":"https:\/\/naturaltreats.eu\/fr\/product\/knuckle-de-boeuf\/#primaryimage"},"image":{"@id":"https:\/\/naturaltreats.eu\/fr\/product\/knuckle-de-boeuf\/#primaryimage"},"thumbnailUrl":"https:\/\/naturaltreats.eu\/wp-content\/uploads\/2020\/10\/Beef-Knuckle-1.jpg","datePublished":"2021-04-15T09:18:53+00:00","dateModified":"2024-02-09T09:31:59+00:00","description":"L'un de nos produits \u00e0 m\u00e2cher les plus populaires. Les jarrets de b\u0153uf sont enti\u00e8rement fabriqu\u00e9s \u00e0 partir de b\u0153uf, sans additifs ni ingr\u00e9dients suppl\u00e9mentaires. Ces friandises extra-dures peuvent offrir des avantages dentaires \u00e9tonnants \u00e0 tous les chiens de taille moyenne \u00e0 grande.","breadcrumb":{"@id":"https:\/\/naturaltreats.eu\/fr\/product\/knuckle-de-boeuf\/#breadcrumb"},"inLanguage":"fr-FR","potentialAction":[{"@type":"ReadAction","target":["https:\/\/naturaltreats.eu\/fr\/product\/knuckle-de-boeuf\/"]}]},{"@type":"ImageObject","inLanguage":"fr-FR","@id":"https:\/\/naturaltreats.eu\/fr\/product\/knuckle-de-boeuf\/#primaryimage","url":"https:\/\/naturaltreats.eu\/wp-content\/uploads\/2020\/10\/Beef-Knuckle-1.jpg","contentUrl":"https:\/\/naturaltreats.eu\/wp-content\/uploads\/2020\/10\/Beef-Knuckle-1.jpg","width":1080,"height":1080,"caption":"Jambon de b\u0153uf"},{"@type":"BreadcrumbList","@id":"https:\/\/naturaltreats.eu\/fr\/product\/knuckle-de-boeuf\/#breadcrumb","itemListElement":[{"@type":"ListItem","position":1,"name":"Home","item":"https:\/\/naturaltreats.eu\/fr\/domicile\/"},{"@type":"ListItem","position":2,"name":"Boutique","item":"https:\/\/naturaltreats.eu\/fr\/boutique\/"},{"@type":"ListItem","position":3,"name":"Knuckle de b\u0153uf Gobstopper"}]},{"@type":"WebSite","@id":"https:\/\/naturaltreats.eu\/fr\/#website","url":"https:\/\/naturaltreats.eu\/fr\/","name":"Natural Treats","description":"Best Rated Natural Dog Treats In Europe","publisher":{"@id":"https:\/\/naturaltreats.eu\/fr\/#organization"},"potentialAction":[{"@type":"SearchAction","target":{"@type":"EntryPoint","urlTemplate":"https:\/\/naturaltreats.eu\/fr\/?s={search_term_string}"},"query-input":{"@type":"PropertyValueSpecification","valueRequired":true,"valueName":"search_term_string"}}],"inLanguage":"fr-FR"},{"@type":"Organization","@id":"https:\/\/naturaltreats.eu\/fr\/#organization","name":"Natural Treats","url":"https:\/\/naturaltreats.eu\/fr\/","logo":{"@type":"ImageObject","inLanguage":"fr-FR","@id":"https:\/\/naturaltreats.eu\/fr\/#\/schema\/logo\/image\/","url":"https:\/\/naturaltreats.eu\/wp-content\/uploads\/2020\/08\/social.jpg","contentUrl":"https:\/\/naturaltreats.eu\/wp-content\/uploads\/2020\/08\/social.jpg","width":1000,"height":1000,"caption":"Natural Treats"},"image":{"@id":"https:\/\/naturaltreats.eu\/fr\/#\/schema\/logo\/image\/"},"sameAs":["https:\/\/facebook.com\/naturaltreatseu","https:\/\/instagram.com\/naturaltreatseu"]}]},"product_price_amount":"3.70","product_price_currency":"EUR","og_availability":"instock","product_availability":"instock","product_condition":"new"},"_links":{"self":[{"href":"https:\/\/naturaltreats.eu\/fr\/wp-json\/wp\/v2\/product\/8386","targetHints":{"allow":["GET"]}}],"collection":[{"href":"https:\/\/naturaltreats.eu\/fr\/wp-json\/wp\/v2\/product"}],"about":[{"href":"https:\/\/naturaltreats.eu\/fr\/wp-json\/wp\/v2\/types\/product"}],"wp:featuredmedia":[{"embeddable":true,"href":"https:\/\/naturaltreats.eu\/fr\/wp-json\/wp\/v2\/media\/8391"}],"wp:attachment":[{"href":"https:\/\/naturaltreats.eu\/fr\/wp-json\/wp\/v2\/media?parent=8386"}],"wp:term":[{"taxonomy":"dog-type","embeddable":true,"href":"https:\/\/naturaltreats.eu\/fr\/wp-json\/wp\/v2\/dog-type?post=8386"},{"taxonomy":"ingredients","embeddable":true,"href":"https:\/\/naturaltreats.eu\/fr\/wp-json\/wp\/v2\/ingredients?post=8386"},{"taxonomy":"product_brand","embeddable":true,"href":"https:\/\/naturaltreats.eu\/fr\/wp-json\/wp\/v2\/product_brand?post=8386"},{"taxonomy":"product_cat","embeddable":true,"href":"https:\/\/naturaltreats.eu\/fr\/wp-json\/wp\/v2\/product_cat?post=8386"},{"taxonomy":"product_tag","embeddable":true,"href":"https:\/\/naturaltreats.eu\/fr\/wp-json\/wp\/v2\/product_tag?post=8386"}],"curies":[{"name":"wp","href":"https:\/\/api.w.org\/{rel}","templated":true}]}}