{"id":41785,"date":"2023-02-22T22:19:14","date_gmt":"2023-02-23T21:19:34","guid":{"rendered":"https:\/\/naturaltreats.eu\/product\/bastoncino-da-masticare-in-legno-di-caffe-per-cani\/"},"modified":"2024-11-08T05:17:28","modified_gmt":"2024-11-08T04:17:28","slug":"bastoncino-da-masticare-in-legno-di-caffe-per-cani","status":"publish","type":"product","link":"https:\/\/naturaltreats.eu\/it\/product\/bastoncino-da-masticare-in-legno-di-caffe-per-cani\/","title":{"rendered":"Bastoncino da masticare in legno di caff\u00e8 per cani"},"content":{"rendered":"<p>Dai il benvenuto al nuovo snack preferito del tuo cane\u2014il bastoncino da masticare in legno di caff\u00e8. Questo bastoncino da masticare \u00e8 realizzato in legno di caff\u00e8 naturale e sostenibile e rappresenta un&#8217;alternativa sicura e gustosa ai noiosi bastoncini da masticare acquistati in negozio. Contribuisce a ridurre la noia e a promuovere una sana masticazione. Inoltre, il suo aroma unico aiuta a mantenere fresco l&#8217;alito del vostro cucciolo! Il legno di caff\u00e8 non contiene caffeina.<\/p>\n<ul>\n<li>Bastoncino da masticare in legno di caff\u00e8 100% naturale e sostenibile per cani.<\/li>\n<li>L&#8217;irresistibile profumo aromatico aiuta a rinfrescare l&#8217;alito.<\/li>\n<li>Aiuta a costruire muscoli mascellari forti.<\/li>\n<li>Favorisce una sana masticazione, soprattutto durante i periodi di dentizione.<\/li>\n<li>Sicuro e non tossico, senza ingredienti artificiali o sostanze chimiche.<\/li>\n<li>Dimensioni perfette per le razze pi\u00f9 piccole e per i cani pi\u00f9 grandi.<\/li>\n<li>Facile da trasportare e ideale per snack o attivit\u00e0 di gioco in movimento.<\/li>\n<li>Aiuta a ridurre la noia per i cani da appartamento e promuove una migliore salute orale rimuovendo l&#8217;accumulo di placca sui denti.<\/li>\n<\/ul>\n","protected":false},"excerpt":{"rendered":"<p>Dai il benvenuto al nuovo snack preferito del tuo cane\u2014il bastoncino da masticare in legno di caff\u00e8. Questo bastoncino da<\/p>\n","protected":false},"featured_media":41694,"template":"","meta":{"_acf_changed":false},"dog-type":[],"ingredients":[],"product_brand":[],"product_cat":[330],"product_tag":[],"class_list":{"0":"post-41785","1":"product","2":"type-product","3":"status-publish","4":"has-post-thumbnail","6":"product_cat-masticativi-per-cani","7":"tm-no-options-pxq","9":"first","10":"instock","11":"taxable","12":"shipping-taxable","13":"purchasable","14":"product-type-variable"},"bundled_by":[],"bundle_stock_status":"instock","bundle_stock_quantity":null,"bundle_virtual":false,"bundle_layout":"","bundle_add_to_cart_form_location":"","bundle_editable_in_cart":false,"bundle_sold_individually_context":"","bundle_item_grouping":"","bundle_min_size":"","bundle_max_size":"","bundle_price":[],"bundled_items":[],"bundle_sell_ids":[],"acf":[],"yoast_head":"<!-- This site is optimized with the Yoast SEO Premium plugin v23.5 (Yoast SEO v25.0) - https:\/\/yoast.com\/wordpress\/plugins\/seo\/ -->\n<title>Bastoncino da masticare in legno di caff\u00e8 per cani | Natural Treats<\/title>\n<meta name=\"robots\" content=\"index, follow, max-snippet:-1, max-image-preview:large, max-video-preview:-1\" \/>\n<link rel=\"canonical\" href=\"https:\/\/naturaltreats.eu\/it\/product\/bastoncino-da-masticare-in-legno-di-caffe-per-cani\/\" \/>\n<meta property=\"og:locale\" content=\"it_IT\" \/>\n<meta property=\"og:type\" content=\"article\" \/>\n<meta property=\"og:title\" content=\"Bastoncino da masticare in legno di caff\u00e8 per cani\" \/>\n<meta property=\"og:description\" content=\"Dai il benvenuto al nuovo snack preferito del tuo cane\u2014il bastoncino da masticare in legno di caff\u00e8. Questo bastoncino da\" \/>\n<meta property=\"og:url\" content=\"https:\/\/naturaltreats.eu\/it\/product\/bastoncino-da-masticare-in-legno-di-caffe-per-cani\/\" \/>\n<meta property=\"og:site_name\" content=\"Natural Treats\" \/>\n<meta property=\"article:publisher\" content=\"https:\/\/facebook.com\/naturaltreatseu\" \/>\n<meta property=\"article:modified_time\" content=\"2024-11-08T04:17:28+00:00\" \/>\n<meta property=\"og:image\" content=\"https:\/\/naturaltreats.eu\/wp-content\/uploads\/2023\/02\/Coffee-Wood-Medium.jpg\" \/>\n\t<meta property=\"og:image:width\" content=\"1800\" \/>\n\t<meta property=\"og:image:height\" content=\"1800\" \/>\n\t<meta property=\"og:image:type\" content=\"image\/jpeg\" \/>\n<meta name=\"twitter:card\" content=\"summary_large_image\" \/>\n<meta name=\"twitter:label1\" content=\"Disponibilit\u00e0\" \/>\n\t<meta name=\"twitter:data1\" content=\"In stock\" \/>\n<script type=\"application\/ld+json\" class=\"yoast-schema-graph\">{\"@context\":\"https:\/\/schema.org\",\"@graph\":[{\"@type\":\"WebPage\",\"@id\":\"https:\/\/naturaltreats.eu\/it\/product\/bastoncino-da-masticare-in-legno-di-caffe-per-cani\/\",\"url\":\"https:\/\/naturaltreats.eu\/it\/product\/bastoncino-da-masticare-in-legno-di-caffe-per-cani\/\",\"name\":\"Bastoncino da masticare in legno di caff\u00e8 per cani | Natural Treats\",\"isPartOf\":{\"@id\":\"https:\/\/naturaltreats.eu\/it\/#website\"},\"primaryImageOfPage\":{\"@id\":\"https:\/\/naturaltreats.eu\/it\/product\/bastoncino-da-masticare-in-legno-di-caffe-per-cani\/#primaryimage\"},\"image\":{\"@id\":\"https:\/\/naturaltreats.eu\/it\/product\/bastoncino-da-masticare-in-legno-di-caffe-per-cani\/#primaryimage\"},\"thumbnailUrl\":\"https:\/\/naturaltreats.eu\/wp-content\/uploads\/2023\/02\/Coffee-Wood-Medium.jpg\",\"datePublished\":\"2023-02-23T21:19:34+00:00\",\"dateModified\":\"2024-11-08T04:17:28+00:00\",\"breadcrumb\":{\"@id\":\"https:\/\/naturaltreats.eu\/it\/product\/bastoncino-da-masticare-in-legno-di-caffe-per-cani\/#breadcrumb\"},\"inLanguage\":\"it-IT\",\"potentialAction\":[{\"@type\":\"ReadAction\",\"target\":[\"https:\/\/naturaltreats.eu\/it\/product\/bastoncino-da-masticare-in-legno-di-caffe-per-cani\/\"]}]},{\"@type\":\"ImageObject\",\"inLanguage\":\"it-IT\",\"@id\":\"https:\/\/naturaltreats.eu\/it\/product\/bastoncino-da-masticare-in-legno-di-caffe-per-cani\/#primaryimage\",\"url\":\"https:\/\/naturaltreats.eu\/wp-content\/uploads\/2023\/02\/Coffee-Wood-Medium.jpg\",\"contentUrl\":\"https:\/\/naturaltreats.eu\/wp-content\/uploads\/2023\/02\/Coffee-Wood-Medium.jpg\",\"width\":1800,\"height\":1800,\"caption\":\"Medium Coffee wood chew sticks for dogs\"},{\"@type\":\"BreadcrumbList\",\"@id\":\"https:\/\/naturaltreats.eu\/it\/product\/bastoncino-da-masticare-in-legno-di-caffe-per-cani\/#breadcrumb\",\"itemListElement\":[{\"@type\":\"ListItem\",\"position\":1,\"name\":\"Home\",\"item\":\"https:\/\/naturaltreats.eu\/it\/casa\/\"},{\"@type\":\"ListItem\",\"position\":2,\"name\":\"Negozio\",\"item\":\"https:\/\/naturaltreats.eu\/it\/negozio\/\"},{\"@type\":\"ListItem\",\"position\":3,\"name\":\"Bastoncino da masticare in legno di caff\u00e8 per cani\"}]},{\"@type\":\"WebSite\",\"@id\":\"https:\/\/naturaltreats.eu\/it\/#website\",\"url\":\"https:\/\/naturaltreats.eu\/it\/\",\"name\":\"Natural Treats\",\"description\":\"Best Rated Natural Dog Treats In Europe\",\"publisher\":{\"@id\":\"https:\/\/naturaltreats.eu\/it\/#organization\"},\"potentialAction\":[{\"@type\":\"SearchAction\",\"target\":{\"@type\":\"EntryPoint\",\"urlTemplate\":\"https:\/\/naturaltreats.eu\/it\/?s={search_term_string}\"},\"query-input\":{\"@type\":\"PropertyValueSpecification\",\"valueRequired\":true,\"valueName\":\"search_term_string\"}}],\"inLanguage\":\"it-IT\"},{\"@type\":\"Organization\",\"@id\":\"https:\/\/naturaltreats.eu\/it\/#organization\",\"name\":\"Natural Treats\",\"url\":\"https:\/\/naturaltreats.eu\/it\/\",\"logo\":{\"@type\":\"ImageObject\",\"inLanguage\":\"it-IT\",\"@id\":\"https:\/\/naturaltreats.eu\/it\/#\/schema\/logo\/image\/\",\"url\":\"https:\/\/naturaltreats.eu\/wp-content\/uploads\/2020\/08\/social.jpg\",\"contentUrl\":\"https:\/\/naturaltreats.eu\/wp-content\/uploads\/2020\/08\/social.jpg\",\"width\":1000,\"height\":1000,\"caption\":\"Natural Treats\"},\"image\":{\"@id\":\"https:\/\/naturaltreats.eu\/it\/#\/schema\/logo\/image\/\"},\"sameAs\":[\"https:\/\/facebook.com\/naturaltreatseu\",\"https:\/\/instagram.com\/naturaltreatseu\"]}]}<\/script>\n<meta property=\"og:availability\" content=\"instock\" \/>\n<meta property=\"product:availability\" content=\"instock\" \/>\n<meta property=\"product:condition\" content=\"new\" \/>\n<!-- \/ Yoast SEO Premium plugin. -->","yoast_head_json":{"title":"Bastoncino da masticare in legno di caff\u00e8 per cani | Natural Treats","robots":{"index":"index","follow":"follow","max-snippet":"max-snippet:-1","max-image-preview":"max-image-preview:large","max-video-preview":"max-video-preview:-1"},"canonical":"https:\/\/naturaltreats.eu\/it\/product\/bastoncino-da-masticare-in-legno-di-caffe-per-cani\/","og_locale":"it_IT","og_type":"article","og_title":"Bastoncino da masticare in legno di caff\u00e8 per cani","og_description":"Dai il benvenuto al nuovo snack preferito del tuo cane\u2014il bastoncino da masticare in legno di caff\u00e8. Questo bastoncino da","og_url":"https:\/\/naturaltreats.eu\/it\/product\/bastoncino-da-masticare-in-legno-di-caffe-per-cani\/","og_site_name":"Natural Treats","article_publisher":"https:\/\/facebook.com\/naturaltreatseu","article_modified_time":"2024-11-08T04:17:28+00:00","og_image":[{"width":1800,"height":1800,"url":"https:\/\/naturaltreats.eu\/wp-content\/uploads\/2023\/02\/Coffee-Wood-Medium.jpg","type":"image\/jpeg"}],"twitter_card":"summary_large_image","twitter_misc":{"Disponibilit\u00e0":"In stock"},"schema":{"@context":"https:\/\/schema.org","@graph":[{"@type":"WebPage","@id":"https:\/\/naturaltreats.eu\/it\/product\/bastoncino-da-masticare-in-legno-di-caffe-per-cani\/","url":"https:\/\/naturaltreats.eu\/it\/product\/bastoncino-da-masticare-in-legno-di-caffe-per-cani\/","name":"Bastoncino da masticare in legno di caff\u00e8 per cani | Natural Treats","isPartOf":{"@id":"https:\/\/naturaltreats.eu\/it\/#website"},"primaryImageOfPage":{"@id":"https:\/\/naturaltreats.eu\/it\/product\/bastoncino-da-masticare-in-legno-di-caffe-per-cani\/#primaryimage"},"image":{"@id":"https:\/\/naturaltreats.eu\/it\/product\/bastoncino-da-masticare-in-legno-di-caffe-per-cani\/#primaryimage"},"thumbnailUrl":"https:\/\/naturaltreats.eu\/wp-content\/uploads\/2023\/02\/Coffee-Wood-Medium.jpg","datePublished":"2023-02-23T21:19:34+00:00","dateModified":"2024-11-08T04:17:28+00:00","breadcrumb":{"@id":"https:\/\/naturaltreats.eu\/it\/product\/bastoncino-da-masticare-in-legno-di-caffe-per-cani\/#breadcrumb"},"inLanguage":"it-IT","potentialAction":[{"@type":"ReadAction","target":["https:\/\/naturaltreats.eu\/it\/product\/bastoncino-da-masticare-in-legno-di-caffe-per-cani\/"]}]},{"@type":"ImageObject","inLanguage":"it-IT","@id":"https:\/\/naturaltreats.eu\/it\/product\/bastoncino-da-masticare-in-legno-di-caffe-per-cani\/#primaryimage","url":"https:\/\/naturaltreats.eu\/wp-content\/uploads\/2023\/02\/Coffee-Wood-Medium.jpg","contentUrl":"https:\/\/naturaltreats.eu\/wp-content\/uploads\/2023\/02\/Coffee-Wood-Medium.jpg","width":1800,"height":1800,"caption":"Medium Coffee wood chew sticks for dogs"},{"@type":"BreadcrumbList","@id":"https:\/\/naturaltreats.eu\/it\/product\/bastoncino-da-masticare-in-legno-di-caffe-per-cani\/#breadcrumb","itemListElement":[{"@type":"ListItem","position":1,"name":"Home","item":"https:\/\/naturaltreats.eu\/it\/casa\/"},{"@type":"ListItem","position":2,"name":"Negozio","item":"https:\/\/naturaltreats.eu\/it\/negozio\/"},{"@type":"ListItem","position":3,"name":"Bastoncino da masticare in legno di caff\u00e8 per cani"}]},{"@type":"WebSite","@id":"https:\/\/naturaltreats.eu\/it\/#website","url":"https:\/\/naturaltreats.eu\/it\/","name":"Natural Treats","description":"Best Rated Natural Dog Treats In Europe","publisher":{"@id":"https:\/\/naturaltreats.eu\/it\/#organization"},"potentialAction":[{"@type":"SearchAction","target":{"@type":"EntryPoint","urlTemplate":"https:\/\/naturaltreats.eu\/it\/?s={search_term_string}"},"query-input":{"@type":"PropertyValueSpecification","valueRequired":true,"valueName":"search_term_string"}}],"inLanguage":"it-IT"},{"@type":"Organization","@id":"https:\/\/naturaltreats.eu\/it\/#organization","name":"Natural Treats","url":"https:\/\/naturaltreats.eu\/it\/","logo":{"@type":"ImageObject","inLanguage":"it-IT","@id":"https:\/\/naturaltreats.eu\/it\/#\/schema\/logo\/image\/","url":"https:\/\/naturaltreats.eu\/wp-content\/uploads\/2020\/08\/social.jpg","contentUrl":"https:\/\/naturaltreats.eu\/wp-content\/uploads\/2020\/08\/social.jpg","width":1000,"height":1000,"caption":"Natural Treats"},"image":{"@id":"https:\/\/naturaltreats.eu\/it\/#\/schema\/logo\/image\/"},"sameAs":["https:\/\/facebook.com\/naturaltreatseu","https:\/\/instagram.com\/naturaltreatseu"]}]},"og_availability":"instock","product_availability":"instock","product_condition":"new"},"_links":{"self":[{"href":"https:\/\/naturaltreats.eu\/it\/wp-json\/wp\/v2\/product\/41785","targetHints":{"allow":["GET"]}}],"collection":[{"href":"https:\/\/naturaltreats.eu\/it\/wp-json\/wp\/v2\/product"}],"about":[{"href":"https:\/\/naturaltreats.eu\/it\/wp-json\/wp\/v2\/types\/product"}],"wp:featuredmedia":[{"embeddable":true,"href":"https:\/\/naturaltreats.eu\/it\/wp-json\/wp\/v2\/media\/41694"}],"wp:attachment":[{"href":"https:\/\/naturaltreats.eu\/it\/wp-json\/wp\/v2\/media?parent=41785"}],"wp:term":[{"taxonomy":"dog-type","embeddable":true,"href":"https:\/\/naturaltreats.eu\/it\/wp-json\/wp\/v2\/dog-type?post=41785"},{"taxonomy":"ingredients","embeddable":true,"href":"https:\/\/naturaltreats.eu\/it\/wp-json\/wp\/v2\/ingredients?post=41785"},{"taxonomy":"product_brand","embeddable":true,"href":"https:\/\/naturaltreats.eu\/it\/wp-json\/wp\/v2\/product_brand?post=41785"},{"taxonomy":"product_cat","embeddable":true,"href":"https:\/\/naturaltreats.eu\/it\/wp-json\/wp\/v2\/product_cat?post=41785"},{"taxonomy":"product_tag","embeddable":true,"href":"https:\/\/naturaltreats.eu\/it\/wp-json\/wp\/v2\/product_tag?post=41785"}],"curies":[{"name":"wp","href":"https:\/\/api.w.org\/{rel}","templated":true}]}}