{"id":13331,"date":"2021-09-03T14:12:59","date_gmt":"2021-09-03T12:12:59","guid":{"rendered":"https:\/\/naturaltreats.eu\/contacte-nos\/"},"modified":"2024-12-30T12:58:58","modified_gmt":"2024-12-30T11:58:58","slug":"contactar-nos","status":"publish","type":"page","link":"https:\/\/naturaltreats.eu\/pt-pt\/contactar-nos\/","title":{"rendered":"Contacte-nos"},"content":{"rendered":"\t\t<div data-elementor-type=\"wp-page\" data-elementor-id=\"13331\" class=\"elementor elementor-13331 elementor-113\" data-elementor-post-type=\"page\">\n\t\t\t\t<div class=\"wd-negative-gap elementor-element elementor-element-9618d85 wd-section-stretch e-flex e-con-boxed e-con e-parent\" data-id=\"9618d85\" data-element_type=\"container\" data-e-type=\"container\" data-settings=\"{&quot;background_background&quot;:&quot;classic&quot;}\">\n\t\t\t\t\t<div class=\"e-con-inner\">\n\t\t<div class=\"elementor-element elementor-element-b09139b e-con-full e-flex e-con e-child\" data-id=\"b09139b\" data-element_type=\"container\" data-e-type=\"container\">\n\t\t\t\t<div class=\"elementor-element elementor-element-7ab746b elementor-widget elementor-widget-heading\" data-id=\"7ab746b\" data-element_type=\"widget\" data-e-type=\"widget\" data-widget_type=\"heading.default\">\n\t\t\t\t<div class=\"elementor-widget-container\">\n\t\t\t\t\t<h1 class=\"elementor-heading-title elementor-size-default\">Contacte-nos<\/h1>\t\t\t\t<\/div>\n\t\t\t\t<\/div>\n\t\t\t\t<div class=\"elementor-element elementor-element-b8c2c8e elementor-widget elementor-widget-heading\" data-id=\"b8c2c8e\" data-element_type=\"widget\" data-e-type=\"widget\" data-widget_type=\"heading.default\">\n\t\t\t\t<div class=\"elementor-widget-container\">\n\t\t\t\t\t<p class=\"elementor-heading-title elementor-size-default\">O nosso objetivo \u00e9 responder no prazo de algumas horas<\/p>\t\t\t\t<\/div>\n\t\t\t\t<\/div>\n\t\t\t\t<\/div>\n\t\t\t\t\t<\/div>\n\t\t\t\t<\/div>\n\t\t<div class=\"wd-negative-gap elementor-element elementor-element-b291028 wd-section-stretch e-flex e-con-boxed e-con e-parent\" data-id=\"b291028\" data-element_type=\"container\" data-e-type=\"container\" data-settings=\"{&quot;background_background&quot;:&quot;classic&quot;}\">\n\t\t\t\t\t<div class=\"e-con-inner\">\n\t\t<div class=\"elementor-element elementor-element-117bc08 e-con-full e-flex e-con e-child\" data-id=\"117bc08\" data-element_type=\"container\" data-e-type=\"container\">\n\t\t\t\t<div class=\"elementor-element elementor-element-6401117 color-scheme-inherit text-left elementor-widget elementor-widget-text-editor\" data-id=\"6401117\" data-element_type=\"widget\" data-e-type=\"widget\" data-widget_type=\"text-editor.default\">\n\t\t\t\t<div class=\"elementor-widget-container\">\n\t\t\t\t\t\t\t\t\t<p>Torn\u00e1mos o contacto com a nossa equipa t\u00e3o f\u00e1cil quanto poss\u00edvel. Pode falar connosco atrav\u00e9s de chat ao vivo usando o bot\u00e3o no fundo da p\u00e1gina, Whatsapp, Facebook Messenger ou e-mail.<\/p>\n<p>Utilize os bot\u00f5es abaixo para nos enviar uma mensagem atrav\u00e9s da sua plataforma de mensagens favorita.<\/p>\n\t\t\t\t\t\t\t\t<\/div>\n\t\t\t\t<\/div>\n\t\t<div class=\"elementor-element elementor-element-1f533f5 e-con-full e-flex e-con e-child\" data-id=\"1f533f5\" data-element_type=\"container\" data-e-type=\"container\">\n\t\t\t\t<div class=\"elementor-element elementor-element-9b2c81a elementor-widget elementor-widget-button\" data-id=\"9b2c81a\" data-element_type=\"widget\" data-e-type=\"widget\" data-widget_type=\"button.default\">\n\t\t\t\t<div class=\"elementor-widget-container\">\n\t\t\t\t\t\t\t\t\t<div class=\"elementor-button-wrapper\">\n\t\t\t\t\t<a class=\"elementor-button elementor-button-link elementor-size-sm\" href=\"https:\/\/wa.me\/447888866098\" target=\"_blank\">\n\t\t\t\t\t\t<span class=\"elementor-button-content-wrapper\">\n\t\t\t\t\t\t<span class=\"elementor-button-icon\">\n\t\t\t\t<i aria-hidden=\"true\" class=\"fab fa-whatsapp\"><\/i>\t\t\t<\/span>\n\t\t\t\t\t\t\t\t\t<span class=\"elementor-button-text\">WhatsApp<\/span>\n\t\t\t\t\t<\/span>\n\t\t\t\t\t<\/a>\n\t\t\t\t<\/div>\n\t\t\t\t\t\t\t\t<\/div>\n\t\t\t\t<\/div>\n\t\t\t\t<div class=\"elementor-element elementor-element-3e72df8 elementor-widget elementor-widget-button\" data-id=\"3e72df8\" data-element_type=\"widget\" data-e-type=\"widget\" data-widget_type=\"button.default\">\n\t\t\t\t<div class=\"elementor-widget-container\">\n\t\t\t\t\t\t\t\t\t<div class=\"elementor-button-wrapper\">\n\t\t\t\t\t<a class=\"elementor-button elementor-button-link elementor-size-sm\" href=\"http:\/\/m.me\/naturaltreatseu\" target=\"_blank\">\n\t\t\t\t\t\t<span class=\"elementor-button-content-wrapper\">\n\t\t\t\t\t\t<span class=\"elementor-button-icon\">\n\t\t\t\t<i aria-hidden=\"true\" class=\"fab fa-facebook-messenger\"><\/i>\t\t\t<\/span>\n\t\t\t\t\t\t\t\t\t<span class=\"elementor-button-text\">Messenger<\/span>\n\t\t\t\t\t<\/span>\n\t\t\t\t\t<\/a>\n\t\t\t\t<\/div>\n\t\t\t\t\t\t\t\t<\/div>\n\t\t\t\t<\/div>\n\t\t\t\t<div class=\"elementor-element elementor-element-fbf3024 elementor-widget elementor-widget-button\" data-id=\"fbf3024\" data-element_type=\"widget\" data-e-type=\"widget\" data-widget_type=\"button.default\">\n\t\t\t\t<div class=\"elementor-widget-container\">\n\t\t\t\t\t\t\t\t\t<div class=\"elementor-button-wrapper\">\n\t\t\t\t\t<a class=\"elementor-button elementor-button-link elementor-size-sm\" href=\"mailto:info@naturaltreats.eu\" target=\"_blank\">\n\t\t\t\t\t\t<span class=\"elementor-button-content-wrapper\">\n\t\t\t\t\t\t<span class=\"elementor-button-icon\">\n\t\t\t\t<i aria-hidden=\"true\" class=\"far fa-envelope\"><\/i>\t\t\t<\/span>\n\t\t\t\t\t\t\t\t\t<span class=\"elementor-button-text\">Email<\/span>\n\t\t\t\t\t<\/span>\n\t\t\t\t\t<\/a>\n\t\t\t\t<\/div>\n\t\t\t\t\t\t\t\t<\/div>\n\t\t\t\t<\/div>\n\t\t\t\t<\/div>\n\t\t\t\t<div class=\"elementor-element elementor-element-7891f9e color-scheme-inherit text-left elementor-widget elementor-widget-text-editor\" data-id=\"7891f9e\" data-element_type=\"widget\" data-e-type=\"widget\" data-widget_type=\"text-editor.default\">\n\t\t\t\t<div class=\"elementor-widget-container\">\n\t\t\t\t\t\t\t\t\t<p>Em alternativa, pode utilizar o formul\u00e1rio para nos enviar uma mensagem por correio electr\u00f3nico.<\/p>\n\t\t\t\t\t\t\t\t<\/div>\n\t\t\t\t<\/div>\n\t\t\t\t<div class=\"elementor-element elementor-element-e9bcdcf elementor-button-align-stretch elementor-widget elementor-widget-form\" data-id=\"e9bcdcf\" data-element_type=\"widget\" data-e-type=\"widget\" data-settings=\"{&quot;step_next_label&quot;:&quot;Pr\\u00f3ximo&quot;,&quot;step_previous_label&quot;:&quot;Anterior&quot;,&quot;button_width&quot;:&quot;100&quot;,&quot;step_type&quot;:&quot;number_text&quot;,&quot;step_icon_shape&quot;:&quot;circle&quot;}\" data-widget_type=\"form.default\">\n\t\t\t\t<div class=\"elementor-widget-container\">\n\t\t\t\t\t\t\t<form class=\"elementor-form\" method=\"post\" name=\"Novo formul\u00e1rio\" aria-label=\"Novo formul\u00e1rio\">\n\t\t\t<input type=\"hidden\" name=\"post_id\" value=\"13331\"\/>\n\t\t\t<input type=\"hidden\" name=\"form_id\" value=\"e9bcdcf\"\/>\n\t\t\t<input type=\"hidden\" name=\"referer_title\" value=\"Contacte-nos | Natural Treats\" \/>\n\n\t\t\t\t\t\t\t<input type=\"hidden\" name=\"queried_id\" value=\"13331\"\/>\n\t\t\t\n\t\t\t<div class=\"elementor-form-fields-wrapper elementor-labels-above\">\n\t\t\t\t\t\t\t\t<div class=\"elementor-field-type-text elementor-field-group elementor-column elementor-field-group-name elementor-col-100\">\n\t\t\t\t\t\t\t\t\t\t\t\t<label for=\"form-field-name\" class=\"elementor-field-label\">\n\t\t\t\t\t\t\t\tNome\t\t\t\t\t\t\t<\/label>\n\t\t\t\t\t\t\t\t\t\t\t\t\t\t<input size=\"1\" type=\"text\" name=\"form_fields[name]\" id=\"form-field-name\" class=\"elementor-field elementor-size-md  elementor-field-textual\" placeholder=\"Nome\">\n\t\t\t\t\t\t\t\t\t\t\t<\/div>\n\t\t\t\t\t\t\t\t<div class=\"elementor-field-type-email elementor-field-group elementor-column elementor-field-group-email elementor-col-100 elementor-field-required\">\n\t\t\t\t\t\t\t\t\t\t\t\t<label for=\"form-field-email\" class=\"elementor-field-label\">\n\t\t\t\t\t\t\t\tEmail\t\t\t\t\t\t\t<\/label>\n\t\t\t\t\t\t\t\t\t\t\t\t\t\t<input size=\"1\" type=\"email\" name=\"form_fields[email]\" id=\"form-field-email\" class=\"elementor-field elementor-size-md  elementor-field-textual\" placeholder=\"Email\" required=\"required\">\n\t\t\t\t\t\t\t\t\t\t\t<\/div>\n\t\t\t\t\t\t\t\t<div class=\"elementor-field-type-textarea elementor-field-group elementor-column elementor-field-group-message elementor-col-100\">\n\t\t\t\t\t\t\t\t\t\t\t\t<label for=\"form-field-message\" class=\"elementor-field-label\">\n\t\t\t\t\t\t\t\tMensagem\t\t\t\t\t\t\t<\/label>\n\t\t\t\t\t\t<textarea class=\"elementor-field-textual elementor-field  elementor-size-md\" name=\"form_fields[message]\" id=\"form-field-message\" rows=\"4\" placeholder=\"Mensagem\"><\/textarea>\t\t\t\t<\/div>\n\t\t\t\t\t\t\t\t<div class=\"elementor-field-type-recaptcha_v3 elementor-field-group elementor-column elementor-field-group-field_317ded3 elementor-col-100 recaptcha_v3-inline\">\n\t\t\t\t\t<div class=\"elementor-field\" id=\"form-field-field_317ded3\"><div class=\"elementor-g-recaptcha\" data-sitekey=\"6Le_Ey0cAAAAADQZ3BOYeRsHqcYAM-0WPoCnFEDM\" data-type=\"v3\" data-action=\"Form\" data-badge=\"inline\" data-size=\"invisible\"><\/div><\/div>\t\t\t\t<\/div>\n\t\t\t\t\t\t\t\t<div class=\"elementor-field-group elementor-column elementor-field-type-submit elementor-col-100 e-form__buttons\">\n\t\t\t\t\t<button class=\"elementor-button elementor-size-md\" type=\"submit\">\n\t\t\t\t\t\t<span class=\"elementor-button-content-wrapper\">\n\t\t\t\t\t\t\t\t\t\t\t\t\t\t\t\t\t\t\t\t\t\t<span class=\"elementor-button-text\">Enviar<\/span>\n\t\t\t\t\t\t\t\t\t\t\t\t\t<\/span>\n\t\t\t\t\t<\/button>\n\t\t\t\t<\/div>\n\t\t\t<\/div>\n\t\t<\/form>\n\t\t\t\t\t\t<\/div>\n\t\t\t\t<\/div>\n\t\t\t\t<\/div>\n\t\t\t\t\t<\/div>\n\t\t\t\t<\/div>\n\t\t\t\t<\/div>\n\t\t","protected":false},"excerpt":{"rendered":"<p>Contacte-nos O nosso objetivo \u00e9 responder no prazo de algumas horas Torn\u00e1mos o contacto com a nossa equipa t\u00e3o f\u00e1cil<\/p>\n","protected":false},"author":1,"featured_media":0,"parent":0,"menu_order":0,"comment_status":"closed","ping_status":"closed","template":"","meta":{"_acf_changed":false,"footnotes":""},"class_list":["post-13331","page","type-page","status-publish","hentry"],"acf":[],"yoast_head":"<!-- This site is optimized with the Yoast SEO Premium plugin v23.5 (Yoast SEO v25.0) - https:\/\/yoast.com\/wordpress\/plugins\/seo\/ -->\n<title>Contacte-nos | Natural Treats<\/title>\n<meta name=\"description\" content=\"Pode contactar a nossa equipa quer atrav\u00e9s de chat ao vivo, e-mail, WhatsApp ou Facebook messenger. O nosso objectivo \u00e9 responder dentro de algumas horas.\" \/>\n<meta name=\"robots\" content=\"index, follow, max-snippet:-1, max-image-preview:large, max-video-preview:-1\" \/>\n<link rel=\"canonical\" href=\"https:\/\/naturaltreats.eu\/pt-pt\/contactar-nos\/\" \/>\n<meta property=\"og:locale\" content=\"pt_PT\" \/>\n<meta property=\"og:type\" content=\"article\" \/>\n<meta property=\"og:title\" content=\"Contacte-nos\" \/>\n<meta property=\"og:description\" content=\"Pode contactar a nossa equipa quer atrav\u00e9s de chat ao vivo, e-mail, WhatsApp ou Facebook messenger. O nosso objectivo \u00e9 responder dentro de algumas horas.\" \/>\n<meta property=\"og:url\" content=\"https:\/\/naturaltreats.eu\/pt-pt\/contactar-nos\/\" \/>\n<meta property=\"og:site_name\" content=\"Natural Treats\" \/>\n<meta property=\"article:publisher\" content=\"https:\/\/facebook.com\/naturaltreatseu\" \/>\n<meta property=\"article:modified_time\" content=\"2024-12-30T11:58:58+00:00\" \/>\n<meta name=\"twitter:card\" content=\"summary_large_image\" \/>\n<script type=\"application\/ld+json\" class=\"yoast-schema-graph\">{\"@context\":\"https:\/\/schema.org\",\"@graph\":[{\"@type\":\"WebPage\",\"@id\":\"https:\/\/naturaltreats.eu\/pt-pt\/contactar-nos\/\",\"url\":\"https:\/\/naturaltreats.eu\/pt-pt\/contactar-nos\/\",\"name\":\"Contacte-nos | Natural Treats\",\"isPartOf\":{\"@id\":\"https:\/\/naturaltreats.eu\/pt-pt\/#website\"},\"datePublished\":\"2021-09-03T12:12:59+00:00\",\"dateModified\":\"2024-12-30T11:58:58+00:00\",\"description\":\"Pode contactar a nossa equipa quer atrav\u00e9s de chat ao vivo, e-mail, WhatsApp ou Facebook messenger. O nosso objectivo \u00e9 responder dentro de algumas horas.\",\"breadcrumb\":{\"@id\":\"https:\/\/naturaltreats.eu\/pt-pt\/contactar-nos\/#breadcrumb\"},\"inLanguage\":\"pt-PT\",\"potentialAction\":[{\"@type\":\"ReadAction\",\"target\":[\"https:\/\/naturaltreats.eu\/pt-pt\/contactar-nos\/\"]}]},{\"@type\":\"BreadcrumbList\",\"@id\":\"https:\/\/naturaltreats.eu\/pt-pt\/contactar-nos\/#breadcrumb\",\"itemListElement\":[{\"@type\":\"ListItem\",\"position\":1,\"name\":\"Home\",\"item\":\"https:\/\/naturaltreats.eu\/pt-pt\/casa\/\"},{\"@type\":\"ListItem\",\"position\":2,\"name\":\"Contacte-nos\"}]},{\"@type\":\"WebSite\",\"@id\":\"https:\/\/naturaltreats.eu\/pt-pt\/#website\",\"url\":\"https:\/\/naturaltreats.eu\/pt-pt\/\",\"name\":\"Natural Treats\",\"description\":\"Best Rated Natural Dog Treats In Europe\",\"publisher\":{\"@id\":\"https:\/\/naturaltreats.eu\/pt-pt\/#organization\"},\"potentialAction\":[{\"@type\":\"SearchAction\",\"target\":{\"@type\":\"EntryPoint\",\"urlTemplate\":\"https:\/\/naturaltreats.eu\/pt-pt\/?s={search_term_string}\"},\"query-input\":{\"@type\":\"PropertyValueSpecification\",\"valueRequired\":true,\"valueName\":\"search_term_string\"}}],\"inLanguage\":\"pt-PT\"},{\"@type\":\"Organization\",\"@id\":\"https:\/\/naturaltreats.eu\/pt-pt\/#organization\",\"name\":\"Natural Treats\",\"url\":\"https:\/\/naturaltreats.eu\/pt-pt\/\",\"logo\":{\"@type\":\"ImageObject\",\"inLanguage\":\"pt-PT\",\"@id\":\"https:\/\/naturaltreats.eu\/pt-pt\/#\/schema\/logo\/image\/\",\"url\":\"https:\/\/naturaltreats.eu\/wp-content\/uploads\/2020\/08\/social.jpg\",\"contentUrl\":\"https:\/\/naturaltreats.eu\/wp-content\/uploads\/2020\/08\/social.jpg\",\"width\":1000,\"height\":1000,\"caption\":\"Natural Treats\"},\"image\":{\"@id\":\"https:\/\/naturaltreats.eu\/pt-pt\/#\/schema\/logo\/image\/\"},\"sameAs\":[\"https:\/\/facebook.com\/naturaltreatseu\",\"https:\/\/instagram.com\/naturaltreatseu\"]}]}<\/script>\n<!-- \/ Yoast SEO Premium plugin. -->","yoast_head_json":{"title":"Contacte-nos | Natural Treats","description":"Pode contactar a nossa equipa quer atrav\u00e9s de chat ao vivo, e-mail, WhatsApp ou Facebook messenger. O nosso objectivo \u00e9 responder dentro de algumas horas.","robots":{"index":"index","follow":"follow","max-snippet":"max-snippet:-1","max-image-preview":"max-image-preview:large","max-video-preview":"max-video-preview:-1"},"canonical":"https:\/\/naturaltreats.eu\/pt-pt\/contactar-nos\/","og_locale":"pt_PT","og_type":"article","og_title":"Contacte-nos","og_description":"Pode contactar a nossa equipa quer atrav\u00e9s de chat ao vivo, e-mail, WhatsApp ou Facebook messenger. O nosso objectivo \u00e9 responder dentro de algumas horas.","og_url":"https:\/\/naturaltreats.eu\/pt-pt\/contactar-nos\/","og_site_name":"Natural Treats","article_publisher":"https:\/\/facebook.com\/naturaltreatseu","article_modified_time":"2024-12-30T11:58:58+00:00","twitter_card":"summary_large_image","schema":{"@context":"https:\/\/schema.org","@graph":[{"@type":"WebPage","@id":"https:\/\/naturaltreats.eu\/pt-pt\/contactar-nos\/","url":"https:\/\/naturaltreats.eu\/pt-pt\/contactar-nos\/","name":"Contacte-nos | Natural Treats","isPartOf":{"@id":"https:\/\/naturaltreats.eu\/pt-pt\/#website"},"datePublished":"2021-09-03T12:12:59+00:00","dateModified":"2024-12-30T11:58:58+00:00","description":"Pode contactar a nossa equipa quer atrav\u00e9s de chat ao vivo, e-mail, WhatsApp ou Facebook messenger. O nosso objectivo \u00e9 responder dentro de algumas horas.","breadcrumb":{"@id":"https:\/\/naturaltreats.eu\/pt-pt\/contactar-nos\/#breadcrumb"},"inLanguage":"pt-PT","potentialAction":[{"@type":"ReadAction","target":["https:\/\/naturaltreats.eu\/pt-pt\/contactar-nos\/"]}]},{"@type":"BreadcrumbList","@id":"https:\/\/naturaltreats.eu\/pt-pt\/contactar-nos\/#breadcrumb","itemListElement":[{"@type":"ListItem","position":1,"name":"Home","item":"https:\/\/naturaltreats.eu\/pt-pt\/casa\/"},{"@type":"ListItem","position":2,"name":"Contacte-nos"}]},{"@type":"WebSite","@id":"https:\/\/naturaltreats.eu\/pt-pt\/#website","url":"https:\/\/naturaltreats.eu\/pt-pt\/","name":"Natural Treats","description":"Best Rated Natural Dog Treats In Europe","publisher":{"@id":"https:\/\/naturaltreats.eu\/pt-pt\/#organization"},"potentialAction":[{"@type":"SearchAction","target":{"@type":"EntryPoint","urlTemplate":"https:\/\/naturaltreats.eu\/pt-pt\/?s={search_term_string}"},"query-input":{"@type":"PropertyValueSpecification","valueRequired":true,"valueName":"search_term_string"}}],"inLanguage":"pt-PT"},{"@type":"Organization","@id":"https:\/\/naturaltreats.eu\/pt-pt\/#organization","name":"Natural Treats","url":"https:\/\/naturaltreats.eu\/pt-pt\/","logo":{"@type":"ImageObject","inLanguage":"pt-PT","@id":"https:\/\/naturaltreats.eu\/pt-pt\/#\/schema\/logo\/image\/","url":"https:\/\/naturaltreats.eu\/wp-content\/uploads\/2020\/08\/social.jpg","contentUrl":"https:\/\/naturaltreats.eu\/wp-content\/uploads\/2020\/08\/social.jpg","width":1000,"height":1000,"caption":"Natural Treats"},"image":{"@id":"https:\/\/naturaltreats.eu\/pt-pt\/#\/schema\/logo\/image\/"},"sameAs":["https:\/\/facebook.com\/naturaltreatseu","https:\/\/instagram.com\/naturaltreatseu"]}]}},"_links":{"self":[{"href":"https:\/\/naturaltreats.eu\/pt-pt\/wp-json\/wp\/v2\/pages\/13331","targetHints":{"allow":["GET"]}}],"collection":[{"href":"https:\/\/naturaltreats.eu\/pt-pt\/wp-json\/wp\/v2\/pages"}],"about":[{"href":"https:\/\/naturaltreats.eu\/pt-pt\/wp-json\/wp\/v2\/types\/page"}],"author":[{"embeddable":true,"href":"https:\/\/naturaltreats.eu\/pt-pt\/wp-json\/wp\/v2\/users\/1"}],"replies":[{"embeddable":true,"href":"https:\/\/naturaltreats.eu\/pt-pt\/wp-json\/wp\/v2\/comments?post=13331"}],"version-history":[{"count":29,"href":"https:\/\/naturaltreats.eu\/pt-pt\/wp-json\/wp\/v2\/pages\/13331\/revisions"}],"predecessor-version":[{"id":73227,"href":"https:\/\/naturaltreats.eu\/pt-pt\/wp-json\/wp\/v2\/pages\/13331\/revisions\/73227"}],"wp:attachment":[{"href":"https:\/\/naturaltreats.eu\/pt-pt\/wp-json\/wp\/v2\/media?parent=13331"}],"curies":[{"name":"wp","href":"https:\/\/api.w.org\/{rel}","templated":true}]}}