{"id":31293,"date":"2022-08-06T15:18:43","date_gmt":"2022-08-06T13:18:43","guid":{"rendered":"https:\/\/naturaltreats.eu\/area-de-afiliados\/pedir-um-cupao\/"},"modified":"2024-12-23T21:13:16","modified_gmt":"2024-12-23T20:13:16","slug":"apply-for-a-coupon","status":"publish","type":"page","link":"https:\/\/naturaltreats.eu\/pt-pt\/area-de-afiliados\/apply-for-a-coupon\/","title":{"rendered":"Pedir um cup\u00e3o"},"content":{"rendered":"\t\t<div data-elementor-type=\"wp-page\" data-elementor-id=\"31293\" class=\"elementor elementor-31293 elementor-31262\" data-elementor-post-type=\"page\">\n\t\t\t\t<div class=\"wd-negative-gap elementor-element elementor-element-a69048b wd-section-stretch e-flex e-con-boxed e-con e-parent\" data-id=\"a69048b\" data-element_type=\"container\" data-e-type=\"container\">\n\t\t\t\t\t<div class=\"e-con-inner\">\n\t\t<div class=\"elementor-element elementor-element-c9b527d e-con-full e-flex e-con e-child\" data-id=\"c9b527d\" data-element_type=\"container\" data-e-type=\"container\">\n\t\t\t\t<div class=\"elementor-element elementor-element-22dc75d elementor-widget elementor-widget-heading\" data-id=\"22dc75d\" data-element_type=\"widget\" data-e-type=\"widget\" data-widget_type=\"heading.default\">\n\t\t\t\t<div class=\"elementor-widget-container\">\n\t\t\t\t\t<h1 class=\"elementor-heading-title elementor-size-default\">Cup\u00f5es de Embaixador<\/h1>\t\t\t\t<\/div>\n\t\t\t\t<\/div>\n\t\t\t\t<div class=\"elementor-element elementor-element-10dd097 elementor-widget elementor-widget-heading\" data-id=\"10dd097\" data-element_type=\"widget\" data-e-type=\"widget\" data-widget_type=\"heading.default\">\n\t\t\t\t<div class=\"elementor-widget-container\">\n\t\t\t\t\t<h2 class=\"elementor-heading-title elementor-size-default\">Pedir um cup\u00e3o personalizado<\/h2>\t\t\t\t<\/div>\n\t\t\t\t<\/div>\n\t\t\t\t<\/div>\n\t\t\t\t\t<\/div>\n\t\t\t\t<\/div>\n\t\t<div class=\"elementor-element elementor-element-af528f3 wd-section-stretch e-flex e-con-boxed e-con e-parent\" data-id=\"af528f3\" data-element_type=\"container\" data-e-type=\"container\">\n\t\t\t\t\t<div class=\"e-con-inner\">\n\t\t<div class=\"elementor-element elementor-element-4292a9f e-con-full e-flex e-con e-child\" data-id=\"4292a9f\" data-element_type=\"container\" data-e-type=\"container\">\n\t\t\t\t<div class=\"elementor-element elementor-element-98c9dc5 color-scheme-inherit text-left elementor-widget elementor-widget-text-editor\" data-id=\"98c9dc5\" data-element_type=\"widget\" data-e-type=\"widget\" data-widget_type=\"text-editor.default\">\n\t\t\t\t<div class=\"elementor-widget-container\">\n\t\t\t\t\t\t\t\t\t<p>Se for embaixador, pode solicitar um c\u00f3digo de cup\u00e3o para partilhar com os seus seguidores. Este c\u00f3digo de cup\u00e3o dar\u00e1 aos seus seguidores 10% de desconto e quando eles usarem este c\u00f3digo, ganhar\u00e1 10% de cr\u00e9dito da loja.<\/p>\n<p>Pode escolher o c\u00f3digo que deseja. A maioria das pessoas usa o nome do seu c\u00e3o.<\/p>\n\t\t\t\t\t\t\t\t<\/div>\n\t\t\t\t<\/div>\n\t\t\t\t<div class=\"elementor-element elementor-element-3eb5650 elementor-button-align-stretch elementor-widget elementor-widget-form\" data-id=\"3eb5650\" data-element_type=\"widget\" data-e-type=\"widget\" data-settings=\"{&quot;step_next_label&quot;:&quot;Pr\\u00f3ximo&quot;,&quot;step_previous_label&quot;:&quot;Anterior&quot;,&quot;button_width&quot;:&quot;100&quot;,&quot;step_type&quot;:&quot;number_text&quot;,&quot;step_icon_shape&quot;:&quot;circle&quot;}\" data-widget_type=\"form.default\">\n\t\t\t\t<div class=\"elementor-widget-container\">\n\t\t\t\t\t\t\t<form class=\"elementor-form\" method=\"post\" name=\"Novo formul\u00e1rio\" aria-label=\"Novo formul\u00e1rio\">\n\t\t\t<input type=\"hidden\" name=\"post_id\" value=\"31293\"\/>\n\t\t\t<input type=\"hidden\" name=\"form_id\" value=\"3eb5650\"\/>\n\t\t\t<input type=\"hidden\" name=\"referer_title\" value=\"Pedir um cup\u00e3o | Natural Treats\" \/>\n\n\t\t\t\t\t\t\t<input type=\"hidden\" name=\"queried_id\" value=\"31293\"\/>\n\t\t\t\n\t\t\t<div class=\"elementor-form-fields-wrapper elementor-labels-above\">\n\t\t\t\t\t\t\t\t<div class=\"elementor-field-type-text elementor-field-group elementor-column elementor-field-group-name elementor-col-100 elementor-field-required\">\n\t\t\t\t\t\t\t\t\t\t\t\t<label for=\"form-field-name\" class=\"elementor-field-label\">\n\t\t\t\t\t\t\t\tID do filiado\t\t\t\t\t\t\t<\/label>\n\t\t\t\t\t\t\t\t\t\t\t\t\t\t<input size=\"1\" type=\"text\" name=\"form_fields[name]\" id=\"form-field-name\" class=\"elementor-field elementor-size-md  elementor-field-textual\" placeholder=\"ID do filiado\" required=\"required\">\n\t\t\t\t\t\t\t\t\t\t\t<\/div>\n\t\t\t\t\t\t\t\t<div class=\"elementor-field-type-email elementor-field-group elementor-column elementor-field-group-email elementor-col-100 elementor-field-required\">\n\t\t\t\t\t\t\t\t\t\t\t\t<label for=\"form-field-email\" class=\"elementor-field-label\">\n\t\t\t\t\t\t\t\tEmail da conta\t\t\t\t\t\t\t<\/label>\n\t\t\t\t\t\t\t\t\t\t\t\t\t\t<input size=\"1\" type=\"email\" name=\"form_fields[email]\" id=\"form-field-email\" class=\"elementor-field elementor-size-md  elementor-field-textual\" placeholder=\"Email da conta\" required=\"required\">\n\t\t\t\t\t\t\t\t\t\t\t<\/div>\n\t\t\t\t\t\t\t\t<div class=\"elementor-field-type-text elementor-field-group elementor-column elementor-field-group-message elementor-col-100 elementor-field-required\">\n\t\t\t\t\t\t\t\t\t\t\t\t<label for=\"form-field-message\" class=\"elementor-field-label\">\n\t\t\t\t\t\t\t\tC\u00f3digo do cup\u00e3o\t\t\t\t\t\t\t<\/label>\n\t\t\t\t\t\t\t\t\t\t\t\t\t\t<input size=\"1\" type=\"text\" name=\"form_fields[message]\" id=\"form-field-message\" class=\"elementor-field elementor-size-md  elementor-field-textual\" placeholder=\"C\u00f3digo do cup\u00e3o\" required=\"required\">\n\t\t\t\t\t\t\t\t\t\t\t<\/div>\n\t\t\t\t\t\t\t\t<div class=\"elementor-field-group elementor-column elementor-field-type-submit elementor-col-100 e-form__buttons\">\n\t\t\t\t\t<button class=\"elementor-button elementor-size-md\" type=\"submit\">\n\t\t\t\t\t\t<span class=\"elementor-button-content-wrapper\">\n\t\t\t\t\t\t\t\t\t\t\t\t\t\t\t\t\t\t\t\t\t\t<span class=\"elementor-button-text\">Enviar<\/span>\n\t\t\t\t\t\t\t\t\t\t\t\t\t<\/span>\n\t\t\t\t\t<\/button>\n\t\t\t\t<\/div>\n\t\t\t<\/div>\n\t\t<\/form>\n\t\t\t\t\t\t<\/div>\n\t\t\t\t<\/div>\n\t\t\t\t<div class=\"elementor-element elementor-element-2835d51 color-scheme-inherit text-left elementor-widget elementor-widget-text-editor\" data-id=\"2835d51\" data-element_type=\"widget\" data-e-type=\"widget\" data-widget_type=\"text-editor.default\">\n\t\t\t\t<div class=\"elementor-widget-container\">\n\t\t\t\t\t\t\t\t\t<p>Lembre-se, n\u00e3o pode utilizar cup\u00f5es para si pr\u00f3prio. O cup\u00e3o ser\u00e1 ligado \u00e0 sua conta para que possa ganhar cr\u00e9dito na loja.<\/p>\n<p>Se precisar de ajuda, por favor <a href=\"https:\/\/naturaltreats.eu\/pt-pt\/contacte-nos\/\">contacte-nos<\/a>.<\/p>\n\t\t\t\t\t\t\t\t<\/div>\n\t\t\t\t<\/div>\n\t\t\t\t<\/div>\n\t\t\t\t\t<\/div>\n\t\t\t\t<\/div>\n\t\t\t\t<\/div>\n\t\t","protected":false},"excerpt":{"rendered":"<p>Cup\u00f5es de Embaixador Pedir um cup\u00e3o personalizado Se for embaixador, pode solicitar um c\u00f3digo de cup\u00e3o para partilhar com os<\/p>\n","protected":false},"author":1,"featured_media":31109,"parent":15163,"menu_order":0,"comment_status":"closed","ping_status":"closed","template":"","meta":{"_acf_changed":false,"footnotes":""},"class_list":["post-31293","page","type-page","status-publish","has-post-thumbnail","hentry"],"acf":[],"yoast_head":"<!-- This site is optimized with the Yoast SEO Premium plugin v23.5 (Yoast SEO v25.0) - https:\/\/yoast.com\/wordpress\/plugins\/seo\/ -->\n<title>Pedir um cup\u00e3o | Natural Treats<\/title>\n<meta name=\"description\" content=\"Se for embaixador, pode solicitar um c\u00f3digo de cup\u00e3o para partilhar com os seus seguidores. Este c\u00f3digo de cup\u00e3o dar\u00e1 aos seus seguidores 10% de desconto e quando eles usarem este c\u00f3digo, ganhar\u00e1 10% de cr\u00e9dito da loja.\" \/>\n<meta name=\"robots\" content=\"noindex, follow\" \/>\n<meta property=\"og:locale\" content=\"pt_PT\" \/>\n<meta property=\"og:type\" content=\"article\" \/>\n<meta property=\"og:title\" content=\"Pedir um cup\u00e3o\" \/>\n<meta property=\"og:description\" content=\"Se for embaixador, pode solicitar um c\u00f3digo de cup\u00e3o para partilhar com os seus seguidores. Este c\u00f3digo de cup\u00e3o dar\u00e1 aos seus seguidores 10% de desconto e quando eles usarem este c\u00f3digo, ganhar\u00e1 10% de cr\u00e9dito da loja.\" \/>\n<meta property=\"og:url\" content=\"https:\/\/naturaltreats.eu\/pt-pt\/area-de-afiliados\/apply-for-a-coupon\/\" \/>\n<meta property=\"og:site_name\" content=\"Natural Treats\" \/>\n<meta property=\"article:publisher\" content=\"https:\/\/facebook.com\/naturaltreatseu\" \/>\n<meta property=\"article:modified_time\" content=\"2024-12-23T20:13:16+00:00\" \/>\n<meta property=\"og:image\" content=\"https:\/\/naturaltreats.eu\/wp-content\/uploads\/2022\/08\/giphy-2.gif\" \/>\n\t<meta property=\"og:image:width\" content=\"300\" \/>\n\t<meta property=\"og:image:height\" content=\"300\" \/>\n\t<meta property=\"og:image:type\" content=\"image\/gif\" \/>\n<meta name=\"twitter:card\" content=\"summary_large_image\" \/>\n<meta name=\"twitter:label1\" content=\"Tempo estimado de leitura\" \/>\n\t<meta name=\"twitter:data1\" content=\"1 minuto\" \/>\n<script type=\"application\/ld+json\" class=\"yoast-schema-graph\">{\"@context\":\"https:\/\/schema.org\",\"@graph\":[{\"@type\":\"WebPage\",\"@id\":\"https:\/\/naturaltreats.eu\/pt-pt\/area-de-afiliados\/apply-for-a-coupon\/\",\"url\":\"https:\/\/naturaltreats.eu\/pt-pt\/area-de-afiliados\/apply-for-a-coupon\/\",\"name\":\"Pedir um cup\u00e3o | Natural Treats\",\"isPartOf\":{\"@id\":\"https:\/\/naturaltreats.eu\/pt-pt\/#website\"},\"primaryImageOfPage\":{\"@id\":\"https:\/\/naturaltreats.eu\/pt-pt\/area-de-afiliados\/apply-for-a-coupon\/#primaryimage\"},\"image\":{\"@id\":\"https:\/\/naturaltreats.eu\/pt-pt\/area-de-afiliados\/apply-for-a-coupon\/#primaryimage\"},\"thumbnailUrl\":\"https:\/\/naturaltreats.eu\/wp-content\/uploads\/2022\/08\/giphy-2.gif\",\"datePublished\":\"2022-08-06T13:18:43+00:00\",\"dateModified\":\"2024-12-23T20:13:16+00:00\",\"description\":\"Se for embaixador, pode solicitar um c\u00f3digo de cup\u00e3o para partilhar com os seus seguidores. Este c\u00f3digo de cup\u00e3o dar\u00e1 aos seus seguidores 10% de desconto e quando eles usarem este c\u00f3digo, ganhar\u00e1 10% de cr\u00e9dito da loja.\",\"breadcrumb\":{\"@id\":\"https:\/\/naturaltreats.eu\/pt-pt\/area-de-afiliados\/apply-for-a-coupon\/#breadcrumb\"},\"inLanguage\":\"pt-PT\",\"potentialAction\":[{\"@type\":\"ReadAction\",\"target\":[\"https:\/\/naturaltreats.eu\/pt-pt\/area-de-afiliados\/apply-for-a-coupon\/\"]}]},{\"@type\":\"ImageObject\",\"inLanguage\":\"pt-PT\",\"@id\":\"https:\/\/naturaltreats.eu\/pt-pt\/area-de-afiliados\/apply-for-a-coupon\/#primaryimage\",\"url\":\"https:\/\/naturaltreats.eu\/wp-content\/uploads\/2022\/08\/giphy-2.gif\",\"contentUrl\":\"https:\/\/naturaltreats.eu\/wp-content\/uploads\/2022\/08\/giphy-2.gif\",\"width\":300,\"height\":300,\"caption\":\"Dog gif\"},{\"@type\":\"BreadcrumbList\",\"@id\":\"https:\/\/naturaltreats.eu\/pt-pt\/area-de-afiliados\/apply-for-a-coupon\/#breadcrumb\",\"itemListElement\":[{\"@type\":\"ListItem\",\"position\":1,\"name\":\"Home\",\"item\":\"https:\/\/naturaltreats.eu\/pt-pt\/casa\/\"},{\"@type\":\"ListItem\",\"position\":2,\"name\":\"\u00c1rea de afiliados\",\"item\":\"https:\/\/naturaltreats.eu\/pt-pt\/area-de-afiliados\/\"},{\"@type\":\"ListItem\",\"position\":3,\"name\":\"Pedir um cup\u00e3o\"}]},{\"@type\":\"WebSite\",\"@id\":\"https:\/\/naturaltreats.eu\/pt-pt\/#website\",\"url\":\"https:\/\/naturaltreats.eu\/pt-pt\/\",\"name\":\"Natural Treats\",\"description\":\"Best Rated Natural Dog Treats In Europe\",\"publisher\":{\"@id\":\"https:\/\/naturaltreats.eu\/pt-pt\/#organization\"},\"potentialAction\":[{\"@type\":\"SearchAction\",\"target\":{\"@type\":\"EntryPoint\",\"urlTemplate\":\"https:\/\/naturaltreats.eu\/pt-pt\/?s={search_term_string}\"},\"query-input\":{\"@type\":\"PropertyValueSpecification\",\"valueRequired\":true,\"valueName\":\"search_term_string\"}}],\"inLanguage\":\"pt-PT\"},{\"@type\":\"Organization\",\"@id\":\"https:\/\/naturaltreats.eu\/pt-pt\/#organization\",\"name\":\"Natural Treats\",\"url\":\"https:\/\/naturaltreats.eu\/pt-pt\/\",\"logo\":{\"@type\":\"ImageObject\",\"inLanguage\":\"pt-PT\",\"@id\":\"https:\/\/naturaltreats.eu\/pt-pt\/#\/schema\/logo\/image\/\",\"url\":\"https:\/\/naturaltreats.eu\/wp-content\/uploads\/2020\/08\/social.jpg\",\"contentUrl\":\"https:\/\/naturaltreats.eu\/wp-content\/uploads\/2020\/08\/social.jpg\",\"width\":1000,\"height\":1000,\"caption\":\"Natural Treats\"},\"image\":{\"@id\":\"https:\/\/naturaltreats.eu\/pt-pt\/#\/schema\/logo\/image\/\"},\"sameAs\":[\"https:\/\/facebook.com\/naturaltreatseu\",\"https:\/\/instagram.com\/naturaltreatseu\"]}]}<\/script>\n<!-- \/ Yoast SEO Premium plugin. -->","yoast_head_json":{"title":"Pedir um cup\u00e3o | Natural Treats","description":"Se for embaixador, pode solicitar um c\u00f3digo de cup\u00e3o para partilhar com os seus seguidores. Este c\u00f3digo de cup\u00e3o dar\u00e1 aos seus seguidores 10% de desconto e quando eles usarem este c\u00f3digo, ganhar\u00e1 10% de cr\u00e9dito da loja.","robots":{"index":"noindex","follow":"follow"},"og_locale":"pt_PT","og_type":"article","og_title":"Pedir um cup\u00e3o","og_description":"Se for embaixador, pode solicitar um c\u00f3digo de cup\u00e3o para partilhar com os seus seguidores. Este c\u00f3digo de cup\u00e3o dar\u00e1 aos seus seguidores 10% de desconto e quando eles usarem este c\u00f3digo, ganhar\u00e1 10% de cr\u00e9dito da loja.","og_url":"https:\/\/naturaltreats.eu\/pt-pt\/area-de-afiliados\/apply-for-a-coupon\/","og_site_name":"Natural Treats","article_publisher":"https:\/\/facebook.com\/naturaltreatseu","article_modified_time":"2024-12-23T20:13:16+00:00","og_image":[{"url":"https:\/\/naturaltreats.eu\/wp-content\/uploads\/2022\/08\/giphy-2.gif","width":300,"height":300,"type":"image\/gif"}],"twitter_card":"summary_large_image","twitter_misc":{"Tempo estimado de leitura":"1 minuto"},"schema":{"@context":"https:\/\/schema.org","@graph":[{"@type":"WebPage","@id":"https:\/\/naturaltreats.eu\/pt-pt\/area-de-afiliados\/apply-for-a-coupon\/","url":"https:\/\/naturaltreats.eu\/pt-pt\/area-de-afiliados\/apply-for-a-coupon\/","name":"Pedir um cup\u00e3o | Natural Treats","isPartOf":{"@id":"https:\/\/naturaltreats.eu\/pt-pt\/#website"},"primaryImageOfPage":{"@id":"https:\/\/naturaltreats.eu\/pt-pt\/area-de-afiliados\/apply-for-a-coupon\/#primaryimage"},"image":{"@id":"https:\/\/naturaltreats.eu\/pt-pt\/area-de-afiliados\/apply-for-a-coupon\/#primaryimage"},"thumbnailUrl":"https:\/\/naturaltreats.eu\/wp-content\/uploads\/2022\/08\/giphy-2.gif","datePublished":"2022-08-06T13:18:43+00:00","dateModified":"2024-12-23T20:13:16+00:00","description":"Se for embaixador, pode solicitar um c\u00f3digo de cup\u00e3o para partilhar com os seus seguidores. Este c\u00f3digo de cup\u00e3o dar\u00e1 aos seus seguidores 10% de desconto e quando eles usarem este c\u00f3digo, ganhar\u00e1 10% de cr\u00e9dito da loja.","breadcrumb":{"@id":"https:\/\/naturaltreats.eu\/pt-pt\/area-de-afiliados\/apply-for-a-coupon\/#breadcrumb"},"inLanguage":"pt-PT","potentialAction":[{"@type":"ReadAction","target":["https:\/\/naturaltreats.eu\/pt-pt\/area-de-afiliados\/apply-for-a-coupon\/"]}]},{"@type":"ImageObject","inLanguage":"pt-PT","@id":"https:\/\/naturaltreats.eu\/pt-pt\/area-de-afiliados\/apply-for-a-coupon\/#primaryimage","url":"https:\/\/naturaltreats.eu\/wp-content\/uploads\/2022\/08\/giphy-2.gif","contentUrl":"https:\/\/naturaltreats.eu\/wp-content\/uploads\/2022\/08\/giphy-2.gif","width":300,"height":300,"caption":"Dog gif"},{"@type":"BreadcrumbList","@id":"https:\/\/naturaltreats.eu\/pt-pt\/area-de-afiliados\/apply-for-a-coupon\/#breadcrumb","itemListElement":[{"@type":"ListItem","position":1,"name":"Home","item":"https:\/\/naturaltreats.eu\/pt-pt\/casa\/"},{"@type":"ListItem","position":2,"name":"\u00c1rea de afiliados","item":"https:\/\/naturaltreats.eu\/pt-pt\/area-de-afiliados\/"},{"@type":"ListItem","position":3,"name":"Pedir um cup\u00e3o"}]},{"@type":"WebSite","@id":"https:\/\/naturaltreats.eu\/pt-pt\/#website","url":"https:\/\/naturaltreats.eu\/pt-pt\/","name":"Natural Treats","description":"Best Rated Natural Dog Treats In Europe","publisher":{"@id":"https:\/\/naturaltreats.eu\/pt-pt\/#organization"},"potentialAction":[{"@type":"SearchAction","target":{"@type":"EntryPoint","urlTemplate":"https:\/\/naturaltreats.eu\/pt-pt\/?s={search_term_string}"},"query-input":{"@type":"PropertyValueSpecification","valueRequired":true,"valueName":"search_term_string"}}],"inLanguage":"pt-PT"},{"@type":"Organization","@id":"https:\/\/naturaltreats.eu\/pt-pt\/#organization","name":"Natural Treats","url":"https:\/\/naturaltreats.eu\/pt-pt\/","logo":{"@type":"ImageObject","inLanguage":"pt-PT","@id":"https:\/\/naturaltreats.eu\/pt-pt\/#\/schema\/logo\/image\/","url":"https:\/\/naturaltreats.eu\/wp-content\/uploads\/2020\/08\/social.jpg","contentUrl":"https:\/\/naturaltreats.eu\/wp-content\/uploads\/2020\/08\/social.jpg","width":1000,"height":1000,"caption":"Natural Treats"},"image":{"@id":"https:\/\/naturaltreats.eu\/pt-pt\/#\/schema\/logo\/image\/"},"sameAs":["https:\/\/facebook.com\/naturaltreatseu","https:\/\/instagram.com\/naturaltreatseu"]}]}},"_links":{"self":[{"href":"https:\/\/naturaltreats.eu\/pt-pt\/wp-json\/wp\/v2\/pages\/31293","targetHints":{"allow":["GET"]}}],"collection":[{"href":"https:\/\/naturaltreats.eu\/pt-pt\/wp-json\/wp\/v2\/pages"}],"about":[{"href":"https:\/\/naturaltreats.eu\/pt-pt\/wp-json\/wp\/v2\/types\/page"}],"author":[{"embeddable":true,"href":"https:\/\/naturaltreats.eu\/pt-pt\/wp-json\/wp\/v2\/users\/1"}],"replies":[{"embeddable":true,"href":"https:\/\/naturaltreats.eu\/pt-pt\/wp-json\/wp\/v2\/comments?post=31293"}],"version-history":[{"count":7,"href":"https:\/\/naturaltreats.eu\/pt-pt\/wp-json\/wp\/v2\/pages\/31293\/revisions"}],"predecessor-version":[{"id":49492,"href":"https:\/\/naturaltreats.eu\/pt-pt\/wp-json\/wp\/v2\/pages\/31293\/revisions\/49492"}],"up":[{"embeddable":true,"href":"https:\/\/naturaltreats.eu\/pt-pt\/wp-json\/wp\/v2\/pages\/15163"}],"wp:featuredmedia":[{"embeddable":true,"href":"https:\/\/naturaltreats.eu\/pt-pt\/wp-json\/wp\/v2\/media\/31109"}],"wp:attachment":[{"href":"https:\/\/naturaltreats.eu\/pt-pt\/wp-json\/wp\/v2\/media?parent=31293"}],"curies":[{"name":"wp","href":"https:\/\/api.w.org\/{rel}","templated":true}]}}