{"id":13144,"date":"2021-07-27T20:45:57","date_gmt":"2021-09-03T11:47:47","guid":{"rendered":"https:\/\/naturaltreats.eu\/product\/pele-de-bufalo\/"},"modified":"2022-01-16T21:57:50","modified_gmt":"2022-01-16T20:57:50","slug":"pele-de-bufalo","status":"publish","type":"product","link":"https:\/\/naturaltreats.eu\/pt-pt\/product\/pele-de-bufalo\/","title":{"rendered":"Pele de B\u00fafalo"},"content":{"rendered":"<p>Um pouco mais macio do que a pele da carne, mas ainda assim resistente o suficiente para c\u00e3es de tamanho m\u00e9dio e grande.<\/p>\n<p>Com a pele cheia de nutrientes, completamente livre de gr\u00e3os e gl\u00faten e 100% natural, a pele de b\u00fafalo \u00e9 um \u00f3ptimo substituto para os perigosos mastigadores de c\u00e3es de ra\u00e7a rawhide.<\/p>\n<p>Este tratamento \u00e9 baixo em gordura e alto em prote\u00ednas e faz uma fant\u00e1stica mastiga\u00e7\u00e3o dent\u00e1ria natural.<\/p>\n","protected":false},"excerpt":{"rendered":"<p><i class=\"fas fa-circle\"><\/i><i class=\"fas fa-circle\"><\/i><i class=\"fas fa-circle\"><\/i>  | 30g | 1 pe\u00e7a<\/p>\n","protected":false},"featured_media":13145,"template":"","meta":{"_acf_changed":false},"dog-type":[],"ingredients":[],"product_brand":[],"product_cat":[214],"product_tag":[],"class_list":{"0":"post-13144","1":"product","2":"type-product","3":"status-publish","4":"has-post-thumbnail","6":"product_cat-lanches","7":"tm-has-options","9":"first","10":"outofstock","11":"taxable","12":"shipping-taxable","13":"purchasable","14":"product-type-simple"},"bundled_by":[],"bundle_stock_status":"outofstock","bundle_stock_quantity":null,"bundle_virtual":false,"bundle_layout":"","bundle_add_to_cart_form_location":"","bundle_editable_in_cart":false,"bundle_sold_individually_context":"","bundle_item_grouping":"","bundle_min_size":"","bundle_max_size":"","bundle_price":[],"bundled_items":[],"bundle_sell_ids":[],"acf":[],"yoast_head":"<!-- This site is optimized with the Yoast SEO Premium plugin v23.5 (Yoast SEO v25.0) - https:\/\/yoast.com\/wordpress\/plugins\/seo\/ -->\n<title>Pele de B\u00fafalo | Natural Treats<\/title>\n<meta name=\"description\" content=\"Um pouco mais macia do que a pele de b\u00fafalo, mas ainda assim resistente o suficiente para c\u00e3es de tamanho m\u00e9dio e grande, cheia de nutrientes, completamente sem gr\u00e3os e sem gl\u00faten e 100% natural, a pele de b\u00fafalo \u00e9 um \u00f3ptimo substituto para os perigosos mastigadores de c\u00e3es de ra\u00e7a rawhide.\" \/>\n<meta name=\"robots\" content=\"index, follow, max-snippet:-1, max-image-preview:large, max-video-preview:-1\" \/>\n<link rel=\"canonical\" href=\"https:\/\/naturaltreats.eu\/pt-pt\/product\/pele-de-bufalo\/\" \/>\n<meta property=\"og:locale\" content=\"pt_PT\" \/>\n<meta property=\"og:type\" content=\"article\" \/>\n<meta property=\"og:title\" content=\"Pele de B\u00fafalo\" \/>\n<meta property=\"og:description\" content=\"Um pouco mais macia do que a pele de b\u00fafalo, mas ainda assim resistente o suficiente para c\u00e3es de tamanho m\u00e9dio e grande, cheia de nutrientes, completamente sem gr\u00e3os e sem gl\u00faten e 100% natural, a pele de b\u00fafalo \u00e9 um \u00f3ptimo substituto para os perigosos mastigadores de c\u00e3es de ra\u00e7a rawhide.\" \/>\n<meta property=\"og:url\" content=\"https:\/\/naturaltreats.eu\/pt-pt\/product\/pele-de-bufalo\/\" \/>\n<meta property=\"og:site_name\" content=\"Natural Treats\" \/>\n<meta property=\"article:publisher\" content=\"https:\/\/facebook.com\/naturaltreatseu\" \/>\n<meta property=\"article:modified_time\" content=\"2022-01-16T20:57:50+00:00\" \/>\n<meta property=\"og:image\" content=\"https:\/\/naturaltreats.eu\/wp-content\/uploads\/2021\/07\/beefskinstrips.jpeg\" \/>\n\t<meta property=\"og:image:width\" content=\"1080\" \/>\n\t<meta property=\"og:image:height\" content=\"1080\" \/>\n\t<meta property=\"og:image:type\" content=\"image\/jpeg\" \/>\n<meta name=\"twitter:card\" content=\"summary_large_image\" \/>\n<meta name=\"twitter:label1\" content=\"pre\u00e7o\" \/>\n\t<meta name=\"twitter:data1\" content=\"2,00&euro;\" \/>\n\t<meta name=\"twitter:label2\" content=\"Disponibilidade\" \/>\n\t<meta name=\"twitter:data2\" content=\"Esgotado\" \/>\n<script type=\"application\/ld+json\" class=\"yoast-schema-graph\">{\"@context\":\"https:\/\/schema.org\",\"@graph\":[{\"@type\":\"WebPage\",\"@id\":\"https:\/\/naturaltreats.eu\/pt-pt\/product\/pele-de-bufalo\/\",\"url\":\"https:\/\/naturaltreats.eu\/pt-pt\/product\/pele-de-bufalo\/\",\"name\":\"Pele de B\u00fafalo | Natural Treats\",\"isPartOf\":{\"@id\":\"https:\/\/naturaltreats.eu\/pt-pt\/#website\"},\"primaryImageOfPage\":{\"@id\":\"https:\/\/naturaltreats.eu\/pt-pt\/product\/pele-de-bufalo\/#primaryimage\"},\"image\":{\"@id\":\"https:\/\/naturaltreats.eu\/pt-pt\/product\/pele-de-bufalo\/#primaryimage\"},\"thumbnailUrl\":\"https:\/\/naturaltreats.eu\/wp-content\/uploads\/2021\/07\/beefskinstrips.jpeg\",\"datePublished\":\"2021-09-03T11:47:47+00:00\",\"dateModified\":\"2022-01-16T20:57:50+00:00\",\"description\":\"Um pouco mais macia do que a pele de b\u00fafalo, mas ainda assim resistente o suficiente para c\u00e3es de tamanho m\u00e9dio e grande, cheia de nutrientes, completamente sem gr\u00e3os e sem gl\u00faten e 100% natural, a pele de b\u00fafalo \u00e9 um \u00f3ptimo substituto para os perigosos mastigadores de c\u00e3es de ra\u00e7a rawhide.\",\"breadcrumb\":{\"@id\":\"https:\/\/naturaltreats.eu\/pt-pt\/product\/pele-de-bufalo\/#breadcrumb\"},\"inLanguage\":\"pt-PT\",\"potentialAction\":[{\"@type\":\"ReadAction\",\"target\":[\"https:\/\/naturaltreats.eu\/pt-pt\/product\/pele-de-bufalo\/\"]}]},{\"@type\":\"ImageObject\",\"inLanguage\":\"pt-PT\",\"@id\":\"https:\/\/naturaltreats.eu\/pt-pt\/product\/pele-de-bufalo\/#primaryimage\",\"url\":\"https:\/\/naturaltreats.eu\/wp-content\/uploads\/2021\/07\/beefskinstrips.jpeg\",\"contentUrl\":\"https:\/\/naturaltreats.eu\/wp-content\/uploads\/2021\/07\/beefskinstrips.jpeg\",\"width\":1080,\"height\":1080,\"caption\":\"Pele de boi para c\u00e3es\"},{\"@type\":\"BreadcrumbList\",\"@id\":\"https:\/\/naturaltreats.eu\/pt-pt\/product\/pele-de-bufalo\/#breadcrumb\",\"itemListElement\":[{\"@type\":\"ListItem\",\"position\":1,\"name\":\"Home\",\"item\":\"https:\/\/naturaltreats.eu\/pt-pt\/casa\/\"},{\"@type\":\"ListItem\",\"position\":2,\"name\":\"Loja\",\"item\":\"https:\/\/naturaltreats.eu\/pt-pt\/loja\/\"},{\"@type\":\"ListItem\",\"position\":3,\"name\":\"Pele de B\u00fafalo\"}]},{\"@type\":\"WebSite\",\"@id\":\"https:\/\/naturaltreats.eu\/pt-pt\/#website\",\"url\":\"https:\/\/naturaltreats.eu\/pt-pt\/\",\"name\":\"Natural Treats\",\"description\":\"Best Rated Natural Dog Treats In Europe\",\"publisher\":{\"@id\":\"https:\/\/naturaltreats.eu\/pt-pt\/#organization\"},\"potentialAction\":[{\"@type\":\"SearchAction\",\"target\":{\"@type\":\"EntryPoint\",\"urlTemplate\":\"https:\/\/naturaltreats.eu\/pt-pt\/?s={search_term_string}\"},\"query-input\":{\"@type\":\"PropertyValueSpecification\",\"valueRequired\":true,\"valueName\":\"search_term_string\"}}],\"inLanguage\":\"pt-PT\"},{\"@type\":\"Organization\",\"@id\":\"https:\/\/naturaltreats.eu\/pt-pt\/#organization\",\"name\":\"Natural Treats\",\"url\":\"https:\/\/naturaltreats.eu\/pt-pt\/\",\"logo\":{\"@type\":\"ImageObject\",\"inLanguage\":\"pt-PT\",\"@id\":\"https:\/\/naturaltreats.eu\/pt-pt\/#\/schema\/logo\/image\/\",\"url\":\"https:\/\/naturaltreats.eu\/wp-content\/uploads\/2020\/08\/social.jpg\",\"contentUrl\":\"https:\/\/naturaltreats.eu\/wp-content\/uploads\/2020\/08\/social.jpg\",\"width\":1000,\"height\":1000,\"caption\":\"Natural Treats\"},\"image\":{\"@id\":\"https:\/\/naturaltreats.eu\/pt-pt\/#\/schema\/logo\/image\/\"},\"sameAs\":[\"https:\/\/facebook.com\/naturaltreatseu\",\"https:\/\/instagram.com\/naturaltreatseu\"]}]}<\/script>\n<meta property=\"product:price:amount\" content=\"2.00\" \/>\n<meta property=\"product:price:currency\" content=\"EUR\" \/>\n<meta property=\"og:availability\" content=\"out of stock\" \/>\n<meta property=\"product:availability\" content=\"out of stock\" \/>\n<meta property=\"product:condition\" content=\"new\" \/>\n<!-- \/ Yoast SEO Premium plugin. -->","yoast_head_json":{"title":"Pele de B\u00fafalo | Natural Treats","description":"Um pouco mais macia do que a pele de b\u00fafalo, mas ainda assim resistente o suficiente para c\u00e3es de tamanho m\u00e9dio e grande, cheia de nutrientes, completamente sem gr\u00e3os e sem gl\u00faten e 100% natural, a pele de b\u00fafalo \u00e9 um \u00f3ptimo substituto para os perigosos mastigadores de c\u00e3es de ra\u00e7a rawhide.","robots":{"index":"index","follow":"follow","max-snippet":"max-snippet:-1","max-image-preview":"max-image-preview:large","max-video-preview":"max-video-preview:-1"},"canonical":"https:\/\/naturaltreats.eu\/pt-pt\/product\/pele-de-bufalo\/","og_locale":"pt_PT","og_type":"article","og_title":"Pele de B\u00fafalo","og_description":"Um pouco mais macia do que a pele de b\u00fafalo, mas ainda assim resistente o suficiente para c\u00e3es de tamanho m\u00e9dio e grande, cheia de nutrientes, completamente sem gr\u00e3os e sem gl\u00faten e 100% natural, a pele de b\u00fafalo \u00e9 um \u00f3ptimo substituto para os perigosos mastigadores de c\u00e3es de ra\u00e7a rawhide.","og_url":"https:\/\/naturaltreats.eu\/pt-pt\/product\/pele-de-bufalo\/","og_site_name":"Natural Treats","article_publisher":"https:\/\/facebook.com\/naturaltreatseu","article_modified_time":"2022-01-16T20:57:50+00:00","og_image":[{"width":1080,"height":1080,"url":"https:\/\/naturaltreats.eu\/wp-content\/uploads\/2021\/07\/beefskinstrips.jpeg","type":"image\/jpeg"}],"twitter_card":"summary_large_image","twitter_misc":{"pre\u00e7o":"2,00&euro;","Disponibilidade":"Esgotado"},"schema":{"@context":"https:\/\/schema.org","@graph":[{"@type":"WebPage","@id":"https:\/\/naturaltreats.eu\/pt-pt\/product\/pele-de-bufalo\/","url":"https:\/\/naturaltreats.eu\/pt-pt\/product\/pele-de-bufalo\/","name":"Pele de B\u00fafalo | Natural Treats","isPartOf":{"@id":"https:\/\/naturaltreats.eu\/pt-pt\/#website"},"primaryImageOfPage":{"@id":"https:\/\/naturaltreats.eu\/pt-pt\/product\/pele-de-bufalo\/#primaryimage"},"image":{"@id":"https:\/\/naturaltreats.eu\/pt-pt\/product\/pele-de-bufalo\/#primaryimage"},"thumbnailUrl":"https:\/\/naturaltreats.eu\/wp-content\/uploads\/2021\/07\/beefskinstrips.jpeg","datePublished":"2021-09-03T11:47:47+00:00","dateModified":"2022-01-16T20:57:50+00:00","description":"Um pouco mais macia do que a pele de b\u00fafalo, mas ainda assim resistente o suficiente para c\u00e3es de tamanho m\u00e9dio e grande, cheia de nutrientes, completamente sem gr\u00e3os e sem gl\u00faten e 100% natural, a pele de b\u00fafalo \u00e9 um \u00f3ptimo substituto para os perigosos mastigadores de c\u00e3es de ra\u00e7a rawhide.","breadcrumb":{"@id":"https:\/\/naturaltreats.eu\/pt-pt\/product\/pele-de-bufalo\/#breadcrumb"},"inLanguage":"pt-PT","potentialAction":[{"@type":"ReadAction","target":["https:\/\/naturaltreats.eu\/pt-pt\/product\/pele-de-bufalo\/"]}]},{"@type":"ImageObject","inLanguage":"pt-PT","@id":"https:\/\/naturaltreats.eu\/pt-pt\/product\/pele-de-bufalo\/#primaryimage","url":"https:\/\/naturaltreats.eu\/wp-content\/uploads\/2021\/07\/beefskinstrips.jpeg","contentUrl":"https:\/\/naturaltreats.eu\/wp-content\/uploads\/2021\/07\/beefskinstrips.jpeg","width":1080,"height":1080,"caption":"Pele de boi para c\u00e3es"},{"@type":"BreadcrumbList","@id":"https:\/\/naturaltreats.eu\/pt-pt\/product\/pele-de-bufalo\/#breadcrumb","itemListElement":[{"@type":"ListItem","position":1,"name":"Home","item":"https:\/\/naturaltreats.eu\/pt-pt\/casa\/"},{"@type":"ListItem","position":2,"name":"Loja","item":"https:\/\/naturaltreats.eu\/pt-pt\/loja\/"},{"@type":"ListItem","position":3,"name":"Pele de B\u00fafalo"}]},{"@type":"WebSite","@id":"https:\/\/naturaltreats.eu\/pt-pt\/#website","url":"https:\/\/naturaltreats.eu\/pt-pt\/","name":"Natural Treats","description":"Best Rated Natural Dog Treats In Europe","publisher":{"@id":"https:\/\/naturaltreats.eu\/pt-pt\/#organization"},"potentialAction":[{"@type":"SearchAction","target":{"@type":"EntryPoint","urlTemplate":"https:\/\/naturaltreats.eu\/pt-pt\/?s={search_term_string}"},"query-input":{"@type":"PropertyValueSpecification","valueRequired":true,"valueName":"search_term_string"}}],"inLanguage":"pt-PT"},{"@type":"Organization","@id":"https:\/\/naturaltreats.eu\/pt-pt\/#organization","name":"Natural Treats","url":"https:\/\/naturaltreats.eu\/pt-pt\/","logo":{"@type":"ImageObject","inLanguage":"pt-PT","@id":"https:\/\/naturaltreats.eu\/pt-pt\/#\/schema\/logo\/image\/","url":"https:\/\/naturaltreats.eu\/wp-content\/uploads\/2020\/08\/social.jpg","contentUrl":"https:\/\/naturaltreats.eu\/wp-content\/uploads\/2020\/08\/social.jpg","width":1000,"height":1000,"caption":"Natural Treats"},"image":{"@id":"https:\/\/naturaltreats.eu\/pt-pt\/#\/schema\/logo\/image\/"},"sameAs":["https:\/\/facebook.com\/naturaltreatseu","https:\/\/instagram.com\/naturaltreatseu"]}]},"product_price_amount":"2.00","product_price_currency":"EUR","og_availability":"out of stock","product_availability":"out of stock","product_condition":"new"},"_links":{"self":[{"href":"https:\/\/naturaltreats.eu\/pt-pt\/wp-json\/wp\/v2\/product\/13144","targetHints":{"allow":["GET"]}}],"collection":[{"href":"https:\/\/naturaltreats.eu\/pt-pt\/wp-json\/wp\/v2\/product"}],"about":[{"href":"https:\/\/naturaltreats.eu\/pt-pt\/wp-json\/wp\/v2\/types\/product"}],"wp:featuredmedia":[{"embeddable":true,"href":"https:\/\/naturaltreats.eu\/pt-pt\/wp-json\/wp\/v2\/media\/13145"}],"wp:attachment":[{"href":"https:\/\/naturaltreats.eu\/pt-pt\/wp-json\/wp\/v2\/media?parent=13144"}],"wp:term":[{"taxonomy":"dog-type","embeddable":true,"href":"https:\/\/naturaltreats.eu\/pt-pt\/wp-json\/wp\/v2\/dog-type?post=13144"},{"taxonomy":"ingredients","embeddable":true,"href":"https:\/\/naturaltreats.eu\/pt-pt\/wp-json\/wp\/v2\/ingredients?post=13144"},{"taxonomy":"product_brand","embeddable":true,"href":"https:\/\/naturaltreats.eu\/pt-pt\/wp-json\/wp\/v2\/product_brand?post=13144"},{"taxonomy":"product_cat","embeddable":true,"href":"https:\/\/naturaltreats.eu\/pt-pt\/wp-json\/wp\/v2\/product_cat?post=13144"},{"taxonomy":"product_tag","embeddable":true,"href":"https:\/\/naturaltreats.eu\/pt-pt\/wp-json\/wp\/v2\/product_tag?post=13144"}],"curies":[{"name":"wp","href":"https:\/\/api.w.org\/{rel}","templated":true}]}}