{"id":13191,"date":"2021-01-31T11:37:23","date_gmt":"2021-09-03T11:51:22","guid":{"rendered":"https:\/\/naturaltreats.eu\/product\/cauda-de-carne\/"},"modified":"2022-09-25T10:43:31","modified_gmt":"2022-09-25T08:43:31","slug":"cauda-de-vaca","status":"publish","type":"product","link":"https:\/\/naturaltreats.eu\/pt-pt\/product\/cauda-de-vaca\/","title":{"rendered":"Cauda de Vaca"},"content":{"rendered":"<p class=\"p1\">Os rabos de carne de vaca s\u00e3o \u00f3ptimos mastigadores para c\u00e3es com digest\u00f5es sens\u00edveis ou que sofrem de alergias. Tamb\u00e9m s\u00e3o ricos em prote\u00ednas e baixos em gordura. Os nossos mastigadores de cauda de vaca s\u00e3o 100% naturais e foram lentamente secos para produzir uma guloseima que manter\u00e1 o seu c\u00e3o ocupado e s\u00e3o um \u00f3ptimo petisco para entre as refei\u00e7\u00f5es.<\/p>\n<p class=\"p1\">Tamb\u00e9m s\u00e3o inodoros e ajudam a manter os dentes do seu c\u00e3o em forma de topo.<\/p>\n<p>As caudas de carne s\u00e3o incrivelmente baixas em gordura e s\u00e3o cartilagens naturais para c\u00e3es. S\u00e3o excelentes para os m\u00fasculos da mand\u00edbula do seu c\u00e3o. As caudas de carne tamb\u00e9m desempenham um papel fundamental na limpeza das gengivas e dos dentes do seu c\u00e3o. Mastigar caudas de carne de vaca leva ao fortalecimento das gengivas e m\u00fasculos.<\/p>\n","protected":false},"excerpt":{"rendered":"<p><i class=\"fas fa-circle\"><\/i><i class=\"fas fa-circle\"><\/i><i class=\"far fa-circle\"><\/i> | 20g | 1 pe\u00e7a<\/p>\n","protected":false},"featured_media":34050,"template":"","meta":{"_acf_changed":false},"dog-type":[],"ingredients":[],"product_brand":[],"product_cat":[214],"product_tag":[],"class_list":{"0":"post-13191","1":"product","2":"type-product","3":"status-publish","4":"has-post-thumbnail","6":"product_cat-lanches","7":"tm-has-options","9":"first","10":"outofstock","11":"taxable","12":"shipping-taxable","13":"purchasable","14":"product-type-simple"},"bundled_by":[],"bundle_stock_status":"outofstock","bundle_stock_quantity":null,"bundle_virtual":false,"bundle_layout":"","bundle_add_to_cart_form_location":"","bundle_editable_in_cart":false,"bundle_sold_individually_context":"","bundle_item_grouping":"","bundle_min_size":"","bundle_max_size":"","bundle_price":[],"bundled_items":[],"bundle_sell_ids":[],"acf":[],"yoast_head":"<!-- This site is optimized with the Yoast SEO Premium plugin v23.5 (Yoast SEO v25.0) - https:\/\/yoast.com\/wordpress\/plugins\/seo\/ -->\n<title>Cauda de Vaca | Natural Treats<\/title>\n<meta name=\"description\" content=\"Os rabos de carne de vaca s\u00e3o \u00f3ptimos mastigadores para c\u00e3es com digest\u00f5es sens\u00edveis ou que sofrem de alergias. Tamb\u00e9m s\u00e3o ricos em prote\u00ednas e baixos em gordura. Os nossos mastigadores de cauda de vaca s\u00e3o 100% naturais e foram lentamente secos para produzir uma guloseima que manter\u00e1 o seu c\u00e3o ocupado e s\u00e3o um \u00f3ptimo petisco para entre as refei\u00e7\u00f5es.\" \/>\n<meta name=\"robots\" content=\"index, follow, max-snippet:-1, max-image-preview:large, max-video-preview:-1\" \/>\n<link rel=\"canonical\" href=\"https:\/\/naturaltreats.eu\/pt-pt\/product\/cauda-de-vaca\/\" \/>\n<meta property=\"og:locale\" content=\"pt_PT\" \/>\n<meta property=\"og:type\" content=\"article\" \/>\n<meta property=\"og:title\" content=\"Cauda de Vaca\" \/>\n<meta property=\"og:description\" content=\"Os rabos de carne de vaca s\u00e3o \u00f3ptimos mastigadores para c\u00e3es com digest\u00f5es sens\u00edveis ou que sofrem de alergias. Tamb\u00e9m s\u00e3o ricos em prote\u00ednas e baixos em gordura. Os nossos mastigadores de cauda de vaca s\u00e3o 100% naturais e foram lentamente secos para produzir uma guloseima que manter\u00e1 o seu c\u00e3o ocupado e s\u00e3o um \u00f3ptimo petisco para entre as refei\u00e7\u00f5es.\" \/>\n<meta property=\"og:url\" content=\"https:\/\/naturaltreats.eu\/pt-pt\/product\/cauda-de-vaca\/\" \/>\n<meta property=\"og:site_name\" content=\"Natural Treats\" \/>\n<meta property=\"article:publisher\" content=\"https:\/\/facebook.com\/naturaltreatseu\" \/>\n<meta property=\"article:modified_time\" content=\"2022-09-25T08:43:31+00:00\" \/>\n<meta property=\"og:image\" content=\"https:\/\/naturaltreats.eu\/wp-content\/uploads\/2021\/01\/Borwn-tail.jpg\" \/>\n\t<meta property=\"og:image:width\" content=\"1080\" \/>\n\t<meta property=\"og:image:height\" content=\"1080\" \/>\n\t<meta property=\"og:image:type\" content=\"image\/jpeg\" \/>\n<meta name=\"twitter:card\" content=\"summary_large_image\" \/>\n<meta name=\"twitter:label1\" content=\"pre\u00e7o\" \/>\n\t<meta name=\"twitter:data1\" content=\"1,60&euro;\" \/>\n\t<meta name=\"twitter:label2\" content=\"Disponibilidade\" \/>\n\t<meta name=\"twitter:data2\" content=\"Esgotado\" \/>\n<script type=\"application\/ld+json\" class=\"yoast-schema-graph\">{\"@context\":\"https:\/\/schema.org\",\"@graph\":[{\"@type\":\"WebPage\",\"@id\":\"https:\/\/naturaltreats.eu\/pt-pt\/product\/cauda-de-vaca\/\",\"url\":\"https:\/\/naturaltreats.eu\/pt-pt\/product\/cauda-de-vaca\/\",\"name\":\"Cauda de Vaca | Natural Treats\",\"isPartOf\":{\"@id\":\"https:\/\/naturaltreats.eu\/pt-pt\/#website\"},\"primaryImageOfPage\":{\"@id\":\"https:\/\/naturaltreats.eu\/pt-pt\/product\/cauda-de-vaca\/#primaryimage\"},\"image\":{\"@id\":\"https:\/\/naturaltreats.eu\/pt-pt\/product\/cauda-de-vaca\/#primaryimage\"},\"thumbnailUrl\":\"https:\/\/naturaltreats.eu\/wp-content\/uploads\/2021\/01\/Borwn-tail.jpg\",\"datePublished\":\"2021-09-03T11:51:22+00:00\",\"dateModified\":\"2022-09-25T08:43:31+00:00\",\"description\":\"Os rabos de carne de vaca s\u00e3o \u00f3ptimos mastigadores para c\u00e3es com digest\u00f5es sens\u00edveis ou que sofrem de alergias. Tamb\u00e9m s\u00e3o ricos em prote\u00ednas e baixos em gordura. Os nossos mastigadores de cauda de vaca s\u00e3o 100% naturais e foram lentamente secos para produzir uma guloseima que manter\u00e1 o seu c\u00e3o ocupado e s\u00e3o um \u00f3ptimo petisco para entre as refei\u00e7\u00f5es.\",\"breadcrumb\":{\"@id\":\"https:\/\/naturaltreats.eu\/pt-pt\/product\/cauda-de-vaca\/#breadcrumb\"},\"inLanguage\":\"pt-PT\",\"potentialAction\":[{\"@type\":\"ReadAction\",\"target\":[\"https:\/\/naturaltreats.eu\/pt-pt\/product\/cauda-de-vaca\/\"]}]},{\"@type\":\"ImageObject\",\"inLanguage\":\"pt-PT\",\"@id\":\"https:\/\/naturaltreats.eu\/pt-pt\/product\/cauda-de-vaca\/#primaryimage\",\"url\":\"https:\/\/naturaltreats.eu\/wp-content\/uploads\/2021\/01\/Borwn-tail.jpg\",\"contentUrl\":\"https:\/\/naturaltreats.eu\/wp-content\/uploads\/2021\/01\/Borwn-tail.jpg\",\"width\":1080,\"height\":1080,\"caption\":\"Cauda de vaca para c\u00e3es\"},{\"@type\":\"BreadcrumbList\",\"@id\":\"https:\/\/naturaltreats.eu\/pt-pt\/product\/cauda-de-vaca\/#breadcrumb\",\"itemListElement\":[{\"@type\":\"ListItem\",\"position\":1,\"name\":\"Home\",\"item\":\"https:\/\/naturaltreats.eu\/pt-pt\/casa\/\"},{\"@type\":\"ListItem\",\"position\":2,\"name\":\"Loja\",\"item\":\"https:\/\/naturaltreats.eu\/pt-pt\/loja\/\"},{\"@type\":\"ListItem\",\"position\":3,\"name\":\"Cauda de Vaca\"}]},{\"@type\":\"WebSite\",\"@id\":\"https:\/\/naturaltreats.eu\/pt-pt\/#website\",\"url\":\"https:\/\/naturaltreats.eu\/pt-pt\/\",\"name\":\"Natural Treats\",\"description\":\"Best Rated Natural Dog Treats In Europe\",\"publisher\":{\"@id\":\"https:\/\/naturaltreats.eu\/pt-pt\/#organization\"},\"potentialAction\":[{\"@type\":\"SearchAction\",\"target\":{\"@type\":\"EntryPoint\",\"urlTemplate\":\"https:\/\/naturaltreats.eu\/pt-pt\/?s={search_term_string}\"},\"query-input\":{\"@type\":\"PropertyValueSpecification\",\"valueRequired\":true,\"valueName\":\"search_term_string\"}}],\"inLanguage\":\"pt-PT\"},{\"@type\":\"Organization\",\"@id\":\"https:\/\/naturaltreats.eu\/pt-pt\/#organization\",\"name\":\"Natural Treats\",\"url\":\"https:\/\/naturaltreats.eu\/pt-pt\/\",\"logo\":{\"@type\":\"ImageObject\",\"inLanguage\":\"pt-PT\",\"@id\":\"https:\/\/naturaltreats.eu\/pt-pt\/#\/schema\/logo\/image\/\",\"url\":\"https:\/\/naturaltreats.eu\/wp-content\/uploads\/2020\/08\/social.jpg\",\"contentUrl\":\"https:\/\/naturaltreats.eu\/wp-content\/uploads\/2020\/08\/social.jpg\",\"width\":1000,\"height\":1000,\"caption\":\"Natural Treats\"},\"image\":{\"@id\":\"https:\/\/naturaltreats.eu\/pt-pt\/#\/schema\/logo\/image\/\"},\"sameAs\":[\"https:\/\/facebook.com\/naturaltreatseu\",\"https:\/\/instagram.com\/naturaltreatseu\"]}]}<\/script>\n<meta property=\"product:price:amount\" content=\"1.60\" \/>\n<meta property=\"product:price:currency\" content=\"EUR\" \/>\n<meta property=\"og:availability\" content=\"out of stock\" \/>\n<meta property=\"product:availability\" content=\"out of stock\" \/>\n<meta property=\"product:condition\" content=\"new\" \/>\n<!-- \/ Yoast SEO Premium plugin. -->","yoast_head_json":{"title":"Cauda de Vaca | Natural Treats","description":"Os rabos de carne de vaca s\u00e3o \u00f3ptimos mastigadores para c\u00e3es com digest\u00f5es sens\u00edveis ou que sofrem de alergias. Tamb\u00e9m s\u00e3o ricos em prote\u00ednas e baixos em gordura. Os nossos mastigadores de cauda de vaca s\u00e3o 100% naturais e foram lentamente secos para produzir uma guloseima que manter\u00e1 o seu c\u00e3o ocupado e s\u00e3o um \u00f3ptimo petisco para entre as refei\u00e7\u00f5es.","robots":{"index":"index","follow":"follow","max-snippet":"max-snippet:-1","max-image-preview":"max-image-preview:large","max-video-preview":"max-video-preview:-1"},"canonical":"https:\/\/naturaltreats.eu\/pt-pt\/product\/cauda-de-vaca\/","og_locale":"pt_PT","og_type":"article","og_title":"Cauda de Vaca","og_description":"Os rabos de carne de vaca s\u00e3o \u00f3ptimos mastigadores para c\u00e3es com digest\u00f5es sens\u00edveis ou que sofrem de alergias. Tamb\u00e9m s\u00e3o ricos em prote\u00ednas e baixos em gordura. Os nossos mastigadores de cauda de vaca s\u00e3o 100% naturais e foram lentamente secos para produzir uma guloseima que manter\u00e1 o seu c\u00e3o ocupado e s\u00e3o um \u00f3ptimo petisco para entre as refei\u00e7\u00f5es.","og_url":"https:\/\/naturaltreats.eu\/pt-pt\/product\/cauda-de-vaca\/","og_site_name":"Natural Treats","article_publisher":"https:\/\/facebook.com\/naturaltreatseu","article_modified_time":"2022-09-25T08:43:31+00:00","og_image":[{"width":1080,"height":1080,"url":"https:\/\/naturaltreats.eu\/wp-content\/uploads\/2021\/01\/Borwn-tail.jpg","type":"image\/jpeg"}],"twitter_card":"summary_large_image","twitter_misc":{"pre\u00e7o":"1,60&euro;","Disponibilidade":"Esgotado"},"schema":{"@context":"https:\/\/schema.org","@graph":[{"@type":"WebPage","@id":"https:\/\/naturaltreats.eu\/pt-pt\/product\/cauda-de-vaca\/","url":"https:\/\/naturaltreats.eu\/pt-pt\/product\/cauda-de-vaca\/","name":"Cauda de Vaca | Natural Treats","isPartOf":{"@id":"https:\/\/naturaltreats.eu\/pt-pt\/#website"},"primaryImageOfPage":{"@id":"https:\/\/naturaltreats.eu\/pt-pt\/product\/cauda-de-vaca\/#primaryimage"},"image":{"@id":"https:\/\/naturaltreats.eu\/pt-pt\/product\/cauda-de-vaca\/#primaryimage"},"thumbnailUrl":"https:\/\/naturaltreats.eu\/wp-content\/uploads\/2021\/01\/Borwn-tail.jpg","datePublished":"2021-09-03T11:51:22+00:00","dateModified":"2022-09-25T08:43:31+00:00","description":"Os rabos de carne de vaca s\u00e3o \u00f3ptimos mastigadores para c\u00e3es com digest\u00f5es sens\u00edveis ou que sofrem de alergias. Tamb\u00e9m s\u00e3o ricos em prote\u00ednas e baixos em gordura. Os nossos mastigadores de cauda de vaca s\u00e3o 100% naturais e foram lentamente secos para produzir uma guloseima que manter\u00e1 o seu c\u00e3o ocupado e s\u00e3o um \u00f3ptimo petisco para entre as refei\u00e7\u00f5es.","breadcrumb":{"@id":"https:\/\/naturaltreats.eu\/pt-pt\/product\/cauda-de-vaca\/#breadcrumb"},"inLanguage":"pt-PT","potentialAction":[{"@type":"ReadAction","target":["https:\/\/naturaltreats.eu\/pt-pt\/product\/cauda-de-vaca\/"]}]},{"@type":"ImageObject","inLanguage":"pt-PT","@id":"https:\/\/naturaltreats.eu\/pt-pt\/product\/cauda-de-vaca\/#primaryimage","url":"https:\/\/naturaltreats.eu\/wp-content\/uploads\/2021\/01\/Borwn-tail.jpg","contentUrl":"https:\/\/naturaltreats.eu\/wp-content\/uploads\/2021\/01\/Borwn-tail.jpg","width":1080,"height":1080,"caption":"Cauda de vaca para c\u00e3es"},{"@type":"BreadcrumbList","@id":"https:\/\/naturaltreats.eu\/pt-pt\/product\/cauda-de-vaca\/#breadcrumb","itemListElement":[{"@type":"ListItem","position":1,"name":"Home","item":"https:\/\/naturaltreats.eu\/pt-pt\/casa\/"},{"@type":"ListItem","position":2,"name":"Loja","item":"https:\/\/naturaltreats.eu\/pt-pt\/loja\/"},{"@type":"ListItem","position":3,"name":"Cauda de Vaca"}]},{"@type":"WebSite","@id":"https:\/\/naturaltreats.eu\/pt-pt\/#website","url":"https:\/\/naturaltreats.eu\/pt-pt\/","name":"Natural Treats","description":"Best Rated Natural Dog Treats In Europe","publisher":{"@id":"https:\/\/naturaltreats.eu\/pt-pt\/#organization"},"potentialAction":[{"@type":"SearchAction","target":{"@type":"EntryPoint","urlTemplate":"https:\/\/naturaltreats.eu\/pt-pt\/?s={search_term_string}"},"query-input":{"@type":"PropertyValueSpecification","valueRequired":true,"valueName":"search_term_string"}}],"inLanguage":"pt-PT"},{"@type":"Organization","@id":"https:\/\/naturaltreats.eu\/pt-pt\/#organization","name":"Natural Treats","url":"https:\/\/naturaltreats.eu\/pt-pt\/","logo":{"@type":"ImageObject","inLanguage":"pt-PT","@id":"https:\/\/naturaltreats.eu\/pt-pt\/#\/schema\/logo\/image\/","url":"https:\/\/naturaltreats.eu\/wp-content\/uploads\/2020\/08\/social.jpg","contentUrl":"https:\/\/naturaltreats.eu\/wp-content\/uploads\/2020\/08\/social.jpg","width":1000,"height":1000,"caption":"Natural Treats"},"image":{"@id":"https:\/\/naturaltreats.eu\/pt-pt\/#\/schema\/logo\/image\/"},"sameAs":["https:\/\/facebook.com\/naturaltreatseu","https:\/\/instagram.com\/naturaltreatseu"]}]},"product_price_amount":"1.60","product_price_currency":"EUR","og_availability":"out of stock","product_availability":"out of stock","product_condition":"new"},"_links":{"self":[{"href":"https:\/\/naturaltreats.eu\/pt-pt\/wp-json\/wp\/v2\/product\/13191","targetHints":{"allow":["GET"]}}],"collection":[{"href":"https:\/\/naturaltreats.eu\/pt-pt\/wp-json\/wp\/v2\/product"}],"about":[{"href":"https:\/\/naturaltreats.eu\/pt-pt\/wp-json\/wp\/v2\/types\/product"}],"wp:featuredmedia":[{"embeddable":true,"href":"https:\/\/naturaltreats.eu\/pt-pt\/wp-json\/wp\/v2\/media\/34050"}],"wp:attachment":[{"href":"https:\/\/naturaltreats.eu\/pt-pt\/wp-json\/wp\/v2\/media?parent=13191"}],"wp:term":[{"taxonomy":"dog-type","embeddable":true,"href":"https:\/\/naturaltreats.eu\/pt-pt\/wp-json\/wp\/v2\/dog-type?post=13191"},{"taxonomy":"ingredients","embeddable":true,"href":"https:\/\/naturaltreats.eu\/pt-pt\/wp-json\/wp\/v2\/ingredients?post=13191"},{"taxonomy":"product_brand","embeddable":true,"href":"https:\/\/naturaltreats.eu\/pt-pt\/wp-json\/wp\/v2\/product_brand?post=13191"},{"taxonomy":"product_cat","embeddable":true,"href":"https:\/\/naturaltreats.eu\/pt-pt\/wp-json\/wp\/v2\/product_cat?post=13191"},{"taxonomy":"product_tag","embeddable":true,"href":"https:\/\/naturaltreats.eu\/pt-pt\/wp-json\/wp\/v2\/product_tag?post=13191"}],"curies":[{"name":"wp","href":"https:\/\/api.w.org\/{rel}","templated":true}]}}