{"id":13195,"date":"2021-01-31T11:34:50","date_gmt":"2021-09-03T11:51:30","guid":{"rendered":"https:\/\/naturaltreats.eu\/product\/pe-de-peru\/"},"modified":"2021-09-20T14:09:18","modified_gmt":"2021-09-20T12:09:18","slug":"pe-de-peru","status":"publish","type":"product","link":"https:\/\/naturaltreats.eu\/pt-pt\/product\/pe-de-peru\/","title":{"rendered":"P\u00e9 de peru"},"content":{"rendered":"<p class=\"p1\">Cheio de nutri\u00e7\u00e3o e completamente irresist\u00edvel, voc\u00ea sabe que est\u00e1 dando ao seu c\u00e3o algo que eles v\u00e3o adorar. S\u00e3o tamb\u00e9m uma grande fonte de glucosamina, ideal para manter as articula\u00e7\u00f5es do seu c\u00e3o saud\u00e1veis.<\/p>\n<p>Cada p\u00e9 de peru tem mais de 100g de peso, tornando-o o mastigador ideal para c\u00e3es grandes em compara\u00e7\u00e3o com os nossos p\u00e9s de galinha.<\/p>\n","protected":false},"excerpt":{"rendered":"<p><i class=\"fas fa-circle\"><\/i><i class=\"fas fa-circle\"><\/i><i class=\"fas fa-circle\"><\/i>  | 110g | 1 pe\u00e7a<\/p>\n","protected":false},"featured_media":13196,"template":"","meta":{"_acf_changed":false},"dog-type":[],"ingredients":[],"product_brand":[],"product_cat":[214],"product_tag":[],"class_list":{"0":"post-13195","1":"product","2":"type-product","3":"status-publish","4":"has-post-thumbnail","6":"product_cat-lanches","7":"tm-has-options","9":"first","10":"outofstock","11":"sale","12":"taxable","13":"shipping-taxable","14":"purchasable","15":"product-type-simple"},"bundled_by":[],"bundle_stock_status":"outofstock","bundle_stock_quantity":null,"bundle_virtual":false,"bundle_layout":"","bundle_add_to_cart_form_location":"","bundle_editable_in_cart":false,"bundle_sold_individually_context":"","bundle_item_grouping":"","bundle_min_size":"","bundle_max_size":"","bundle_price":[],"bundled_items":[],"bundle_sell_ids":[],"acf":[],"yoast_head":"<!-- This site is optimized with the Yoast SEO Premium plugin v23.5 (Yoast SEO v25.0) - https:\/\/yoast.com\/wordpress\/plugins\/seo\/ -->\n<title>P\u00e9 de peru | Natural Treats<\/title>\n<meta name=\"description\" content=\"Cheio de nutri\u00e7\u00e3o e completamente irresist\u00edvel, voc\u00ea sabe que est\u00e1 dando ao seu c\u00e3o algo que eles v\u00e3o adorar. S\u00e3o tamb\u00e9m uma grande fonte de glucosamina, ideal para manter as articula\u00e7\u00f5es do seu c\u00e3o saud\u00e1veis.\" \/>\n<meta name=\"robots\" content=\"index, follow, max-snippet:-1, max-image-preview:large, max-video-preview:-1\" \/>\n<link rel=\"canonical\" href=\"https:\/\/naturaltreats.eu\/pt-pt\/product\/pe-de-peru\/\" \/>\n<meta property=\"og:locale\" content=\"pt_PT\" \/>\n<meta property=\"og:type\" content=\"article\" \/>\n<meta property=\"og:title\" content=\"P\u00e9 de peru\" \/>\n<meta property=\"og:description\" content=\"Cheio de nutri\u00e7\u00e3o e completamente irresist\u00edvel, voc\u00ea sabe que est\u00e1 dando ao seu c\u00e3o algo que eles v\u00e3o adorar. S\u00e3o tamb\u00e9m uma grande fonte de glucosamina, ideal para manter as articula\u00e7\u00f5es do seu c\u00e3o saud\u00e1veis.\" \/>\n<meta property=\"og:url\" content=\"https:\/\/naturaltreats.eu\/pt-pt\/product\/pe-de-peru\/\" \/>\n<meta property=\"og:site_name\" content=\"Natural Treats\" \/>\n<meta property=\"article:publisher\" content=\"https:\/\/facebook.com\/naturaltreatseu\" \/>\n<meta property=\"article:modified_time\" content=\"2021-09-20T12:09:18+00:00\" \/>\n<meta property=\"og:image\" content=\"https:\/\/naturaltreats.eu\/wp-content\/uploads\/2021\/01\/Turkey-Foot.jpg\" \/>\n\t<meta property=\"og:image:width\" content=\"1080\" \/>\n\t<meta property=\"og:image:height\" content=\"1080\" \/>\n\t<meta property=\"og:image:type\" content=\"image\/jpeg\" \/>\n<meta name=\"twitter:card\" content=\"summary_large_image\" \/>\n<meta name=\"twitter:label1\" content=\"pre\u00e7o\" \/>\n\t<meta name=\"twitter:data1\" content=\"3,50&euro;\" \/>\n\t<meta name=\"twitter:label2\" content=\"Disponibilidade\" \/>\n\t<meta name=\"twitter:data2\" content=\"Esgotado\" \/>\n<script type=\"application\/ld+json\" class=\"yoast-schema-graph\">{\"@context\":\"https:\/\/schema.org\",\"@graph\":[{\"@type\":\"WebPage\",\"@id\":\"https:\/\/naturaltreats.eu\/pt-pt\/product\/pe-de-peru\/\",\"url\":\"https:\/\/naturaltreats.eu\/pt-pt\/product\/pe-de-peru\/\",\"name\":\"P\u00e9 de peru | Natural Treats\",\"isPartOf\":{\"@id\":\"https:\/\/naturaltreats.eu\/pt-pt\/#website\"},\"primaryImageOfPage\":{\"@id\":\"https:\/\/naturaltreats.eu\/pt-pt\/product\/pe-de-peru\/#primaryimage\"},\"image\":{\"@id\":\"https:\/\/naturaltreats.eu\/pt-pt\/product\/pe-de-peru\/#primaryimage\"},\"thumbnailUrl\":\"https:\/\/naturaltreats.eu\/wp-content\/uploads\/2021\/01\/Turkey-Foot.jpg\",\"datePublished\":\"2021-09-03T11:51:30+00:00\",\"dateModified\":\"2021-09-20T12:09:18+00:00\",\"description\":\"Cheio de nutri\u00e7\u00e3o e completamente irresist\u00edvel, voc\u00ea sabe que est\u00e1 dando ao seu c\u00e3o algo que eles v\u00e3o adorar. S\u00e3o tamb\u00e9m uma grande fonte de glucosamina, ideal para manter as articula\u00e7\u00f5es do seu c\u00e3o saud\u00e1veis.\",\"breadcrumb\":{\"@id\":\"https:\/\/naturaltreats.eu\/pt-pt\/product\/pe-de-peru\/#breadcrumb\"},\"inLanguage\":\"pt-PT\",\"potentialAction\":[{\"@type\":\"ReadAction\",\"target\":[\"https:\/\/naturaltreats.eu\/pt-pt\/product\/pe-de-peru\/\"]}]},{\"@type\":\"ImageObject\",\"inLanguage\":\"pt-PT\",\"@id\":\"https:\/\/naturaltreats.eu\/pt-pt\/product\/pe-de-peru\/#primaryimage\",\"url\":\"https:\/\/naturaltreats.eu\/wp-content\/uploads\/2021\/01\/Turkey-Foot.jpg\",\"contentUrl\":\"https:\/\/naturaltreats.eu\/wp-content\/uploads\/2021\/01\/Turkey-Foot.jpg\",\"width\":1080,\"height\":1080,\"caption\":\"Turkey Foot\"},{\"@type\":\"BreadcrumbList\",\"@id\":\"https:\/\/naturaltreats.eu\/pt-pt\/product\/pe-de-peru\/#breadcrumb\",\"itemListElement\":[{\"@type\":\"ListItem\",\"position\":1,\"name\":\"Home\",\"item\":\"https:\/\/naturaltreats.eu\/pt-pt\/casa\/\"},{\"@type\":\"ListItem\",\"position\":2,\"name\":\"Loja\",\"item\":\"https:\/\/naturaltreats.eu\/pt-pt\/loja\/\"},{\"@type\":\"ListItem\",\"position\":3,\"name\":\"P\u00e9 de peru\"}]},{\"@type\":\"WebSite\",\"@id\":\"https:\/\/naturaltreats.eu\/pt-pt\/#website\",\"url\":\"https:\/\/naturaltreats.eu\/pt-pt\/\",\"name\":\"Natural Treats\",\"description\":\"Best Rated Natural Dog Treats In Europe\",\"publisher\":{\"@id\":\"https:\/\/naturaltreats.eu\/pt-pt\/#organization\"},\"potentialAction\":[{\"@type\":\"SearchAction\",\"target\":{\"@type\":\"EntryPoint\",\"urlTemplate\":\"https:\/\/naturaltreats.eu\/pt-pt\/?s={search_term_string}\"},\"query-input\":{\"@type\":\"PropertyValueSpecification\",\"valueRequired\":true,\"valueName\":\"search_term_string\"}}],\"inLanguage\":\"pt-PT\"},{\"@type\":\"Organization\",\"@id\":\"https:\/\/naturaltreats.eu\/pt-pt\/#organization\",\"name\":\"Natural Treats\",\"url\":\"https:\/\/naturaltreats.eu\/pt-pt\/\",\"logo\":{\"@type\":\"ImageObject\",\"inLanguage\":\"pt-PT\",\"@id\":\"https:\/\/naturaltreats.eu\/pt-pt\/#\/schema\/logo\/image\/\",\"url\":\"https:\/\/naturaltreats.eu\/wp-content\/uploads\/2020\/08\/social.jpg\",\"contentUrl\":\"https:\/\/naturaltreats.eu\/wp-content\/uploads\/2020\/08\/social.jpg\",\"width\":1000,\"height\":1000,\"caption\":\"Natural Treats\"},\"image\":{\"@id\":\"https:\/\/naturaltreats.eu\/pt-pt\/#\/schema\/logo\/image\/\"},\"sameAs\":[\"https:\/\/facebook.com\/naturaltreatseu\",\"https:\/\/instagram.com\/naturaltreatseu\"]}]}<\/script>\n<meta property=\"product:price:amount\" content=\"3.50\" \/>\n<meta property=\"product:price:currency\" content=\"EUR\" \/>\n<meta property=\"og:availability\" content=\"out of stock\" \/>\n<meta property=\"product:availability\" content=\"out of stock\" \/>\n<meta property=\"product:condition\" content=\"new\" \/>\n<!-- \/ Yoast SEO Premium plugin. -->","yoast_head_json":{"title":"P\u00e9 de peru | Natural Treats","description":"Cheio de nutri\u00e7\u00e3o e completamente irresist\u00edvel, voc\u00ea sabe que est\u00e1 dando ao seu c\u00e3o algo que eles v\u00e3o adorar. S\u00e3o tamb\u00e9m uma grande fonte de glucosamina, ideal para manter as articula\u00e7\u00f5es do seu c\u00e3o saud\u00e1veis.","robots":{"index":"index","follow":"follow","max-snippet":"max-snippet:-1","max-image-preview":"max-image-preview:large","max-video-preview":"max-video-preview:-1"},"canonical":"https:\/\/naturaltreats.eu\/pt-pt\/product\/pe-de-peru\/","og_locale":"pt_PT","og_type":"article","og_title":"P\u00e9 de peru","og_description":"Cheio de nutri\u00e7\u00e3o e completamente irresist\u00edvel, voc\u00ea sabe que est\u00e1 dando ao seu c\u00e3o algo que eles v\u00e3o adorar. S\u00e3o tamb\u00e9m uma grande fonte de glucosamina, ideal para manter as articula\u00e7\u00f5es do seu c\u00e3o saud\u00e1veis.","og_url":"https:\/\/naturaltreats.eu\/pt-pt\/product\/pe-de-peru\/","og_site_name":"Natural Treats","article_publisher":"https:\/\/facebook.com\/naturaltreatseu","article_modified_time":"2021-09-20T12:09:18+00:00","og_image":[{"width":1080,"height":1080,"url":"https:\/\/naturaltreats.eu\/wp-content\/uploads\/2021\/01\/Turkey-Foot.jpg","type":"image\/jpeg"}],"twitter_card":"summary_large_image","twitter_misc":{"pre\u00e7o":"3,50&euro;","Disponibilidade":"Esgotado"},"schema":{"@context":"https:\/\/schema.org","@graph":[{"@type":"WebPage","@id":"https:\/\/naturaltreats.eu\/pt-pt\/product\/pe-de-peru\/","url":"https:\/\/naturaltreats.eu\/pt-pt\/product\/pe-de-peru\/","name":"P\u00e9 de peru | Natural Treats","isPartOf":{"@id":"https:\/\/naturaltreats.eu\/pt-pt\/#website"},"primaryImageOfPage":{"@id":"https:\/\/naturaltreats.eu\/pt-pt\/product\/pe-de-peru\/#primaryimage"},"image":{"@id":"https:\/\/naturaltreats.eu\/pt-pt\/product\/pe-de-peru\/#primaryimage"},"thumbnailUrl":"https:\/\/naturaltreats.eu\/wp-content\/uploads\/2021\/01\/Turkey-Foot.jpg","datePublished":"2021-09-03T11:51:30+00:00","dateModified":"2021-09-20T12:09:18+00:00","description":"Cheio de nutri\u00e7\u00e3o e completamente irresist\u00edvel, voc\u00ea sabe que est\u00e1 dando ao seu c\u00e3o algo que eles v\u00e3o adorar. S\u00e3o tamb\u00e9m uma grande fonte de glucosamina, ideal para manter as articula\u00e7\u00f5es do seu c\u00e3o saud\u00e1veis.","breadcrumb":{"@id":"https:\/\/naturaltreats.eu\/pt-pt\/product\/pe-de-peru\/#breadcrumb"},"inLanguage":"pt-PT","potentialAction":[{"@type":"ReadAction","target":["https:\/\/naturaltreats.eu\/pt-pt\/product\/pe-de-peru\/"]}]},{"@type":"ImageObject","inLanguage":"pt-PT","@id":"https:\/\/naturaltreats.eu\/pt-pt\/product\/pe-de-peru\/#primaryimage","url":"https:\/\/naturaltreats.eu\/wp-content\/uploads\/2021\/01\/Turkey-Foot.jpg","contentUrl":"https:\/\/naturaltreats.eu\/wp-content\/uploads\/2021\/01\/Turkey-Foot.jpg","width":1080,"height":1080,"caption":"Turkey Foot"},{"@type":"BreadcrumbList","@id":"https:\/\/naturaltreats.eu\/pt-pt\/product\/pe-de-peru\/#breadcrumb","itemListElement":[{"@type":"ListItem","position":1,"name":"Home","item":"https:\/\/naturaltreats.eu\/pt-pt\/casa\/"},{"@type":"ListItem","position":2,"name":"Loja","item":"https:\/\/naturaltreats.eu\/pt-pt\/loja\/"},{"@type":"ListItem","position":3,"name":"P\u00e9 de peru"}]},{"@type":"WebSite","@id":"https:\/\/naturaltreats.eu\/pt-pt\/#website","url":"https:\/\/naturaltreats.eu\/pt-pt\/","name":"Natural Treats","description":"Best Rated Natural Dog Treats In Europe","publisher":{"@id":"https:\/\/naturaltreats.eu\/pt-pt\/#organization"},"potentialAction":[{"@type":"SearchAction","target":{"@type":"EntryPoint","urlTemplate":"https:\/\/naturaltreats.eu\/pt-pt\/?s={search_term_string}"},"query-input":{"@type":"PropertyValueSpecification","valueRequired":true,"valueName":"search_term_string"}}],"inLanguage":"pt-PT"},{"@type":"Organization","@id":"https:\/\/naturaltreats.eu\/pt-pt\/#organization","name":"Natural Treats","url":"https:\/\/naturaltreats.eu\/pt-pt\/","logo":{"@type":"ImageObject","inLanguage":"pt-PT","@id":"https:\/\/naturaltreats.eu\/pt-pt\/#\/schema\/logo\/image\/","url":"https:\/\/naturaltreats.eu\/wp-content\/uploads\/2020\/08\/social.jpg","contentUrl":"https:\/\/naturaltreats.eu\/wp-content\/uploads\/2020\/08\/social.jpg","width":1000,"height":1000,"caption":"Natural Treats"},"image":{"@id":"https:\/\/naturaltreats.eu\/pt-pt\/#\/schema\/logo\/image\/"},"sameAs":["https:\/\/facebook.com\/naturaltreatseu","https:\/\/instagram.com\/naturaltreatseu"]}]},"product_price_amount":"3.50","product_price_currency":"EUR","og_availability":"out of stock","product_availability":"out of stock","product_condition":"new"},"_links":{"self":[{"href":"https:\/\/naturaltreats.eu\/pt-pt\/wp-json\/wp\/v2\/product\/13195","targetHints":{"allow":["GET"]}}],"collection":[{"href":"https:\/\/naturaltreats.eu\/pt-pt\/wp-json\/wp\/v2\/product"}],"about":[{"href":"https:\/\/naturaltreats.eu\/pt-pt\/wp-json\/wp\/v2\/types\/product"}],"wp:featuredmedia":[{"embeddable":true,"href":"https:\/\/naturaltreats.eu\/pt-pt\/wp-json\/wp\/v2\/media\/13196"}],"wp:attachment":[{"href":"https:\/\/naturaltreats.eu\/pt-pt\/wp-json\/wp\/v2\/media?parent=13195"}],"wp:term":[{"taxonomy":"dog-type","embeddable":true,"href":"https:\/\/naturaltreats.eu\/pt-pt\/wp-json\/wp\/v2\/dog-type?post=13195"},{"taxonomy":"ingredients","embeddable":true,"href":"https:\/\/naturaltreats.eu\/pt-pt\/wp-json\/wp\/v2\/ingredients?post=13195"},{"taxonomy":"product_brand","embeddable":true,"href":"https:\/\/naturaltreats.eu\/pt-pt\/wp-json\/wp\/v2\/product_brand?post=13195"},{"taxonomy":"product_cat","embeddable":true,"href":"https:\/\/naturaltreats.eu\/pt-pt\/wp-json\/wp\/v2\/product_cat?post=13195"},{"taxonomy":"product_tag","embeddable":true,"href":"https:\/\/naturaltreats.eu\/pt-pt\/wp-json\/wp\/v2\/product_tag?post=13195"}],"curies":[{"name":"wp","href":"https:\/\/api.w.org\/{rel}","templated":true}]}}