{"id":13197,"date":"2021-01-31T11:33:48","date_gmt":"2021-09-03T11:51:36","guid":{"rendered":"https:\/\/naturaltreats.eu\/product\/pes-de-frango-simples\/"},"modified":"2024-06-29T14:09:41","modified_gmt":"2024-06-29T12:09:41","slug":"pes-de-galinha-simples","status":"publish","type":"product","link":"https:\/\/naturaltreats.eu\/pt-pt\/product\/pes-de-galinha-simples\/","title":{"rendered":"P\u00e9s de frango"},"content":{"rendered":"<section class=\"elementor-section elementor-top-section elementor-element elementor-element-32a9d2b elementor-section-boxed elementor-section-height-default elementor-section-height-default\" data-id=\"32a9d2b\" data-element_type=\"section\" data-settings=\"{\"background_background\":\"classic\"}\">\n<div class=\"elementor-container elementor-column-gap-default\">\n<div class=\"elementor-row\">\n<div class=\"elementor-column elementor-col-50 elementor-top-column elementor-element elementor-element-a2d5baf\" data-id=\"a2d5baf\" data-element_type=\"column\" data-settings=\"{\"background_background\":\"classic\"}\">\n<div class=\"elementor-column-wrap elementor-element-populated\">\n<div class=\"elementor-widget-wrap\">\n<div class=\"elementor-element elementor-element-95c99d8 elementor-widget elementor-widget-text-editor\" data-id=\"95c99d8\" data-element_type=\"widget\" data-widget_type=\"text-editor.default\">\n<div class=\"elementor-widget-container\">\n<div class=\"elementor-text-editor elementor-clearfix\">\n<p class=\"p1\">Saud\u00e1veis, irresist\u00edveis e totalmente naturais, os nossos P\u00e9s de Frango para c\u00e3es fazem o tratamento perfeito para o seu amigo peludo. Cheio de nutri\u00e7\u00e3o e completamente irresist\u00edvel, voc\u00ea sabe que est\u00e1 dando ao seu c\u00e3o algo que eles v\u00e3o adorar. S\u00e3o tamb\u00e9m uma grande fonte de glucosamina, ideal para manter as articula\u00e7\u00f5es do seu c\u00e3o saud\u00e1veis.<\/p>\n<\/div>\n<\/div>\n<\/div>\n<\/div>\n<\/div>\n<\/div>\n<\/div>\n<\/div>\n<\/section>\n<section class=\"elementor-section elementor-top-section elementor-element elementor-element-2178713 elementor-section-boxed elementor-section-height-default elementor-section-height-default\" data-id=\"2178713\" data-element_type=\"section\" data-settings=\"{\"background_background\":\"classic\"}\">\n<div class=\"elementor-container elementor-column-gap-default\">\n<div class=\"elementor-row\">\n<div class=\"elementor-column elementor-col-50 elementor-top-column elementor-element elementor-element-db9affb\" data-id=\"db9affb\" data-element_type=\"column\" data-settings=\"{\"background_background\":\"classic\",\"animation\":\"none\"}\">\n<div class=\"elementor-column-wrap elementor-element-populated\">\n<div class=\"elementor-widget-wrap\">\n<div class=\"elementor-element elementor-element-d87d764 elementor-widget elementor-widget-image\" data-id=\"d87d764\" data-element_type=\"widget\" data-widget_type=\"image.default\">\n<div class=\"elementor-widget-container\"><\/div>\n<\/div>\n<\/div>\n<\/div>\n<\/div>\n<\/div>\n<\/div>\n<\/section>\n","protected":false},"excerpt":{"rendered":"<p><i class=\"fas fa-circle\"><\/i><i class=\"fas fa-circle\"><\/i><i class=\"far fa-circle\"><\/i>  | 16g | 1 pe\u00e7a<\/p>\n","protected":false},"featured_media":47008,"template":"","meta":{"_acf_changed":false},"dog-type":[],"ingredients":[],"product_brand":[],"product_cat":[214],"product_tag":[],"class_list":{"0":"post-13197","1":"product","2":"type-product","3":"status-publish","4":"has-post-thumbnail","6":"product_cat-lanches","7":"tm-has-options","9":"first","10":"instock","11":"taxable","12":"shipping-taxable","13":"purchasable","14":"product-type-simple"},"bundled_by":[],"bundle_stock_status":"instock","bundle_stock_quantity":null,"bundle_virtual":false,"bundle_layout":"","bundle_add_to_cart_form_location":"","bundle_editable_in_cart":false,"bundle_sold_individually_context":"","bundle_item_grouping":"","bundle_min_size":"","bundle_max_size":"","bundle_price":[],"bundled_items":[],"bundle_sell_ids":[],"acf":[],"yoast_head":"<!-- This site is optimized with the Yoast SEO Premium plugin v23.5 (Yoast SEO v25.0) - https:\/\/yoast.com\/wordpress\/plugins\/seo\/ -->\n<title>P\u00e9s de frango | Natural Treats<\/title>\n<meta name=\"description\" content=\"Saud\u00e1veis, irresist\u00edveis e totalmente naturais, os nossos P\u00e9s de Frango para c\u00e3es fazem o tratamento perfeito para o seu amigo peludo. Cheio de nutri\u00e7\u00e3o e completamente irresist\u00edvel, voc\u00ea sabe que est\u00e1 dando ao seu c\u00e3o algo que eles v\u00e3o adorar. S\u00e3o tamb\u00e9m uma grande fonte de glucosamina, ideal para manter as articula\u00e7\u00f5es do seu c\u00e3o saud\u00e1veis.\" \/>\n<meta name=\"robots\" content=\"index, follow, max-snippet:-1, max-image-preview:large, max-video-preview:-1\" \/>\n<link rel=\"canonical\" href=\"https:\/\/naturaltreats.eu\/pt-pt\/product\/pes-de-galinha-simples\/\" \/>\n<meta property=\"og:locale\" content=\"pt_PT\" \/>\n<meta property=\"og:type\" content=\"article\" \/>\n<meta property=\"og:title\" content=\"P\u00e9s de frango\" \/>\n<meta property=\"og:description\" content=\"Saud\u00e1veis, irresist\u00edveis e totalmente naturais, os nossos P\u00e9s de Frango para c\u00e3es fazem o tratamento perfeito para o seu amigo peludo. Cheio de nutri\u00e7\u00e3o e completamente irresist\u00edvel, voc\u00ea sabe que est\u00e1 dando ao seu c\u00e3o algo que eles v\u00e3o adorar. S\u00e3o tamb\u00e9m uma grande fonte de glucosamina, ideal para manter as articula\u00e7\u00f5es do seu c\u00e3o saud\u00e1veis.\" \/>\n<meta property=\"og:url\" content=\"https:\/\/naturaltreats.eu\/pt-pt\/product\/pes-de-galinha-simples\/\" \/>\n<meta property=\"og:site_name\" content=\"Natural Treats\" \/>\n<meta property=\"article:publisher\" content=\"https:\/\/facebook.com\/naturaltreatseu\" \/>\n<meta property=\"article:modified_time\" content=\"2024-06-29T12:09:41+00:00\" \/>\n<meta property=\"og:image\" content=\"https:\/\/naturaltreats.eu\/wp-content\/uploads\/2020\/10\/chicken-foot.jpg\" \/>\n\t<meta property=\"og:image:width\" content=\"1280\" \/>\n\t<meta property=\"og:image:height\" content=\"1280\" \/>\n\t<meta property=\"og:image:type\" content=\"image\/jpeg\" \/>\n<meta name=\"twitter:card\" content=\"summary_large_image\" \/>\n<meta name=\"twitter:label1\" content=\"pre\u00e7o\" \/>\n\t<meta name=\"twitter:data1\" content=\"1,00&euro;\" \/>\n\t<meta name=\"twitter:label2\" content=\"Disponibilidade\" \/>\n\t<meta name=\"twitter:data2\" content=\"Em stock\" \/>\n<script type=\"application\/ld+json\" class=\"yoast-schema-graph\">{\"@context\":\"https:\/\/schema.org\",\"@graph\":[{\"@type\":\"WebPage\",\"@id\":\"https:\/\/naturaltreats.eu\/pt-pt\/product\/pes-de-galinha-simples\/\",\"url\":\"https:\/\/naturaltreats.eu\/pt-pt\/product\/pes-de-galinha-simples\/\",\"name\":\"P\u00e9s de frango | Natural Treats\",\"isPartOf\":{\"@id\":\"https:\/\/naturaltreats.eu\/pt-pt\/#website\"},\"primaryImageOfPage\":{\"@id\":\"https:\/\/naturaltreats.eu\/pt-pt\/product\/pes-de-galinha-simples\/#primaryimage\"},\"image\":{\"@id\":\"https:\/\/naturaltreats.eu\/pt-pt\/product\/pes-de-galinha-simples\/#primaryimage\"},\"thumbnailUrl\":\"https:\/\/naturaltreats.eu\/wp-content\/uploads\/2020\/10\/chicken-foot.jpg\",\"datePublished\":\"2021-09-03T11:51:36+00:00\",\"dateModified\":\"2024-06-29T12:09:41+00:00\",\"description\":\"Saud\u00e1veis, irresist\u00edveis e totalmente naturais, os nossos P\u00e9s de Frango para c\u00e3es fazem o tratamento perfeito para o seu amigo peludo. Cheio de nutri\u00e7\u00e3o e completamente irresist\u00edvel, voc\u00ea sabe que est\u00e1 dando ao seu c\u00e3o algo que eles v\u00e3o adorar. S\u00e3o tamb\u00e9m uma grande fonte de glucosamina, ideal para manter as articula\u00e7\u00f5es do seu c\u00e3o saud\u00e1veis.\",\"breadcrumb\":{\"@id\":\"https:\/\/naturaltreats.eu\/pt-pt\/product\/pes-de-galinha-simples\/#breadcrumb\"},\"inLanguage\":\"pt-PT\",\"potentialAction\":[{\"@type\":\"ReadAction\",\"target\":[\"https:\/\/naturaltreats.eu\/pt-pt\/product\/pes-de-galinha-simples\/\"]}]},{\"@type\":\"ImageObject\",\"inLanguage\":\"pt-PT\",\"@id\":\"https:\/\/naturaltreats.eu\/pt-pt\/product\/pes-de-galinha-simples\/#primaryimage\",\"url\":\"https:\/\/naturaltreats.eu\/wp-content\/uploads\/2020\/10\/chicken-foot.jpg\",\"contentUrl\":\"https:\/\/naturaltreats.eu\/wp-content\/uploads\/2020\/10\/chicken-foot.jpg\",\"width\":1280,\"height\":1280,\"caption\":\"chicken feet for dogs\"},{\"@type\":\"BreadcrumbList\",\"@id\":\"https:\/\/naturaltreats.eu\/pt-pt\/product\/pes-de-galinha-simples\/#breadcrumb\",\"itemListElement\":[{\"@type\":\"ListItem\",\"position\":1,\"name\":\"Home\",\"item\":\"https:\/\/naturaltreats.eu\/pt-pt\/casa\/\"},{\"@type\":\"ListItem\",\"position\":2,\"name\":\"Loja\",\"item\":\"https:\/\/naturaltreats.eu\/pt-pt\/loja\/\"},{\"@type\":\"ListItem\",\"position\":3,\"name\":\"P\u00e9s de frango\"}]},{\"@type\":\"WebSite\",\"@id\":\"https:\/\/naturaltreats.eu\/pt-pt\/#website\",\"url\":\"https:\/\/naturaltreats.eu\/pt-pt\/\",\"name\":\"Natural Treats\",\"description\":\"Best Rated Natural Dog Treats In Europe\",\"publisher\":{\"@id\":\"https:\/\/naturaltreats.eu\/pt-pt\/#organization\"},\"potentialAction\":[{\"@type\":\"SearchAction\",\"target\":{\"@type\":\"EntryPoint\",\"urlTemplate\":\"https:\/\/naturaltreats.eu\/pt-pt\/?s={search_term_string}\"},\"query-input\":{\"@type\":\"PropertyValueSpecification\",\"valueRequired\":true,\"valueName\":\"search_term_string\"}}],\"inLanguage\":\"pt-PT\"},{\"@type\":\"Organization\",\"@id\":\"https:\/\/naturaltreats.eu\/pt-pt\/#organization\",\"name\":\"Natural Treats\",\"url\":\"https:\/\/naturaltreats.eu\/pt-pt\/\",\"logo\":{\"@type\":\"ImageObject\",\"inLanguage\":\"pt-PT\",\"@id\":\"https:\/\/naturaltreats.eu\/pt-pt\/#\/schema\/logo\/image\/\",\"url\":\"https:\/\/naturaltreats.eu\/wp-content\/uploads\/2020\/08\/social.jpg\",\"contentUrl\":\"https:\/\/naturaltreats.eu\/wp-content\/uploads\/2020\/08\/social.jpg\",\"width\":1000,\"height\":1000,\"caption\":\"Natural Treats\"},\"image\":{\"@id\":\"https:\/\/naturaltreats.eu\/pt-pt\/#\/schema\/logo\/image\/\"},\"sameAs\":[\"https:\/\/facebook.com\/naturaltreatseu\",\"https:\/\/instagram.com\/naturaltreatseu\"]}]}<\/script>\n<meta property=\"product:price:amount\" content=\"1.00\" \/>\n<meta property=\"product:price:currency\" content=\"EUR\" \/>\n<meta property=\"og:availability\" content=\"instock\" \/>\n<meta property=\"product:availability\" content=\"instock\" \/>\n<meta property=\"product:condition\" content=\"new\" \/>\n<!-- \/ Yoast SEO Premium plugin. -->","yoast_head_json":{"title":"P\u00e9s de frango | Natural Treats","description":"Saud\u00e1veis, irresist\u00edveis e totalmente naturais, os nossos P\u00e9s de Frango para c\u00e3es fazem o tratamento perfeito para o seu amigo peludo. Cheio de nutri\u00e7\u00e3o e completamente irresist\u00edvel, voc\u00ea sabe que est\u00e1 dando ao seu c\u00e3o algo que eles v\u00e3o adorar. S\u00e3o tamb\u00e9m uma grande fonte de glucosamina, ideal para manter as articula\u00e7\u00f5es do seu c\u00e3o saud\u00e1veis.","robots":{"index":"index","follow":"follow","max-snippet":"max-snippet:-1","max-image-preview":"max-image-preview:large","max-video-preview":"max-video-preview:-1"},"canonical":"https:\/\/naturaltreats.eu\/pt-pt\/product\/pes-de-galinha-simples\/","og_locale":"pt_PT","og_type":"article","og_title":"P\u00e9s de frango","og_description":"Saud\u00e1veis, irresist\u00edveis e totalmente naturais, os nossos P\u00e9s de Frango para c\u00e3es fazem o tratamento perfeito para o seu amigo peludo. Cheio de nutri\u00e7\u00e3o e completamente irresist\u00edvel, voc\u00ea sabe que est\u00e1 dando ao seu c\u00e3o algo que eles v\u00e3o adorar. S\u00e3o tamb\u00e9m uma grande fonte de glucosamina, ideal para manter as articula\u00e7\u00f5es do seu c\u00e3o saud\u00e1veis.","og_url":"https:\/\/naturaltreats.eu\/pt-pt\/product\/pes-de-galinha-simples\/","og_site_name":"Natural Treats","article_publisher":"https:\/\/facebook.com\/naturaltreatseu","article_modified_time":"2024-06-29T12:09:41+00:00","og_image":[{"width":1280,"height":1280,"url":"https:\/\/naturaltreats.eu\/wp-content\/uploads\/2020\/10\/chicken-foot.jpg","type":"image\/jpeg"}],"twitter_card":"summary_large_image","twitter_misc":{"pre\u00e7o":"1,00&euro;","Disponibilidade":"Em stock"},"schema":{"@context":"https:\/\/schema.org","@graph":[{"@type":"WebPage","@id":"https:\/\/naturaltreats.eu\/pt-pt\/product\/pes-de-galinha-simples\/","url":"https:\/\/naturaltreats.eu\/pt-pt\/product\/pes-de-galinha-simples\/","name":"P\u00e9s de frango | Natural Treats","isPartOf":{"@id":"https:\/\/naturaltreats.eu\/pt-pt\/#website"},"primaryImageOfPage":{"@id":"https:\/\/naturaltreats.eu\/pt-pt\/product\/pes-de-galinha-simples\/#primaryimage"},"image":{"@id":"https:\/\/naturaltreats.eu\/pt-pt\/product\/pes-de-galinha-simples\/#primaryimage"},"thumbnailUrl":"https:\/\/naturaltreats.eu\/wp-content\/uploads\/2020\/10\/chicken-foot.jpg","datePublished":"2021-09-03T11:51:36+00:00","dateModified":"2024-06-29T12:09:41+00:00","description":"Saud\u00e1veis, irresist\u00edveis e totalmente naturais, os nossos P\u00e9s de Frango para c\u00e3es fazem o tratamento perfeito para o seu amigo peludo. Cheio de nutri\u00e7\u00e3o e completamente irresist\u00edvel, voc\u00ea sabe que est\u00e1 dando ao seu c\u00e3o algo que eles v\u00e3o adorar. S\u00e3o tamb\u00e9m uma grande fonte de glucosamina, ideal para manter as articula\u00e7\u00f5es do seu c\u00e3o saud\u00e1veis.","breadcrumb":{"@id":"https:\/\/naturaltreats.eu\/pt-pt\/product\/pes-de-galinha-simples\/#breadcrumb"},"inLanguage":"pt-PT","potentialAction":[{"@type":"ReadAction","target":["https:\/\/naturaltreats.eu\/pt-pt\/product\/pes-de-galinha-simples\/"]}]},{"@type":"ImageObject","inLanguage":"pt-PT","@id":"https:\/\/naturaltreats.eu\/pt-pt\/product\/pes-de-galinha-simples\/#primaryimage","url":"https:\/\/naturaltreats.eu\/wp-content\/uploads\/2020\/10\/chicken-foot.jpg","contentUrl":"https:\/\/naturaltreats.eu\/wp-content\/uploads\/2020\/10\/chicken-foot.jpg","width":1280,"height":1280,"caption":"chicken feet for dogs"},{"@type":"BreadcrumbList","@id":"https:\/\/naturaltreats.eu\/pt-pt\/product\/pes-de-galinha-simples\/#breadcrumb","itemListElement":[{"@type":"ListItem","position":1,"name":"Home","item":"https:\/\/naturaltreats.eu\/pt-pt\/casa\/"},{"@type":"ListItem","position":2,"name":"Loja","item":"https:\/\/naturaltreats.eu\/pt-pt\/loja\/"},{"@type":"ListItem","position":3,"name":"P\u00e9s de frango"}]},{"@type":"WebSite","@id":"https:\/\/naturaltreats.eu\/pt-pt\/#website","url":"https:\/\/naturaltreats.eu\/pt-pt\/","name":"Natural Treats","description":"Best Rated Natural Dog Treats In Europe","publisher":{"@id":"https:\/\/naturaltreats.eu\/pt-pt\/#organization"},"potentialAction":[{"@type":"SearchAction","target":{"@type":"EntryPoint","urlTemplate":"https:\/\/naturaltreats.eu\/pt-pt\/?s={search_term_string}"},"query-input":{"@type":"PropertyValueSpecification","valueRequired":true,"valueName":"search_term_string"}}],"inLanguage":"pt-PT"},{"@type":"Organization","@id":"https:\/\/naturaltreats.eu\/pt-pt\/#organization","name":"Natural Treats","url":"https:\/\/naturaltreats.eu\/pt-pt\/","logo":{"@type":"ImageObject","inLanguage":"pt-PT","@id":"https:\/\/naturaltreats.eu\/pt-pt\/#\/schema\/logo\/image\/","url":"https:\/\/naturaltreats.eu\/wp-content\/uploads\/2020\/08\/social.jpg","contentUrl":"https:\/\/naturaltreats.eu\/wp-content\/uploads\/2020\/08\/social.jpg","width":1000,"height":1000,"caption":"Natural Treats"},"image":{"@id":"https:\/\/naturaltreats.eu\/pt-pt\/#\/schema\/logo\/image\/"},"sameAs":["https:\/\/facebook.com\/naturaltreatseu","https:\/\/instagram.com\/naturaltreatseu"]}]},"product_price_amount":"1.00","product_price_currency":"EUR","og_availability":"instock","product_availability":"instock","product_condition":"new"},"_links":{"self":[{"href":"https:\/\/naturaltreats.eu\/pt-pt\/wp-json\/wp\/v2\/product\/13197","targetHints":{"allow":["GET"]}}],"collection":[{"href":"https:\/\/naturaltreats.eu\/pt-pt\/wp-json\/wp\/v2\/product"}],"about":[{"href":"https:\/\/naturaltreats.eu\/pt-pt\/wp-json\/wp\/v2\/types\/product"}],"wp:featuredmedia":[{"embeddable":true,"href":"https:\/\/naturaltreats.eu\/pt-pt\/wp-json\/wp\/v2\/media\/47008"}],"wp:attachment":[{"href":"https:\/\/naturaltreats.eu\/pt-pt\/wp-json\/wp\/v2\/media?parent=13197"}],"wp:term":[{"taxonomy":"dog-type","embeddable":true,"href":"https:\/\/naturaltreats.eu\/pt-pt\/wp-json\/wp\/v2\/dog-type?post=13197"},{"taxonomy":"ingredients","embeddable":true,"href":"https:\/\/naturaltreats.eu\/pt-pt\/wp-json\/wp\/v2\/ingredients?post=13197"},{"taxonomy":"product_brand","embeddable":true,"href":"https:\/\/naturaltreats.eu\/pt-pt\/wp-json\/wp\/v2\/product_brand?post=13197"},{"taxonomy":"product_cat","embeddable":true,"href":"https:\/\/naturaltreats.eu\/pt-pt\/wp-json\/wp\/v2\/product_cat?post=13197"},{"taxonomy":"product_tag","embeddable":true,"href":"https:\/\/naturaltreats.eu\/pt-pt\/wp-json\/wp\/v2\/product_tag?post=13197"}],"curies":[{"name":"wp","href":"https:\/\/api.w.org\/{rel}","templated":true}]}}