{"id":34784,"date":"2022-10-11T21:25:19","date_gmt":"2022-10-13T19:19:50","guid":{"rendered":"https:\/\/naturaltreats.eu\/product\/cartao-de-oferta\/"},"modified":"2022-10-14T10:02:23","modified_gmt":"2022-10-14T08:02:23","slug":"cartao-presente","status":"publish","type":"product","link":"https:\/\/naturaltreats.eu\/pt-pt\/product\/cartao-presente\/","title":{"rendered":"Cart\u00e3o de oferta"},"content":{"rendered":"<p>D\u00ea o presente perfeito a qualquer dono de c\u00e3o com o nosso cart\u00e3o de oferta virtual. Todos os cart\u00f5es oferta podem ser utilizados em qualquer dos nossos produtos e assinaturas da nossa loja de guloseimas naturais para c\u00e3es e s\u00e3o v\u00e1lidos por 6 meses.<\/p>\n","protected":false},"excerpt":{"rendered":"<p>D\u00ea o presente perfeito a qualquer dono de c\u00e3o com o nosso cart\u00e3o de oferta virtual. Todos os cart\u00f5es oferta<\/p>\n","protected":false},"featured_media":34719,"template":"","meta":{"_acf_changed":false},"dog-type":[],"ingredients":[],"product_brand":[],"product_cat":[289],"product_tag":[],"class_list":{"0":"post-34784","1":"product","2":"type-product","3":"status-publish","4":"has-post-thumbnail","6":"product_cat-cartao-de-oferta","7":"tm-no-options-pxq","9":"first","10":"instock","11":"taxable","12":"shipping-taxable","13":"purchasable","14":"product-type-variable"},"bundled_by":[],"bundle_stock_status":"instock","bundle_stock_quantity":null,"bundle_virtual":false,"bundle_layout":"","bundle_add_to_cart_form_location":"","bundle_editable_in_cart":false,"bundle_sold_individually_context":"","bundle_item_grouping":"","bundle_min_size":"","bundle_max_size":"","bundle_price":[],"bundled_items":[],"bundle_sell_ids":[],"acf":[],"yoast_head":"<!-- This site is optimized with the Yoast SEO Premium plugin v23.5 (Yoast SEO v25.0) - https:\/\/yoast.com\/wordpress\/plugins\/seo\/ -->\n<title>Cart\u00e3o de oferta | Natural Treats<\/title>\n<meta name=\"description\" content=\"D\u00ea o presente perfeito a qualquer dono de c\u00e3o com o nosso cart\u00e3o de oferta virtual. Enviado instantaneamente para qualquer endere\u00e7o electr\u00f3nico.\" \/>\n<meta name=\"robots\" content=\"index, follow, max-snippet:-1, max-image-preview:large, max-video-preview:-1\" \/>\n<link rel=\"canonical\" href=\"https:\/\/naturaltreats.eu\/pt-pt\/product\/cartao-presente\/\" \/>\n<meta property=\"og:locale\" content=\"pt_PT\" \/>\n<meta property=\"og:type\" content=\"article\" \/>\n<meta property=\"og:title\" content=\"Cart\u00e3o de oferta\" \/>\n<meta property=\"og:description\" content=\"D\u00ea o presente perfeito a qualquer dono de c\u00e3o com o nosso cart\u00e3o de oferta virtual. Enviado instantaneamente para qualquer endere\u00e7o electr\u00f3nico.\" \/>\n<meta property=\"og:url\" content=\"https:\/\/naturaltreats.eu\/pt-pt\/product\/cartao-presente\/\" \/>\n<meta property=\"og:site_name\" content=\"Natural Treats\" \/>\n<meta property=\"article:publisher\" content=\"https:\/\/facebook.com\/naturaltreatseu\" \/>\n<meta property=\"article:modified_time\" content=\"2022-10-14T08:02:23+00:00\" \/>\n<meta property=\"og:image\" content=\"https:\/\/naturaltreats.eu\/wp-content\/uploads\/2022\/10\/Gift.jpg\" \/>\n\t<meta property=\"og:image:width\" content=\"1080\" \/>\n\t<meta property=\"og:image:height\" content=\"1080\" \/>\n\t<meta property=\"og:image:type\" content=\"image\/jpeg\" \/>\n<meta name=\"twitter:card\" content=\"summary_large_image\" \/>\n<meta name=\"twitter:label1\" content=\"Disponibilidade\" \/>\n\t<meta name=\"twitter:data1\" content=\"Em stock\" \/>\n<script type=\"application\/ld+json\" class=\"yoast-schema-graph\">{\"@context\":\"https:\/\/schema.org\",\"@graph\":[{\"@type\":\"WebPage\",\"@id\":\"https:\/\/naturaltreats.eu\/pt-pt\/product\/cartao-presente\/\",\"url\":\"https:\/\/naturaltreats.eu\/pt-pt\/product\/cartao-presente\/\",\"name\":\"Cart\u00e3o de oferta | Natural Treats\",\"isPartOf\":{\"@id\":\"https:\/\/naturaltreats.eu\/pt-pt\/#website\"},\"primaryImageOfPage\":{\"@id\":\"https:\/\/naturaltreats.eu\/pt-pt\/product\/cartao-presente\/#primaryimage\"},\"image\":{\"@id\":\"https:\/\/naturaltreats.eu\/pt-pt\/product\/cartao-presente\/#primaryimage\"},\"thumbnailUrl\":\"https:\/\/naturaltreats.eu\/wp-content\/uploads\/2022\/10\/Gift.jpg\",\"datePublished\":\"2022-10-13T19:19:50+00:00\",\"dateModified\":\"2022-10-14T08:02:23+00:00\",\"description\":\"D\u00ea o presente perfeito a qualquer dono de c\u00e3o com o nosso cart\u00e3o de oferta virtual. Enviado instantaneamente para qualquer endere\u00e7o electr\u00f3nico.\",\"breadcrumb\":{\"@id\":\"https:\/\/naturaltreats.eu\/pt-pt\/product\/cartao-presente\/#breadcrumb\"},\"inLanguage\":\"pt-PT\",\"potentialAction\":[{\"@type\":\"ReadAction\",\"target\":[\"https:\/\/naturaltreats.eu\/pt-pt\/product\/cartao-presente\/\"]}]},{\"@type\":\"ImageObject\",\"inLanguage\":\"pt-PT\",\"@id\":\"https:\/\/naturaltreats.eu\/pt-pt\/product\/cartao-presente\/#primaryimage\",\"url\":\"https:\/\/naturaltreats.eu\/wp-content\/uploads\/2022\/10\/Gift.jpg\",\"contentUrl\":\"https:\/\/naturaltreats.eu\/wp-content\/uploads\/2022\/10\/Gift.jpg\",\"width\":1080,\"height\":1080,\"caption\":\"Cart\u00e3o de oferta para c\u00e3es naturais\"},{\"@type\":\"BreadcrumbList\",\"@id\":\"https:\/\/naturaltreats.eu\/pt-pt\/product\/cartao-presente\/#breadcrumb\",\"itemListElement\":[{\"@type\":\"ListItem\",\"position\":1,\"name\":\"Home\",\"item\":\"https:\/\/naturaltreats.eu\/pt-pt\/casa\/\"},{\"@type\":\"ListItem\",\"position\":2,\"name\":\"Loja\",\"item\":\"https:\/\/naturaltreats.eu\/pt-pt\/loja\/\"},{\"@type\":\"ListItem\",\"position\":3,\"name\":\"Cart\u00e3o de oferta\"}]},{\"@type\":\"WebSite\",\"@id\":\"https:\/\/naturaltreats.eu\/pt-pt\/#website\",\"url\":\"https:\/\/naturaltreats.eu\/pt-pt\/\",\"name\":\"Natural Treats\",\"description\":\"Best Rated Natural Dog Treats In Europe\",\"publisher\":{\"@id\":\"https:\/\/naturaltreats.eu\/pt-pt\/#organization\"},\"potentialAction\":[{\"@type\":\"SearchAction\",\"target\":{\"@type\":\"EntryPoint\",\"urlTemplate\":\"https:\/\/naturaltreats.eu\/pt-pt\/?s={search_term_string}\"},\"query-input\":{\"@type\":\"PropertyValueSpecification\",\"valueRequired\":true,\"valueName\":\"search_term_string\"}}],\"inLanguage\":\"pt-PT\"},{\"@type\":\"Organization\",\"@id\":\"https:\/\/naturaltreats.eu\/pt-pt\/#organization\",\"name\":\"Natural Treats\",\"url\":\"https:\/\/naturaltreats.eu\/pt-pt\/\",\"logo\":{\"@type\":\"ImageObject\",\"inLanguage\":\"pt-PT\",\"@id\":\"https:\/\/naturaltreats.eu\/pt-pt\/#\/schema\/logo\/image\/\",\"url\":\"https:\/\/naturaltreats.eu\/wp-content\/uploads\/2020\/08\/social.jpg\",\"contentUrl\":\"https:\/\/naturaltreats.eu\/wp-content\/uploads\/2020\/08\/social.jpg\",\"width\":1000,\"height\":1000,\"caption\":\"Natural Treats\"},\"image\":{\"@id\":\"https:\/\/naturaltreats.eu\/pt-pt\/#\/schema\/logo\/image\/\"},\"sameAs\":[\"https:\/\/facebook.com\/naturaltreatseu\",\"https:\/\/instagram.com\/naturaltreatseu\"]}]}<\/script>\n<meta property=\"og:availability\" content=\"instock\" \/>\n<meta property=\"product:availability\" content=\"instock\" \/>\n<meta property=\"product:condition\" content=\"new\" \/>\n<!-- \/ Yoast SEO Premium plugin. -->","yoast_head_json":{"title":"Cart\u00e3o de oferta | Natural Treats","description":"D\u00ea o presente perfeito a qualquer dono de c\u00e3o com o nosso cart\u00e3o de oferta virtual. Enviado instantaneamente para qualquer endere\u00e7o electr\u00f3nico.","robots":{"index":"index","follow":"follow","max-snippet":"max-snippet:-1","max-image-preview":"max-image-preview:large","max-video-preview":"max-video-preview:-1"},"canonical":"https:\/\/naturaltreats.eu\/pt-pt\/product\/cartao-presente\/","og_locale":"pt_PT","og_type":"article","og_title":"Cart\u00e3o de oferta","og_description":"D\u00ea o presente perfeito a qualquer dono de c\u00e3o com o nosso cart\u00e3o de oferta virtual. Enviado instantaneamente para qualquer endere\u00e7o electr\u00f3nico.","og_url":"https:\/\/naturaltreats.eu\/pt-pt\/product\/cartao-presente\/","og_site_name":"Natural Treats","article_publisher":"https:\/\/facebook.com\/naturaltreatseu","article_modified_time":"2022-10-14T08:02:23+00:00","og_image":[{"width":1080,"height":1080,"url":"https:\/\/naturaltreats.eu\/wp-content\/uploads\/2022\/10\/Gift.jpg","type":"image\/jpeg"}],"twitter_card":"summary_large_image","twitter_misc":{"Disponibilidade":"Em stock"},"schema":{"@context":"https:\/\/schema.org","@graph":[{"@type":"WebPage","@id":"https:\/\/naturaltreats.eu\/pt-pt\/product\/cartao-presente\/","url":"https:\/\/naturaltreats.eu\/pt-pt\/product\/cartao-presente\/","name":"Cart\u00e3o de oferta | Natural Treats","isPartOf":{"@id":"https:\/\/naturaltreats.eu\/pt-pt\/#website"},"primaryImageOfPage":{"@id":"https:\/\/naturaltreats.eu\/pt-pt\/product\/cartao-presente\/#primaryimage"},"image":{"@id":"https:\/\/naturaltreats.eu\/pt-pt\/product\/cartao-presente\/#primaryimage"},"thumbnailUrl":"https:\/\/naturaltreats.eu\/wp-content\/uploads\/2022\/10\/Gift.jpg","datePublished":"2022-10-13T19:19:50+00:00","dateModified":"2022-10-14T08:02:23+00:00","description":"D\u00ea o presente perfeito a qualquer dono de c\u00e3o com o nosso cart\u00e3o de oferta virtual. Enviado instantaneamente para qualquer endere\u00e7o electr\u00f3nico.","breadcrumb":{"@id":"https:\/\/naturaltreats.eu\/pt-pt\/product\/cartao-presente\/#breadcrumb"},"inLanguage":"pt-PT","potentialAction":[{"@type":"ReadAction","target":["https:\/\/naturaltreats.eu\/pt-pt\/product\/cartao-presente\/"]}]},{"@type":"ImageObject","inLanguage":"pt-PT","@id":"https:\/\/naturaltreats.eu\/pt-pt\/product\/cartao-presente\/#primaryimage","url":"https:\/\/naturaltreats.eu\/wp-content\/uploads\/2022\/10\/Gift.jpg","contentUrl":"https:\/\/naturaltreats.eu\/wp-content\/uploads\/2022\/10\/Gift.jpg","width":1080,"height":1080,"caption":"Cart\u00e3o de oferta para c\u00e3es naturais"},{"@type":"BreadcrumbList","@id":"https:\/\/naturaltreats.eu\/pt-pt\/product\/cartao-presente\/#breadcrumb","itemListElement":[{"@type":"ListItem","position":1,"name":"Home","item":"https:\/\/naturaltreats.eu\/pt-pt\/casa\/"},{"@type":"ListItem","position":2,"name":"Loja","item":"https:\/\/naturaltreats.eu\/pt-pt\/loja\/"},{"@type":"ListItem","position":3,"name":"Cart\u00e3o de oferta"}]},{"@type":"WebSite","@id":"https:\/\/naturaltreats.eu\/pt-pt\/#website","url":"https:\/\/naturaltreats.eu\/pt-pt\/","name":"Natural Treats","description":"Best Rated Natural Dog Treats In Europe","publisher":{"@id":"https:\/\/naturaltreats.eu\/pt-pt\/#organization"},"potentialAction":[{"@type":"SearchAction","target":{"@type":"EntryPoint","urlTemplate":"https:\/\/naturaltreats.eu\/pt-pt\/?s={search_term_string}"},"query-input":{"@type":"PropertyValueSpecification","valueRequired":true,"valueName":"search_term_string"}}],"inLanguage":"pt-PT"},{"@type":"Organization","@id":"https:\/\/naturaltreats.eu\/pt-pt\/#organization","name":"Natural Treats","url":"https:\/\/naturaltreats.eu\/pt-pt\/","logo":{"@type":"ImageObject","inLanguage":"pt-PT","@id":"https:\/\/naturaltreats.eu\/pt-pt\/#\/schema\/logo\/image\/","url":"https:\/\/naturaltreats.eu\/wp-content\/uploads\/2020\/08\/social.jpg","contentUrl":"https:\/\/naturaltreats.eu\/wp-content\/uploads\/2020\/08\/social.jpg","width":1000,"height":1000,"caption":"Natural Treats"},"image":{"@id":"https:\/\/naturaltreats.eu\/pt-pt\/#\/schema\/logo\/image\/"},"sameAs":["https:\/\/facebook.com\/naturaltreatseu","https:\/\/instagram.com\/naturaltreatseu"]}]},"og_availability":"instock","product_availability":"instock","product_condition":"new"},"_links":{"self":[{"href":"https:\/\/naturaltreats.eu\/pt-pt\/wp-json\/wp\/v2\/product\/34784","targetHints":{"allow":["GET"]}}],"collection":[{"href":"https:\/\/naturaltreats.eu\/pt-pt\/wp-json\/wp\/v2\/product"}],"about":[{"href":"https:\/\/naturaltreats.eu\/pt-pt\/wp-json\/wp\/v2\/types\/product"}],"wp:featuredmedia":[{"embeddable":true,"href":"https:\/\/naturaltreats.eu\/pt-pt\/wp-json\/wp\/v2\/media\/34719"}],"wp:attachment":[{"href":"https:\/\/naturaltreats.eu\/pt-pt\/wp-json\/wp\/v2\/media?parent=34784"}],"wp:term":[{"taxonomy":"dog-type","embeddable":true,"href":"https:\/\/naturaltreats.eu\/pt-pt\/wp-json\/wp\/v2\/dog-type?post=34784"},{"taxonomy":"ingredients","embeddable":true,"href":"https:\/\/naturaltreats.eu\/pt-pt\/wp-json\/wp\/v2\/ingredients?post=34784"},{"taxonomy":"product_brand","embeddable":true,"href":"https:\/\/naturaltreats.eu\/pt-pt\/wp-json\/wp\/v2\/product_brand?post=34784"},{"taxonomy":"product_cat","embeddable":true,"href":"https:\/\/naturaltreats.eu\/pt-pt\/wp-json\/wp\/v2\/product_cat?post=34784"},{"taxonomy":"product_tag","embeddable":true,"href":"https:\/\/naturaltreats.eu\/pt-pt\/wp-json\/wp\/v2\/product_tag?post=34784"}],"curies":[{"name":"wp","href":"https:\/\/api.w.org\/{rel}","templated":true}]}}