{"id":41793,"date":"2023-02-22T22:19:14","date_gmt":"2023-02-23T21:19:43","guid":{"rendered":"https:\/\/naturaltreats.eu\/product\/bastao-de-mastigacao-de-madeira-de-cafe-para-caes\/"},"modified":"2024-11-12T17:59:49","modified_gmt":"2024-11-12T16:59:49","slug":"bastao-de-mastigacao-de-madeira-de-cafe-para-caes","status":"publish","type":"product","link":"https:\/\/naturaltreats.eu\/pt-pt\/product\/bastao-de-mastigacao-de-madeira-de-cafe-para-caes\/","title":{"rendered":"Bast\u00e3o de mastiga\u00e7\u00e3o de madeira de caf\u00e9 para c\u00e3es"},"content":{"rendered":"<p>Diga ol\u00e1 ao novo lanche preferido do seu c\u00e3o, o Coffee Wood Chew Stick. Este mastigador \u00e9 feito de madeira de caf\u00e9 natural e sustent\u00e1vel, proporcionando uma alternativa segura e saborosa a outros mastigadores aborrecidos comprados na loja. Ajuda a reduzir o t\u00e9dio, ao mesmo tempo que promove h\u00e1bitos saud\u00e1veis de mastiga\u00e7\u00e3o. Al\u00e9m disso, o seu aroma \u00fanico ajudar\u00e1 a manter o h\u00e1lito do seu cachorro a cheirar fresco! A madeira de caf\u00e9 n\u00e3o cont\u00e9m cafe\u00edna.<\/p>\n<ul>\n<li>100% natural e sustent\u00e1vel de pau de mascar caf\u00e9 para c\u00e3es.<\/li>\n<li>O aroma arom\u00e1tico irresist\u00edvel ajuda a refrescar o h\u00e1lito.<\/li>\n<li>Ajuda a construir m\u00fasculos fortes da mand\u00edbula.<\/li>\n<li>Encoraja h\u00e1bitos saud\u00e1veis de mastiga\u00e7\u00e3o, especialmente durante os per\u00edodos de denti\u00e7\u00e3o.<\/li>\n<li>Seguro e n\u00e3o t\u00f3xico, sem ingredientes artificiais ou produtos qu\u00edmicos.<\/li>\n<li>Tamanhos perfeitos para ra\u00e7as mais pequenas para c\u00e3es maiores.<\/li>\n<li>F\u00e1cil de transportar e ideal para lanchar ou actividades l\u00fadicas em movimento.<\/li>\n<li>Ajuda a reduzir o t\u00e9dio dos c\u00e3es de interior e promove uma melhor sa\u00fade oral ao remover a acumula\u00e7\u00e3o de placa bacteriana nos dentes.<\/li>\n<\/ul>\n","protected":false},"excerpt":{"rendered":"<p>Diga ol\u00e1 ao novo lanche preferido do seu c\u00e3o, o Coffee Wood Chew Stick. Este mastigador \u00e9 feito de madeira<\/p>\n","protected":false},"featured_media":41695,"template":"","meta":{"_acf_changed":false},"dog-type":[],"ingredients":[],"product_brand":[],"product_cat":[332],"product_tag":[],"class_list":{"0":"post-41793","1":"product","2":"type-product","3":"status-publish","4":"has-post-thumbnail","6":"product_cat-ossos-para-caes","7":"tm-no-options-pxq","9":"first","10":"instock","11":"taxable","12":"shipping-taxable","13":"purchasable","14":"product-type-variable"},"bundled_by":[],"bundle_stock_status":"instock","bundle_stock_quantity":null,"bundle_virtual":false,"bundle_layout":"","bundle_add_to_cart_form_location":"","bundle_editable_in_cart":false,"bundle_sold_individually_context":"","bundle_item_grouping":"","bundle_min_size":"","bundle_max_size":"","bundle_price":[],"bundled_items":[],"bundle_sell_ids":[],"acf":[],"yoast_head":"<!-- This site is optimized with the Yoast SEO Premium plugin v23.5 (Yoast SEO v25.0) - https:\/\/yoast.com\/wordpress\/plugins\/seo\/ -->\n<title>Bast\u00e3o de mastiga\u00e7\u00e3o de madeira de caf\u00e9 para c\u00e3es | Natural Treats<\/title>\n<meta name=\"robots\" content=\"index, follow, max-snippet:-1, max-image-preview:large, max-video-preview:-1\" \/>\n<link rel=\"canonical\" href=\"https:\/\/naturaltreats.eu\/pt-pt\/product\/bastao-de-mastigacao-de-madeira-de-cafe-para-caes\/\" \/>\n<meta property=\"og:locale\" content=\"pt_PT\" \/>\n<meta property=\"og:type\" content=\"article\" \/>\n<meta property=\"og:title\" content=\"Bast\u00e3o de mastiga\u00e7\u00e3o de madeira de caf\u00e9 para c\u00e3es\" \/>\n<meta property=\"og:description\" content=\"Diga ol\u00e1 ao novo lanche preferido do seu c\u00e3o, o Coffee Wood Chew Stick. Este mastigador \u00e9 feito de madeira\" \/>\n<meta property=\"og:url\" content=\"https:\/\/naturaltreats.eu\/pt-pt\/product\/bastao-de-mastigacao-de-madeira-de-cafe-para-caes\/\" \/>\n<meta property=\"og:site_name\" content=\"Natural Treats\" \/>\n<meta property=\"article:publisher\" content=\"https:\/\/facebook.com\/naturaltreatseu\" \/>\n<meta property=\"article:modified_time\" content=\"2024-11-12T16:59:49+00:00\" \/>\n<meta property=\"og:image\" content=\"https:\/\/naturaltreats.eu\/wp-content\/uploads\/2023\/02\/Coffee-Wood-Medium.jpg\" \/>\n\t<meta property=\"og:image:width\" content=\"1800\" \/>\n\t<meta property=\"og:image:height\" content=\"1800\" \/>\n\t<meta property=\"og:image:type\" content=\"image\/jpeg\" \/>\n<meta name=\"twitter:card\" content=\"summary_large_image\" \/>\n<meta name=\"twitter:label1\" content=\"Disponibilidade\" \/>\n\t<meta name=\"twitter:data1\" content=\"Em stock\" \/>\n<script type=\"application\/ld+json\" class=\"yoast-schema-graph\">{\"@context\":\"https:\/\/schema.org\",\"@graph\":[{\"@type\":\"WebPage\",\"@id\":\"https:\/\/naturaltreats.eu\/pt-pt\/product\/bastao-de-mastigacao-de-madeira-de-cafe-para-caes\/\",\"url\":\"https:\/\/naturaltreats.eu\/pt-pt\/product\/bastao-de-mastigacao-de-madeira-de-cafe-para-caes\/\",\"name\":\"Bast\u00e3o de mastiga\u00e7\u00e3o de madeira de caf\u00e9 para c\u00e3es | Natural Treats\",\"isPartOf\":{\"@id\":\"https:\/\/naturaltreats.eu\/pt-pt\/#website\"},\"primaryImageOfPage\":{\"@id\":\"https:\/\/naturaltreats.eu\/pt-pt\/product\/bastao-de-mastigacao-de-madeira-de-cafe-para-caes\/#primaryimage\"},\"image\":{\"@id\":\"https:\/\/naturaltreats.eu\/pt-pt\/product\/bastao-de-mastigacao-de-madeira-de-cafe-para-caes\/#primaryimage\"},\"thumbnailUrl\":\"https:\/\/naturaltreats.eu\/wp-content\/uploads\/2023\/02\/Coffee-Wood-Medium.jpg\",\"datePublished\":\"2023-02-23T21:19:43+00:00\",\"dateModified\":\"2024-11-12T16:59:49+00:00\",\"breadcrumb\":{\"@id\":\"https:\/\/naturaltreats.eu\/pt-pt\/product\/bastao-de-mastigacao-de-madeira-de-cafe-para-caes\/#breadcrumb\"},\"inLanguage\":\"pt-PT\",\"potentialAction\":[{\"@type\":\"ReadAction\",\"target\":[\"https:\/\/naturaltreats.eu\/pt-pt\/product\/bastao-de-mastigacao-de-madeira-de-cafe-para-caes\/\"]}]},{\"@type\":\"ImageObject\",\"inLanguage\":\"pt-PT\",\"@id\":\"https:\/\/naturaltreats.eu\/pt-pt\/product\/bastao-de-mastigacao-de-madeira-de-cafe-para-caes\/#primaryimage\",\"url\":\"https:\/\/naturaltreats.eu\/wp-content\/uploads\/2023\/02\/Coffee-Wood-Medium.jpg\",\"contentUrl\":\"https:\/\/naturaltreats.eu\/wp-content\/uploads\/2023\/02\/Coffee-Wood-Medium.jpg\",\"width\":1800,\"height\":1800,\"caption\":\"Medium Coffee wood chew sticks for dogs\"},{\"@type\":\"BreadcrumbList\",\"@id\":\"https:\/\/naturaltreats.eu\/pt-pt\/product\/bastao-de-mastigacao-de-madeira-de-cafe-para-caes\/#breadcrumb\",\"itemListElement\":[{\"@type\":\"ListItem\",\"position\":1,\"name\":\"Home\",\"item\":\"https:\/\/naturaltreats.eu\/pt-pt\/casa\/\"},{\"@type\":\"ListItem\",\"position\":2,\"name\":\"Loja\",\"item\":\"https:\/\/naturaltreats.eu\/pt-pt\/loja\/\"},{\"@type\":\"ListItem\",\"position\":3,\"name\":\"Bast\u00e3o de mastiga\u00e7\u00e3o de madeira de caf\u00e9 para c\u00e3es\"}]},{\"@type\":\"WebSite\",\"@id\":\"https:\/\/naturaltreats.eu\/pt-pt\/#website\",\"url\":\"https:\/\/naturaltreats.eu\/pt-pt\/\",\"name\":\"Natural Treats\",\"description\":\"Best Rated Natural Dog Treats In Europe\",\"publisher\":{\"@id\":\"https:\/\/naturaltreats.eu\/pt-pt\/#organization\"},\"potentialAction\":[{\"@type\":\"SearchAction\",\"target\":{\"@type\":\"EntryPoint\",\"urlTemplate\":\"https:\/\/naturaltreats.eu\/pt-pt\/?s={search_term_string}\"},\"query-input\":{\"@type\":\"PropertyValueSpecification\",\"valueRequired\":true,\"valueName\":\"search_term_string\"}}],\"inLanguage\":\"pt-PT\"},{\"@type\":\"Organization\",\"@id\":\"https:\/\/naturaltreats.eu\/pt-pt\/#organization\",\"name\":\"Natural Treats\",\"url\":\"https:\/\/naturaltreats.eu\/pt-pt\/\",\"logo\":{\"@type\":\"ImageObject\",\"inLanguage\":\"pt-PT\",\"@id\":\"https:\/\/naturaltreats.eu\/pt-pt\/#\/schema\/logo\/image\/\",\"url\":\"https:\/\/naturaltreats.eu\/wp-content\/uploads\/2020\/08\/social.jpg\",\"contentUrl\":\"https:\/\/naturaltreats.eu\/wp-content\/uploads\/2020\/08\/social.jpg\",\"width\":1000,\"height\":1000,\"caption\":\"Natural Treats\"},\"image\":{\"@id\":\"https:\/\/naturaltreats.eu\/pt-pt\/#\/schema\/logo\/image\/\"},\"sameAs\":[\"https:\/\/facebook.com\/naturaltreatseu\",\"https:\/\/instagram.com\/naturaltreatseu\"]}]}<\/script>\n<meta property=\"og:availability\" content=\"instock\" \/>\n<meta property=\"product:availability\" content=\"instock\" \/>\n<meta property=\"product:condition\" content=\"new\" \/>\n<!-- \/ Yoast SEO Premium plugin. -->","yoast_head_json":{"title":"Bast\u00e3o de mastiga\u00e7\u00e3o de madeira de caf\u00e9 para c\u00e3es | Natural Treats","robots":{"index":"index","follow":"follow","max-snippet":"max-snippet:-1","max-image-preview":"max-image-preview:large","max-video-preview":"max-video-preview:-1"},"canonical":"https:\/\/naturaltreats.eu\/pt-pt\/product\/bastao-de-mastigacao-de-madeira-de-cafe-para-caes\/","og_locale":"pt_PT","og_type":"article","og_title":"Bast\u00e3o de mastiga\u00e7\u00e3o de madeira de caf\u00e9 para c\u00e3es","og_description":"Diga ol\u00e1 ao novo lanche preferido do seu c\u00e3o, o Coffee Wood Chew Stick. Este mastigador \u00e9 feito de madeira","og_url":"https:\/\/naturaltreats.eu\/pt-pt\/product\/bastao-de-mastigacao-de-madeira-de-cafe-para-caes\/","og_site_name":"Natural Treats","article_publisher":"https:\/\/facebook.com\/naturaltreatseu","article_modified_time":"2024-11-12T16:59:49+00:00","og_image":[{"width":1800,"height":1800,"url":"https:\/\/naturaltreats.eu\/wp-content\/uploads\/2023\/02\/Coffee-Wood-Medium.jpg","type":"image\/jpeg"}],"twitter_card":"summary_large_image","twitter_misc":{"Disponibilidade":"Em stock"},"schema":{"@context":"https:\/\/schema.org","@graph":[{"@type":"WebPage","@id":"https:\/\/naturaltreats.eu\/pt-pt\/product\/bastao-de-mastigacao-de-madeira-de-cafe-para-caes\/","url":"https:\/\/naturaltreats.eu\/pt-pt\/product\/bastao-de-mastigacao-de-madeira-de-cafe-para-caes\/","name":"Bast\u00e3o de mastiga\u00e7\u00e3o de madeira de caf\u00e9 para c\u00e3es | Natural Treats","isPartOf":{"@id":"https:\/\/naturaltreats.eu\/pt-pt\/#website"},"primaryImageOfPage":{"@id":"https:\/\/naturaltreats.eu\/pt-pt\/product\/bastao-de-mastigacao-de-madeira-de-cafe-para-caes\/#primaryimage"},"image":{"@id":"https:\/\/naturaltreats.eu\/pt-pt\/product\/bastao-de-mastigacao-de-madeira-de-cafe-para-caes\/#primaryimage"},"thumbnailUrl":"https:\/\/naturaltreats.eu\/wp-content\/uploads\/2023\/02\/Coffee-Wood-Medium.jpg","datePublished":"2023-02-23T21:19:43+00:00","dateModified":"2024-11-12T16:59:49+00:00","breadcrumb":{"@id":"https:\/\/naturaltreats.eu\/pt-pt\/product\/bastao-de-mastigacao-de-madeira-de-cafe-para-caes\/#breadcrumb"},"inLanguage":"pt-PT","potentialAction":[{"@type":"ReadAction","target":["https:\/\/naturaltreats.eu\/pt-pt\/product\/bastao-de-mastigacao-de-madeira-de-cafe-para-caes\/"]}]},{"@type":"ImageObject","inLanguage":"pt-PT","@id":"https:\/\/naturaltreats.eu\/pt-pt\/product\/bastao-de-mastigacao-de-madeira-de-cafe-para-caes\/#primaryimage","url":"https:\/\/naturaltreats.eu\/wp-content\/uploads\/2023\/02\/Coffee-Wood-Medium.jpg","contentUrl":"https:\/\/naturaltreats.eu\/wp-content\/uploads\/2023\/02\/Coffee-Wood-Medium.jpg","width":1800,"height":1800,"caption":"Medium Coffee wood chew sticks for dogs"},{"@type":"BreadcrumbList","@id":"https:\/\/naturaltreats.eu\/pt-pt\/product\/bastao-de-mastigacao-de-madeira-de-cafe-para-caes\/#breadcrumb","itemListElement":[{"@type":"ListItem","position":1,"name":"Home","item":"https:\/\/naturaltreats.eu\/pt-pt\/casa\/"},{"@type":"ListItem","position":2,"name":"Loja","item":"https:\/\/naturaltreats.eu\/pt-pt\/loja\/"},{"@type":"ListItem","position":3,"name":"Bast\u00e3o de mastiga\u00e7\u00e3o de madeira de caf\u00e9 para c\u00e3es"}]},{"@type":"WebSite","@id":"https:\/\/naturaltreats.eu\/pt-pt\/#website","url":"https:\/\/naturaltreats.eu\/pt-pt\/","name":"Natural Treats","description":"Best Rated Natural Dog Treats In Europe","publisher":{"@id":"https:\/\/naturaltreats.eu\/pt-pt\/#organization"},"potentialAction":[{"@type":"SearchAction","target":{"@type":"EntryPoint","urlTemplate":"https:\/\/naturaltreats.eu\/pt-pt\/?s={search_term_string}"},"query-input":{"@type":"PropertyValueSpecification","valueRequired":true,"valueName":"search_term_string"}}],"inLanguage":"pt-PT"},{"@type":"Organization","@id":"https:\/\/naturaltreats.eu\/pt-pt\/#organization","name":"Natural Treats","url":"https:\/\/naturaltreats.eu\/pt-pt\/","logo":{"@type":"ImageObject","inLanguage":"pt-PT","@id":"https:\/\/naturaltreats.eu\/pt-pt\/#\/schema\/logo\/image\/","url":"https:\/\/naturaltreats.eu\/wp-content\/uploads\/2020\/08\/social.jpg","contentUrl":"https:\/\/naturaltreats.eu\/wp-content\/uploads\/2020\/08\/social.jpg","width":1000,"height":1000,"caption":"Natural Treats"},"image":{"@id":"https:\/\/naturaltreats.eu\/pt-pt\/#\/schema\/logo\/image\/"},"sameAs":["https:\/\/facebook.com\/naturaltreatseu","https:\/\/instagram.com\/naturaltreatseu"]}]},"og_availability":"instock","product_availability":"instock","product_condition":"new"},"_links":{"self":[{"href":"https:\/\/naturaltreats.eu\/pt-pt\/wp-json\/wp\/v2\/product\/41793","targetHints":{"allow":["GET"]}}],"collection":[{"href":"https:\/\/naturaltreats.eu\/pt-pt\/wp-json\/wp\/v2\/product"}],"about":[{"href":"https:\/\/naturaltreats.eu\/pt-pt\/wp-json\/wp\/v2\/types\/product"}],"wp:featuredmedia":[{"embeddable":true,"href":"https:\/\/naturaltreats.eu\/pt-pt\/wp-json\/wp\/v2\/media\/41695"}],"wp:attachment":[{"href":"https:\/\/naturaltreats.eu\/pt-pt\/wp-json\/wp\/v2\/media?parent=41793"}],"wp:term":[{"taxonomy":"dog-type","embeddable":true,"href":"https:\/\/naturaltreats.eu\/pt-pt\/wp-json\/wp\/v2\/dog-type?post=41793"},{"taxonomy":"ingredients","embeddable":true,"href":"https:\/\/naturaltreats.eu\/pt-pt\/wp-json\/wp\/v2\/ingredients?post=41793"},{"taxonomy":"product_brand","embeddable":true,"href":"https:\/\/naturaltreats.eu\/pt-pt\/wp-json\/wp\/v2\/product_brand?post=41793"},{"taxonomy":"product_cat","embeddable":true,"href":"https:\/\/naturaltreats.eu\/pt-pt\/wp-json\/wp\/v2\/product_cat?post=41793"},{"taxonomy":"product_tag","embeddable":true,"href":"https:\/\/naturaltreats.eu\/pt-pt\/wp-json\/wp\/v2\/product_tag?post=41793"}],"curies":[{"name":"wp","href":"https:\/\/api.w.org\/{rel}","templated":true}]}}