{"id":56354,"date":"2024-01-08T20:21:23","date_gmt":"2024-01-08T19:28:34","guid":{"rendered":"https:\/\/naturaltreats.eu\/product\/monster-bully-stick\/"},"modified":"2024-02-06T14:39:09","modified_gmt":"2024-02-06T13:39:09","slug":"pau-monstro-bully","status":"publish","type":"product","link":"https:\/\/naturaltreats.eu\/pt-pt\/product\/pau-monstro-bully\/","title":{"rendered":"Monster Bully Stick"},"content":{"rendered":"<p>Apresentamos-lhe o monstro de todos Bully Sticks &#8211; com uns espantosos 30 cm de comprimento, tem o dobro do tamanho dos nossos mastigadores normais! Concebidos para ra\u00e7as maiores, os nossos Monster Bully Sticks v\u00e3o mant\u00ea-los entretidos durante horas a fio. Eles ter\u00e3o a sua dose de divers\u00e3o, enquanto voc\u00ea vai adorar o benef\u00edcio adicional de melhorar a sa\u00fade oral com cada mastiga\u00e7\u00e3o. A satisfa\u00e7\u00e3o est\u00e1 \u00e0 dist\u00e2ncia de uma mastiga\u00e7\u00e3o!<\/p>\n","protected":false},"excerpt":{"rendered":"<p><i class=\"fas fa-circle\"><\/i><i class=\"fas fa-circle\"><\/i><i class=\"fas fa-circle\"><\/i> | 30cm<\/p>\n","protected":false},"featured_media":57576,"template":"","meta":{"_acf_changed":false},"dog-type":[],"ingredients":[],"product_brand":[],"product_cat":[214],"product_tag":[],"class_list":{"0":"post-56354","1":"product","2":"type-product","3":"status-publish","4":"has-post-thumbnail","6":"product_cat-lanches","7":"tm-has-options","9":"first","10":"outofstock","11":"taxable","12":"shipping-taxable","13":"purchasable","14":"product-type-simple"},"bundled_by":[],"bundle_stock_status":"outofstock","bundle_stock_quantity":-4,"bundle_virtual":false,"bundle_layout":"","bundle_add_to_cart_form_location":"","bundle_editable_in_cart":false,"bundle_sold_individually_context":"","bundle_item_grouping":"","bundle_min_size":"","bundle_max_size":"","bundle_price":[],"bundled_items":[],"bundle_sell_ids":[],"acf":[],"yoast_head":"<!-- This site is optimized with the Yoast SEO Premium plugin v23.5 (Yoast SEO v25.0) - https:\/\/yoast.com\/wordpress\/plugins\/seo\/ -->\n<title>Monster Bully Stick | Natural Treats<\/title>\n<meta name=\"robots\" content=\"index, follow, max-snippet:-1, max-image-preview:large, max-video-preview:-1\" \/>\n<link rel=\"canonical\" href=\"https:\/\/naturaltreats.eu\/pt-pt\/product\/pau-monstro-bully\/\" \/>\n<meta property=\"og:locale\" content=\"pt_PT\" \/>\n<meta property=\"og:type\" content=\"article\" \/>\n<meta property=\"og:title\" content=\"Monster Bully Stick\" \/>\n<meta property=\"og:description\" content=\"| 30cm\" \/>\n<meta property=\"og:url\" content=\"https:\/\/naturaltreats.eu\/pt-pt\/product\/pau-monstro-bully\/\" \/>\n<meta property=\"og:site_name\" content=\"Natural Treats\" \/>\n<meta property=\"article:publisher\" content=\"https:\/\/facebook.com\/naturaltreatseu\" \/>\n<meta property=\"article:modified_time\" content=\"2024-02-06T13:39:09+00:00\" \/>\n<meta property=\"og:image\" content=\"https:\/\/naturaltreats.eu\/wp-content\/uploads\/2024\/01\/monster-bully.png\" \/>\n\t<meta property=\"og:image:width\" content=\"1080\" \/>\n\t<meta property=\"og:image:height\" content=\"1080\" \/>\n\t<meta property=\"og:image:type\" content=\"image\/png\" \/>\n<meta name=\"twitter:card\" content=\"summary_large_image\" \/>\n<meta name=\"twitter:label1\" content=\"pre\u00e7o\" \/>\n\t<meta name=\"twitter:data1\" content=\"7,95&euro;\" \/>\n\t<meta name=\"twitter:label2\" content=\"Disponibilidade\" \/>\n\t<meta name=\"twitter:data2\" content=\"Esgotado\" \/>\n<script type=\"application\/ld+json\" class=\"yoast-schema-graph\">{\"@context\":\"https:\/\/schema.org\",\"@graph\":[{\"@type\":\"WebPage\",\"@id\":\"https:\/\/naturaltreats.eu\/pt-pt\/product\/pau-monstro-bully\/\",\"url\":\"https:\/\/naturaltreats.eu\/pt-pt\/product\/pau-monstro-bully\/\",\"name\":\"Monster Bully Stick | Natural Treats\",\"isPartOf\":{\"@id\":\"https:\/\/naturaltreats.eu\/pt-pt\/#website\"},\"primaryImageOfPage\":{\"@id\":\"https:\/\/naturaltreats.eu\/pt-pt\/product\/pau-monstro-bully\/#primaryimage\"},\"image\":{\"@id\":\"https:\/\/naturaltreats.eu\/pt-pt\/product\/pau-monstro-bully\/#primaryimage\"},\"thumbnailUrl\":\"https:\/\/naturaltreats.eu\/wp-content\/uploads\/2024\/01\/monster-bully.png\",\"datePublished\":\"2024-01-08T19:28:34+00:00\",\"dateModified\":\"2024-02-06T13:39:09+00:00\",\"breadcrumb\":{\"@id\":\"https:\/\/naturaltreats.eu\/pt-pt\/product\/pau-monstro-bully\/#breadcrumb\"},\"inLanguage\":\"pt-PT\",\"potentialAction\":[{\"@type\":\"ReadAction\",\"target\":[\"https:\/\/naturaltreats.eu\/pt-pt\/product\/pau-monstro-bully\/\"]}]},{\"@type\":\"ImageObject\",\"inLanguage\":\"pt-PT\",\"@id\":\"https:\/\/naturaltreats.eu\/pt-pt\/product\/pau-monstro-bully\/#primaryimage\",\"url\":\"https:\/\/naturaltreats.eu\/wp-content\/uploads\/2024\/01\/monster-bully.png\",\"contentUrl\":\"https:\/\/naturaltreats.eu\/wp-content\/uploads\/2024\/01\/monster-bully.png\",\"width\":1080,\"height\":1080,\"caption\":\"Bully stick for dogs. Bull pizzle.\"},{\"@type\":\"BreadcrumbList\",\"@id\":\"https:\/\/naturaltreats.eu\/pt-pt\/product\/pau-monstro-bully\/#breadcrumb\",\"itemListElement\":[{\"@type\":\"ListItem\",\"position\":1,\"name\":\"Home\",\"item\":\"https:\/\/naturaltreats.eu\/pt-pt\/casa\/\"},{\"@type\":\"ListItem\",\"position\":2,\"name\":\"Loja\",\"item\":\"https:\/\/naturaltreats.eu\/pt-pt\/loja\/\"},{\"@type\":\"ListItem\",\"position\":3,\"name\":\"Monster Bully Stick\"}]},{\"@type\":\"WebSite\",\"@id\":\"https:\/\/naturaltreats.eu\/pt-pt\/#website\",\"url\":\"https:\/\/naturaltreats.eu\/pt-pt\/\",\"name\":\"Natural Treats\",\"description\":\"Best Rated Natural Dog Treats In Europe\",\"publisher\":{\"@id\":\"https:\/\/naturaltreats.eu\/pt-pt\/#organization\"},\"potentialAction\":[{\"@type\":\"SearchAction\",\"target\":{\"@type\":\"EntryPoint\",\"urlTemplate\":\"https:\/\/naturaltreats.eu\/pt-pt\/?s={search_term_string}\"},\"query-input\":{\"@type\":\"PropertyValueSpecification\",\"valueRequired\":true,\"valueName\":\"search_term_string\"}}],\"inLanguage\":\"pt-PT\"},{\"@type\":\"Organization\",\"@id\":\"https:\/\/naturaltreats.eu\/pt-pt\/#organization\",\"name\":\"Natural Treats\",\"url\":\"https:\/\/naturaltreats.eu\/pt-pt\/\",\"logo\":{\"@type\":\"ImageObject\",\"inLanguage\":\"pt-PT\",\"@id\":\"https:\/\/naturaltreats.eu\/pt-pt\/#\/schema\/logo\/image\/\",\"url\":\"https:\/\/naturaltreats.eu\/wp-content\/uploads\/2020\/08\/social.jpg\",\"contentUrl\":\"https:\/\/naturaltreats.eu\/wp-content\/uploads\/2020\/08\/social.jpg\",\"width\":1000,\"height\":1000,\"caption\":\"Natural Treats\"},\"image\":{\"@id\":\"https:\/\/naturaltreats.eu\/pt-pt\/#\/schema\/logo\/image\/\"},\"sameAs\":[\"https:\/\/facebook.com\/naturaltreatseu\",\"https:\/\/instagram.com\/naturaltreatseu\"]}]}<\/script>\n<meta property=\"product:price:amount\" content=\"7.95\" \/>\n<meta property=\"product:price:currency\" content=\"EUR\" \/>\n<meta property=\"og:availability\" content=\"out of stock\" \/>\n<meta property=\"product:availability\" content=\"out of stock\" \/>\n<meta property=\"product:condition\" content=\"new\" \/>\n<!-- \/ Yoast SEO Premium plugin. -->","yoast_head_json":{"title":"Monster Bully Stick | Natural Treats","robots":{"index":"index","follow":"follow","max-snippet":"max-snippet:-1","max-image-preview":"max-image-preview:large","max-video-preview":"max-video-preview:-1"},"canonical":"https:\/\/naturaltreats.eu\/pt-pt\/product\/pau-monstro-bully\/","og_locale":"pt_PT","og_type":"article","og_title":"Monster Bully Stick","og_description":"| 30cm","og_url":"https:\/\/naturaltreats.eu\/pt-pt\/product\/pau-monstro-bully\/","og_site_name":"Natural Treats","article_publisher":"https:\/\/facebook.com\/naturaltreatseu","article_modified_time":"2024-02-06T13:39:09+00:00","og_image":[{"width":1080,"height":1080,"url":"https:\/\/naturaltreats.eu\/wp-content\/uploads\/2024\/01\/monster-bully.png","type":"image\/png"}],"twitter_card":"summary_large_image","twitter_misc":{"pre\u00e7o":"7,95&euro;","Disponibilidade":"Esgotado"},"schema":{"@context":"https:\/\/schema.org","@graph":[{"@type":"WebPage","@id":"https:\/\/naturaltreats.eu\/pt-pt\/product\/pau-monstro-bully\/","url":"https:\/\/naturaltreats.eu\/pt-pt\/product\/pau-monstro-bully\/","name":"Monster Bully Stick | Natural Treats","isPartOf":{"@id":"https:\/\/naturaltreats.eu\/pt-pt\/#website"},"primaryImageOfPage":{"@id":"https:\/\/naturaltreats.eu\/pt-pt\/product\/pau-monstro-bully\/#primaryimage"},"image":{"@id":"https:\/\/naturaltreats.eu\/pt-pt\/product\/pau-monstro-bully\/#primaryimage"},"thumbnailUrl":"https:\/\/naturaltreats.eu\/wp-content\/uploads\/2024\/01\/monster-bully.png","datePublished":"2024-01-08T19:28:34+00:00","dateModified":"2024-02-06T13:39:09+00:00","breadcrumb":{"@id":"https:\/\/naturaltreats.eu\/pt-pt\/product\/pau-monstro-bully\/#breadcrumb"},"inLanguage":"pt-PT","potentialAction":[{"@type":"ReadAction","target":["https:\/\/naturaltreats.eu\/pt-pt\/product\/pau-monstro-bully\/"]}]},{"@type":"ImageObject","inLanguage":"pt-PT","@id":"https:\/\/naturaltreats.eu\/pt-pt\/product\/pau-monstro-bully\/#primaryimage","url":"https:\/\/naturaltreats.eu\/wp-content\/uploads\/2024\/01\/monster-bully.png","contentUrl":"https:\/\/naturaltreats.eu\/wp-content\/uploads\/2024\/01\/monster-bully.png","width":1080,"height":1080,"caption":"Bully stick for dogs. Bull pizzle."},{"@type":"BreadcrumbList","@id":"https:\/\/naturaltreats.eu\/pt-pt\/product\/pau-monstro-bully\/#breadcrumb","itemListElement":[{"@type":"ListItem","position":1,"name":"Home","item":"https:\/\/naturaltreats.eu\/pt-pt\/casa\/"},{"@type":"ListItem","position":2,"name":"Loja","item":"https:\/\/naturaltreats.eu\/pt-pt\/loja\/"},{"@type":"ListItem","position":3,"name":"Monster Bully Stick"}]},{"@type":"WebSite","@id":"https:\/\/naturaltreats.eu\/pt-pt\/#website","url":"https:\/\/naturaltreats.eu\/pt-pt\/","name":"Natural Treats","description":"Best Rated Natural Dog Treats In Europe","publisher":{"@id":"https:\/\/naturaltreats.eu\/pt-pt\/#organization"},"potentialAction":[{"@type":"SearchAction","target":{"@type":"EntryPoint","urlTemplate":"https:\/\/naturaltreats.eu\/pt-pt\/?s={search_term_string}"},"query-input":{"@type":"PropertyValueSpecification","valueRequired":true,"valueName":"search_term_string"}}],"inLanguage":"pt-PT"},{"@type":"Organization","@id":"https:\/\/naturaltreats.eu\/pt-pt\/#organization","name":"Natural Treats","url":"https:\/\/naturaltreats.eu\/pt-pt\/","logo":{"@type":"ImageObject","inLanguage":"pt-PT","@id":"https:\/\/naturaltreats.eu\/pt-pt\/#\/schema\/logo\/image\/","url":"https:\/\/naturaltreats.eu\/wp-content\/uploads\/2020\/08\/social.jpg","contentUrl":"https:\/\/naturaltreats.eu\/wp-content\/uploads\/2020\/08\/social.jpg","width":1000,"height":1000,"caption":"Natural Treats"},"image":{"@id":"https:\/\/naturaltreats.eu\/pt-pt\/#\/schema\/logo\/image\/"},"sameAs":["https:\/\/facebook.com\/naturaltreatseu","https:\/\/instagram.com\/naturaltreatseu"]}]},"product_price_amount":"7.95","product_price_currency":"EUR","og_availability":"out of stock","product_availability":"out of stock","product_condition":"new"},"_links":{"self":[{"href":"https:\/\/naturaltreats.eu\/pt-pt\/wp-json\/wp\/v2\/product\/56354","targetHints":{"allow":["GET"]}}],"collection":[{"href":"https:\/\/naturaltreats.eu\/pt-pt\/wp-json\/wp\/v2\/product"}],"about":[{"href":"https:\/\/naturaltreats.eu\/pt-pt\/wp-json\/wp\/v2\/types\/product"}],"wp:featuredmedia":[{"embeddable":true,"href":"https:\/\/naturaltreats.eu\/pt-pt\/wp-json\/wp\/v2\/media\/57576"}],"wp:attachment":[{"href":"https:\/\/naturaltreats.eu\/pt-pt\/wp-json\/wp\/v2\/media?parent=56354"}],"wp:term":[{"taxonomy":"dog-type","embeddable":true,"href":"https:\/\/naturaltreats.eu\/pt-pt\/wp-json\/wp\/v2\/dog-type?post=56354"},{"taxonomy":"ingredients","embeddable":true,"href":"https:\/\/naturaltreats.eu\/pt-pt\/wp-json\/wp\/v2\/ingredients?post=56354"},{"taxonomy":"product_brand","embeddable":true,"href":"https:\/\/naturaltreats.eu\/pt-pt\/wp-json\/wp\/v2\/product_brand?post=56354"},{"taxonomy":"product_cat","embeddable":true,"href":"https:\/\/naturaltreats.eu\/pt-pt\/wp-json\/wp\/v2\/product_cat?post=56354"},{"taxonomy":"product_tag","embeddable":true,"href":"https:\/\/naturaltreats.eu\/pt-pt\/wp-json\/wp\/v2\/product_tag?post=56354"}],"curies":[{"name":"wp","href":"https:\/\/api.w.org\/{rel}","templated":true}]}}