{"id":57730,"date":"2020-12-29T15:01:57","date_gmt":"2024-02-10T10:42:21","guid":{"rendered":"https:\/\/naturaltreats.eu\/product\/criar-uma-caixa-2\/"},"modified":"2024-12-01T11:10:38","modified_gmt":"2024-12-01T10:10:38","slug":"criar-uma-caixa","status":"publish","type":"product","link":"https:\/\/naturaltreats.eu\/pt-pt\/product\/criar-uma-caixa\/","title":{"rendered":"Crie a sua pr\u00f3pria caixa Natural Treats"},"content":{"rendered":"<p>Os nossos snacks e mastig\u00e1veis apresentam-se na sua forma mais naturalista e crua. T\u00eam a mesma forma e cheiro que na natureza e n\u00e3o cont\u00eam quaisquer aditivos ou produtos qu\u00edmicos que melhorem o sabor.<\/p>\n<p>Os lanches e mastig\u00e1veis s\u00e3o cuidadosamente desidratados e preparados para o consumo de todas as ra\u00e7as de c\u00e3es. Sim, eles podem parecer um pouco estranhos para n\u00f3s humanos (como as patas de galinha e o focinho de porco), mas para um c\u00e3o, estes s\u00e3o exactamente o que eles estariam a comer na natureza.<\/p>\n<p>Por serem 100% naturais e saud\u00e1veis, os snacks cont\u00eam uma vasta gama de benef\u00edcios para a sa\u00fade, como por exemplo:<\/p>\n<div class=\"elementor-element elementor-element-67b4411 elementor-align-left elementor-icon-list--layout-traditional elementor-list-item-link-full_width elementor-widget elementor-widget-icon-list\" data-id=\"67b4411\" data-element_type=\"widget\" data-widget_type=\"icon-list.default\">\n<div class=\"elementor-widget-container\">\n<ul class=\"elementor-icon-list-items\">\n<li class=\"elementor-icon-list-item\"><i class=\"far fa-check-circle\" aria-hidden=\"true\"><\/i><span class=\"elementor-icon-list-text\">Rico em nutrientes como glucosamina e condroitina, ambos conhecidos por apoiarem a sa\u00fade das articula\u00e7\u00f5es e a mobilidade dos c\u00e3es.<\/span><\/li>\n<li class=\"elementor-icon-list-item\"><i class=\"far fa-check-circle\" aria-hidden=\"true\"><\/i><span class=\"elementor-icon-list-text\">Prote\u00ednas saud\u00e1veis para ajudar a construir ossos e m\u00fasculos fortes.<\/span><\/li>\n<li class=\"elementor-icon-list-item\"><i class=\"far fa-check-circle\" aria-hidden=\"true\"><\/i><span class=\"elementor-icon-list-text\">Uma boa fonte de vitamina A, ferro, cobre, f\u00f3sforo, zinco e \u00e1cidos gordos essenciais.<\/span><\/li>\n<li class=\"elementor-icon-list-item\"><i class=\"far fa-check-circle\" aria-hidden=\"true\"><\/i><span class=\"elementor-icon-list-text\">Vitaminas D, e complexo B, assim como os minerais pot\u00e1ssio e magn\u00e9sio, que s\u00e3o \u00f3timos para uma pele saud\u00e1vel, peles e articula\u00e7\u00f5es.<\/span><\/li>\n<li class=\"elementor-icon-list-item\"><i class=\"far fa-check-circle\" aria-hidden=\"true\"><\/i><span class=\"elementor-icon-list-text\">Omega-3 e minerais que d\u00e3o ao seu c\u00e3o um p\u00ealo e uma pele saud\u00e1veis.<\/span><\/li>\n<li class=\"elementor-icon-list-item\"><i class=\"far fa-check-circle\" aria-hidden=\"true\"><\/i><span class=\"elementor-icon-list-text\">Al\u00e9m disso, o roer da textura crocante e as ranhuras de algumas guloseimas ajudam a remover a placa bacteriana e o ac\u00famulo de t\u00e1rtaro nos dentes do seu c\u00e3o.<\/span><\/li>\n<\/ul>\n<\/div>\n<\/div>\n","protected":false},"excerpt":{"rendered":"<p>Crie a sua pr\u00f3pria caixa de snacks e desfrute de todos os benef\u00edcios de alimentar o seu c\u00e3o com snacks naturais para c\u00e3es.<br \/>\n<i class=\"far fa-circle\"><\/i><i class=\"far fa-circle\"><\/i><i class=\"far fa-circle\"><\/i><br \/>\nMuito suave<br \/>\n<i class=\"fas fa-circle\"><\/i><i class=\"far fa-circle\"><\/i><i class=\"far fa-circle\"><\/i> Suave<br \/>\n<i class=\"fas fa-circle\"><\/i><i class=\"fas fa-circle\"><\/i><i class=\"far fa-circle\"><\/i> M\u00e9dio<br \/>\n<i class=\"fas fa-circle\"><\/i><i class=\"fas fa-circle\"><\/i><i class=\"fas fa-circle\"><\/i> Dif\u00edcil<\/p>\n","protected":false},"featured_media":55913,"template":"","meta":{"_acf_changed":false},"dog-type":[],"ingredients":[],"product_brand":[],"product_cat":[373],"product_tag":[388],"class_list":{"0":"post-57730","1":"product","2":"type-product","3":"status-publish","4":"has-post-thumbnail","6":"product_cat-snack-caixas","7":"product_tag-ciano","8":"has-subscription-plans","9":"tm-has-options","11":"first","12":"instock","13":"taxable","14":"shipping-taxable","15":"purchasable","16":"product-type-mix-and-match"},"bundled_by":[],"bundle_stock_status":"instock","bundle_stock_quantity":null,"bundle_virtual":false,"bundle_layout":"","bundle_add_to_cart_form_location":"","bundle_editable_in_cart":false,"bundle_sold_individually_context":"","bundle_item_grouping":"","bundle_min_size":"","bundle_max_size":"","bundle_price":[],"bundled_items":[],"bundle_sell_ids":[],"acf":[],"yoast_head":"<!-- This site is optimized with the Yoast SEO Premium plugin v23.5 (Yoast SEO v25.0) - https:\/\/yoast.com\/wordpress\/plugins\/seo\/ -->\n<title>Crie a sua pr\u00f3pria caixa Natural Treats | Natural Treats<\/title>\n<meta name=\"description\" content=\"Os nossos snacks e mastig\u00e1veis apresentam-se na sua forma mais naturalista e crua. T\u00eam a mesma forma e cheiro que na natureza e n\u00e3o cont\u00eam quaisquer aditivos ou produtos qu\u00edmicos que melhorem o sabor.\" \/>\n<meta name=\"robots\" content=\"index, follow, max-snippet:-1, max-image-preview:large, max-video-preview:-1\" \/>\n<link rel=\"canonical\" href=\"https:\/\/naturaltreats.eu\/pt-pt\/product\/criar-uma-caixa\/\" \/>\n<meta property=\"og:locale\" content=\"pt_PT\" \/>\n<meta property=\"og:type\" content=\"article\" \/>\n<meta property=\"og:title\" content=\"Crie a sua pr\u00f3pria caixa Natural Treats\" \/>\n<meta property=\"og:description\" content=\"Os nossos snacks e mastig\u00e1veis apresentam-se na sua forma mais naturalista e crua. T\u00eam a mesma forma e cheiro que na natureza e n\u00e3o cont\u00eam quaisquer aditivos ou produtos qu\u00edmicos que melhorem o sabor.\" \/>\n<meta property=\"og:url\" content=\"https:\/\/naturaltreats.eu\/pt-pt\/product\/criar-uma-caixa\/\" \/>\n<meta property=\"og:site_name\" content=\"Natural Treats\" \/>\n<meta property=\"article:publisher\" content=\"https:\/\/facebook.com\/naturaltreatseu\" \/>\n<meta property=\"article:modified_time\" content=\"2024-12-01T10:10:38+00:00\" \/>\n<meta property=\"og:image\" content=\"https:\/\/naturaltreats.eu\/wp-content\/uploads\/2020\/08\/create-box.jpg\" \/>\n\t<meta property=\"og:image:width\" content=\"1920\" \/>\n\t<meta property=\"og:image:height\" content=\"1920\" \/>\n\t<meta property=\"og:image:type\" content=\"image\/jpeg\" \/>\n<meta name=\"twitter:card\" content=\"summary_large_image\" \/>\n<meta name=\"twitter:label1\" content=\"pre\u00e7o\" \/>\n\t<meta name=\"twitter:data1\" content=\"0,00&euro;\" \/>\n\t<meta name=\"twitter:label2\" content=\"Disponibilidade\" \/>\n\t<meta name=\"twitter:data2\" content=\"Em stock\" \/>\n<script type=\"application\/ld+json\" class=\"yoast-schema-graph\">{\"@context\":\"https:\/\/schema.org\",\"@graph\":[{\"@type\":\"WebPage\",\"@id\":\"https:\/\/naturaltreats.eu\/pt-pt\/product\/criar-uma-caixa\/\",\"url\":\"https:\/\/naturaltreats.eu\/pt-pt\/product\/criar-uma-caixa\/\",\"name\":\"Crie a sua pr\u00f3pria caixa Natural Treats | Natural Treats\",\"isPartOf\":{\"@id\":\"https:\/\/naturaltreats.eu\/pt-pt\/#website\"},\"primaryImageOfPage\":{\"@id\":\"https:\/\/naturaltreats.eu\/pt-pt\/product\/criar-uma-caixa\/#primaryimage\"},\"image\":{\"@id\":\"https:\/\/naturaltreats.eu\/pt-pt\/product\/criar-uma-caixa\/#primaryimage\"},\"thumbnailUrl\":\"https:\/\/naturaltreats.eu\/wp-content\/uploads\/2020\/08\/create-box.jpg\",\"datePublished\":\"2024-02-10T10:42:21+00:00\",\"dateModified\":\"2024-12-01T10:10:38+00:00\",\"description\":\"Os nossos snacks e mastig\u00e1veis apresentam-se na sua forma mais naturalista e crua. T\u00eam a mesma forma e cheiro que na natureza e n\u00e3o cont\u00eam quaisquer aditivos ou produtos qu\u00edmicos que melhorem o sabor.\",\"breadcrumb\":{\"@id\":\"https:\/\/naturaltreats.eu\/pt-pt\/product\/criar-uma-caixa\/#breadcrumb\"},\"inLanguage\":\"pt-PT\",\"potentialAction\":[{\"@type\":\"ReadAction\",\"target\":[\"https:\/\/naturaltreats.eu\/pt-pt\/product\/criar-uma-caixa\/\"]}]},{\"@type\":\"ImageObject\",\"inLanguage\":\"pt-PT\",\"@id\":\"https:\/\/naturaltreats.eu\/pt-pt\/product\/criar-uma-caixa\/#primaryimage\",\"url\":\"https:\/\/naturaltreats.eu\/wp-content\/uploads\/2020\/08\/create-box.jpg\",\"contentUrl\":\"https:\/\/naturaltreats.eu\/wp-content\/uploads\/2020\/08\/create-box.jpg\",\"width\":1920,\"height\":1920,\"caption\":\"Crie uma caixa de snacks naturais\"},{\"@type\":\"BreadcrumbList\",\"@id\":\"https:\/\/naturaltreats.eu\/pt-pt\/product\/criar-uma-caixa\/#breadcrumb\",\"itemListElement\":[{\"@type\":\"ListItem\",\"position\":1,\"name\":\"Home\",\"item\":\"https:\/\/naturaltreats.eu\/pt-pt\/casa\/\"},{\"@type\":\"ListItem\",\"position\":2,\"name\":\"Loja\",\"item\":\"https:\/\/naturaltreats.eu\/pt-pt\/loja\/\"},{\"@type\":\"ListItem\",\"position\":3,\"name\":\"Crie a sua pr\u00f3pria caixa Natural Treats\"}]},{\"@type\":\"WebSite\",\"@id\":\"https:\/\/naturaltreats.eu\/pt-pt\/#website\",\"url\":\"https:\/\/naturaltreats.eu\/pt-pt\/\",\"name\":\"Natural Treats\",\"description\":\"Best Rated Natural Dog Treats In Europe\",\"publisher\":{\"@id\":\"https:\/\/naturaltreats.eu\/pt-pt\/#organization\"},\"potentialAction\":[{\"@type\":\"SearchAction\",\"target\":{\"@type\":\"EntryPoint\",\"urlTemplate\":\"https:\/\/naturaltreats.eu\/pt-pt\/?s={search_term_string}\"},\"query-input\":{\"@type\":\"PropertyValueSpecification\",\"valueRequired\":true,\"valueName\":\"search_term_string\"}}],\"inLanguage\":\"pt-PT\"},{\"@type\":\"Organization\",\"@id\":\"https:\/\/naturaltreats.eu\/pt-pt\/#organization\",\"name\":\"Natural Treats\",\"url\":\"https:\/\/naturaltreats.eu\/pt-pt\/\",\"logo\":{\"@type\":\"ImageObject\",\"inLanguage\":\"pt-PT\",\"@id\":\"https:\/\/naturaltreats.eu\/pt-pt\/#\/schema\/logo\/image\/\",\"url\":\"https:\/\/naturaltreats.eu\/wp-content\/uploads\/2020\/08\/social.jpg\",\"contentUrl\":\"https:\/\/naturaltreats.eu\/wp-content\/uploads\/2020\/08\/social.jpg\",\"width\":1000,\"height\":1000,\"caption\":\"Natural Treats\"},\"image\":{\"@id\":\"https:\/\/naturaltreats.eu\/pt-pt\/#\/schema\/logo\/image\/\"},\"sameAs\":[\"https:\/\/facebook.com\/naturaltreatseu\",\"https:\/\/instagram.com\/naturaltreatseu\"]}]}<\/script>\n<meta property=\"product:price:amount\" content=\"0.00\" \/>\n<meta property=\"product:price:currency\" content=\"EUR\" \/>\n<meta property=\"og:availability\" content=\"instock\" \/>\n<meta property=\"product:availability\" content=\"instock\" \/>\n<meta property=\"product:retailer_item_id\" content=\"CYOB\" \/>\n<meta property=\"product:condition\" content=\"new\" \/>\n<!-- \/ Yoast SEO Premium plugin. -->","yoast_head_json":{"title":"Crie a sua pr\u00f3pria caixa Natural Treats | Natural Treats","description":"Os nossos snacks e mastig\u00e1veis apresentam-se na sua forma mais naturalista e crua. T\u00eam a mesma forma e cheiro que na natureza e n\u00e3o cont\u00eam quaisquer aditivos ou produtos qu\u00edmicos que melhorem o sabor.","robots":{"index":"index","follow":"follow","max-snippet":"max-snippet:-1","max-image-preview":"max-image-preview:large","max-video-preview":"max-video-preview:-1"},"canonical":"https:\/\/naturaltreats.eu\/pt-pt\/product\/criar-uma-caixa\/","og_locale":"pt_PT","og_type":"article","og_title":"Crie a sua pr\u00f3pria caixa Natural Treats","og_description":"Os nossos snacks e mastig\u00e1veis apresentam-se na sua forma mais naturalista e crua. T\u00eam a mesma forma e cheiro que na natureza e n\u00e3o cont\u00eam quaisquer aditivos ou produtos qu\u00edmicos que melhorem o sabor.","og_url":"https:\/\/naturaltreats.eu\/pt-pt\/product\/criar-uma-caixa\/","og_site_name":"Natural Treats","article_publisher":"https:\/\/facebook.com\/naturaltreatseu","article_modified_time":"2024-12-01T10:10:38+00:00","og_image":[{"width":1920,"height":1920,"url":"https:\/\/naturaltreats.eu\/wp-content\/uploads\/2020\/08\/create-box.jpg","type":"image\/jpeg"}],"twitter_card":"summary_large_image","twitter_misc":{"pre\u00e7o":"0,00&euro;","Disponibilidade":"Em stock"},"schema":{"@context":"https:\/\/schema.org","@graph":[{"@type":"WebPage","@id":"https:\/\/naturaltreats.eu\/pt-pt\/product\/criar-uma-caixa\/","url":"https:\/\/naturaltreats.eu\/pt-pt\/product\/criar-uma-caixa\/","name":"Crie a sua pr\u00f3pria caixa Natural Treats | Natural Treats","isPartOf":{"@id":"https:\/\/naturaltreats.eu\/pt-pt\/#website"},"primaryImageOfPage":{"@id":"https:\/\/naturaltreats.eu\/pt-pt\/product\/criar-uma-caixa\/#primaryimage"},"image":{"@id":"https:\/\/naturaltreats.eu\/pt-pt\/product\/criar-uma-caixa\/#primaryimage"},"thumbnailUrl":"https:\/\/naturaltreats.eu\/wp-content\/uploads\/2020\/08\/create-box.jpg","datePublished":"2024-02-10T10:42:21+00:00","dateModified":"2024-12-01T10:10:38+00:00","description":"Os nossos snacks e mastig\u00e1veis apresentam-se na sua forma mais naturalista e crua. T\u00eam a mesma forma e cheiro que na natureza e n\u00e3o cont\u00eam quaisquer aditivos ou produtos qu\u00edmicos que melhorem o sabor.","breadcrumb":{"@id":"https:\/\/naturaltreats.eu\/pt-pt\/product\/criar-uma-caixa\/#breadcrumb"},"inLanguage":"pt-PT","potentialAction":[{"@type":"ReadAction","target":["https:\/\/naturaltreats.eu\/pt-pt\/product\/criar-uma-caixa\/"]}]},{"@type":"ImageObject","inLanguage":"pt-PT","@id":"https:\/\/naturaltreats.eu\/pt-pt\/product\/criar-uma-caixa\/#primaryimage","url":"https:\/\/naturaltreats.eu\/wp-content\/uploads\/2020\/08\/create-box.jpg","contentUrl":"https:\/\/naturaltreats.eu\/wp-content\/uploads\/2020\/08\/create-box.jpg","width":1920,"height":1920,"caption":"Crie uma caixa de snacks naturais"},{"@type":"BreadcrumbList","@id":"https:\/\/naturaltreats.eu\/pt-pt\/product\/criar-uma-caixa\/#breadcrumb","itemListElement":[{"@type":"ListItem","position":1,"name":"Home","item":"https:\/\/naturaltreats.eu\/pt-pt\/casa\/"},{"@type":"ListItem","position":2,"name":"Loja","item":"https:\/\/naturaltreats.eu\/pt-pt\/loja\/"},{"@type":"ListItem","position":3,"name":"Crie a sua pr\u00f3pria caixa Natural Treats"}]},{"@type":"WebSite","@id":"https:\/\/naturaltreats.eu\/pt-pt\/#website","url":"https:\/\/naturaltreats.eu\/pt-pt\/","name":"Natural Treats","description":"Best Rated Natural Dog Treats In Europe","publisher":{"@id":"https:\/\/naturaltreats.eu\/pt-pt\/#organization"},"potentialAction":[{"@type":"SearchAction","target":{"@type":"EntryPoint","urlTemplate":"https:\/\/naturaltreats.eu\/pt-pt\/?s={search_term_string}"},"query-input":{"@type":"PropertyValueSpecification","valueRequired":true,"valueName":"search_term_string"}}],"inLanguage":"pt-PT"},{"@type":"Organization","@id":"https:\/\/naturaltreats.eu\/pt-pt\/#organization","name":"Natural Treats","url":"https:\/\/naturaltreats.eu\/pt-pt\/","logo":{"@type":"ImageObject","inLanguage":"pt-PT","@id":"https:\/\/naturaltreats.eu\/pt-pt\/#\/schema\/logo\/image\/","url":"https:\/\/naturaltreats.eu\/wp-content\/uploads\/2020\/08\/social.jpg","contentUrl":"https:\/\/naturaltreats.eu\/wp-content\/uploads\/2020\/08\/social.jpg","width":1000,"height":1000,"caption":"Natural Treats"},"image":{"@id":"https:\/\/naturaltreats.eu\/pt-pt\/#\/schema\/logo\/image\/"},"sameAs":["https:\/\/facebook.com\/naturaltreatseu","https:\/\/instagram.com\/naturaltreatseu"]}]},"product_price_amount":"0.00","product_price_currency":"EUR","og_availability":"instock","product_availability":"instock","product_retailer_item_id":"CYOB","product_condition":"new"},"_links":{"self":[{"href":"https:\/\/naturaltreats.eu\/pt-pt\/wp-json\/wp\/v2\/product\/57730","targetHints":{"allow":["GET"]}}],"collection":[{"href":"https:\/\/naturaltreats.eu\/pt-pt\/wp-json\/wp\/v2\/product"}],"about":[{"href":"https:\/\/naturaltreats.eu\/pt-pt\/wp-json\/wp\/v2\/types\/product"}],"wp:featuredmedia":[{"embeddable":true,"href":"https:\/\/naturaltreats.eu\/pt-pt\/wp-json\/wp\/v2\/media\/55913"}],"wp:attachment":[{"href":"https:\/\/naturaltreats.eu\/pt-pt\/wp-json\/wp\/v2\/media?parent=57730"}],"wp:term":[{"taxonomy":"dog-type","embeddable":true,"href":"https:\/\/naturaltreats.eu\/pt-pt\/wp-json\/wp\/v2\/dog-type?post=57730"},{"taxonomy":"ingredients","embeddable":true,"href":"https:\/\/naturaltreats.eu\/pt-pt\/wp-json\/wp\/v2\/ingredients?post=57730"},{"taxonomy":"product_brand","embeddable":true,"href":"https:\/\/naturaltreats.eu\/pt-pt\/wp-json\/wp\/v2\/product_brand?post=57730"},{"taxonomy":"product_cat","embeddable":true,"href":"https:\/\/naturaltreats.eu\/pt-pt\/wp-json\/wp\/v2\/product_cat?post=57730"},{"taxonomy":"product_tag","embeddable":true,"href":"https:\/\/naturaltreats.eu\/pt-pt\/wp-json\/wp\/v2\/product_tag?post=57730"}],"curies":[{"name":"wp","href":"https:\/\/api.w.org\/{rel}","templated":true}]}}