{"id":68315,"date":"2024-10-26T21:24:55","date_gmt":"2024-10-27T20:29:09","guid":{"rendered":"https:\/\/naturaltreats.eu\/product\/orelhas-de-porco-premium\/"},"modified":"2025-01-23T10:00:11","modified_gmt":"2025-01-23T09:00:11","slug":"orelhas-de-porco-premium","status":"publish","type":"product","link":"https:\/\/naturaltreats.eu\/pt-pt\/product\/orelhas-de-porco-premium\/","title":{"rendered":"Orelhas de porco Premium"},"content":{"rendered":"<p>Estas orelhas de porco de primeira qualidade s\u00e3o cuidadosamente desidratadas para preservar os seus sabores e nutrientes naturais, garantindo um snack de alta qualidade que \u00e9 simultaneamente delicioso e nutritivo para o seu c\u00e3o. A nossa embalagem inclui 5 orelhas de porco grandes, proporcionando um grande prazer para c\u00e3es de todos os tipos e tamanhos. A textura mastig\u00e1vel n\u00e3o s\u00f3 satisfaz o desejo natural do seu c\u00e3o de mastigar, como tamb\u00e9m promove a sa\u00fade dos dentes e das gengivas, reduzindo a acumula\u00e7\u00e3o de placa bacteriana e t\u00e1rtaro. Perfeitas como snacks naturais para c\u00e3es ou como recompensa, estas orelhas de porco premium s\u00e3o uma \u00f3ptima forma de mostrar algum amor ao seu animal de estima\u00e7\u00e3o, apoiando simultaneamente o seu bem-estar geral. Quer tenha um cachorrinho brincalh\u00e3o ou um c\u00e3o velho e s\u00e1bio, as nossas orelhas de porco s\u00e3o adequadas para todas as fases da vida do seu animal de estima\u00e7\u00e3o. D\u00ea ao seu c\u00e3o o snack que ele merece com as nossas orelhas de porco desidratadas de qualidade superior. Ideais para treinar, brincar ou simplesmente como um snack especial, estas orelhas de porco v\u00e3o certamente manter as caudas a abanar.<\/p>\n<h3>Benef\u00edcios<\/h3>\n<p><strong>Promove a sa\u00fade dent\u00e1ria:<\/strong> Mastigar orelhas de porco ajuda a reduzir a placa bacteriana e a acumula\u00e7\u00e3o de t\u00e1rtaro, contribuindo para uma melhor higiene oral e um h\u00e1lito mais fresco para o seu c\u00e3o. <strong>Alto teor de prote\u00ednas:<\/strong> Ricas em prote\u00ednas, estas orelhas de porco fornecem nutrientes essenciais que apoiam o desenvolvimento muscular e a vitalidade geral do seu animal de estima\u00e7\u00e3o. <strong>Facilmente diger\u00edvel:<\/strong> O nosso processo de desidrata\u00e7\u00e3o garante que as orelhas de porco s\u00e3o f\u00e1ceis de digerir pelo seu c\u00e3o, tornando-as adequadas para est\u00f4magos sens\u00edveis. <strong>Sabor natural:<\/strong> Sem aditivos artificiais e conservantes, estas orelhas de porco oferecem um sabor natural que os c\u00e3es consideram irresist\u00edvel. <strong>Prazer de longa dura\u00e7\u00e3o:<\/strong> A textura duradoura das orelhas de porco proporciona uma mastiga\u00e7\u00e3o de longa dura\u00e7\u00e3o, ajudando a aliviar o t\u00e9dio e a promover a estimula\u00e7\u00e3o mental.<\/p>\n","protected":false},"excerpt":{"rendered":"<p>Estas orelhas de porco de primeira qualidade s\u00e3o cuidadosamente desidratadas para preservar os seus sabores e nutrientes naturais, garantindo um<\/p>\n","protected":false},"featured_media":68306,"template":"","meta":{"_acf_changed":false},"dog-type":[],"ingredients":[],"product_brand":[],"product_cat":[541],"product_tag":[],"class_list":{"0":"post-68315","1":"product","2":"type-product","3":"status-publish","4":"has-post-thumbnail","6":"product_cat-snacks-naturais-para-caes","7":"pa_dog-type-caes-grandes-pt-pt","8":"pa_dog-type-caes-medios-pt-pt","9":"pa_dog-type-caes-pequenos-pt-pt","10":"pa_ingredient-porco-pt-pt","11":"pa_toughness-duro-pt-pt-2","12":"tm-has-options","14":"first","15":"instock","16":"taxable","17":"shipping-taxable","18":"purchasable","19":"product-type-simple"},"bundled_by":[],"bundle_stock_status":"instock","bundle_stock_quantity":null,"bundle_virtual":false,"bundle_layout":"","bundle_add_to_cart_form_location":"","bundle_editable_in_cart":false,"bundle_sold_individually_context":"","bundle_item_grouping":"","bundle_min_size":"","bundle_max_size":"","bundle_price":[],"bundled_items":[],"bundle_sell_ids":[],"acf":[],"yoast_head":"<!-- This site is optimized with the Yoast SEO Premium plugin v23.5 (Yoast SEO v25.0) - https:\/\/yoast.com\/wordpress\/plugins\/seo\/ -->\n<title>Orelhas de porco Premium | Natural Treats<\/title>\n<meta name=\"robots\" content=\"index, follow, max-snippet:-1, max-image-preview:large, max-video-preview:-1\" \/>\n<link rel=\"canonical\" href=\"https:\/\/naturaltreats.eu\/pt-pt\/product\/orelhas-de-porco-premium\/\" \/>\n<meta property=\"og:locale\" content=\"pt_PT\" \/>\n<meta property=\"og:type\" content=\"article\" \/>\n<meta property=\"og:title\" content=\"Orelhas de porco Premium\" \/>\n<meta property=\"og:description\" content=\"Estas orelhas de porco de primeira qualidade s\u00e3o cuidadosamente desidratadas para preservar os seus sabores e nutrientes naturais, garantindo um\" \/>\n<meta property=\"og:url\" content=\"https:\/\/naturaltreats.eu\/pt-pt\/product\/orelhas-de-porco-premium\/\" \/>\n<meta property=\"og:site_name\" content=\"Natural Treats\" \/>\n<meta property=\"article:publisher\" content=\"https:\/\/facebook.com\/naturaltreatseu\" \/>\n<meta property=\"article:modified_time\" content=\"2025-01-23T09:00:11+00:00\" \/>\n<meta property=\"og:image\" content=\"https:\/\/naturaltreats.eu\/wp-content\/uploads\/2024\/10\/Product-Bag-Mockup-1.jpg\" \/>\n\t<meta property=\"og:image:width\" content=\"2000\" \/>\n\t<meta property=\"og:image:height\" content=\"2000\" \/>\n\t<meta property=\"og:image:type\" content=\"image\/jpeg\" \/>\n<meta name=\"twitter:card\" content=\"summary_large_image\" \/>\n<meta name=\"twitter:label1\" content=\"pre\u00e7o\" \/>\n\t<meta name=\"twitter:data1\" content=\"12,50&euro;\" \/>\n\t<meta name=\"twitter:label2\" content=\"Disponibilidade\" \/>\n\t<meta name=\"twitter:data2\" content=\"Em stock\" \/>\n<script type=\"application\/ld+json\" class=\"yoast-schema-graph\">{\"@context\":\"https:\/\/schema.org\",\"@graph\":[{\"@type\":\"WebPage\",\"@id\":\"https:\/\/naturaltreats.eu\/pt-pt\/product\/orelhas-de-porco-premium\/\",\"url\":\"https:\/\/naturaltreats.eu\/pt-pt\/product\/orelhas-de-porco-premium\/\",\"name\":\"Orelhas de porco Premium | Natural Treats\",\"isPartOf\":{\"@id\":\"https:\/\/naturaltreats.eu\/pt-pt\/#website\"},\"primaryImageOfPage\":{\"@id\":\"https:\/\/naturaltreats.eu\/pt-pt\/product\/orelhas-de-porco-premium\/#primaryimage\"},\"image\":{\"@id\":\"https:\/\/naturaltreats.eu\/pt-pt\/product\/orelhas-de-porco-premium\/#primaryimage\"},\"thumbnailUrl\":\"https:\/\/naturaltreats.eu\/wp-content\/uploads\/2024\/10\/Product-Bag-Mockup-1.jpg\",\"datePublished\":\"2024-10-27T20:29:09+00:00\",\"dateModified\":\"2025-01-23T09:00:11+00:00\",\"breadcrumb\":{\"@id\":\"https:\/\/naturaltreats.eu\/pt-pt\/product\/orelhas-de-porco-premium\/#breadcrumb\"},\"inLanguage\":\"pt-PT\",\"potentialAction\":[{\"@type\":\"ReadAction\",\"target\":[\"https:\/\/naturaltreats.eu\/pt-pt\/product\/orelhas-de-porco-premium\/\"]}]},{\"@type\":\"ImageObject\",\"inLanguage\":\"pt-PT\",\"@id\":\"https:\/\/naturaltreats.eu\/pt-pt\/product\/orelhas-de-porco-premium\/#primaryimage\",\"url\":\"https:\/\/naturaltreats.eu\/wp-content\/uploads\/2024\/10\/Product-Bag-Mockup-1.jpg\",\"contentUrl\":\"https:\/\/naturaltreats.eu\/wp-content\/uploads\/2024\/10\/Product-Bag-Mockup-1.jpg\",\"width\":2000,\"height\":2000,\"caption\":\"Pig ears for dogs\"},{\"@type\":\"BreadcrumbList\",\"@id\":\"https:\/\/naturaltreats.eu\/pt-pt\/product\/orelhas-de-porco-premium\/#breadcrumb\",\"itemListElement\":[{\"@type\":\"ListItem\",\"position\":1,\"name\":\"Home\",\"item\":\"https:\/\/naturaltreats.eu\/pt-pt\/casa\/\"},{\"@type\":\"ListItem\",\"position\":2,\"name\":\"Loja\",\"item\":\"https:\/\/naturaltreats.eu\/pt-pt\/loja\/\"},{\"@type\":\"ListItem\",\"position\":3,\"name\":\"Orelhas de porco Premium\"}]},{\"@type\":\"WebSite\",\"@id\":\"https:\/\/naturaltreats.eu\/pt-pt\/#website\",\"url\":\"https:\/\/naturaltreats.eu\/pt-pt\/\",\"name\":\"Natural Treats\",\"description\":\"Best Rated Natural Dog Treats In Europe\",\"publisher\":{\"@id\":\"https:\/\/naturaltreats.eu\/pt-pt\/#organization\"},\"potentialAction\":[{\"@type\":\"SearchAction\",\"target\":{\"@type\":\"EntryPoint\",\"urlTemplate\":\"https:\/\/naturaltreats.eu\/pt-pt\/?s={search_term_string}\"},\"query-input\":{\"@type\":\"PropertyValueSpecification\",\"valueRequired\":true,\"valueName\":\"search_term_string\"}}],\"inLanguage\":\"pt-PT\"},{\"@type\":\"Organization\",\"@id\":\"https:\/\/naturaltreats.eu\/pt-pt\/#organization\",\"name\":\"Natural Treats\",\"url\":\"https:\/\/naturaltreats.eu\/pt-pt\/\",\"logo\":{\"@type\":\"ImageObject\",\"inLanguage\":\"pt-PT\",\"@id\":\"https:\/\/naturaltreats.eu\/pt-pt\/#\/schema\/logo\/image\/\",\"url\":\"https:\/\/naturaltreats.eu\/wp-content\/uploads\/2020\/08\/social.jpg\",\"contentUrl\":\"https:\/\/naturaltreats.eu\/wp-content\/uploads\/2020\/08\/social.jpg\",\"width\":1000,\"height\":1000,\"caption\":\"Natural Treats\"},\"image\":{\"@id\":\"https:\/\/naturaltreats.eu\/pt-pt\/#\/schema\/logo\/image\/\"},\"sameAs\":[\"https:\/\/facebook.com\/naturaltreatseu\",\"https:\/\/instagram.com\/naturaltreatseu\"]}]}<\/script>\n<meta property=\"product:price:amount\" content=\"12.50\" \/>\n<meta property=\"product:price:currency\" content=\"EUR\" \/>\n<meta property=\"og:availability\" content=\"instock\" \/>\n<meta property=\"product:availability\" content=\"instock\" \/>\n<meta property=\"product:condition\" content=\"new\" \/>\n<!-- \/ Yoast SEO Premium plugin. -->","yoast_head_json":{"title":"Orelhas de porco Premium | Natural Treats","robots":{"index":"index","follow":"follow","max-snippet":"max-snippet:-1","max-image-preview":"max-image-preview:large","max-video-preview":"max-video-preview:-1"},"canonical":"https:\/\/naturaltreats.eu\/pt-pt\/product\/orelhas-de-porco-premium\/","og_locale":"pt_PT","og_type":"article","og_title":"Orelhas de porco Premium","og_description":"Estas orelhas de porco de primeira qualidade s\u00e3o cuidadosamente desidratadas para preservar os seus sabores e nutrientes naturais, garantindo um","og_url":"https:\/\/naturaltreats.eu\/pt-pt\/product\/orelhas-de-porco-premium\/","og_site_name":"Natural Treats","article_publisher":"https:\/\/facebook.com\/naturaltreatseu","article_modified_time":"2025-01-23T09:00:11+00:00","og_image":[{"width":2000,"height":2000,"url":"https:\/\/naturaltreats.eu\/wp-content\/uploads\/2024\/10\/Product-Bag-Mockup-1.jpg","type":"image\/jpeg"}],"twitter_card":"summary_large_image","twitter_misc":{"pre\u00e7o":"12,50&euro;","Disponibilidade":"Em stock"},"schema":{"@context":"https:\/\/schema.org","@graph":[{"@type":"WebPage","@id":"https:\/\/naturaltreats.eu\/pt-pt\/product\/orelhas-de-porco-premium\/","url":"https:\/\/naturaltreats.eu\/pt-pt\/product\/orelhas-de-porco-premium\/","name":"Orelhas de porco Premium | Natural Treats","isPartOf":{"@id":"https:\/\/naturaltreats.eu\/pt-pt\/#website"},"primaryImageOfPage":{"@id":"https:\/\/naturaltreats.eu\/pt-pt\/product\/orelhas-de-porco-premium\/#primaryimage"},"image":{"@id":"https:\/\/naturaltreats.eu\/pt-pt\/product\/orelhas-de-porco-premium\/#primaryimage"},"thumbnailUrl":"https:\/\/naturaltreats.eu\/wp-content\/uploads\/2024\/10\/Product-Bag-Mockup-1.jpg","datePublished":"2024-10-27T20:29:09+00:00","dateModified":"2025-01-23T09:00:11+00:00","breadcrumb":{"@id":"https:\/\/naturaltreats.eu\/pt-pt\/product\/orelhas-de-porco-premium\/#breadcrumb"},"inLanguage":"pt-PT","potentialAction":[{"@type":"ReadAction","target":["https:\/\/naturaltreats.eu\/pt-pt\/product\/orelhas-de-porco-premium\/"]}]},{"@type":"ImageObject","inLanguage":"pt-PT","@id":"https:\/\/naturaltreats.eu\/pt-pt\/product\/orelhas-de-porco-premium\/#primaryimage","url":"https:\/\/naturaltreats.eu\/wp-content\/uploads\/2024\/10\/Product-Bag-Mockup-1.jpg","contentUrl":"https:\/\/naturaltreats.eu\/wp-content\/uploads\/2024\/10\/Product-Bag-Mockup-1.jpg","width":2000,"height":2000,"caption":"Pig ears for dogs"},{"@type":"BreadcrumbList","@id":"https:\/\/naturaltreats.eu\/pt-pt\/product\/orelhas-de-porco-premium\/#breadcrumb","itemListElement":[{"@type":"ListItem","position":1,"name":"Home","item":"https:\/\/naturaltreats.eu\/pt-pt\/casa\/"},{"@type":"ListItem","position":2,"name":"Loja","item":"https:\/\/naturaltreats.eu\/pt-pt\/loja\/"},{"@type":"ListItem","position":3,"name":"Orelhas de porco Premium"}]},{"@type":"WebSite","@id":"https:\/\/naturaltreats.eu\/pt-pt\/#website","url":"https:\/\/naturaltreats.eu\/pt-pt\/","name":"Natural Treats","description":"Best Rated Natural Dog Treats In Europe","publisher":{"@id":"https:\/\/naturaltreats.eu\/pt-pt\/#organization"},"potentialAction":[{"@type":"SearchAction","target":{"@type":"EntryPoint","urlTemplate":"https:\/\/naturaltreats.eu\/pt-pt\/?s={search_term_string}"},"query-input":{"@type":"PropertyValueSpecification","valueRequired":true,"valueName":"search_term_string"}}],"inLanguage":"pt-PT"},{"@type":"Organization","@id":"https:\/\/naturaltreats.eu\/pt-pt\/#organization","name":"Natural Treats","url":"https:\/\/naturaltreats.eu\/pt-pt\/","logo":{"@type":"ImageObject","inLanguage":"pt-PT","@id":"https:\/\/naturaltreats.eu\/pt-pt\/#\/schema\/logo\/image\/","url":"https:\/\/naturaltreats.eu\/wp-content\/uploads\/2020\/08\/social.jpg","contentUrl":"https:\/\/naturaltreats.eu\/wp-content\/uploads\/2020\/08\/social.jpg","width":1000,"height":1000,"caption":"Natural Treats"},"image":{"@id":"https:\/\/naturaltreats.eu\/pt-pt\/#\/schema\/logo\/image\/"},"sameAs":["https:\/\/facebook.com\/naturaltreatseu","https:\/\/instagram.com\/naturaltreatseu"]}]},"product_price_amount":"12.50","product_price_currency":"EUR","og_availability":"instock","product_availability":"instock","product_condition":"new"},"_links":{"self":[{"href":"https:\/\/naturaltreats.eu\/pt-pt\/wp-json\/wp\/v2\/product\/68315","targetHints":{"allow":["GET"]}}],"collection":[{"href":"https:\/\/naturaltreats.eu\/pt-pt\/wp-json\/wp\/v2\/product"}],"about":[{"href":"https:\/\/naturaltreats.eu\/pt-pt\/wp-json\/wp\/v2\/types\/product"}],"wp:featuredmedia":[{"embeddable":true,"href":"https:\/\/naturaltreats.eu\/pt-pt\/wp-json\/wp\/v2\/media\/68306"}],"wp:attachment":[{"href":"https:\/\/naturaltreats.eu\/pt-pt\/wp-json\/wp\/v2\/media?parent=68315"}],"wp:term":[{"taxonomy":"dog-type","embeddable":true,"href":"https:\/\/naturaltreats.eu\/pt-pt\/wp-json\/wp\/v2\/dog-type?post=68315"},{"taxonomy":"ingredients","embeddable":true,"href":"https:\/\/naturaltreats.eu\/pt-pt\/wp-json\/wp\/v2\/ingredients?post=68315"},{"taxonomy":"product_brand","embeddable":true,"href":"https:\/\/naturaltreats.eu\/pt-pt\/wp-json\/wp\/v2\/product_brand?post=68315"},{"taxonomy":"product_cat","embeddable":true,"href":"https:\/\/naturaltreats.eu\/pt-pt\/wp-json\/wp\/v2\/product_cat?post=68315"},{"taxonomy":"product_tag","embeddable":true,"href":"https:\/\/naturaltreats.eu\/pt-pt\/wp-json\/wp\/v2\/product_tag?post=68315"}],"curies":[{"name":"wp","href":"https:\/\/api.w.org\/{rel}","templated":true}]}}