{"id":70634,"date":"2024-11-25T13:29:32","date_gmt":"2024-11-25T12:40:01","guid":{"rendered":"https:\/\/naturaltreats.eu\/product\/rabo-de-vaca-bites\/"},"modified":"2025-01-02T21:46:50","modified_gmt":"2025-01-02T20:46:50","slug":"rabo-de-vaca-bites","status":"publish","type":"product","link":"https:\/\/naturaltreats.eu\/pt-pt\/product\/rabo-de-vaca-bites\/","title":{"rendered":"Rabo de vaca Bites"},"content":{"rendered":"<p>D\u00ea a conhecer ao seu c\u00e3o a bondade saud\u00e1vel dos nossos Rabos de vaca Bites naturais, criados em peda\u00e7os do tamanho de uma dentada, perfeitos para qualquer ocasi\u00e3o. Estes snacks resistentes e totalmente naturais s\u00e3o uma excelente op\u00e7\u00e3o para treino, recompensa ou apenas um snack r\u00e1pido para manter o seu c\u00e3o contente e satisfeito. Os snacks naturais para c\u00e3es s\u00e3o ideais para o treino de c\u00e3es de tamanho m\u00e9dio e grande.  <\/p>\n<h3>Benef\u00edcios<\/h3>\n<p><strong>Rico em nutrientes:<\/strong> O nosso Rabo de vaca Bites est\u00e1 repleto de nutrientes essenciais que contribuem para a sa\u00fade e bem-estar geral do seu c\u00e3o. <strong>Sa\u00fade dent\u00e1ria:<\/strong> A textura dura ajuda a limpar os dentes e as gengivas do seu c\u00e3o, reduzindo a acumula\u00e7\u00e3o de placa bacteriana e promovendo uma melhor higiene oral. <strong>Ingredientes naturais:<\/strong> Feito com 100% de vaca, sem aditivos e conservantes, garantindo que o seu c\u00e3o recebe apenas o melhor. <strong>Apoio Digestivo:<\/strong> Com um elevado teor de prote\u00ednas e baixo teor de gordura, estas mastiga\u00e7\u00f5es naturais para c\u00e3es apoiam uma digest\u00e3o saud\u00e1vel e podem ser um \u00f3timo complemento para uma dieta equilibrada. <strong>Estimula\u00e7\u00e3o mental:<\/strong> Mastigar estes duros mastigadores naturais para c\u00e3es ajuda a aliviar o t\u00e9dio e proporciona um envolvimento mental, mantendo o seu c\u00e3o feliz e satisfeito.<\/p>\n","protected":false},"excerpt":{"rendered":"<p>D\u00ea a conhecer ao seu c\u00e3o a bondade saud\u00e1vel dos nossos Rabos de vaca Bites naturais, criados em peda\u00e7os do<\/p>\n","protected":false},"featured_media":70622,"template":"","meta":{"_acf_changed":false},"dog-type":[],"ingredients":[],"product_brand":[],"product_cat":[541],"product_tag":[],"class_list":{"0":"post-70634","1":"product","2":"type-product","3":"status-publish","4":"has-post-thumbnail","6":"product_cat-snacks-naturais-para-caes","7":"pa_dog-type-caes-grandes","8":"pa_dog-type-caes-medios","9":"pa_ingredient-peixe","10":"pa_toughness-duro-pt-pt","11":"tm-has-options","13":"first","14":"instock","15":"taxable","16":"shipping-taxable","17":"purchasable","18":"product-type-simple"},"bundled_by":[],"bundle_stock_status":"instock","bundle_stock_quantity":14,"bundle_virtual":false,"bundle_layout":"","bundle_add_to_cart_form_location":"","bundle_editable_in_cart":false,"bundle_sold_individually_context":"","bundle_item_grouping":"","bundle_min_size":"","bundle_max_size":"","bundle_price":[],"bundled_items":[],"bundle_sell_ids":[],"acf":[],"yoast_head":"<!-- This site is optimized with the Yoast SEO Premium plugin v23.5 (Yoast SEO v25.0) - https:\/\/yoast.com\/wordpress\/plugins\/seo\/ -->\n<title>Rabo de vaca Bites | Natural Treats<\/title>\n<meta name=\"description\" content=\"D\u00ea a conhecer ao seu c\u00e3o a bondade saud\u00e1vel dos nossos rabos de vaca Bites naturais, criados em peda\u00e7os do tamanho de uma dentada, perfeitos para qualquer ocasi\u00e3o.\" \/>\n<meta name=\"robots\" content=\"index, follow, max-snippet:-1, max-image-preview:large, max-video-preview:-1\" \/>\n<link rel=\"canonical\" href=\"https:\/\/naturaltreats.eu\/pt-pt\/product\/rabo-de-vaca-bites\/\" \/>\n<meta property=\"og:locale\" content=\"pt_PT\" \/>\n<meta property=\"og:type\" content=\"article\" \/>\n<meta property=\"og:title\" content=\"Rabo de vaca Bites\" \/>\n<meta property=\"og:description\" content=\"D\u00ea a conhecer ao seu c\u00e3o a bondade saud\u00e1vel dos nossos rabos de vaca Bites naturais, criados em peda\u00e7os do tamanho de uma dentada, perfeitos para qualquer ocasi\u00e3o.\" \/>\n<meta property=\"og:url\" content=\"https:\/\/naturaltreats.eu\/pt-pt\/product\/rabo-de-vaca-bites\/\" \/>\n<meta property=\"og:site_name\" content=\"Natural Treats\" \/>\n<meta property=\"article:publisher\" content=\"https:\/\/facebook.com\/naturaltreatseu\" \/>\n<meta property=\"article:modified_time\" content=\"2025-01-02T20:46:50+00:00\" \/>\n<meta property=\"og:image\" content=\"https:\/\/naturaltreats.eu\/wp-content\/uploads\/2024\/11\/Beef-Tail-Bites.jpg\" \/>\n\t<meta property=\"og:image:width\" content=\"2000\" \/>\n\t<meta property=\"og:image:height\" content=\"2000\" \/>\n\t<meta property=\"og:image:type\" content=\"image\/jpeg\" \/>\n<meta name=\"twitter:card\" content=\"summary_large_image\" \/>\n<meta name=\"twitter:label1\" content=\"pre\u00e7o\" \/>\n\t<meta name=\"twitter:data1\" content=\"8,95&euro;\" \/>\n\t<meta name=\"twitter:label2\" content=\"Disponibilidade\" \/>\n\t<meta name=\"twitter:data2\" content=\"Em stock\" \/>\n<script type=\"application\/ld+json\" class=\"yoast-schema-graph\">{\"@context\":\"https:\/\/schema.org\",\"@graph\":[{\"@type\":\"WebPage\",\"@id\":\"https:\/\/naturaltreats.eu\/pt-pt\/product\/rabo-de-vaca-bites\/\",\"url\":\"https:\/\/naturaltreats.eu\/pt-pt\/product\/rabo-de-vaca-bites\/\",\"name\":\"Rabo de vaca Bites | Natural Treats\",\"isPartOf\":{\"@id\":\"https:\/\/naturaltreats.eu\/pt-pt\/#website\"},\"primaryImageOfPage\":{\"@id\":\"https:\/\/naturaltreats.eu\/pt-pt\/product\/rabo-de-vaca-bites\/#primaryimage\"},\"image\":{\"@id\":\"https:\/\/naturaltreats.eu\/pt-pt\/product\/rabo-de-vaca-bites\/#primaryimage\"},\"thumbnailUrl\":\"https:\/\/naturaltreats.eu\/wp-content\/uploads\/2024\/11\/Beef-Tail-Bites.jpg\",\"datePublished\":\"2024-11-25T12:40:01+00:00\",\"dateModified\":\"2025-01-02T20:46:50+00:00\",\"description\":\"D\u00ea a conhecer ao seu c\u00e3o a bondade saud\u00e1vel dos nossos rabos de vaca Bites naturais, criados em peda\u00e7os do tamanho de uma dentada, perfeitos para qualquer ocasi\u00e3o.\",\"breadcrumb\":{\"@id\":\"https:\/\/naturaltreats.eu\/pt-pt\/product\/rabo-de-vaca-bites\/#breadcrumb\"},\"inLanguage\":\"pt-PT\",\"potentialAction\":[{\"@type\":\"ReadAction\",\"target\":[\"https:\/\/naturaltreats.eu\/pt-pt\/product\/rabo-de-vaca-bites\/\"]}]},{\"@type\":\"ImageObject\",\"inLanguage\":\"pt-PT\",\"@id\":\"https:\/\/naturaltreats.eu\/pt-pt\/product\/rabo-de-vaca-bites\/#primaryimage\",\"url\":\"https:\/\/naturaltreats.eu\/wp-content\/uploads\/2024\/11\/Beef-Tail-Bites.jpg\",\"contentUrl\":\"https:\/\/naturaltreats.eu\/wp-content\/uploads\/2024\/11\/Beef-Tail-Bites.jpg\",\"width\":2000,\"height\":2000,\"caption\":\"Beef tail training treats for dogs\"},{\"@type\":\"BreadcrumbList\",\"@id\":\"https:\/\/naturaltreats.eu\/pt-pt\/product\/rabo-de-vaca-bites\/#breadcrumb\",\"itemListElement\":[{\"@type\":\"ListItem\",\"position\":1,\"name\":\"Home\",\"item\":\"https:\/\/naturaltreats.eu\/pt-pt\/casa\/\"},{\"@type\":\"ListItem\",\"position\":2,\"name\":\"Loja\",\"item\":\"https:\/\/naturaltreats.eu\/pt-pt\/loja\/\"},{\"@type\":\"ListItem\",\"position\":3,\"name\":\"Rabo de vaca Bites\"}]},{\"@type\":\"WebSite\",\"@id\":\"https:\/\/naturaltreats.eu\/pt-pt\/#website\",\"url\":\"https:\/\/naturaltreats.eu\/pt-pt\/\",\"name\":\"Natural Treats\",\"description\":\"Best Rated Natural Dog Treats In Europe\",\"publisher\":{\"@id\":\"https:\/\/naturaltreats.eu\/pt-pt\/#organization\"},\"potentialAction\":[{\"@type\":\"SearchAction\",\"target\":{\"@type\":\"EntryPoint\",\"urlTemplate\":\"https:\/\/naturaltreats.eu\/pt-pt\/?s={search_term_string}\"},\"query-input\":{\"@type\":\"PropertyValueSpecification\",\"valueRequired\":true,\"valueName\":\"search_term_string\"}}],\"inLanguage\":\"pt-PT\"},{\"@type\":\"Organization\",\"@id\":\"https:\/\/naturaltreats.eu\/pt-pt\/#organization\",\"name\":\"Natural Treats\",\"url\":\"https:\/\/naturaltreats.eu\/pt-pt\/\",\"logo\":{\"@type\":\"ImageObject\",\"inLanguage\":\"pt-PT\",\"@id\":\"https:\/\/naturaltreats.eu\/pt-pt\/#\/schema\/logo\/image\/\",\"url\":\"https:\/\/naturaltreats.eu\/wp-content\/uploads\/2020\/08\/social.jpg\",\"contentUrl\":\"https:\/\/naturaltreats.eu\/wp-content\/uploads\/2020\/08\/social.jpg\",\"width\":1000,\"height\":1000,\"caption\":\"Natural Treats\"},\"image\":{\"@id\":\"https:\/\/naturaltreats.eu\/pt-pt\/#\/schema\/logo\/image\/\"},\"sameAs\":[\"https:\/\/facebook.com\/naturaltreatseu\",\"https:\/\/instagram.com\/naturaltreatseu\"]}]}<\/script>\n<meta property=\"product:price:amount\" content=\"8.95\" \/>\n<meta property=\"product:price:currency\" content=\"EUR\" \/>\n<meta property=\"og:availability\" content=\"instock\" \/>\n<meta property=\"product:availability\" content=\"instock\" \/>\n<meta property=\"product:condition\" content=\"new\" \/>\n<!-- \/ Yoast SEO Premium plugin. -->","yoast_head_json":{"title":"Rabo de vaca Bites | Natural Treats","description":"D\u00ea a conhecer ao seu c\u00e3o a bondade saud\u00e1vel dos nossos rabos de vaca Bites naturais, criados em peda\u00e7os do tamanho de uma dentada, perfeitos para qualquer ocasi\u00e3o.","robots":{"index":"index","follow":"follow","max-snippet":"max-snippet:-1","max-image-preview":"max-image-preview:large","max-video-preview":"max-video-preview:-1"},"canonical":"https:\/\/naturaltreats.eu\/pt-pt\/product\/rabo-de-vaca-bites\/","og_locale":"pt_PT","og_type":"article","og_title":"Rabo de vaca Bites","og_description":"D\u00ea a conhecer ao seu c\u00e3o a bondade saud\u00e1vel dos nossos rabos de vaca Bites naturais, criados em peda\u00e7os do tamanho de uma dentada, perfeitos para qualquer ocasi\u00e3o.","og_url":"https:\/\/naturaltreats.eu\/pt-pt\/product\/rabo-de-vaca-bites\/","og_site_name":"Natural Treats","article_publisher":"https:\/\/facebook.com\/naturaltreatseu","article_modified_time":"2025-01-02T20:46:50+00:00","og_image":[{"width":2000,"height":2000,"url":"https:\/\/naturaltreats.eu\/wp-content\/uploads\/2024\/11\/Beef-Tail-Bites.jpg","type":"image\/jpeg"}],"twitter_card":"summary_large_image","twitter_misc":{"pre\u00e7o":"8,95&euro;","Disponibilidade":"Em stock"},"schema":{"@context":"https:\/\/schema.org","@graph":[{"@type":"WebPage","@id":"https:\/\/naturaltreats.eu\/pt-pt\/product\/rabo-de-vaca-bites\/","url":"https:\/\/naturaltreats.eu\/pt-pt\/product\/rabo-de-vaca-bites\/","name":"Rabo de vaca Bites | Natural Treats","isPartOf":{"@id":"https:\/\/naturaltreats.eu\/pt-pt\/#website"},"primaryImageOfPage":{"@id":"https:\/\/naturaltreats.eu\/pt-pt\/product\/rabo-de-vaca-bites\/#primaryimage"},"image":{"@id":"https:\/\/naturaltreats.eu\/pt-pt\/product\/rabo-de-vaca-bites\/#primaryimage"},"thumbnailUrl":"https:\/\/naturaltreats.eu\/wp-content\/uploads\/2024\/11\/Beef-Tail-Bites.jpg","datePublished":"2024-11-25T12:40:01+00:00","dateModified":"2025-01-02T20:46:50+00:00","description":"D\u00ea a conhecer ao seu c\u00e3o a bondade saud\u00e1vel dos nossos rabos de vaca Bites naturais, criados em peda\u00e7os do tamanho de uma dentada, perfeitos para qualquer ocasi\u00e3o.","breadcrumb":{"@id":"https:\/\/naturaltreats.eu\/pt-pt\/product\/rabo-de-vaca-bites\/#breadcrumb"},"inLanguage":"pt-PT","potentialAction":[{"@type":"ReadAction","target":["https:\/\/naturaltreats.eu\/pt-pt\/product\/rabo-de-vaca-bites\/"]}]},{"@type":"ImageObject","inLanguage":"pt-PT","@id":"https:\/\/naturaltreats.eu\/pt-pt\/product\/rabo-de-vaca-bites\/#primaryimage","url":"https:\/\/naturaltreats.eu\/wp-content\/uploads\/2024\/11\/Beef-Tail-Bites.jpg","contentUrl":"https:\/\/naturaltreats.eu\/wp-content\/uploads\/2024\/11\/Beef-Tail-Bites.jpg","width":2000,"height":2000,"caption":"Beef tail training treats for dogs"},{"@type":"BreadcrumbList","@id":"https:\/\/naturaltreats.eu\/pt-pt\/product\/rabo-de-vaca-bites\/#breadcrumb","itemListElement":[{"@type":"ListItem","position":1,"name":"Home","item":"https:\/\/naturaltreats.eu\/pt-pt\/casa\/"},{"@type":"ListItem","position":2,"name":"Loja","item":"https:\/\/naturaltreats.eu\/pt-pt\/loja\/"},{"@type":"ListItem","position":3,"name":"Rabo de vaca Bites"}]},{"@type":"WebSite","@id":"https:\/\/naturaltreats.eu\/pt-pt\/#website","url":"https:\/\/naturaltreats.eu\/pt-pt\/","name":"Natural Treats","description":"Best Rated Natural Dog Treats In Europe","publisher":{"@id":"https:\/\/naturaltreats.eu\/pt-pt\/#organization"},"potentialAction":[{"@type":"SearchAction","target":{"@type":"EntryPoint","urlTemplate":"https:\/\/naturaltreats.eu\/pt-pt\/?s={search_term_string}"},"query-input":{"@type":"PropertyValueSpecification","valueRequired":true,"valueName":"search_term_string"}}],"inLanguage":"pt-PT"},{"@type":"Organization","@id":"https:\/\/naturaltreats.eu\/pt-pt\/#organization","name":"Natural Treats","url":"https:\/\/naturaltreats.eu\/pt-pt\/","logo":{"@type":"ImageObject","inLanguage":"pt-PT","@id":"https:\/\/naturaltreats.eu\/pt-pt\/#\/schema\/logo\/image\/","url":"https:\/\/naturaltreats.eu\/wp-content\/uploads\/2020\/08\/social.jpg","contentUrl":"https:\/\/naturaltreats.eu\/wp-content\/uploads\/2020\/08\/social.jpg","width":1000,"height":1000,"caption":"Natural Treats"},"image":{"@id":"https:\/\/naturaltreats.eu\/pt-pt\/#\/schema\/logo\/image\/"},"sameAs":["https:\/\/facebook.com\/naturaltreatseu","https:\/\/instagram.com\/naturaltreatseu"]}]},"product_price_amount":"8.95","product_price_currency":"EUR","og_availability":"instock","product_availability":"instock","product_condition":"new"},"_links":{"self":[{"href":"https:\/\/naturaltreats.eu\/pt-pt\/wp-json\/wp\/v2\/product\/70634","targetHints":{"allow":["GET"]}}],"collection":[{"href":"https:\/\/naturaltreats.eu\/pt-pt\/wp-json\/wp\/v2\/product"}],"about":[{"href":"https:\/\/naturaltreats.eu\/pt-pt\/wp-json\/wp\/v2\/types\/product"}],"wp:featuredmedia":[{"embeddable":true,"href":"https:\/\/naturaltreats.eu\/pt-pt\/wp-json\/wp\/v2\/media\/70622"}],"wp:attachment":[{"href":"https:\/\/naturaltreats.eu\/pt-pt\/wp-json\/wp\/v2\/media?parent=70634"}],"wp:term":[{"taxonomy":"dog-type","embeddable":true,"href":"https:\/\/naturaltreats.eu\/pt-pt\/wp-json\/wp\/v2\/dog-type?post=70634"},{"taxonomy":"ingredients","embeddable":true,"href":"https:\/\/naturaltreats.eu\/pt-pt\/wp-json\/wp\/v2\/ingredients?post=70634"},{"taxonomy":"product_brand","embeddable":true,"href":"https:\/\/naturaltreats.eu\/pt-pt\/wp-json\/wp\/v2\/product_brand?post=70634"},{"taxonomy":"product_cat","embeddable":true,"href":"https:\/\/naturaltreats.eu\/pt-pt\/wp-json\/wp\/v2\/product_cat?post=70634"},{"taxonomy":"product_tag","embeddable":true,"href":"https:\/\/naturaltreats.eu\/pt-pt\/wp-json\/wp\/v2\/product_tag?post=70634"}],"curies":[{"name":"wp","href":"https:\/\/api.w.org\/{rel}","templated":true}]}}