{"id":73231,"date":"2024-12-08T21:20:53","date_gmt":"2024-12-30T12:11:14","guid":{"rendered":"https:\/\/naturaltreats.eu\/shop\/sem categoria\/esofagos-de-vaca\/"},"modified":"2024-12-30T13:11:14","modified_gmt":"2024-12-30T12:11:14","slug":"esofagos-de-vaca","status":"publish","type":"product","link":"https:\/\/naturaltreats.eu\/pt-pt\/product\/esofagos-de-vaca\/","title":{"rendered":"Es\u00f3fago de vaca"},"content":{"rendered":"<p>Os es\u00f3fagos de vaca naturais para c\u00e3es s\u00e3o uma guloseima deliciosa e saud\u00e1vel que o seu companheiro canino vai adorar. Criadas com cuidado e dedica\u00e7\u00e3o, estas guloseimas oferecem uma op\u00e7\u00e3o de petisco natural e saud\u00e1vel que se alinha com os desejos instintivos do seu c\u00e3o. Provenientes de carne de bovino de alta qualidade, os nossos es\u00f3fagos proporcionam uma experi\u00eancia saborosa e satisfat\u00f3ria que deixar\u00e1 as caudas a abanar.  <\/p>\n<h3>Benef\u00edcios<\/h3>\n<p><strong>Promove a sa\u00fade dent\u00e1ria:<\/strong> A mastiga\u00e7\u00e3o de es\u00f3fagos de vaca ajuda a manter a higiene dent\u00e1ria do seu c\u00e3o, limpando naturalmente os dentes e massajando as gengivas. Isto reduz a acumula\u00e7\u00e3o de placa bacteriana e ajuda a manter a boca do seu animal de estima\u00e7\u00e3o saud\u00e1vel. <strong>Rico em prote\u00ednas:<\/strong> As nossas es\u00f3fagos de vaca est\u00e3o repletas de prote\u00ednas, um nutriente essencial para manter a for\u00e7a muscular e a vitalidade geral. Isto torna-as uma excelente escolha para c\u00e3es activos que necessitam de uma fonte de energia nutritiva. <strong>Facilmente diger\u00edvel:<\/strong> Ao contr\u00e1rio de muitos outros snacks para c\u00e3es, as es\u00f3fagos de vaca s\u00e3o suaves para o est\u00f4mago e f\u00e1ceis de digerir, o que as torna adequadas para c\u00e3es com sistemas digestivos sens\u00edveis. <strong>Apoia a sa\u00fade das articula\u00e7\u00f5es:<\/strong> As es\u00f3fagos de vaca cont\u00eam naturalmente glucosamina e condroitina, compostos conhecidos por apoiarem a sa\u00fade e a mobilidade das articula\u00e7\u00f5es, especialmente ben\u00e9ficos para c\u00e3es idosos ou com problemas nas articula\u00e7\u00f5es. <strong>Sem aditivos artificiais:<\/strong> Os nossos snacks naturais para c\u00e3es n\u00e3o cont\u00eam corantes, sabores e conservantes artificiais. Isto garante que o seu animal de estima\u00e7\u00e3o est\u00e1 a receber uma guloseima pura e saud\u00e1vel sem quaisquer ingredientes indesejados.<\/p>\n","protected":false},"excerpt":{"rendered":"<p>Os es\u00f3fagos de vaca naturais para c\u00e3es s\u00e3o uma guloseima deliciosa e saud\u00e1vel que o seu companheiro canino vai adorar.<\/p>\n","protected":false},"featured_media":71759,"template":"","meta":{"_acf_changed":false},"dog-type":[],"ingredients":[],"product_brand":[],"product_cat":[541],"product_tag":[],"class_list":{"0":"post-73231","1":"product","2":"type-product","3":"status-publish","4":"has-post-thumbnail","6":"product_cat-snacks-naturais-para-caes","7":"pa_dog-type-caes-grandes","8":"pa_dog-type-caes-medios","9":"pa_dog-type-caes-pequenos","10":"pa_dog-type-caes-senior","11":"pa_dog-type-cachorros","12":"pa_ingredient-peixe","13":"pa_toughness-medio-pt-pt","14":"tm-has-options","16":"first","17":"instock","18":"taxable","19":"shipping-taxable","20":"purchasable","21":"product-type-simple"},"bundled_by":[],"bundle_stock_status":"instock","bundle_stock_quantity":null,"bundle_virtual":false,"bundle_layout":"","bundle_add_to_cart_form_location":"","bundle_editable_in_cart":false,"bundle_sold_individually_context":"","bundle_item_grouping":"","bundle_min_size":"","bundle_max_size":"","bundle_price":[],"bundled_items":[],"bundle_sell_ids":[],"acf":[],"yoast_head":"<!-- This site is optimized with the Yoast SEO Premium plugin v23.5 (Yoast SEO v25.0) - https:\/\/yoast.com\/wordpress\/plugins\/seo\/ -->\n<title>Es\u00f3fago de vaca | Natural Treats<\/title>\n<meta name=\"description\" content=\"Os es\u00f3fagos de vaca naturais para c\u00e3es s\u00e3o uma guloseima deliciosa e saud\u00e1vel que o seu companheiro canino vai adorar.\" \/>\n<meta name=\"robots\" content=\"index, follow, max-snippet:-1, max-image-preview:large, max-video-preview:-1\" \/>\n<link rel=\"canonical\" href=\"https:\/\/naturaltreats.eu\/pt-pt\/product\/esofagos-de-vaca\/\" \/>\n<meta property=\"og:locale\" content=\"pt_PT\" \/>\n<meta property=\"og:type\" content=\"article\" \/>\n<meta property=\"og:title\" content=\"Es\u00f3fago de vaca\" \/>\n<meta property=\"og:description\" content=\"Os es\u00f3fagos de vaca naturais para c\u00e3es s\u00e3o uma guloseima deliciosa e saud\u00e1vel que o seu companheiro canino vai adorar.\" \/>\n<meta property=\"og:url\" content=\"https:\/\/naturaltreats.eu\/pt-pt\/product\/esofagos-de-vaca\/\" \/>\n<meta property=\"og:site_name\" content=\"Natural Treats\" \/>\n<meta property=\"article:publisher\" content=\"https:\/\/facebook.com\/naturaltreatseu\" \/>\n<meta property=\"og:image\" content=\"https:\/\/naturaltreats.eu\/wp-content\/uploads\/2024\/12\/cow-gulelts.jpg\" \/>\n\t<meta property=\"og:image:width\" content=\"2000\" \/>\n\t<meta property=\"og:image:height\" content=\"2000\" \/>\n\t<meta property=\"og:image:type\" content=\"image\/jpeg\" \/>\n<meta name=\"twitter:card\" content=\"summary_large_image\" \/>\n<meta name=\"twitter:label1\" content=\"pre\u00e7o\" \/>\n\t<meta name=\"twitter:data1\" content=\"9,95&euro;\" \/>\n\t<meta name=\"twitter:label2\" content=\"Disponibilidade\" \/>\n\t<meta name=\"twitter:data2\" content=\"Em stock\" \/>\n<script type=\"application\/ld+json\" class=\"yoast-schema-graph\">{\"@context\":\"https:\/\/schema.org\",\"@graph\":[{\"@type\":\"WebPage\",\"@id\":\"https:\/\/naturaltreats.eu\/pt-pt\/product\/esofagos-de-vaca\/\",\"url\":\"https:\/\/naturaltreats.eu\/pt-pt\/product\/esofagos-de-vaca\/\",\"name\":\"Es\u00f3fago de vaca | Natural Treats\",\"isPartOf\":{\"@id\":\"https:\/\/naturaltreats.eu\/pt-pt\/#website\"},\"primaryImageOfPage\":{\"@id\":\"https:\/\/naturaltreats.eu\/pt-pt\/product\/esofagos-de-vaca\/#primaryimage\"},\"image\":{\"@id\":\"https:\/\/naturaltreats.eu\/pt-pt\/product\/esofagos-de-vaca\/#primaryimage\"},\"thumbnailUrl\":\"https:\/\/naturaltreats.eu\/wp-content\/uploads\/2024\/12\/cow-gulelts.jpg\",\"datePublished\":\"2024-12-30T12:11:14+00:00\",\"description\":\"Os es\u00f3fagos de vaca naturais para c\u00e3es s\u00e3o uma guloseima deliciosa e saud\u00e1vel que o seu companheiro canino vai adorar.\",\"breadcrumb\":{\"@id\":\"https:\/\/naturaltreats.eu\/pt-pt\/product\/esofagos-de-vaca\/#breadcrumb\"},\"inLanguage\":\"pt-PT\",\"potentialAction\":[{\"@type\":\"ReadAction\",\"target\":[\"https:\/\/naturaltreats.eu\/pt-pt\/product\/esofagos-de-vaca\/\"]}]},{\"@type\":\"ImageObject\",\"inLanguage\":\"pt-PT\",\"@id\":\"https:\/\/naturaltreats.eu\/pt-pt\/product\/esofagos-de-vaca\/#primaryimage\",\"url\":\"https:\/\/naturaltreats.eu\/wp-content\/uploads\/2024\/12\/cow-gulelts.jpg\",\"contentUrl\":\"https:\/\/naturaltreats.eu\/wp-content\/uploads\/2024\/12\/cow-gulelts.jpg\",\"width\":2000,\"height\":2000,\"caption\":\"Beef gullets for dogs\"},{\"@type\":\"BreadcrumbList\",\"@id\":\"https:\/\/naturaltreats.eu\/pt-pt\/product\/esofagos-de-vaca\/#breadcrumb\",\"itemListElement\":[{\"@type\":\"ListItem\",\"position\":1,\"name\":\"Home\",\"item\":\"https:\/\/naturaltreats.eu\/pt-pt\/casa\/\"},{\"@type\":\"ListItem\",\"position\":2,\"name\":\"Loja\",\"item\":\"https:\/\/naturaltreats.eu\/pt-pt\/loja\/\"},{\"@type\":\"ListItem\",\"position\":3,\"name\":\"Es\u00f3fago de vaca\"}]},{\"@type\":\"WebSite\",\"@id\":\"https:\/\/naturaltreats.eu\/pt-pt\/#website\",\"url\":\"https:\/\/naturaltreats.eu\/pt-pt\/\",\"name\":\"Natural Treats\",\"description\":\"Best Rated Natural Dog Treats In Europe\",\"publisher\":{\"@id\":\"https:\/\/naturaltreats.eu\/pt-pt\/#organization\"},\"potentialAction\":[{\"@type\":\"SearchAction\",\"target\":{\"@type\":\"EntryPoint\",\"urlTemplate\":\"https:\/\/naturaltreats.eu\/pt-pt\/?s={search_term_string}\"},\"query-input\":{\"@type\":\"PropertyValueSpecification\",\"valueRequired\":true,\"valueName\":\"search_term_string\"}}],\"inLanguage\":\"pt-PT\"},{\"@type\":\"Organization\",\"@id\":\"https:\/\/naturaltreats.eu\/pt-pt\/#organization\",\"name\":\"Natural Treats\",\"url\":\"https:\/\/naturaltreats.eu\/pt-pt\/\",\"logo\":{\"@type\":\"ImageObject\",\"inLanguage\":\"pt-PT\",\"@id\":\"https:\/\/naturaltreats.eu\/pt-pt\/#\/schema\/logo\/image\/\",\"url\":\"https:\/\/naturaltreats.eu\/wp-content\/uploads\/2020\/08\/social.jpg\",\"contentUrl\":\"https:\/\/naturaltreats.eu\/wp-content\/uploads\/2020\/08\/social.jpg\",\"width\":1000,\"height\":1000,\"caption\":\"Natural Treats\"},\"image\":{\"@id\":\"https:\/\/naturaltreats.eu\/pt-pt\/#\/schema\/logo\/image\/\"},\"sameAs\":[\"https:\/\/facebook.com\/naturaltreatseu\",\"https:\/\/instagram.com\/naturaltreatseu\"]}]}<\/script>\n<meta property=\"product:price:amount\" content=\"9.95\" \/>\n<meta property=\"product:price:currency\" content=\"EUR\" \/>\n<meta property=\"og:availability\" content=\"instock\" \/>\n<meta property=\"product:availability\" content=\"instock\" \/>\n<meta property=\"product:condition\" content=\"new\" \/>\n<!-- \/ Yoast SEO Premium plugin. -->","yoast_head_json":{"title":"Es\u00f3fago de vaca | Natural Treats","description":"Os es\u00f3fagos de vaca naturais para c\u00e3es s\u00e3o uma guloseima deliciosa e saud\u00e1vel que o seu companheiro canino vai adorar.","robots":{"index":"index","follow":"follow","max-snippet":"max-snippet:-1","max-image-preview":"max-image-preview:large","max-video-preview":"max-video-preview:-1"},"canonical":"https:\/\/naturaltreats.eu\/pt-pt\/product\/esofagos-de-vaca\/","og_locale":"pt_PT","og_type":"article","og_title":"Es\u00f3fago de vaca","og_description":"Os es\u00f3fagos de vaca naturais para c\u00e3es s\u00e3o uma guloseima deliciosa e saud\u00e1vel que o seu companheiro canino vai adorar.","og_url":"https:\/\/naturaltreats.eu\/pt-pt\/product\/esofagos-de-vaca\/","og_site_name":"Natural Treats","article_publisher":"https:\/\/facebook.com\/naturaltreatseu","og_image":[{"width":2000,"height":2000,"url":"https:\/\/naturaltreats.eu\/wp-content\/uploads\/2024\/12\/cow-gulelts.jpg","type":"image\/jpeg"}],"twitter_card":"summary_large_image","twitter_misc":{"pre\u00e7o":"9,95&euro;","Disponibilidade":"Em stock"},"schema":{"@context":"https:\/\/schema.org","@graph":[{"@type":"WebPage","@id":"https:\/\/naturaltreats.eu\/pt-pt\/product\/esofagos-de-vaca\/","url":"https:\/\/naturaltreats.eu\/pt-pt\/product\/esofagos-de-vaca\/","name":"Es\u00f3fago de vaca | Natural Treats","isPartOf":{"@id":"https:\/\/naturaltreats.eu\/pt-pt\/#website"},"primaryImageOfPage":{"@id":"https:\/\/naturaltreats.eu\/pt-pt\/product\/esofagos-de-vaca\/#primaryimage"},"image":{"@id":"https:\/\/naturaltreats.eu\/pt-pt\/product\/esofagos-de-vaca\/#primaryimage"},"thumbnailUrl":"https:\/\/naturaltreats.eu\/wp-content\/uploads\/2024\/12\/cow-gulelts.jpg","datePublished":"2024-12-30T12:11:14+00:00","description":"Os es\u00f3fagos de vaca naturais para c\u00e3es s\u00e3o uma guloseima deliciosa e saud\u00e1vel que o seu companheiro canino vai adorar.","breadcrumb":{"@id":"https:\/\/naturaltreats.eu\/pt-pt\/product\/esofagos-de-vaca\/#breadcrumb"},"inLanguage":"pt-PT","potentialAction":[{"@type":"ReadAction","target":["https:\/\/naturaltreats.eu\/pt-pt\/product\/esofagos-de-vaca\/"]}]},{"@type":"ImageObject","inLanguage":"pt-PT","@id":"https:\/\/naturaltreats.eu\/pt-pt\/product\/esofagos-de-vaca\/#primaryimage","url":"https:\/\/naturaltreats.eu\/wp-content\/uploads\/2024\/12\/cow-gulelts.jpg","contentUrl":"https:\/\/naturaltreats.eu\/wp-content\/uploads\/2024\/12\/cow-gulelts.jpg","width":2000,"height":2000,"caption":"Beef gullets for dogs"},{"@type":"BreadcrumbList","@id":"https:\/\/naturaltreats.eu\/pt-pt\/product\/esofagos-de-vaca\/#breadcrumb","itemListElement":[{"@type":"ListItem","position":1,"name":"Home","item":"https:\/\/naturaltreats.eu\/pt-pt\/casa\/"},{"@type":"ListItem","position":2,"name":"Loja","item":"https:\/\/naturaltreats.eu\/pt-pt\/loja\/"},{"@type":"ListItem","position":3,"name":"Es\u00f3fago de vaca"}]},{"@type":"WebSite","@id":"https:\/\/naturaltreats.eu\/pt-pt\/#website","url":"https:\/\/naturaltreats.eu\/pt-pt\/","name":"Natural Treats","description":"Best Rated Natural Dog Treats In Europe","publisher":{"@id":"https:\/\/naturaltreats.eu\/pt-pt\/#organization"},"potentialAction":[{"@type":"SearchAction","target":{"@type":"EntryPoint","urlTemplate":"https:\/\/naturaltreats.eu\/pt-pt\/?s={search_term_string}"},"query-input":{"@type":"PropertyValueSpecification","valueRequired":true,"valueName":"search_term_string"}}],"inLanguage":"pt-PT"},{"@type":"Organization","@id":"https:\/\/naturaltreats.eu\/pt-pt\/#organization","name":"Natural Treats","url":"https:\/\/naturaltreats.eu\/pt-pt\/","logo":{"@type":"ImageObject","inLanguage":"pt-PT","@id":"https:\/\/naturaltreats.eu\/pt-pt\/#\/schema\/logo\/image\/","url":"https:\/\/naturaltreats.eu\/wp-content\/uploads\/2020\/08\/social.jpg","contentUrl":"https:\/\/naturaltreats.eu\/wp-content\/uploads\/2020\/08\/social.jpg","width":1000,"height":1000,"caption":"Natural Treats"},"image":{"@id":"https:\/\/naturaltreats.eu\/pt-pt\/#\/schema\/logo\/image\/"},"sameAs":["https:\/\/facebook.com\/naturaltreatseu","https:\/\/instagram.com\/naturaltreatseu"]}]},"product_price_amount":"9.95","product_price_currency":"EUR","og_availability":"instock","product_availability":"instock","product_condition":"new"},"_links":{"self":[{"href":"https:\/\/naturaltreats.eu\/pt-pt\/wp-json\/wp\/v2\/product\/73231","targetHints":{"allow":["GET"]}}],"collection":[{"href":"https:\/\/naturaltreats.eu\/pt-pt\/wp-json\/wp\/v2\/product"}],"about":[{"href":"https:\/\/naturaltreats.eu\/pt-pt\/wp-json\/wp\/v2\/types\/product"}],"wp:featuredmedia":[{"embeddable":true,"href":"https:\/\/naturaltreats.eu\/pt-pt\/wp-json\/wp\/v2\/media\/71759"}],"wp:attachment":[{"href":"https:\/\/naturaltreats.eu\/pt-pt\/wp-json\/wp\/v2\/media?parent=73231"}],"wp:term":[{"taxonomy":"dog-type","embeddable":true,"href":"https:\/\/naturaltreats.eu\/pt-pt\/wp-json\/wp\/v2\/dog-type?post=73231"},{"taxonomy":"ingredients","embeddable":true,"href":"https:\/\/naturaltreats.eu\/pt-pt\/wp-json\/wp\/v2\/ingredients?post=73231"},{"taxonomy":"product_brand","embeddable":true,"href":"https:\/\/naturaltreats.eu\/pt-pt\/wp-json\/wp\/v2\/product_brand?post=73231"},{"taxonomy":"product_cat","embeddable":true,"href":"https:\/\/naturaltreats.eu\/pt-pt\/wp-json\/wp\/v2\/product_cat?post=73231"},{"taxonomy":"product_tag","embeddable":true,"href":"https:\/\/naturaltreats.eu\/pt-pt\/wp-json\/wp\/v2\/product_tag?post=73231"}],"curies":[{"name":"wp","href":"https:\/\/api.w.org\/{rel}","templated":true}]}}